{"id":746,"date":"2014-08-21T15:08:25","date_gmt":"2014-08-21T15:08:25","guid":{"rendered":"http:\/\/www.abd-bvd.be\/?page_id=746"},"modified":"2018-05-14T13:34:54","modified_gmt":"2018-05-14T11:34:54","slug":"verenigingen-instellingen","status":"publish","type":"page","link":"https:\/\/www.abd-bvd.be\/nl\/ons-beroep\/verenigingen-instellingen\/","title":{"rendered":"Verenigingen en instellingen"},"content":{"rendered":"<h2>Belgische verenigingen en netwerken<\/h2>\n<p><a href=\"http:\/\/www.archivistes.be\/\" target=\"_blank\" rel=\"noopener\">AAFB<\/a> &#8211; Association des Archivistes Francophones de Belgique<\/p>\n<p><a href=\"http:\/\/www.apbfb.be\/\" target=\"_blank\" rel=\"noopener\">APBFB<\/a> &#8211; Association des Professionnels des Biblioth\u00e8ques Francophones de Belgique (vroeger APBD)<\/p>\n<p><a href=\"http:\/\/bibforum.fgov.be\/\" target=\"_blank\" rel=\"noopener\">BIBForum<\/a> &#8211; Forum van de Federale Bibliotheken<\/p>\n<p><a href=\"http:\/\/www.arch.be\/index.php?l=fr&amp;m=fonctionnaire&amp;r=forum-des-archivistes-federaux-faf\" target=\"_blank\" rel=\"noopener\">FAF<\/a> &#8211; Federale Archivarissen Forum<\/p>\n<p><a href=\"http:\/\/www.fedisabelgium.be\" target=\"_blank\" rel=\"noopener\">FedIsa Belgium<\/a> &#8211; Federation ILM, Storage &amp; Archiving Belgium<\/p>\n<p><a href=\"http:\/\/www.felnet.eu\/\" target=\"_blank\" rel=\"noopener\">Felnet<\/a> &#8211; Flanders Environmental Library Network<\/p>\n<p><a href=\"http:\/\/www.fibbc.be\/\" target=\"_blank\" rel=\"noopener\">FIBBC<\/a> &#8211; F\u00e9d\u00e9ration Interdioc\u00e9saine des Biblioth\u00e9caires Catholiques<\/p>\n<p><a href=\"http:\/\/www.rbdsante.be\/\" target=\"_blank\" rel=\"noopener\">RBD Sant\u00e9<\/a> &#8211; R\u00e9seau bruxellois de Documentation en Promotion de la Sant\u00e9<\/p>\n<p><a href=\"http:\/\/www.vvbad.be\/\" target=\"_blank\" rel=\"noopener\">VVBAD<\/a> &#8211; Vlaamse Vereniging voor Bibliotheek, Archief &amp; Documentatie<\/p>\n<h2>Belgische instellingen<\/h2>\n<p><a href=\"http:\/\/www.kbr.be\" target=\"_blank\" rel=\"noopener\">Koninklijke Bibliotheek van Belgi\u00eb<\/a><\/p>\n<p><a href=\"http:\/\/www.arch.be\">Algemeen Rijksarchief en Rijksarchief in de Provinci\u00ebn<\/a><\/p>\n<h2>Buitenlandse verenigingen<\/h2>\n<h3>Duitsland<\/h3>\n<p><a href=\"http:\/\/dgi-info.de\/\" target=\"_blank\" rel=\"noopener\">DGI<\/a> &#8211; Deutsche Gesellschaft f\u00fcr Information &amp; Wissen<\/p>\n<h3>Frankrijk<\/h3>\n<p><a href=\"http:\/\/www.abf.asso.fr\" target=\"_blank\" rel=\"noopener\">ABF<\/a> &#8211; Association des Biblioth\u00e9caires de France<\/p>\n<p><a href=\"http:\/\/www.adbs.fr\" target=\"_blank\" rel=\"noopener\">ADBS<\/a> &#8211; Association des Professionnels de l&#8217;Information et de la Documentation<\/p>\n<h3>Luxemburg<\/h3>\n<p><a href=\"http:\/\/www.albad.lu\/\" target=\"_blank\" rel=\"noopener\">ALBAD<\/a> &#8211; Association Luxembourgeoise des Biblioth\u00e9caires, Archivistes et Documentalistes<\/p>\n<h3>Nederland<\/h3>\n<p><a href=\"http:\/\/kei-ip.nl\" target=\"_blank\" rel=\"noopener\">KEI ip<\/a> &#8211; Kwaliteit en het Imago van de informatieprofessional<\/p>\n<p><a href=\"http:\/\/knvi.net\/\" target=\"_blank\" rel=\"noopener\">KNVI<\/a> &#8211; Koninklijke Nederlandse Vereniging van Informatieprofessionals<\/p>\n<h3>Verenigd Koninkrijk<\/h3>\n<p><a href=\"http:\/\/www.cilip.org.uk\/\" target=\"_blank\" rel=\"noopener\">cilip<\/a> &#8211; Chartered Institute of Library and Information Professionals<\/p>\n<h3>Zwitserland<\/h3>\n<p><a href=\"http:\/\/www.bis.ch\/\" target=\"_blank\" rel=\"noopener\">BIS<\/a> &#8211; Biblioth\u00e8que Information Suisse<\/p>\n<h2>Internationale Verenigingen<\/h2>\n<h3>Europa<\/h3>\n<p><a href=\"http:\/\/www.eblida.org\" target=\"_blank\" rel=\"noopener\">EBLIDA<\/a> &#8211; European Bureau of Library, Information and Documentation Associations<\/p>\n<h3>Wereld<\/h3>\n<p><a href=\"http:\/\/aifbd.org\/\" target=\"_blank\" rel=\"noopener\">AIFBD<\/a> &#8211; Association Internationale Francophone des Biblioth\u00e9caires et Documentalistes<br \/>\n<a href=\"http:\/\/www.ifla.org\" target=\"_blank\" rel=\"noopener\">IFLA<\/a> &#8211; International Federation of Library Associations and Institutions<\/p>\n<div id=\"ff_peerindex_tooltip\"><\/div>\n","protected":false},"excerpt":{"rendered":"<p>Belgische verenigingen en netwerken AAFB &#8211; Association des Archivistes Francophones de Belgique APBFB &#8211; Association des Professionnels des Biblioth\u00e8ques Francophones de Belgique (vroeger APBD) BIBForum &#8211; Forum van de Federale Bibliotheken FAF &#8211; Federale Archivarissen Forum FedIsa Belgium &#8211; Federation ILM, Storage &amp; Archiving Belgium Felnet &#8211; Flanders Environmental Library Network FIBBC &#8211; F\u00e9d\u00e9ration Interdioc\u00e9saine [&hellip;]<\/p>\n","protected":false},"author":1,"featured_media":0,"parent":701,"menu_order":4,"comment_status":"open","ping_status":"open","template":"","meta":{"_acf_changed":false,"footnotes":""},"class_list":["post-746","page","type-page","status-publish","hentry"],"acf":[],"yoast_head":"<!-- This site is optimized with the Yoast SEO plugin v27.3 - https:\/\/yoast.com\/product\/yoast-seo-wordpress\/ -->\n<title>Verenigingen en instellingen - ABD-BVD<\/title>\n<meta name=\"robots\" content=\"index, follow, max-snippet:-1, max-image-preview:large, max-video-preview:-1\" \/>\n<link rel=\"canonical\" href=\"https:\/\/www.abd-bvd.be\/nl\/ons-beroep\/verenigingen-instellingen\/\" \/>\n<meta property=\"og:locale\" content=\"nl_NL\" \/>\n<meta property=\"og:type\" content=\"article\" \/>\n<meta property=\"og:title\" content=\"Verenigingen en instellingen - ABD-BVD\" \/>\n<meta property=\"og:description\" content=\"Belgische verenigingen en netwerken AAFB &#8211; Association des Archivistes Francophones de Belgique APBFB &#8211; Association des Professionnels des Biblioth\u00e8ques Francophones de Belgique (vroeger APBD) BIBForum &#8211; Forum van de Federale Bibliotheken FAF &#8211; Federale Archivarissen Forum FedIsa Belgium &#8211; Federation ILM, Storage &amp; Archiving Belgium Felnet &#8211; Flanders Environmental Library Network FIBBC &#8211; F\u00e9d\u00e9ration Interdioc\u00e9saine [&hellip;]\" \/>\n<meta property=\"og:url\" content=\"https:\/\/www.abd-bvd.be\/nl\/ons-beroep\/verenigingen-instellingen\/\" \/>\n<meta property=\"og:site_name\" content=\"ABD-BVD\" \/>\n<meta property=\"article:modified_time\" content=\"2018-05-14T11:34:54+00:00\" \/>\n<meta name=\"twitter:card\" content=\"summary_large_image\" \/>\n<meta name=\"twitter:label1\" content=\"Geschatte leestijd\" \/>\n\t<meta name=\"twitter:data1\" content=\"1 minuut\" \/>\n<script type=\"application\/ld+json\" class=\"yoast-schema-graph\">{\"@context\":\"https:\\\/\\\/schema.org\",\"@graph\":[{\"@type\":\"WebPage\",\"@id\":\"https:\\\/\\\/www.abd-bvd.be\\\/nl\\\/ons-beroep\\\/verenigingen-instellingen\\\/\",\"url\":\"https:\\\/\\\/www.abd-bvd.be\\\/nl\\\/ons-beroep\\\/verenigingen-instellingen\\\/\",\"name\":\"Verenigingen en instellingen - ABD-BVD\",\"isPartOf\":{\"@id\":\"https:\\\/\\\/www.abd-bvd.be\\\/fr\\\/#website\"},\"datePublished\":\"2014-08-21T15:08:25+00:00\",\"dateModified\":\"2018-05-14T11:34:54+00:00\",\"breadcrumb\":{\"@id\":\"https:\\\/\\\/www.abd-bvd.be\\\/nl\\\/ons-beroep\\\/verenigingen-instellingen\\\/#breadcrumb\"},\"inLanguage\":\"nl-NL\",\"potentialAction\":[{\"@type\":\"ReadAction\",\"target\":[\"https:\\\/\\\/www.abd-bvd.be\\\/nl\\\/ons-beroep\\\/verenigingen-instellingen\\\/\"]}]},{\"@type\":\"BreadcrumbList\",\"@id\":\"https:\\\/\\\/www.abd-bvd.be\\\/nl\\\/ons-beroep\\\/verenigingen-instellingen\\\/#breadcrumb\",\"itemListElement\":[{\"@type\":\"ListItem\",\"position\":1,\"name\":\"Accueil\",\"item\":\"https:\\\/\\\/www.abd-bvd.be\\\/nl\\\/\"},{\"@type\":\"ListItem\",\"position\":2,\"name\":\"Ons beroep\",\"item\":\"https:\\\/\\\/www.abd-bvd.be\\\/nl\\\/ons-beroep\\\/\"},{\"@type\":\"ListItem\",\"position\":3,\"name\":\"Verenigingen en instellingen\"}]},{\"@type\":\"WebSite\",\"@id\":\"https:\\\/\\\/www.abd-bvd.be\\\/fr\\\/#website\",\"url\":\"https:\\\/\\\/www.abd-bvd.be\\\/fr\\\/\",\"name\":\"ABD-BVD\",\"description\":\"association Belge de documentation - Belgische verniging voor documentatie\",\"potentialAction\":[{\"@type\":\"SearchAction\",\"target\":{\"@type\":\"EntryPoint\",\"urlTemplate\":\"https:\\\/\\\/www.abd-bvd.be\\\/fr\\\/?s={search_term_string}\"},\"query-input\":{\"@type\":\"PropertyValueSpecification\",\"valueRequired\":true,\"valueName\":\"search_term_string\"}}],\"inLanguage\":\"nl-NL\"}]}<\/script>\n<!-- \/ Yoast SEO plugin. -->","yoast_head_json":{"title":"Verenigingen en instellingen - ABD-BVD","robots":{"index":"index","follow":"follow","max-snippet":"max-snippet:-1","max-image-preview":"max-image-preview:large","max-video-preview":"max-video-preview:-1"},"canonical":"https:\/\/www.abd-bvd.be\/nl\/ons-beroep\/verenigingen-instellingen\/","og_locale":"nl_NL","og_type":"article","og_title":"Verenigingen en instellingen - ABD-BVD","og_description":"Belgische verenigingen en netwerken AAFB &#8211; Association des Archivistes Francophones de Belgique APBFB &#8211; Association des Professionnels des Biblioth\u00e8ques Francophones de Belgique (vroeger APBD) BIBForum &#8211; Forum van de Federale Bibliotheken FAF &#8211; Federale Archivarissen Forum FedIsa Belgium &#8211; Federation ILM, Storage &amp; Archiving Belgium Felnet &#8211; Flanders Environmental Library Network FIBBC &#8211; F\u00e9d\u00e9ration Interdioc\u00e9saine [&hellip;]","og_url":"https:\/\/www.abd-bvd.be\/nl\/ons-beroep\/verenigingen-instellingen\/","og_site_name":"ABD-BVD","article_modified_time":"2018-05-14T11:34:54+00:00","twitter_card":"summary_large_image","twitter_misc":{"Geschatte leestijd":"1 minuut"},"schema":{"@context":"https:\/\/schema.org","@graph":[{"@type":"WebPage","@id":"https:\/\/www.abd-bvd.be\/nl\/ons-beroep\/verenigingen-instellingen\/","url":"https:\/\/www.abd-bvd.be\/nl\/ons-beroep\/verenigingen-instellingen\/","name":"Verenigingen en instellingen - ABD-BVD","isPartOf":{"@id":"https:\/\/www.abd-bvd.be\/fr\/#website"},"datePublished":"2014-08-21T15:08:25+00:00","dateModified":"2018-05-14T11:34:54+00:00","breadcrumb":{"@id":"https:\/\/www.abd-bvd.be\/nl\/ons-beroep\/verenigingen-instellingen\/#breadcrumb"},"inLanguage":"nl-NL","potentialAction":[{"@type":"ReadAction","target":["https:\/\/www.abd-bvd.be\/nl\/ons-beroep\/verenigingen-instellingen\/"]}]},{"@type":"BreadcrumbList","@id":"https:\/\/www.abd-bvd.be\/nl\/ons-beroep\/verenigingen-instellingen\/#breadcrumb","itemListElement":[{"@type":"ListItem","position":1,"name":"Accueil","item":"https:\/\/www.abd-bvd.be\/nl\/"},{"@type":"ListItem","position":2,"name":"Ons beroep","item":"https:\/\/www.abd-bvd.be\/nl\/ons-beroep\/"},{"@type":"ListItem","position":3,"name":"Verenigingen en instellingen"}]},{"@type":"WebSite","@id":"https:\/\/www.abd-bvd.be\/fr\/#website","url":"https:\/\/www.abd-bvd.be\/fr\/","name":"ABD-BVD","description":"association Belge de documentation - Belgische verniging voor documentatie","potentialAction":[{"@type":"SearchAction","target":{"@type":"EntryPoint","urlTemplate":"https:\/\/www.abd-bvd.be\/fr\/?s={search_term_string}"},"query-input":{"@type":"PropertyValueSpecification","valueRequired":true,"valueName":"search_term_string"}}],"inLanguage":"nl-NL"}]}},"_links":{"self":[{"href":"https:\/\/www.abd-bvd.be\/nl\/wp-json\/wp\/v2\/pages\/746","targetHints":{"allow":["GET"]}}],"collection":[{"href":"https:\/\/www.abd-bvd.be\/nl\/wp-json\/wp\/v2\/pages"}],"about":[{"href":"https:\/\/www.abd-bvd.be\/nl\/wp-json\/wp\/v2\/types\/page"}],"author":[{"embeddable":true,"href":"https:\/\/www.abd-bvd.be\/nl\/wp-json\/wp\/v2\/users\/1"}],"replies":[{"embeddable":true,"href":"https:\/\/www.abd-bvd.be\/nl\/wp-json\/wp\/v2\/comments?post=746"}],"version-history":[{"count":1,"href":"https:\/\/www.abd-bvd.be\/nl\/wp-json\/wp\/v2\/pages\/746\/revisions"}],"predecessor-version":[{"id":11569,"href":"https:\/\/www.abd-bvd.be\/nl\/wp-json\/wp\/v2\/pages\/746\/revisions\/11569"}],"up":[{"embeddable":true,"href":"https:\/\/www.abd-bvd.be\/nl\/wp-json\/wp\/v2\/pages\/701"}],"wp:attachment":[{"href":"https:\/\/www.abd-bvd.be\/nl\/wp-json\/wp\/v2\/media?parent=746"}],"curies":[{"name":"wp","href":"https:\/\/api.w.org\/{rel}","templated":true}]}}