{"id":716,"date":"2014-09-09T08:40:43","date_gmt":"2014-09-09T08:40:43","guid":{"rendered":"http:\/\/www.abd-bvd.be\/?page_id=716"},"modified":"2015-08-18T13:27:31","modified_gmt":"2015-08-18T13:27:31","slug":"opleiding","status":"publish","type":"page","link":"https:\/\/www.abd-bvd.be\/nl\/ons-beroep\/opleiding\/","title":{"rendered":"Opleiding"},"content":{"rendered":"<h2><span style=\"color: #800000;\"><strong>Vlaamse Gemeenschap<\/strong><\/span><\/h2>\n<h3>\u00a0<span style=\"color: #800000;\"><strong>Hoger Secondaire Technische Leergangen<\/strong><\/span><\/h3>\n<ul>\n<li><strong>Bibliotheekschool Gent (VSPW)<\/strong><\/li>\n<\/ul>\n<p><em>Diploma : Initiatie Bibliotheek-, Documentatie- en Informatiekunde<\/em><\/p>\n<p><em>Site : <\/em><a href=\"http:\/\/www.vspw.be\/opleidingen\/bibliotheekschool\/initiatie_BDI_kunde\"><em>http:\/\/www.vspw.be\/opleidingen\/bibliotheekschool\/initiatie_BDI_kunde<\/em><\/a><\/p>\n<ul>\n<li><strong><em>\u00a0<\/em><\/strong><strong>Vrije Leerlangen Limbourg<\/strong><\/li>\n<\/ul>\n<p><em>Diploma\u00a0: Initiatie Bibliotheek-, Documentatie- en Informatiekunde<\/em><\/p>\n<p><em>Site\u00a0: <\/em><a href=\"http:\/\/data-onderwijs.vlaanderen.be\/onderwijsaanbod\/lijst.aspx?hs=vwo&amp;studie=681\"><em>http:\/\/data-onderwijs.vlaanderen.be\/onderwijsaanbod\/lijst.aspx?hs=vwo&amp;studie=681<\/em><\/a><\/p>\n<hr \/>\n<h3>\u00a0\u00a0<span style=\"color: #800000;\"><strong>Certificaat<\/strong><\/span><\/h3>\n<ul>\n<li><strong>\u00a0<\/strong><strong>CVO Brussel<\/strong><\/li>\n<\/ul>\n<p><em>Diploma\u00a0: <\/em><em>Certificaat van &#8220;Initiatie tot de Bibliotheek-, Documentatie- en \u00a0\u00a0\u00a0Informatiekunde'&#8221; Site : http:\/\/www.cvobrussel.be\/Opleidingen\/Bibliotheek\/bibliotheek.<\/em><\/p>\n<ul>\n<li><strong>ENCORA Antwerpen<\/strong><\/li>\n<\/ul>\n<p><em>Diploma\u00a0: <\/em><em>Certificaat van &#8220;Initiatie tot de Bibliotheek-, Documentatie- en Informatiekunde&#8217;<\/em><\/p>\n<p><em>Site : http:\/\/www.stedelijkonderwijs.be\/encora\/opleiding\/bibliotheek-documentatie-en-informatiekunde-initiatiee\u00a0<\/em><\/p>\n<ul>\n<li><em>\u00a0<\/em><strong>IVO Brugge<\/strong><\/li>\n<\/ul>\n<p><em>Diploma\u00a0: <\/em><em>Initiatie\u00a0Bibliotheek-, Documentatie- en Informatiekunde<\/em><\/p>\n<p><em>Site\u00a0: http:\/\/www.ivobrugge.be\/bibliotheek<\/em><\/p>\n<hr \/>\n<h3><span style=\"color: #800000;\">\u00a0<strong>Professionele Bachelor<\/strong><\/span><\/h3>\n<ul>\n<li><strong>Thomas More (Mechelen)<\/strong><\/li>\n<\/ul>\n<p><em>Diploma\u00a0: Informatie management<\/em><\/p>\n<p><em>Site\u00a0: <\/em><a href=\"http:\/\/www.thomasmore.be\/informatiemanagement\"><em>http:\/\/www.thomasmore.be\/informatiemanagement<\/em><\/a><\/p>\n<ul>\n<li><strong>Bibliotheekschool Gent (VSPCW)<\/strong><\/li>\n<\/ul>\n<p><em>Diploma\u00a0: Graduaat in het bibliotheekwezen en de documentaire informatiekunde<\/em><\/p>\n<p><em>Site : <\/em><a href=\"http:\/\/www.vspw.be\/opleidingen\/bibliotheekschool\/graduaat_in_het_bibliotheekwezen_en_de_documentaire_informatiekunde\"><em>http:\/\/www.vspw.be\/opleidingen\/bibliotheekschool\/graduaat_in_het_bibliotheekwezen_en_de_documentaire_informatiekunde<\/em><\/a><\/p>\n<p><strong>\u00a0<\/strong><\/p>\n<hr \/>\n<h3>\u00a0 <span style=\"color: #800000;\"><strong>Universitair opleiding<\/strong><\/span><\/h3>\n<ul>\n<li><strong>\u00a0<\/strong><strong>VUB (Faculteit <\/strong><strong>Letteren en Wijsbegeerte)<\/strong><\/li>\n<\/ul>\n<p><em>Diploma : <\/em><em>Archivistiek: Erfgoed- en Hedendaags Documentbeheer<\/em><\/p>\n<p><em>Site : <\/em><a href=\"http:\/\/www.vub.ac.be\/opleiding\/archivistiek-erfgoed-en-hedendaags-documentbeheer\/programma\"><em>http:\/\/www.vub.ac.be\/opleiding\/archivistiek-erfgoed-en-hedendaags-documentbeheer\/programma<\/em><\/a><\/p>\n<p>&nbsp;<\/p>\n<hr \/>\n<h2><\/h2>\n<h2><span style=\"color: #800000;\">F\u00e9d\u00e9ration Wallonie &#8211; Bruxelles<\/span><\/h2>\n<h3><span style=\"color: #800000;\">Brevet<\/span><\/h3>\n<ul>\n<li><strong>\u00a0<\/strong><strong>IPESHO (Tournai)<\/strong><\/li>\n<\/ul>\n<p><em>Dipl.\u00a0: Brevet biblioth\u00e9caire<\/em><\/p>\n<p><em>Site\u00a0: <\/em><a href=\"http:\/\/www.ipepsho.be\/index.php?page=Biblio\"><em>http:\/\/www.ipepsho.be\/index.php?page=Biblio<\/em><\/a><\/p>\n<ul>\n<li><em>\u00a0<\/em><strong>Institut Lallemand (Bruxelles<\/strong>)<\/li>\n<\/ul>\n<p><em>Dipl.\u00a0: Brevet biblioth\u00e9caire<\/em><\/p>\n<p><em>Site\u00a0: <\/em><a href=\"http:\/\/www.institutlallemand.be\/\"><em>http:\/\/www.institutlallemand.be\/<\/em><\/a><\/p>\n<ul>\n<li><em>\u00a0<\/em><strong>IPEPS (Li\u00e8ge)<\/strong><\/li>\n<\/ul>\n<p><em>Dipl.\u00a0: Brevet biblioth\u00e9caire<\/em><\/p>\n<p><em>Site\u00a0: <\/em><a href=\"http:\/\/www.provincedeliege.be\/node\/3161\"><em>http:\/\/www.provincedeliege.be\/node\/3161<\/em><\/a><\/p>\n<hr \/>\n<h3><span style=\"color: #800000;\">Baccalaur\u00e9at<\/span><\/h3>\n<p><strong>\u00a0<\/strong><strong><em>Enseignement de jour<\/em><\/strong><\/p>\n<ul>\n<li><strong>Haute \u00e9cole Paul-Henri Spaak \u2013 IESSID<\/strong><\/li>\n<\/ul>\n<p><em>Dipl.\u00a0: Bachelier Biblioth\u00e8que et documentation<\/em><\/p>\n<p><em>Site\u00a0: <\/em><a href=\"http:\/\/www.iessid.be\/index.php\/bibliothecaire-documentaliste\"><em>http:\/\/www.iessid.be\/index.php\/bibliothecaire-documentaliste<\/em><\/a><\/p>\n<ul>\n<li><strong>Haute \u00e9cole Namur \u2013 Li\u00e8ge \u2013 Luxembourg \u2013 HENALLUX<\/strong><\/li>\n<\/ul>\n<p><em>Dipl.\u00a0: Bachelier Biblioth\u00e9conomie et documentation<\/em><\/p>\n<p><em>Site\u00a0: <\/em><a href=\"http:\/\/www.henallux.be\/bibliotheconomie-et-documentation\"><em>http:\/\/www.henallux.be\/bibliotheconomie-et-documentation<\/em><\/a><\/p>\n<ul>\n<li><strong>Haute \u00e9cole de la Province de Li\u00e8ge <\/strong><\/li>\n<\/ul>\n<p><em>Dipl.\u00a0: Bachelier Biblioth\u00e9caire \u2013 documentaliste<\/em><\/p>\n<p><em>Site\u00a0: <\/em><a href=\"http:\/\/www.provincedeliege.be\/art117\"><em>http:\/\/www.provincedeliege.be\/art117<\/em><\/a><\/p>\n<p><em>\u00a0<\/em><strong><em>Enseignement \u00e0 horaire d\u00e9cal\u00e9<\/em><\/strong><\/p>\n<ul>\n<li><strong>Institut Jean-Pierre Lallemand (Bruxelles)<\/strong><\/li>\n<\/ul>\n<p><em>Dipl.\u00a0: Bachelier Biblioth\u00e9caire documentaliste<\/em><\/p>\n<p><em>Site\u00a0: <\/em><a href=\"http:\/\/www.institutlallemand.be\/\"><em>http:\/\/www.institutlallemand.be<\/em><\/a><\/p>\n<ul>\n<li><strong>\u00a0<\/strong><strong>IRAM \u2013 Enseignement de promotion sociale (Mons)<\/strong><\/li>\n<\/ul>\n<p><em>Dipl.\u00a0: Bachelier Biblioth\u00e9caire documentaliste<\/em><\/p>\n<p><em>Site\u00a0: <\/em><a href=\"http:\/\/www.iramps.be\/2-90-bachelier-bibliothecaire-mons.html\"><em>http:\/\/www.iramps.be\/2-90-bachelier-bibliothecaire-mons.html<\/em><\/a>\u00a0<em>\u00a0<\/em><\/p>\n<hr \/>\n<h3><span style=\"color: #800000;\">Master<\/span><\/h3>\n<p><strong><em>Enseignement de jour<\/em><\/strong><\/p>\n<ul>\n<li><strong><em>\u00a0<\/em><\/strong><strong>ULB \u2013 Facult\u00e9 de Philosophie et lettres<\/strong><\/li>\n<\/ul>\n<p><em>Dipl.\u00a0: Master en Sciences et technologies de l\u2019information et de la communication <\/em><\/p>\n<p><em>Site\u00a0: <\/em><a href=\"http:\/\/mastic.ulb.ac.be\/mastic\/\"><em>http:\/\/mastic.ulb.ac.be\/mastic\/<\/em><\/a><\/p>\n<ul>\n<li><em>\u00a0<\/em><strong>UCL \u2013 Facult\u00e9 de Philosophie, Arts et lettres<\/strong><\/li>\n<\/ul>\n<p><em>Dipl.\u00a0: Master en Sciences et technologies de l\u2019information et de la communication <\/em><\/p>\n<p><em>Site\u00a0: <\/em><a href=\"http:\/\/www.uclouvain.be\/prog-2013-stic2m.html\"><em>http:\/\/www.uclouvain.be\/prog-2013-stic2m.html<\/em><\/a><\/p>\n<p><em>\u00a0<\/em><strong><em>Enseignement \u00e0 horaire d\u00e9cal\u00e9<\/em><\/strong><\/p>\n<ul>\n<li><strong><em>\u00a0<\/em><\/strong><strong>Haute \u00c9cole Libre de Bruxelles (HELB)<\/strong><\/li>\n<\/ul>\n<p><em>Dipl.\u00a0: Master en gestion globale du num\u00e9rique<\/em><\/p>\n<p><em>Site\u00a0: <\/em><a href=\"https:\/\/www.helb-prigogine.be\/gestion-globale-du-numerique\/presentation-ggn\"><em>https:\/\/www.helb-prigogine.be\/gestion-globale-du-numerique\/presentation-ggn<\/em><\/a><\/p>\n<hr \/>\n<h3><span style=\"color: #800000;\">Post-masters \/ dipl\u00f4mes compl\u00e9mentaires<\/span><\/h3>\n<ul>\n<li><strong>DocSafe (Namur, Li\u00e8ge, Bruxelles)<\/strong><\/li>\n<\/ul>\n<p><em>Dipl.\u00a0: Certificat interuniversitaire en management de l\u2019information num\u00e9rique<\/em><\/p>\n<p><em>Site\u00a0: <\/em><a href=\"http:\/\/www.docsafe.info\/\"><em>http:\/\/www.docsafe.info\/<\/em><\/a><\/p>\n<ul>\n<li><em>\u00a0<\/em><strong>Haute \u00e9cole Paul-Henri Spaak \u2013 IESSID<\/strong><\/li>\n<\/ul>\n<p><em> Dipl.\u00a0: Dipl\u00f4me compl\u00e9mentaire en Sciences et techniques du jeu<\/em><\/p>\n<p><em> Site\u00a0: <\/em><a href=\"http:\/\/www.iessid.be\/stj\/stj.html\"><em>http:\/\/www.iessid.be\/stj\/stj.html<\/em><\/a><\/p>\n<ul>\n<li><b>Haute \u00e9cole Namur \u2013 Li\u00e8ge \u2013 Luxembourg \u2013 HENALLUX<\/b><\/li>\n<\/ul>\n<p><em>Dipl. : Gestion des ressources documentaires multim\u00e9dia<\/em><\/p>\n<p><em>Site : http:\/\/www.henallux.be\/actualites-et-agenda\/nouvelle-formation-lhenallux-specialisation-en-gestion-des-ressources<\/em><\/p>\n<hr \/>\n<h3><span style=\"color: #800000;\">Sites de r\u00e9f\u00e9rence<\/span><\/h3>\n<ul>\n<li><strong>G\u00e9nie culturel (SIEP)<\/strong><\/li>\n<\/ul>\n<p><em>Site\u00a0: <\/em><a href=\"http:\/\/genieculturel.siep.be\/metiers\/formations\/\"><em>http:\/\/genieculturel.siep.be\/metiers\/formations\/<\/em><\/a><\/p>\n<ul>\n<li><em>\u00a0<\/em><strong>Portail de l\u2019enseignement (FWB)<\/strong><\/li>\n<\/ul>\n<p><em>Site\u00a0: <\/em><a href=\"http:\/\/www.enseignement.be\/\"><em>http:\/\/www.enseignement.be\/<\/em><\/a><\/p>\n<ul>\n<li><strong>Portail du Forem (sp\u00e9cialiste de la gestion de l\u2019information)<\/strong><\/li>\n<\/ul>\n<p><em>Site\u00a0: <\/em><a href=\"https:\/\/www.leforem.be\/Horizonsemploi\/rome\/32214.html%23%20\"><em>https:\/\/www.leforem.be<\/em><\/a><a href=\"https:\/\/www.leforem.be\/Horizonsemploi\/rome\/32214.html%23%20\"><em>\/Horizonsemploi\/rome\/32214.html#<\/em>Retour \u00e0 la liste\u00a0<\/a><\/p>\n<p>&nbsp;<\/p>\n<hr \/>\n<p>&nbsp;<\/p>\n","protected":false},"excerpt":{"rendered":"<p>Vlaamse Gemeenschap \u00a0Hoger Secondaire Technische Leergangen Bibliotheekschool Gent (VSPW) Diploma : Initiatie Bibliotheek-, Documentatie- en Informatiekunde Site : http:\/\/www.vspw.be\/opleidingen\/bibliotheekschool\/initiatie_BDI_kunde \u00a0Vrije Leerlangen Limbourg Diploma\u00a0: Initiatie Bibliotheek-, Documentatie- en Informatiekunde Site\u00a0: http:\/\/data-onderwijs.vlaanderen.be\/onderwijsaanbod\/lijst.aspx?hs=vwo&amp;studie=681 \u00a0\u00a0Certificaat \u00a0CVO Brussel Diploma\u00a0: Certificaat van &#8220;Initiatie tot de Bibliotheek-, Documentatie- en \u00a0\u00a0\u00a0Informatiekunde&#8217;&#8221; Site : http:\/\/www.cvobrussel.be\/Opleidingen\/Bibliotheek\/bibliotheek. ENCORA Antwerpen Diploma\u00a0: Certificaat van &#8220;Initiatie tot de Bibliotheek-, [&hellip;]<\/p>\n","protected":false},"author":1,"featured_media":0,"parent":701,"menu_order":1,"comment_status":"open","ping_status":"open","template":"","meta":{"_acf_changed":false,"footnotes":""},"class_list":["post-716","page","type-page","status-publish","hentry"],"acf":[],"yoast_head":"<!-- This site is optimized with the Yoast SEO plugin v27.3 - https:\/\/yoast.com\/product\/yoast-seo-wordpress\/ -->\n<title>Opleiding - ABD-BVD<\/title>\n<meta name=\"robots\" content=\"index, follow, max-snippet:-1, max-image-preview:large, max-video-preview:-1\" \/>\n<link rel=\"canonical\" href=\"https:\/\/www.abd-bvd.be\/nl\/ons-beroep\/opleiding\/\" \/>\n<meta property=\"og:locale\" content=\"nl_NL\" \/>\n<meta property=\"og:type\" content=\"article\" \/>\n<meta property=\"og:title\" content=\"Opleiding - ABD-BVD\" \/>\n<meta property=\"og:description\" content=\"Vlaamse Gemeenschap \u00a0Hoger Secondaire Technische Leergangen Bibliotheekschool Gent (VSPW) Diploma : Initiatie Bibliotheek-, Documentatie- en Informatiekunde Site : http:\/\/www.vspw.be\/opleidingen\/bibliotheekschool\/initiatie_BDI_kunde \u00a0Vrije Leerlangen Limbourg Diploma\u00a0: Initiatie Bibliotheek-, Documentatie- en Informatiekunde Site\u00a0: http:\/\/data-onderwijs.vlaanderen.be\/onderwijsaanbod\/lijst.aspx?hs=vwo&amp;studie=681 \u00a0\u00a0Certificaat \u00a0CVO Brussel Diploma\u00a0: Certificaat van &#8220;Initiatie tot de Bibliotheek-, Documentatie- en \u00a0\u00a0\u00a0Informatiekunde&#039;&#8221; Site : http:\/\/www.cvobrussel.be\/Opleidingen\/Bibliotheek\/bibliotheek. ENCORA Antwerpen Diploma\u00a0: Certificaat van &#8220;Initiatie tot de Bibliotheek-, [&hellip;]\" \/>\n<meta property=\"og:url\" content=\"https:\/\/www.abd-bvd.be\/nl\/ons-beroep\/opleiding\/\" \/>\n<meta property=\"og:site_name\" content=\"ABD-BVD\" \/>\n<meta property=\"article:modified_time\" content=\"2015-08-18T13:27:31+00:00\" \/>\n<meta name=\"twitter:card\" content=\"summary_large_image\" \/>\n<meta name=\"twitter:label1\" content=\"Geschatte leestijd\" \/>\n\t<meta name=\"twitter:data1\" content=\"3 minuten\" \/>\n<script type=\"application\/ld+json\" class=\"yoast-schema-graph\">{\"@context\":\"https:\\\/\\\/schema.org\",\"@graph\":[{\"@type\":\"WebPage\",\"@id\":\"https:\\\/\\\/www.abd-bvd.be\\\/nl\\\/ons-beroep\\\/opleiding\\\/\",\"url\":\"https:\\\/\\\/www.abd-bvd.be\\\/nl\\\/ons-beroep\\\/opleiding\\\/\",\"name\":\"Opleiding - ABD-BVD\",\"isPartOf\":{\"@id\":\"https:\\\/\\\/www.abd-bvd.be\\\/fr\\\/#website\"},\"datePublished\":\"2014-09-09T08:40:43+00:00\",\"dateModified\":\"2015-08-18T13:27:31+00:00\",\"breadcrumb\":{\"@id\":\"https:\\\/\\\/www.abd-bvd.be\\\/nl\\\/ons-beroep\\\/opleiding\\\/#breadcrumb\"},\"inLanguage\":\"nl-NL\",\"potentialAction\":[{\"@type\":\"ReadAction\",\"target\":[\"https:\\\/\\\/www.abd-bvd.be\\\/nl\\\/ons-beroep\\\/opleiding\\\/\"]}]},{\"@type\":\"BreadcrumbList\",\"@id\":\"https:\\\/\\\/www.abd-bvd.be\\\/nl\\\/ons-beroep\\\/opleiding\\\/#breadcrumb\",\"itemListElement\":[{\"@type\":\"ListItem\",\"position\":1,\"name\":\"Accueil\",\"item\":\"https:\\\/\\\/www.abd-bvd.be\\\/nl\\\/\"},{\"@type\":\"ListItem\",\"position\":2,\"name\":\"Ons beroep\",\"item\":\"https:\\\/\\\/www.abd-bvd.be\\\/nl\\\/ons-beroep\\\/\"},{\"@type\":\"ListItem\",\"position\":3,\"name\":\"Opleiding\"}]},{\"@type\":\"WebSite\",\"@id\":\"https:\\\/\\\/www.abd-bvd.be\\\/fr\\\/#website\",\"url\":\"https:\\\/\\\/www.abd-bvd.be\\\/fr\\\/\",\"name\":\"ABD-BVD\",\"description\":\"association Belge de documentation - Belgische verniging voor documentatie\",\"potentialAction\":[{\"@type\":\"SearchAction\",\"target\":{\"@type\":\"EntryPoint\",\"urlTemplate\":\"https:\\\/\\\/www.abd-bvd.be\\\/fr\\\/?s={search_term_string}\"},\"query-input\":{\"@type\":\"PropertyValueSpecification\",\"valueRequired\":true,\"valueName\":\"search_term_string\"}}],\"inLanguage\":\"nl-NL\"}]}<\/script>\n<!-- \/ Yoast SEO plugin. -->","yoast_head_json":{"title":"Opleiding - ABD-BVD","robots":{"index":"index","follow":"follow","max-snippet":"max-snippet:-1","max-image-preview":"max-image-preview:large","max-video-preview":"max-video-preview:-1"},"canonical":"https:\/\/www.abd-bvd.be\/nl\/ons-beroep\/opleiding\/","og_locale":"nl_NL","og_type":"article","og_title":"Opleiding - ABD-BVD","og_description":"Vlaamse Gemeenschap \u00a0Hoger Secondaire Technische Leergangen Bibliotheekschool Gent (VSPW) Diploma : Initiatie Bibliotheek-, Documentatie- en Informatiekunde Site : http:\/\/www.vspw.be\/opleidingen\/bibliotheekschool\/initiatie_BDI_kunde \u00a0Vrije Leerlangen Limbourg Diploma\u00a0: Initiatie Bibliotheek-, Documentatie- en Informatiekunde Site\u00a0: http:\/\/data-onderwijs.vlaanderen.be\/onderwijsaanbod\/lijst.aspx?hs=vwo&amp;studie=681 \u00a0\u00a0Certificaat \u00a0CVO Brussel Diploma\u00a0: Certificaat van &#8220;Initiatie tot de Bibliotheek-, Documentatie- en \u00a0\u00a0\u00a0Informatiekunde'&#8221; Site : http:\/\/www.cvobrussel.be\/Opleidingen\/Bibliotheek\/bibliotheek. ENCORA Antwerpen Diploma\u00a0: Certificaat van &#8220;Initiatie tot de Bibliotheek-, [&hellip;]","og_url":"https:\/\/www.abd-bvd.be\/nl\/ons-beroep\/opleiding\/","og_site_name":"ABD-BVD","article_modified_time":"2015-08-18T13:27:31+00:00","twitter_card":"summary_large_image","twitter_misc":{"Geschatte leestijd":"3 minuten"},"schema":{"@context":"https:\/\/schema.org","@graph":[{"@type":"WebPage","@id":"https:\/\/www.abd-bvd.be\/nl\/ons-beroep\/opleiding\/","url":"https:\/\/www.abd-bvd.be\/nl\/ons-beroep\/opleiding\/","name":"Opleiding - ABD-BVD","isPartOf":{"@id":"https:\/\/www.abd-bvd.be\/fr\/#website"},"datePublished":"2014-09-09T08:40:43+00:00","dateModified":"2015-08-18T13:27:31+00:00","breadcrumb":{"@id":"https:\/\/www.abd-bvd.be\/nl\/ons-beroep\/opleiding\/#breadcrumb"},"inLanguage":"nl-NL","potentialAction":[{"@type":"ReadAction","target":["https:\/\/www.abd-bvd.be\/nl\/ons-beroep\/opleiding\/"]}]},{"@type":"BreadcrumbList","@id":"https:\/\/www.abd-bvd.be\/nl\/ons-beroep\/opleiding\/#breadcrumb","itemListElement":[{"@type":"ListItem","position":1,"name":"Accueil","item":"https:\/\/www.abd-bvd.be\/nl\/"},{"@type":"ListItem","position":2,"name":"Ons beroep","item":"https:\/\/www.abd-bvd.be\/nl\/ons-beroep\/"},{"@type":"ListItem","position":3,"name":"Opleiding"}]},{"@type":"WebSite","@id":"https:\/\/www.abd-bvd.be\/fr\/#website","url":"https:\/\/www.abd-bvd.be\/fr\/","name":"ABD-BVD","description":"association Belge de documentation - Belgische verniging voor documentatie","potentialAction":[{"@type":"SearchAction","target":{"@type":"EntryPoint","urlTemplate":"https:\/\/www.abd-bvd.be\/fr\/?s={search_term_string}"},"query-input":{"@type":"PropertyValueSpecification","valueRequired":true,"valueName":"search_term_string"}}],"inLanguage":"nl-NL"}]}},"_links":{"self":[{"href":"https:\/\/www.abd-bvd.be\/nl\/wp-json\/wp\/v2\/pages\/716","targetHints":{"allow":["GET"]}}],"collection":[{"href":"https:\/\/www.abd-bvd.be\/nl\/wp-json\/wp\/v2\/pages"}],"about":[{"href":"https:\/\/www.abd-bvd.be\/nl\/wp-json\/wp\/v2\/types\/page"}],"author":[{"embeddable":true,"href":"https:\/\/www.abd-bvd.be\/nl\/wp-json\/wp\/v2\/users\/1"}],"replies":[{"embeddable":true,"href":"https:\/\/www.abd-bvd.be\/nl\/wp-json\/wp\/v2\/comments?post=716"}],"version-history":[{"count":0,"href":"https:\/\/www.abd-bvd.be\/nl\/wp-json\/wp\/v2\/pages\/716\/revisions"}],"up":[{"embeddable":true,"href":"https:\/\/www.abd-bvd.be\/nl\/wp-json\/wp\/v2\/pages\/701"}],"wp:attachment":[{"href":"https:\/\/www.abd-bvd.be\/nl\/wp-json\/wp\/v2\/media?parent=716"}],"curies":[{"name":"wp","href":"https:\/\/api.w.org\/{rel}","templated":true}]}}