{"id":557,"date":"2014-09-09T08:23:51","date_gmt":"2014-09-09T08:23:51","guid":{"rendered":"http:\/\/www.abd-bvd.be\/?page_id=557"},"modified":"2022-11-10T12:19:55","modified_gmt":"2022-11-10T11:19:55","slug":"lid-worden","status":"publish","type":"page","link":"https:\/\/www.abd-bvd.be\/nl\/abd-bvd\/lid-worden\/","title":{"rendered":"Lid worden"},"content":{"rendered":"<p>Het ABD-BVD lidmaatschap houdt een paar aanzienlijke voordelen in zoals het kosteloos abonnement op de <em>Bladen voor Documentatie<\/em>, de kosteloze deelname aan onze activiteiten en manifestaties zoals bvb. de Doc&#8217;Moments en het jaarlijks Inforum, een voorkeurstarief op onze publicaties en belangrijke kortingen op gebeurtenissen georganiseerd door Belgische en Europese zusterverenigingen.<\/p>\n<h2>Collectieve leden (documentatiecentra, bibliotheken, informatiediensten)<\/h2>\n<p>Het collectief lidmaatschap laat toe tot vier vertegenwoordigers te laten deelnemen aan alle activiteiten georganiseerd door de vereniging met de mogelijkheid tot vervanging van \u00e9\u00e9n dezer leden wanneer blijkt dat \u00e9\u00e9n van hen is weerhouden.<\/p>\n<ul>\n<li>Firma&#8217;s, ministeries, administraties : een jaarlijkse bijdrage van 150 euro.<\/li>\n<li>Academische instellingen, VZW&#8217;s : een jaarlijkse bijdrage van 90 euro.<\/li>\n<\/ul>\n<p><a href=\"https:\/\/www.abd-bvd.be\/nl\/abd-bvd\/lid-worden\/collectieve-lidmaatschap\/\">Collectieve lidmaatschap<\/a><\/p>\n<h2>Individuele leden<\/h2>\n<p>Natuurlijke personen die wensen lid te worden van de ABD-BVD kunnen zich aansluiten voor een jaarlijkse bijdrage van 50 euro.<\/p>\n<p><a href=\"https:\/\/www.abd-bvd.be\/nl\/abd-bvd\/lid-worden\/individuele-lidmaatschap\/\">Individuele lidmaatschap<\/a><\/p>\n<h2>Studerende leden<\/h2>\n<p>Een aangepaste bijdrage van 12,50 euro wordt aan studenten opgelegd mits kopie van hun studentenkaart.<\/p>\n<p><a href=\"https:\/\/www.abd-bvd.be\/nl\/abd-bvd\/lid-worden\/student-lidmaatschap\/\">Student lidmaatschap<\/a><\/p>\n<p>&nbsp;<\/p>\n<div id=\"ff_peerindex_tooltip\"><\/div>\n","protected":false},"excerpt":{"rendered":"<p>Het ABD-BVD lidmaatschap houdt een paar aanzienlijke voordelen in zoals het kosteloos abonnement op de Bladen voor Documentatie, de kosteloze deelname aan onze activiteiten en manifestaties zoals bvb. de Doc&#8217;Moments en het jaarlijks Inforum, een voorkeurstarief op onze publicaties en belangrijke kortingen op gebeurtenissen georganiseerd door Belgische en Europese zusterverenigingen. Collectieve leden (documentatiecentra, bibliotheken, informatiediensten) [&hellip;]<\/p>\n","protected":false},"author":1,"featured_media":0,"parent":493,"menu_order":2,"comment_status":"open","ping_status":"open","template":"","meta":{"_acf_changed":false,"footnotes":""},"class_list":["post-557","page","type-page","status-publish","hentry"],"acf":[],"yoast_head":"<!-- This site is optimized with the Yoast SEO plugin v27.3 - https:\/\/yoast.com\/product\/yoast-seo-wordpress\/ -->\n<title>Lid worden - ABD-BVD<\/title>\n<meta name=\"robots\" content=\"index, follow, max-snippet:-1, max-image-preview:large, max-video-preview:-1\" \/>\n<link rel=\"canonical\" href=\"https:\/\/www.abd-bvd.be\/nl\/abd-bvd\/lid-worden\/\" \/>\n<meta property=\"og:locale\" content=\"nl_NL\" \/>\n<meta property=\"og:type\" content=\"article\" \/>\n<meta property=\"og:title\" content=\"Lid worden - ABD-BVD\" \/>\n<meta property=\"og:description\" content=\"Het ABD-BVD lidmaatschap houdt een paar aanzienlijke voordelen in zoals het kosteloos abonnement op de Bladen voor Documentatie, de kosteloze deelname aan onze activiteiten en manifestaties zoals bvb. de Doc&#8217;Moments en het jaarlijks Inforum, een voorkeurstarief op onze publicaties en belangrijke kortingen op gebeurtenissen georganiseerd door Belgische en Europese zusterverenigingen. Collectieve leden (documentatiecentra, bibliotheken, informatiediensten) [&hellip;]\" \/>\n<meta property=\"og:url\" content=\"https:\/\/www.abd-bvd.be\/nl\/abd-bvd\/lid-worden\/\" \/>\n<meta property=\"og:site_name\" content=\"ABD-BVD\" \/>\n<meta property=\"article:modified_time\" content=\"2022-11-10T11:19:55+00:00\" \/>\n<meta name=\"twitter:card\" content=\"summary_large_image\" \/>\n<meta name=\"twitter:label1\" content=\"Geschatte leestijd\" \/>\n\t<meta name=\"twitter:data1\" content=\"1 minuut\" \/>\n<script type=\"application\/ld+json\" class=\"yoast-schema-graph\">{\"@context\":\"https:\\\/\\\/schema.org\",\"@graph\":[{\"@type\":\"WebPage\",\"@id\":\"https:\\\/\\\/www.abd-bvd.be\\\/nl\\\/abd-bvd\\\/lid-worden\\\/\",\"url\":\"https:\\\/\\\/www.abd-bvd.be\\\/nl\\\/abd-bvd\\\/lid-worden\\\/\",\"name\":\"Lid worden - ABD-BVD\",\"isPartOf\":{\"@id\":\"https:\\\/\\\/www.abd-bvd.be\\\/fr\\\/#website\"},\"datePublished\":\"2014-09-09T08:23:51+00:00\",\"dateModified\":\"2022-11-10T11:19:55+00:00\",\"breadcrumb\":{\"@id\":\"https:\\\/\\\/www.abd-bvd.be\\\/nl\\\/abd-bvd\\\/lid-worden\\\/#breadcrumb\"},\"inLanguage\":\"nl-NL\",\"potentialAction\":[{\"@type\":\"ReadAction\",\"target\":[\"https:\\\/\\\/www.abd-bvd.be\\\/nl\\\/abd-bvd\\\/lid-worden\\\/\"]}]},{\"@type\":\"BreadcrumbList\",\"@id\":\"https:\\\/\\\/www.abd-bvd.be\\\/nl\\\/abd-bvd\\\/lid-worden\\\/#breadcrumb\",\"itemListElement\":[{\"@type\":\"ListItem\",\"position\":1,\"name\":\"Accueil\",\"item\":\"https:\\\/\\\/www.abd-bvd.be\\\/nl\\\/\"},{\"@type\":\"ListItem\",\"position\":2,\"name\":\"ABD-BVD\",\"item\":\"https:\\\/\\\/www.abd-bvd.be\\\/nl\\\/abd-bvd\\\/\"},{\"@type\":\"ListItem\",\"position\":3,\"name\":\"Lid worden\"}]},{\"@type\":\"WebSite\",\"@id\":\"https:\\\/\\\/www.abd-bvd.be\\\/fr\\\/#website\",\"url\":\"https:\\\/\\\/www.abd-bvd.be\\\/fr\\\/\",\"name\":\"ABD-BVD\",\"description\":\"association Belge de documentation - Belgische verniging voor documentatie\",\"potentialAction\":[{\"@type\":\"SearchAction\",\"target\":{\"@type\":\"EntryPoint\",\"urlTemplate\":\"https:\\\/\\\/www.abd-bvd.be\\\/fr\\\/?s={search_term_string}\"},\"query-input\":{\"@type\":\"PropertyValueSpecification\",\"valueRequired\":true,\"valueName\":\"search_term_string\"}}],\"inLanguage\":\"nl-NL\"}]}<\/script>\n<!-- \/ Yoast SEO plugin. -->","yoast_head_json":{"title":"Lid worden - ABD-BVD","robots":{"index":"index","follow":"follow","max-snippet":"max-snippet:-1","max-image-preview":"max-image-preview:large","max-video-preview":"max-video-preview:-1"},"canonical":"https:\/\/www.abd-bvd.be\/nl\/abd-bvd\/lid-worden\/","og_locale":"nl_NL","og_type":"article","og_title":"Lid worden - ABD-BVD","og_description":"Het ABD-BVD lidmaatschap houdt een paar aanzienlijke voordelen in zoals het kosteloos abonnement op de Bladen voor Documentatie, de kosteloze deelname aan onze activiteiten en manifestaties zoals bvb. de Doc&#8217;Moments en het jaarlijks Inforum, een voorkeurstarief op onze publicaties en belangrijke kortingen op gebeurtenissen georganiseerd door Belgische en Europese zusterverenigingen. Collectieve leden (documentatiecentra, bibliotheken, informatiediensten) [&hellip;]","og_url":"https:\/\/www.abd-bvd.be\/nl\/abd-bvd\/lid-worden\/","og_site_name":"ABD-BVD","article_modified_time":"2022-11-10T11:19:55+00:00","twitter_card":"summary_large_image","twitter_misc":{"Geschatte leestijd":"1 minuut"},"schema":{"@context":"https:\/\/schema.org","@graph":[{"@type":"WebPage","@id":"https:\/\/www.abd-bvd.be\/nl\/abd-bvd\/lid-worden\/","url":"https:\/\/www.abd-bvd.be\/nl\/abd-bvd\/lid-worden\/","name":"Lid worden - ABD-BVD","isPartOf":{"@id":"https:\/\/www.abd-bvd.be\/fr\/#website"},"datePublished":"2014-09-09T08:23:51+00:00","dateModified":"2022-11-10T11:19:55+00:00","breadcrumb":{"@id":"https:\/\/www.abd-bvd.be\/nl\/abd-bvd\/lid-worden\/#breadcrumb"},"inLanguage":"nl-NL","potentialAction":[{"@type":"ReadAction","target":["https:\/\/www.abd-bvd.be\/nl\/abd-bvd\/lid-worden\/"]}]},{"@type":"BreadcrumbList","@id":"https:\/\/www.abd-bvd.be\/nl\/abd-bvd\/lid-worden\/#breadcrumb","itemListElement":[{"@type":"ListItem","position":1,"name":"Accueil","item":"https:\/\/www.abd-bvd.be\/nl\/"},{"@type":"ListItem","position":2,"name":"ABD-BVD","item":"https:\/\/www.abd-bvd.be\/nl\/abd-bvd\/"},{"@type":"ListItem","position":3,"name":"Lid worden"}]},{"@type":"WebSite","@id":"https:\/\/www.abd-bvd.be\/fr\/#website","url":"https:\/\/www.abd-bvd.be\/fr\/","name":"ABD-BVD","description":"association Belge de documentation - Belgische verniging voor documentatie","potentialAction":[{"@type":"SearchAction","target":{"@type":"EntryPoint","urlTemplate":"https:\/\/www.abd-bvd.be\/fr\/?s={search_term_string}"},"query-input":{"@type":"PropertyValueSpecification","valueRequired":true,"valueName":"search_term_string"}}],"inLanguage":"nl-NL"}]}},"_links":{"self":[{"href":"https:\/\/www.abd-bvd.be\/nl\/wp-json\/wp\/v2\/pages\/557","targetHints":{"allow":["GET"]}}],"collection":[{"href":"https:\/\/www.abd-bvd.be\/nl\/wp-json\/wp\/v2\/pages"}],"about":[{"href":"https:\/\/www.abd-bvd.be\/nl\/wp-json\/wp\/v2\/types\/page"}],"author":[{"embeddable":true,"href":"https:\/\/www.abd-bvd.be\/nl\/wp-json\/wp\/v2\/users\/1"}],"replies":[{"embeddable":true,"href":"https:\/\/www.abd-bvd.be\/nl\/wp-json\/wp\/v2\/comments?post=557"}],"version-history":[{"count":3,"href":"https:\/\/www.abd-bvd.be\/nl\/wp-json\/wp\/v2\/pages\/557\/revisions"}],"predecessor-version":[{"id":32026,"href":"https:\/\/www.abd-bvd.be\/nl\/wp-json\/wp\/v2\/pages\/557\/revisions\/32026"}],"up":[{"embeddable":true,"href":"https:\/\/www.abd-bvd.be\/nl\/wp-json\/wp\/v2\/pages\/493"}],"wp:attachment":[{"href":"https:\/\/www.abd-bvd.be\/nl\/wp-json\/wp\/v2\/media?parent=557"}],"curies":[{"name":"wp","href":"https:\/\/api.w.org\/{rel}","templated":true}]}}