{"id":24060,"date":"2021-04-04T18:11:58","date_gmt":"2021-04-04T16:11:58","guid":{"rendered":"https:\/\/www.abd-bvd.be\/?page_id=24060"},"modified":"2021-04-04T18:19:45","modified_gmt":"2021-04-04T16:19:45","slug":"bladen-voor-documentatie-2021-1-maart-2021","status":"publish","type":"page","link":"https:\/\/www.abd-bvd.be\/nl\/publicaties\/bladen-voor-documentatie\/bladen-voor-documentatie-2021-1-maart-2021\/","title":{"rendered":"Bladen voor Documentatie 2021\/1 (maart 2021)"},"content":{"rendered":"<h2><img loading=\"lazy\" decoding=\"async\" class=\"alignleft wp-image-20275 size-medium\" src=\"https:\/\/www.abd-bvd.be\/wp-content\/uploads\/cover-2021-1_middle.jpg\" alt=\"\" width=\"212\" height=\"300\" \/><\/h2>\n<h2>Woord vooraf<\/h2>\n<p style=\"text-align: justify;\">Na een jaar vol omwentelingen op alle fronten, proberen we beetje bij beetje terug te keren naar de &#8220;normaliteit&#8221;. Met het oog hierop bieden wij u een eerste nummer van de Bladen 2021 aan, dat artikelen bevat die al enige tijd in de &#8220;pijplijn&#8221; zitten. U vindt er ook een eerbetoon aan onze overleden collega Dominique Vanp\u00e9e, die ons veel te vroeg heeft verlaten.<\/p>\n<p style=\"text-align: justify;\">Ik wil graag van deze gelegenheid gebruik maken om aan te kondigen dat na een paar jaar &#8211; durf ik te zeggen goede en trouwe dienst? &#8211; ik draag de co\u00f6rdinatie nu over aan onze gewaardeerde collega Guy Delsaut, voormalig voorzitter van de ABD-BVD en vertrouwd met de rol van co\u00f6rdinator, aangezien hij die reeds goed heeft uitgeoefend voordat hij de leiding van onze vereniging op zich nam. Het kwartaal is dus in goede handen.<\/p>\n<p style=\"text-align: justify;\">Wat mij betreft, neem ik een stapje terug, om me aan andere projecten te wijden. Ik zal echter beschikbaar blijven voor het occasioneel nalezen van artikels, of andere kleine diensten aan de ABD-BVD wanneer mijn hulp wordt ingeroepen.<\/p>\n<p style=\"text-align: justify;\">Rest mij u een goede lezing toe te wensen en tot ziens!<\/p>\n<p style=\"text-align: right;\"><strong>Samuel PIRET<\/strong><br \/>\nHoofdredacteur<\/p>\n<p>&nbsp;<\/p>\n<h2>Stronger Together<br \/>\nGemeenschappelijke bibliotheekaankopen met federale instellingen \u2013 proefproject JSTOR<\/h2>\n<p><strong>Astrid DE SPIEGELAERE<\/strong>, Verantwoordelijke secretariaat van de hedendaagse verzamelingen, KBR<\/p>\n<p style=\"text-align: justify;\">Het merendeel van de federale instellingen verwerft in meer of mindere mate publicaties ter ondersteuning van hun werking of voor onderzoek. KBR onderzocht hoe de instellingen kunnen samenwerken om deze elektronische of papieren informatie samen aan te kopen. Dit resulteerde in een eerste proefproject voor de gemeenschappelijke aanschaf van een databank in de humane en sociale wetenschappen in samenwerking met het Koninklijk Museum voor Midden Afrika (KMMA) en de Koninklijke Musea voor Kunst en Geschiedenis (KMKG). Tijdens het Inforum van 2019 &#8220;Stronger together&#8221; door ABD-BVD, werden de eerste projecten van deze gemeenschappelijke opdrachten voorgesteld. De weg ligt nu open voor verdere gemeenschappelijke aankopen, maar hoe kan dit georganiseerd<\/p>\n<p>&nbsp;<\/p>\n<h2>La norme RiC (Records in Contexts) : fondements, applications et enjeux pour la pratique archivistique<\/h2>\n<p><strong>Siham ALAOUI<\/strong>, Candidate au doctorat, auxiliaire d&#8217;enseignement et de recherche en archivistique, d\u00e9partement des sciences historiques, Universit\u00e9 Laval<\/p>\n<p style=\"text-align: justify;\">De digitale technologie heeft dramatische veranderingen teweeggebracht in de archivistische praktijk. Archieven, in de digitale documentaire omgeving, moeten worden beschreven op een wijze die hun authenticiteit, betrouwbaarheid, integriteit en nauwkeurigheid waarborgt. In die zin is de &#8220;Records in Contexts&#8221;-norm voorgesteld door de Internationale Archiefraad om, rekening houdend met de bijzonderheden van Linked data en ontologie\u00ebn, de nadruk te leggen op beschrijvende metadata die de context documenteren waarin archiefdocumenten worden gecre\u00eberd en bewaard. Archiefstukken kunnen nu in verband worden gebracht met hun producenten, de activiteiten waarop zij betrekking hebben en de instellingen die ze bewaren. Dit artikel beschrijft deze norm, bespreekt de mogelijke toepassingen ervan en belicht de problemen.<\/p>\n<p>&nbsp;<\/p>\n<h2>Du nouveau en documentation juridique<\/h2>\n<p><strong>Anne-Catherine DEMEULDER, <\/strong>Information Officer, Liedekerke Wolters Waelbroeck Kirkpatrick<\/p>\n<p>Het artikel lijst een aantal hulpbronnen op die recent gratis beschikbaar gemaakt zijn of vernieuwd werden, en die de juridische opzoekingen van ieder zullen vergemakkelijken. Het artikel werd oorspronkelijk gepubliceerd in <em>Journal des Tribunaux<\/em>, op 23 januari 2021. De auteur bedankt het redactiecomit\u00e9 voor de toelating om het hier te reproduceren.<\/p>\n<p>&nbsp;<\/p>\n<h2>Dominique Vanp\u00e9e<br \/>\nPortrait d&#8217;un coll\u00e8gue passionn\u00e9 et d&#8217;un ami attachant<\/h2>\n<p><b>Guy DELSAUT<\/b><br \/>\nAvec la collaboration de Christopher BOON, Beno\u00eet COLLET, Jacques HENRARD, Paul HEYVAERT, Simone J\u00c9R\u00d4ME, Toon LOWETTE, \u00c9velyne LUCTKENS, Vincent MAES, Samuel PIRET, Fran\u00e7oise ROSSION, Arnaud SEEUWS et Chantal STANESCU<\/p>\n<h2><\/h2>\n<h2>Dominique Vanp\u00e9e<br \/>\nPortret van een gepassioneerde collega en een innemende vriend<\/h2>\n<p><b>Guy DELSAUT<\/b><br \/>\nMet de medewerking van Christopher BOON, Beno\u00eet COLLET, Jacques HENRARD, Paul HEYVAERT, Simone J\u00c9R\u00d4ME, Toon LOWETTE, \u00c9velyne LUCTKENS, Vincent MAES, Samuel PIRET, Fran\u00e7oise ROSSION, Arnaud SEEUWS en Chantal STANESCU<\/p>\n<p style=\"text-align: justify;\">Dominique Vanp\u00e9e is op 3 november laatstleden op 57-jarige leeftijd overleden. Zijn oud-collega&#8217;s van de ABD-BVD herdenken hem, zijn werk voor de vereniging, en zijn buitengewone persoonlijkheid. In anekdotes schetsen ze de collega, vakgenoot en vriend die van hen is heengegaan. Ruim 20 jaar drukte Dominique zijn stempel op onze vereniging en liet hij indruk na op ieder die hij ontmoette. Dit portret tekenden zijn collega&#8217;s bij het ABD-BVD, hoewel zijn leven uiteraard gevuld was met nog tal van andere samenwerkingen.<\/p>\n","protected":false},"excerpt":{"rendered":"<p>Woord vooraf Na een jaar vol omwentelingen op alle fronten, proberen we beetje bij beetje terug te keren naar de &#8220;normaliteit&#8221;. Met het oog hierop bieden wij u een eerste nummer van de Bladen 2021 aan, dat artikelen bevat die al enige tijd in de &#8220;pijplijn&#8221; zitten. U vindt er ook een eerbetoon aan onze [&hellip;]<\/p>\n","protected":false},"author":5,"featured_media":0,"parent":644,"menu_order":0,"comment_status":"closed","ping_status":"closed","template":"category-cahiers-documentation.php","meta":{"_acf_changed":false,"footnotes":""},"class_list":["post-24060","page","type-page","status-publish","hentry"],"acf":[],"yoast_head":"<!-- This site is optimized with the Yoast SEO plugin v27.4 - https:\/\/yoast.com\/product\/yoast-seo-wordpress\/ -->\n<title>Bladen voor Documentatie 2021\/1 (maart 2021) - ABD-BVD<\/title>\n<meta name=\"robots\" content=\"index, follow, max-snippet:-1, max-image-preview:large, max-video-preview:-1\" \/>\n<link rel=\"canonical\" href=\"https:\/\/www.abd-bvd.be\/nl\/publicaties\/bladen-voor-documentatie\/bladen-voor-documentatie-2021-1-maart-2021\/\" \/>\n<meta property=\"og:locale\" content=\"nl_NL\" \/>\n<meta property=\"og:type\" content=\"article\" \/>\n<meta property=\"og:title\" content=\"Bladen voor Documentatie 2021\/1 (maart 2021) - ABD-BVD\" \/>\n<meta property=\"og:description\" content=\"Woord vooraf Na een jaar vol omwentelingen op alle fronten, proberen we beetje bij beetje terug te keren naar de &#8220;normaliteit&#8221;. Met het oog hierop bieden wij u een eerste nummer van de Bladen 2021 aan, dat artikelen bevat die al enige tijd in de &#8220;pijplijn&#8221; zitten. U vindt er ook een eerbetoon aan onze [&hellip;]\" \/>\n<meta property=\"og:url\" content=\"https:\/\/www.abd-bvd.be\/nl\/publicaties\/bladen-voor-documentatie\/bladen-voor-documentatie-2021-1-maart-2021\/\" \/>\n<meta property=\"og:site_name\" content=\"ABD-BVD\" \/>\n<meta property=\"article:modified_time\" content=\"2021-04-04T16:19:45+00:00\" \/>\n<meta property=\"og:image\" content=\"https:\/\/www.abd-bvd.be\/wp-content\/uploads\/cover-2021-1_middle.jpg\" \/>\n<meta name=\"twitter:card\" content=\"summary_large_image\" \/>\n<meta name=\"twitter:label1\" content=\"Geschatte leestijd\" \/>\n\t<meta name=\"twitter:data1\" content=\"4 minuten\" \/>\n<script type=\"application\/ld+json\" class=\"yoast-schema-graph\">{\"@context\":\"https:\\\/\\\/schema.org\",\"@graph\":[{\"@type\":\"WebPage\",\"@id\":\"https:\\\/\\\/www.abd-bvd.be\\\/nl\\\/publicaties\\\/bladen-voor-documentatie\\\/bladen-voor-documentatie-2021-1-maart-2021\\\/\",\"url\":\"https:\\\/\\\/www.abd-bvd.be\\\/nl\\\/publicaties\\\/bladen-voor-documentatie\\\/bladen-voor-documentatie-2021-1-maart-2021\\\/\",\"name\":\"Bladen voor Documentatie 2021\\\/1 (maart 2021) - ABD-BVD\",\"isPartOf\":{\"@id\":\"https:\\\/\\\/www.abd-bvd.be\\\/fr\\\/#website\"},\"primaryImageOfPage\":{\"@id\":\"https:\\\/\\\/www.abd-bvd.be\\\/nl\\\/publicaties\\\/bladen-voor-documentatie\\\/bladen-voor-documentatie-2021-1-maart-2021\\\/#primaryimage\"},\"image\":{\"@id\":\"https:\\\/\\\/www.abd-bvd.be\\\/nl\\\/publicaties\\\/bladen-voor-documentatie\\\/bladen-voor-documentatie-2021-1-maart-2021\\\/#primaryimage\"},\"thumbnailUrl\":\"https:\\\/\\\/www.abd-bvd.be\\\/wp-content\\\/uploads\\\/cover-2021-1_middle.jpg\",\"datePublished\":\"2021-04-04T16:11:58+00:00\",\"dateModified\":\"2021-04-04T16:19:45+00:00\",\"breadcrumb\":{\"@id\":\"https:\\\/\\\/www.abd-bvd.be\\\/nl\\\/publicaties\\\/bladen-voor-documentatie\\\/bladen-voor-documentatie-2021-1-maart-2021\\\/#breadcrumb\"},\"inLanguage\":\"nl-NL\",\"potentialAction\":[{\"@type\":\"ReadAction\",\"target\":[\"https:\\\/\\\/www.abd-bvd.be\\\/nl\\\/publicaties\\\/bladen-voor-documentatie\\\/bladen-voor-documentatie-2021-1-maart-2021\\\/\"]}]},{\"@type\":\"ImageObject\",\"inLanguage\":\"nl-NL\",\"@id\":\"https:\\\/\\\/www.abd-bvd.be\\\/nl\\\/publicaties\\\/bladen-voor-documentatie\\\/bladen-voor-documentatie-2021-1-maart-2021\\\/#primaryimage\",\"url\":\"https:\\\/\\\/www.abd-bvd.be\\\/wp-content\\\/uploads\\\/cover-2021-1_middle.jpg\",\"contentUrl\":\"https:\\\/\\\/www.abd-bvd.be\\\/wp-content\\\/uploads\\\/cover-2021-1_middle.jpg\"},{\"@type\":\"BreadcrumbList\",\"@id\":\"https:\\\/\\\/www.abd-bvd.be\\\/nl\\\/publicaties\\\/bladen-voor-documentatie\\\/bladen-voor-documentatie-2021-1-maart-2021\\\/#breadcrumb\",\"itemListElement\":[{\"@type\":\"ListItem\",\"position\":1,\"name\":\"Accueil\",\"item\":\"https:\\\/\\\/www.abd-bvd.be\\\/nl\\\/\"},{\"@type\":\"ListItem\",\"position\":2,\"name\":\"Publicaties\",\"item\":\"https:\\\/\\\/www.abd-bvd.be\\\/nl\\\/publicaties\\\/\"},{\"@type\":\"ListItem\",\"position\":3,\"name\":\"Bladen voor Documentatie\",\"item\":\"https:\\\/\\\/www.abd-bvd.be\\\/nl\\\/publicaties\\\/bladen-voor-documentatie\\\/\"},{\"@type\":\"ListItem\",\"position\":4,\"name\":\"Bladen voor Documentatie 2021\\\/1 (maart 2021)\"}]},{\"@type\":\"WebSite\",\"@id\":\"https:\\\/\\\/www.abd-bvd.be\\\/fr\\\/#website\",\"url\":\"https:\\\/\\\/www.abd-bvd.be\\\/fr\\\/\",\"name\":\"ABD-BVD\",\"description\":\"association Belge de documentation - Belgische verniging voor documentatie\",\"potentialAction\":[{\"@type\":\"SearchAction\",\"target\":{\"@type\":\"EntryPoint\",\"urlTemplate\":\"https:\\\/\\\/www.abd-bvd.be\\\/fr\\\/?s={search_term_string}\"},\"query-input\":{\"@type\":\"PropertyValueSpecification\",\"valueRequired\":true,\"valueName\":\"search_term_string\"}}],\"inLanguage\":\"nl-NL\"}]}<\/script>\n<!-- \/ Yoast SEO plugin. -->","yoast_head_json":{"title":"Bladen voor Documentatie 2021\/1 (maart 2021) - ABD-BVD","robots":{"index":"index","follow":"follow","max-snippet":"max-snippet:-1","max-image-preview":"max-image-preview:large","max-video-preview":"max-video-preview:-1"},"canonical":"https:\/\/www.abd-bvd.be\/nl\/publicaties\/bladen-voor-documentatie\/bladen-voor-documentatie-2021-1-maart-2021\/","og_locale":"nl_NL","og_type":"article","og_title":"Bladen voor Documentatie 2021\/1 (maart 2021) - ABD-BVD","og_description":"Woord vooraf Na een jaar vol omwentelingen op alle fronten, proberen we beetje bij beetje terug te keren naar de &#8220;normaliteit&#8221;. Met het oog hierop bieden wij u een eerste nummer van de Bladen 2021 aan, dat artikelen bevat die al enige tijd in de &#8220;pijplijn&#8221; zitten. U vindt er ook een eerbetoon aan onze [&hellip;]","og_url":"https:\/\/www.abd-bvd.be\/nl\/publicaties\/bladen-voor-documentatie\/bladen-voor-documentatie-2021-1-maart-2021\/","og_site_name":"ABD-BVD","article_modified_time":"2021-04-04T16:19:45+00:00","og_image":[{"url":"https:\/\/www.abd-bvd.be\/wp-content\/uploads\/cover-2021-1_middle.jpg","type":"","width":"","height":""}],"twitter_card":"summary_large_image","twitter_misc":{"Geschatte leestijd":"4 minuten"},"schema":{"@context":"https:\/\/schema.org","@graph":[{"@type":"WebPage","@id":"https:\/\/www.abd-bvd.be\/nl\/publicaties\/bladen-voor-documentatie\/bladen-voor-documentatie-2021-1-maart-2021\/","url":"https:\/\/www.abd-bvd.be\/nl\/publicaties\/bladen-voor-documentatie\/bladen-voor-documentatie-2021-1-maart-2021\/","name":"Bladen voor Documentatie 2021\/1 (maart 2021) - ABD-BVD","isPartOf":{"@id":"https:\/\/www.abd-bvd.be\/fr\/#website"},"primaryImageOfPage":{"@id":"https:\/\/www.abd-bvd.be\/nl\/publicaties\/bladen-voor-documentatie\/bladen-voor-documentatie-2021-1-maart-2021\/#primaryimage"},"image":{"@id":"https:\/\/www.abd-bvd.be\/nl\/publicaties\/bladen-voor-documentatie\/bladen-voor-documentatie-2021-1-maart-2021\/#primaryimage"},"thumbnailUrl":"https:\/\/www.abd-bvd.be\/wp-content\/uploads\/cover-2021-1_middle.jpg","datePublished":"2021-04-04T16:11:58+00:00","dateModified":"2021-04-04T16:19:45+00:00","breadcrumb":{"@id":"https:\/\/www.abd-bvd.be\/nl\/publicaties\/bladen-voor-documentatie\/bladen-voor-documentatie-2021-1-maart-2021\/#breadcrumb"},"inLanguage":"nl-NL","potentialAction":[{"@type":"ReadAction","target":["https:\/\/www.abd-bvd.be\/nl\/publicaties\/bladen-voor-documentatie\/bladen-voor-documentatie-2021-1-maart-2021\/"]}]},{"@type":"ImageObject","inLanguage":"nl-NL","@id":"https:\/\/www.abd-bvd.be\/nl\/publicaties\/bladen-voor-documentatie\/bladen-voor-documentatie-2021-1-maart-2021\/#primaryimage","url":"https:\/\/www.abd-bvd.be\/wp-content\/uploads\/cover-2021-1_middle.jpg","contentUrl":"https:\/\/www.abd-bvd.be\/wp-content\/uploads\/cover-2021-1_middle.jpg"},{"@type":"BreadcrumbList","@id":"https:\/\/www.abd-bvd.be\/nl\/publicaties\/bladen-voor-documentatie\/bladen-voor-documentatie-2021-1-maart-2021\/#breadcrumb","itemListElement":[{"@type":"ListItem","position":1,"name":"Accueil","item":"https:\/\/www.abd-bvd.be\/nl\/"},{"@type":"ListItem","position":2,"name":"Publicaties","item":"https:\/\/www.abd-bvd.be\/nl\/publicaties\/"},{"@type":"ListItem","position":3,"name":"Bladen voor Documentatie","item":"https:\/\/www.abd-bvd.be\/nl\/publicaties\/bladen-voor-documentatie\/"},{"@type":"ListItem","position":4,"name":"Bladen voor Documentatie 2021\/1 (maart 2021)"}]},{"@type":"WebSite","@id":"https:\/\/www.abd-bvd.be\/fr\/#website","url":"https:\/\/www.abd-bvd.be\/fr\/","name":"ABD-BVD","description":"association Belge de documentation - Belgische verniging voor documentatie","potentialAction":[{"@type":"SearchAction","target":{"@type":"EntryPoint","urlTemplate":"https:\/\/www.abd-bvd.be\/fr\/?s={search_term_string}"},"query-input":{"@type":"PropertyValueSpecification","valueRequired":true,"valueName":"search_term_string"}}],"inLanguage":"nl-NL"}]}},"_links":{"self":[{"href":"https:\/\/www.abd-bvd.be\/nl\/wp-json\/wp\/v2\/pages\/24060","targetHints":{"allow":["GET"]}}],"collection":[{"href":"https:\/\/www.abd-bvd.be\/nl\/wp-json\/wp\/v2\/pages"}],"about":[{"href":"https:\/\/www.abd-bvd.be\/nl\/wp-json\/wp\/v2\/types\/page"}],"author":[{"embeddable":true,"href":"https:\/\/www.abd-bvd.be\/nl\/wp-json\/wp\/v2\/users\/5"}],"replies":[{"embeddable":true,"href":"https:\/\/www.abd-bvd.be\/nl\/wp-json\/wp\/v2\/comments?post=24060"}],"version-history":[{"count":3,"href":"https:\/\/www.abd-bvd.be\/nl\/wp-json\/wp\/v2\/pages\/24060\/revisions"}],"predecessor-version":[{"id":24064,"href":"https:\/\/www.abd-bvd.be\/nl\/wp-json\/wp\/v2\/pages\/24060\/revisions\/24064"}],"up":[{"embeddable":true,"href":"https:\/\/www.abd-bvd.be\/nl\/wp-json\/wp\/v2\/pages\/644"}],"wp:attachment":[{"href":"https:\/\/www.abd-bvd.be\/nl\/wp-json\/wp\/v2\/media?parent=24060"}],"curies":[{"name":"wp","href":"https:\/\/api.w.org\/{rel}","templated":true}]}}