{"id":2114,"date":"2015-06-05T07:43:23","date_gmt":"2015-06-05T07:43:23","guid":{"rendered":"http:\/\/www.abd-bvd.be\/?page_id=2114"},"modified":"2015-06-10T10:33:07","modified_gmt":"2015-06-10T10:33:07","slug":"cookies-3","status":"publish","type":"page","link":"https:\/\/www.abd-bvd.be\/nl\/cookies-3\/","title":{"rendered":"Cookies"},"content":{"rendered":"<h2><span id=\"result_box\" class=\"\" lang=\"nl\"><span title=\"Qu'est-ce que les cookies?\n\n\">Wat zijn cookies?<\/span><\/span><\/h2>\n<p><span id=\"result_box\" class=\"\" lang=\"nl\"><span title=\"Un cookie est un petit fichier texte qui est envoy\u00e9 vers votre ordinateur ou appareil mobile (d\u00e9nomm\u00e9 &quot;appareil&quot;) par les sites web que vous visitez.\">Een cookie is een klein tekstbestand dat door websites die u bezoekt op uw computer of mobiel apparaat (aangeduid als &#8220;apparaat&#8221;) wordt verzonden. <\/span><span title=\"Ils sont d'ordinaire utilis\u00e9s pour permettre aux sites web de fonctionner de mani\u00e8re plus efficace, ainsi que pour fournir des informations aux propri\u00e9taires du site.\n\n\">Ze worden meestal gebruikt om websites om effici\u00ebnter te werken en om informatie te verstrekken aan site-eigenaren.<\/p>\n<p><\/span><span title=\"La loi belge relative \u00e0 la communication \u00e9lectronique (transposition de la Loi T\u00e9l\u00e9coms) comporte quelques clauses relatives aux cookies et \u00e0 leur utilisation sur des sites Web.\">De Belgische wet op de elektronische communicatie (omzetting van de Wet Telecoms) bevat een aantal clausules en het gebruik van cookies op websites. <\/span><span title=\"L'impl\u00e9mentation belge d\u00e9coule de la directive europ\u00e9enne sur la protection de la vie priv\u00e9e, ce qui implique que l'utilisation de cookies et la l\u00e9gislation sur les cookies font l'objet de r\u00e9glementations diff\u00e9rentes dans chaque pays europ\u00e9en.\n\">De Belgische implementatie volgt de Europese richtlijn over de bescherming van de persoonlijke levenssfeer, waarvan het gebruik van cookies en wetgeving cookies zijn onderworpen aan verschillende regels in elk Europees land.<\/span><\/span><\/p>\n<h2><span id=\"result_box\" class=\"\" lang=\"nl\"><span title=\"Quelle est l'utilit\u00e9 de ces cookies?\n\n\">Wat is het gebruik van cookies?<\/span><\/span><\/h2>\n<p><span id=\"result_box\" class=\"\" lang=\"nl\"><span title=\"Les navigateurs web r\u00e9cents qui \u00e9quipent votre appareil permettent, par leur param\u00e9trage, de g\u00e9rer les cookies dans une certaine mesure et d'assurer la protection de la vie priv\u00e9e.\">Recente webbrowsers die het mogelijk maken te rusten uw apparaat door hun setup, beheren cookies, en tot op zekere hoogte de bescherming van de privacy. <\/span><span title=\"Pour en savoir plus sur la nature des cookies d\u00e9pos\u00e9s, et sur la mani\u00e8re de les g\u00e9rer et de les effacer, visitez www.allaboutcookies.org.\n\n\">Voor meer informatie over de aard van de gedeponeerde cookies en hoe te beheren en te verwijderen, bezoek <a href=\"http:\/\/www.allaboutcookies.org.\" target=\"_blank\">www.allaboutcookies.org.<\/a><\/p>\n<p><\/span><span title=\"L'obligation de consentement implicite est respect\u00e9e en laissant inchang\u00e9s les param\u00e8tres 'protection de la vie priv\u00e9e' par d\u00e9faut de l'utilisateur, et en affichant un avertissement qui pr\u00e9cise de quelle mani\u00e8re un site web collecte des donn\u00e9es Le consentement explicite postule pour sa part\">De impliciete vereiste toestemming wordt voldaan door het verlaten onveranderd de instellingen beschermende privacy standaard gebruikersnaam en het weergeven van een waarschuwing dat aangeeft hoe een verzameling van gegevens website Express toestemming voor zijn deel postulaten <\/span><span title=\"un param\u00e9trage proactif du navigateur et des fonctionnalit\u00e9s d'acceptation\/refus des cookies (opt-in\/opt-out) qui enregistrent vos pr\u00e9f\u00e9rences pour vos visites ult\u00e9rieures sur un site.\n\n\">proactieve browser instelling en de kenmerken van de aanvaarding \/ afwijzing van cookies (opt-in \/ opt-out), die uw voorkeuren vastleggen voor latere bezoeken aan een site.<\/p>\n<p><\/span><span title=\"C'est pourquoi nous avons une 'barre des cookies' et fournissons des informations compl\u00e9mentaires concernant les cookies utilis\u00e9s par les sites web de Zetes et n\u00e9cessaires pour leur permettre de fonctionner pleinement.\">Dat is de reden waarom we hebben een &#8216;bar cookies en leveren aanvullende informatie over de cookies die worden gebruikt door de websites van Zetes en hen in staat om volledig te functioneren.<\/span><\/span><\/p>\n","protected":false},"excerpt":{"rendered":"<p>Wat zijn cookies? Een cookie is een klein tekstbestand dat door websites die u bezoekt op uw computer of mobiel apparaat (aangeduid als &#8220;apparaat&#8221;) wordt verzonden. Ze worden meestal gebruikt om websites om effici\u00ebnter te werken en om informatie te verstrekken aan site-eigenaren. De Belgische wet op de elektronische communicatie (omzetting van de Wet Telecoms) [&hellip;]<\/p>\n","protected":false},"author":1,"featured_media":0,"parent":0,"menu_order":0,"comment_status":"open","ping_status":"open","template":"","meta":{"_acf_changed":false,"footnotes":""},"class_list":["post-2114","page","type-page","status-publish","hentry"],"acf":[],"yoast_head":"<!-- This site is optimized with the Yoast SEO plugin v27.4 - https:\/\/yoast.com\/product\/yoast-seo-wordpress\/ -->\n<title>Cookies - ABD-BVD<\/title>\n<meta name=\"robots\" content=\"index, follow, max-snippet:-1, max-image-preview:large, max-video-preview:-1\" \/>\n<link rel=\"canonical\" href=\"https:\/\/www.abd-bvd.be\/nl\/cookies-3\/\" \/>\n<meta property=\"og:locale\" content=\"nl_NL\" \/>\n<meta property=\"og:type\" content=\"article\" \/>\n<meta property=\"og:title\" content=\"Cookies - ABD-BVD\" \/>\n<meta property=\"og:description\" content=\"Wat zijn cookies? Een cookie is een klein tekstbestand dat door websites die u bezoekt op uw computer of mobiel apparaat (aangeduid als &#8220;apparaat&#8221;) wordt verzonden. Ze worden meestal gebruikt om websites om effici\u00ebnter te werken en om informatie te verstrekken aan site-eigenaren. De Belgische wet op de elektronische communicatie (omzetting van de Wet Telecoms) [&hellip;]\" \/>\n<meta property=\"og:url\" content=\"https:\/\/www.abd-bvd.be\/nl\/cookies-3\/\" \/>\n<meta property=\"og:site_name\" content=\"ABD-BVD\" \/>\n<meta property=\"article:modified_time\" content=\"2015-06-10T10:33:07+00:00\" \/>\n<meta name=\"twitter:card\" content=\"summary_large_image\" \/>\n<meta name=\"twitter:label1\" content=\"Geschatte leestijd\" \/>\n\t<meta name=\"twitter:data1\" content=\"1 minuut\" \/>\n<script type=\"application\/ld+json\" class=\"yoast-schema-graph\">{\"@context\":\"https:\\\/\\\/schema.org\",\"@graph\":[{\"@type\":\"WebPage\",\"@id\":\"https:\\\/\\\/www.abd-bvd.be\\\/nl\\\/cookies-3\\\/\",\"url\":\"https:\\\/\\\/www.abd-bvd.be\\\/nl\\\/cookies-3\\\/\",\"name\":\"Cookies - ABD-BVD\",\"isPartOf\":{\"@id\":\"https:\\\/\\\/www.abd-bvd.be\\\/fr\\\/#website\"},\"datePublished\":\"2015-06-05T07:43:23+00:00\",\"dateModified\":\"2015-06-10T10:33:07+00:00\",\"breadcrumb\":{\"@id\":\"https:\\\/\\\/www.abd-bvd.be\\\/nl\\\/cookies-3\\\/#breadcrumb\"},\"inLanguage\":\"nl-NL\",\"potentialAction\":[{\"@type\":\"ReadAction\",\"target\":[\"https:\\\/\\\/www.abd-bvd.be\\\/nl\\\/cookies-3\\\/\"]}]},{\"@type\":\"BreadcrumbList\",\"@id\":\"https:\\\/\\\/www.abd-bvd.be\\\/nl\\\/cookies-3\\\/#breadcrumb\",\"itemListElement\":[{\"@type\":\"ListItem\",\"position\":1,\"name\":\"Accueil\",\"item\":\"https:\\\/\\\/www.abd-bvd.be\\\/nl\\\/\"},{\"@type\":\"ListItem\",\"position\":2,\"name\":\"Cookies\"}]},{\"@type\":\"WebSite\",\"@id\":\"https:\\\/\\\/www.abd-bvd.be\\\/fr\\\/#website\",\"url\":\"https:\\\/\\\/www.abd-bvd.be\\\/fr\\\/\",\"name\":\"ABD-BVD\",\"description\":\"association Belge de documentation - Belgische verniging voor documentatie\",\"potentialAction\":[{\"@type\":\"SearchAction\",\"target\":{\"@type\":\"EntryPoint\",\"urlTemplate\":\"https:\\\/\\\/www.abd-bvd.be\\\/fr\\\/?s={search_term_string}\"},\"query-input\":{\"@type\":\"PropertyValueSpecification\",\"valueRequired\":true,\"valueName\":\"search_term_string\"}}],\"inLanguage\":\"nl-NL\"}]}<\/script>\n<!-- \/ Yoast SEO plugin. -->","yoast_head_json":{"title":"Cookies - ABD-BVD","robots":{"index":"index","follow":"follow","max-snippet":"max-snippet:-1","max-image-preview":"max-image-preview:large","max-video-preview":"max-video-preview:-1"},"canonical":"https:\/\/www.abd-bvd.be\/nl\/cookies-3\/","og_locale":"nl_NL","og_type":"article","og_title":"Cookies - ABD-BVD","og_description":"Wat zijn cookies? Een cookie is een klein tekstbestand dat door websites die u bezoekt op uw computer of mobiel apparaat (aangeduid als &#8220;apparaat&#8221;) wordt verzonden. Ze worden meestal gebruikt om websites om effici\u00ebnter te werken en om informatie te verstrekken aan site-eigenaren. De Belgische wet op de elektronische communicatie (omzetting van de Wet Telecoms) [&hellip;]","og_url":"https:\/\/www.abd-bvd.be\/nl\/cookies-3\/","og_site_name":"ABD-BVD","article_modified_time":"2015-06-10T10:33:07+00:00","twitter_card":"summary_large_image","twitter_misc":{"Geschatte leestijd":"1 minuut"},"schema":{"@context":"https:\/\/schema.org","@graph":[{"@type":"WebPage","@id":"https:\/\/www.abd-bvd.be\/nl\/cookies-3\/","url":"https:\/\/www.abd-bvd.be\/nl\/cookies-3\/","name":"Cookies - ABD-BVD","isPartOf":{"@id":"https:\/\/www.abd-bvd.be\/fr\/#website"},"datePublished":"2015-06-05T07:43:23+00:00","dateModified":"2015-06-10T10:33:07+00:00","breadcrumb":{"@id":"https:\/\/www.abd-bvd.be\/nl\/cookies-3\/#breadcrumb"},"inLanguage":"nl-NL","potentialAction":[{"@type":"ReadAction","target":["https:\/\/www.abd-bvd.be\/nl\/cookies-3\/"]}]},{"@type":"BreadcrumbList","@id":"https:\/\/www.abd-bvd.be\/nl\/cookies-3\/#breadcrumb","itemListElement":[{"@type":"ListItem","position":1,"name":"Accueil","item":"https:\/\/www.abd-bvd.be\/nl\/"},{"@type":"ListItem","position":2,"name":"Cookies"}]},{"@type":"WebSite","@id":"https:\/\/www.abd-bvd.be\/fr\/#website","url":"https:\/\/www.abd-bvd.be\/fr\/","name":"ABD-BVD","description":"association Belge de documentation - Belgische verniging voor documentatie","potentialAction":[{"@type":"SearchAction","target":{"@type":"EntryPoint","urlTemplate":"https:\/\/www.abd-bvd.be\/fr\/?s={search_term_string}"},"query-input":{"@type":"PropertyValueSpecification","valueRequired":true,"valueName":"search_term_string"}}],"inLanguage":"nl-NL"}]}},"_links":{"self":[{"href":"https:\/\/www.abd-bvd.be\/nl\/wp-json\/wp\/v2\/pages\/2114","targetHints":{"allow":["GET"]}}],"collection":[{"href":"https:\/\/www.abd-bvd.be\/nl\/wp-json\/wp\/v2\/pages"}],"about":[{"href":"https:\/\/www.abd-bvd.be\/nl\/wp-json\/wp\/v2\/types\/page"}],"author":[{"embeddable":true,"href":"https:\/\/www.abd-bvd.be\/nl\/wp-json\/wp\/v2\/users\/1"}],"replies":[{"embeddable":true,"href":"https:\/\/www.abd-bvd.be\/nl\/wp-json\/wp\/v2\/comments?post=2114"}],"version-history":[{"count":0,"href":"https:\/\/www.abd-bvd.be\/nl\/wp-json\/wp\/v2\/pages\/2114\/revisions"}],"wp:attachment":[{"href":"https:\/\/www.abd-bvd.be\/nl\/wp-json\/wp\/v2\/media?parent=2114"}],"curies":[{"name":"wp","href":"https:\/\/api.w.org\/{rel}","templated":true}]}}