{"id":764,"date":"2014-09-09T08:51:49","date_gmt":"2014-09-09T06:51:49","guid":{"rendered":"http:\/\/www.abd-bvd.be\/?page_id=764"},"modified":"2024-05-02T07:21:24","modified_gmt":"2024-05-02T05:21:24","slug":"accueil","status":"publish","type":"page","link":"https:\/\/www.abd-bvd.be\/fr\/","title":{"rendered":"Accueil"},"content":{"rendered":"<p>Notre monde est caract\u00e9ris\u00e9 par une grande diversit\u00e9 et cela se ressent dans de nombreux domaines\u00a0:<\/p>\n<ul>\n<li>la collaboration (en \u00e9quipe(s) interne(s), entre biblioth\u00e8ques, \u00e0 l\u2019international,\u2026)<\/li>\n<li>les services aux utilisateurs (la collection, la communication, la r\u00e9ception, l\u2019acc\u00e8s, \u2026)<\/li>\n<li>la pr\u00e9servation du patrimoine<\/li>\n<li>\u2026<\/li>\n<\/ul>\n<p>Nous pouvons diff\u00e9rer en fonction de:<\/p>\n<ul>\n<li>facteurs d\u00e9mographiques (sexe, \u00e2ge, origine, culture, religion,\u2026)<\/li>\n<li>capacit\u00e9s physiques (mobilit\u00e9 r\u00e9duite, d\u00e9ficience visuelle et auditive, \u2026)<\/li>\n<li>niveau d\u2019\u00e9ducation, domaine d\u2019expertise, digitalit\u00e9, culture d\u2019entreprise,\u2026<\/li>\n<li>personnalit\u00e9<\/li>\n<li>\u2026<\/li>\n<\/ul>\n<p>Quel r\u00f4le pouvons-nous jouer dans cela ? Comment pouvons-nous g\u00e9rer cela, \u00e0 la fois en tant qu\u2019organisation, en tant qu\u2019\u00e9quipe, mais aussi en tant qu\u2019individus ?<\/p>\n<p><strong>Quand<\/strong> : jeudi 23 mai 2024 (9h00 \u2013 17h00)<br \/>\n<strong>O\u00f9\u00a0\u00a0\u00a0\u00a0\u00a0\u00a0\u00a0\u00a0 :<\/strong> KBR \u2013 salles Auditorium &amp; Galerie<\/p>\n<p>Nous vous laissons <a href=\"https:\/\/www.abd-bvd.be\/fr\/agenda\/inforum-2024\/\">d\u00e9couvrir le programme<\/a>.<\/p>\n","protected":false},"excerpt":{"rendered":"<p>Notre monde est caract\u00e9ris\u00e9 par une grande diversit\u00e9 et cela se ressent dans de nombreux domaines\u00a0: la collaboration (en \u00e9quipe(s) interne(s), entre biblioth\u00e8ques, \u00e0 l\u2019international,\u2026) les services aux utilisateurs (la collection, la communication, la r\u00e9ception, l\u2019acc\u00e8s, \u2026) la pr\u00e9servation du patrimoine \u2026 Nous pouvons diff\u00e9rer en fonction de: facteurs d\u00e9mographiques (sexe, \u00e2ge, origine, culture, religion,\u2026) [&hellip;]<\/p>\n","protected":false},"author":1,"featured_media":0,"parent":0,"menu_order":0,"comment_status":"open","ping_status":"closed","template":"","meta":{"_acf_changed":false,"footnotes":""},"class_list":["post-764","page","type-page","status-publish","hentry"],"acf":[],"yoast_head":"<!-- This site is optimized with the Yoast SEO plugin v27.3 - https:\/\/yoast.com\/product\/yoast-seo-wordpress\/ -->\n<title>Association Belge de Documentation | ABD-BVD<\/title>\n<meta name=\"robots\" content=\"index, follow, max-snippet:-1, max-image-preview:large, max-video-preview:-1\" \/>\n<link rel=\"canonical\" href=\"https:\/\/www.abd-bvd.be\/fr\/\" \/>\n<meta property=\"og:locale\" content=\"fr_FR\" \/>\n<meta property=\"og:type\" content=\"article\" \/>\n<meta property=\"og:title\" content=\"Association Belge de Documentation | ABD-BVD\" \/>\n<meta property=\"og:description\" content=\"Notre monde est caract\u00e9ris\u00e9 par une grande diversit\u00e9 et cela se ressent dans de nombreux domaines\u00a0: la collaboration (en \u00e9quipe(s) interne(s), entre biblioth\u00e8ques, \u00e0 l\u2019international,\u2026) les services aux utilisateurs (la collection, la communication, la r\u00e9ception, l\u2019acc\u00e8s, \u2026) la pr\u00e9servation du patrimoine \u2026 Nous pouvons diff\u00e9rer en fonction de: facteurs d\u00e9mographiques (sexe, \u00e2ge, origine, culture, religion,\u2026) [&hellip;]\" \/>\n<meta property=\"og:url\" content=\"https:\/\/www.abd-bvd.be\/fr\/\" \/>\n<meta property=\"og:site_name\" content=\"ABD-BVD\" \/>\n<meta property=\"article:modified_time\" content=\"2024-05-02T05:21:24+00:00\" \/>\n<meta name=\"twitter:card\" content=\"summary_large_image\" \/>\n<meta name=\"twitter:label1\" content=\"Dur\u00e9e de lecture estim\u00e9e\" \/>\n\t<meta name=\"twitter:data1\" content=\"1 minute\" \/>\n<script type=\"application\/ld+json\" class=\"yoast-schema-graph\">{\"@context\":\"https:\\\/\\\/schema.org\",\"@graph\":[{\"@type\":\"WebPage\",\"@id\":\"https:\\\/\\\/www.abd-bvd.be\\\/fr\\\/\",\"url\":\"https:\\\/\\\/www.abd-bvd.be\\\/fr\\\/\",\"name\":\"Association Belge de Documentation | ABD-BVD\",\"isPartOf\":{\"@id\":\"https:\\\/\\\/www.abd-bvd.be\\\/fr\\\/#website\"},\"datePublished\":\"2014-09-09T06:51:49+00:00\",\"dateModified\":\"2024-05-02T05:21:24+00:00\",\"breadcrumb\":{\"@id\":\"https:\\\/\\\/www.abd-bvd.be\\\/fr\\\/#breadcrumb\"},\"inLanguage\":\"fr-FR\",\"potentialAction\":[{\"@type\":\"ReadAction\",\"target\":[\"https:\\\/\\\/www.abd-bvd.be\\\/fr\\\/\"]}]},{\"@type\":\"BreadcrumbList\",\"@id\":\"https:\\\/\\\/www.abd-bvd.be\\\/fr\\\/#breadcrumb\",\"itemListElement\":[{\"@type\":\"ListItem\",\"position\":1,\"name\":\"Accueil\",\"item\":\"https:\\\/\\\/www.abd-bvd.be\\\/fr\\\/\"},{\"@type\":\"ListItem\",\"position\":2,\"name\":\"Accueil\"}]},{\"@type\":\"WebSite\",\"@id\":\"https:\\\/\\\/www.abd-bvd.be\\\/fr\\\/#website\",\"url\":\"https:\\\/\\\/www.abd-bvd.be\\\/fr\\\/\",\"name\":\"ABD-BVD\",\"description\":\"Association Belge de documentation - Belgische verniging voor documentatie\",\"potentialAction\":[{\"@type\":\"SearchAction\",\"target\":{\"@type\":\"EntryPoint\",\"urlTemplate\":\"https:\\\/\\\/www.abd-bvd.be\\\/fr\\\/?s={search_term_string}\"},\"query-input\":{\"@type\":\"PropertyValueSpecification\",\"valueRequired\":true,\"valueName\":\"search_term_string\"}}],\"inLanguage\":\"fr-FR\"}]}<\/script>\n<!-- \/ Yoast SEO plugin. -->","yoast_head_json":{"title":"Association Belge de Documentation | ABD-BVD","robots":{"index":"index","follow":"follow","max-snippet":"max-snippet:-1","max-image-preview":"max-image-preview:large","max-video-preview":"max-video-preview:-1"},"canonical":"https:\/\/www.abd-bvd.be\/fr\/","og_locale":"fr_FR","og_type":"article","og_title":"Association Belge de Documentation | ABD-BVD","og_description":"Notre monde est caract\u00e9ris\u00e9 par une grande diversit\u00e9 et cela se ressent dans de nombreux domaines\u00a0: la collaboration (en \u00e9quipe(s) interne(s), entre biblioth\u00e8ques, \u00e0 l\u2019international,\u2026) les services aux utilisateurs (la collection, la communication, la r\u00e9ception, l\u2019acc\u00e8s, \u2026) la pr\u00e9servation du patrimoine \u2026 Nous pouvons diff\u00e9rer en fonction de: facteurs d\u00e9mographiques (sexe, \u00e2ge, origine, culture, religion,\u2026) [&hellip;]","og_url":"https:\/\/www.abd-bvd.be\/fr\/","og_site_name":"ABD-BVD","article_modified_time":"2024-05-02T05:21:24+00:00","twitter_card":"summary_large_image","twitter_misc":{"Dur\u00e9e de lecture estim\u00e9e":"1 minute"},"schema":{"@context":"https:\/\/schema.org","@graph":[{"@type":"WebPage","@id":"https:\/\/www.abd-bvd.be\/fr\/","url":"https:\/\/www.abd-bvd.be\/fr\/","name":"Association Belge de Documentation | ABD-BVD","isPartOf":{"@id":"https:\/\/www.abd-bvd.be\/fr\/#website"},"datePublished":"2014-09-09T06:51:49+00:00","dateModified":"2024-05-02T05:21:24+00:00","breadcrumb":{"@id":"https:\/\/www.abd-bvd.be\/fr\/#breadcrumb"},"inLanguage":"fr-FR","potentialAction":[{"@type":"ReadAction","target":["https:\/\/www.abd-bvd.be\/fr\/"]}]},{"@type":"BreadcrumbList","@id":"https:\/\/www.abd-bvd.be\/fr\/#breadcrumb","itemListElement":[{"@type":"ListItem","position":1,"name":"Accueil","item":"https:\/\/www.abd-bvd.be\/fr\/"},{"@type":"ListItem","position":2,"name":"Accueil"}]},{"@type":"WebSite","@id":"https:\/\/www.abd-bvd.be\/fr\/#website","url":"https:\/\/www.abd-bvd.be\/fr\/","name":"ABD-BVD","description":"Association Belge de documentation - Belgische verniging voor documentatie","potentialAction":[{"@type":"SearchAction","target":{"@type":"EntryPoint","urlTemplate":"https:\/\/www.abd-bvd.be\/fr\/?s={search_term_string}"},"query-input":{"@type":"PropertyValueSpecification","valueRequired":true,"valueName":"search_term_string"}}],"inLanguage":"fr-FR"}]}},"_links":{"self":[{"href":"https:\/\/www.abd-bvd.be\/fr\/wp-json\/wp\/v2\/pages\/764","targetHints":{"allow":["GET"]}}],"collection":[{"href":"https:\/\/www.abd-bvd.be\/fr\/wp-json\/wp\/v2\/pages"}],"about":[{"href":"https:\/\/www.abd-bvd.be\/fr\/wp-json\/wp\/v2\/types\/page"}],"author":[{"embeddable":true,"href":"https:\/\/www.abd-bvd.be\/fr\/wp-json\/wp\/v2\/users\/1"}],"replies":[{"embeddable":true,"href":"https:\/\/www.abd-bvd.be\/fr\/wp-json\/wp\/v2\/comments?post=764"}],"version-history":[{"count":20,"href":"https:\/\/www.abd-bvd.be\/fr\/wp-json\/wp\/v2\/pages\/764\/revisions"}],"predecessor-version":[{"id":33225,"href":"https:\/\/www.abd-bvd.be\/fr\/wp-json\/wp\/v2\/pages\/764\/revisions\/33225"}],"wp:attachment":[{"href":"https:\/\/www.abd-bvd.be\/fr\/wp-json\/wp\/v2\/media?parent=764"}],"curies":[{"name":"wp","href":"https:\/\/api.w.org\/{rel}","templated":true}]}}