{"id":72,"date":"2014-05-28T09:00:18","date_gmt":"2014-05-28T09:00:18","guid":{"rendered":"http:\/\/www.abd-bvd.be\/?page_id=72"},"modified":"2019-02-18T20:46:40","modified_gmt":"2019-02-18T19:46:40","slug":"abd-bvd-sur-les-reseaux-sociaux","status":"publish","type":"page","link":"https:\/\/www.abd-bvd.be\/fr\/services\/abd-bvd-sur-les-reseaux-sociaux\/","title":{"rendered":"ABD-BVD sur les r\u00e9seaux sociaux"},"content":{"rendered":"<p>L&rsquo;ABD-BVD a, en tant qu&rsquo;association professionnelle nationale, une longue tradition de \u00ab\u00a0r\u00e9seautage\u00a0\u00bb formel et informel. Elle se doit donc de suivre son temps et d&rsquo;\u00eatre pr\u00e9sente sur les r\u00e9seaux sociaux, ou du moins sur les r\u00e9seaux sociaux o\u00f9 les sp\u00e9cialistes de l&rsquo;information se trouvent.<\/p>\n<h2>LinkedIn<\/h2>\n<p>Notre groupe LinkedIn r\u00e9unit de plus en plus de coll\u00e8gues, offrant ainsi un autre espace, plus interactif et davantage propice encore \u00e0 de fructueux \u00e9changes d&rsquo;exp\u00e9rience. Les professionnels de l&rsquo;information, de Belgique ou d&rsquo;ailleurs, y sont les bienvenus.<\/p>\n<p style=\"text-align: center;\"><a href=\"https:\/\/www.linkedin.com\/groups\/97204\/\" target=\"_blank\" rel=\"noopener\">Rejoindre le groupe LinkedIn ABD-BVD<\/a><\/p>\n<p>Outre le groupe de professionnels, l&rsquo;ABD-BVD dispose \u00e9galement d&rsquo;une page \u00ab\u00a0entreprise\u00a0\u00bb.<\/p>\n<p style=\"text-align: center;\"><a href=\"https:\/\/www.linkedin.com\/company\/abd-bvd\/\">Rejoindre la page Entreprise ABD-BVD<\/a><\/p>\n<h2>Suivez nous sur Twitter<\/h2>\n<p>Enfin, \u00e0 l&rsquo;instar de la plupart de ses associations soeurs, l&rsquo;ABD-BVD s&rsquo;est dot\u00e9e d&rsquo;un compte Twitter. La mise en ligne de notre nouveau site nous a paru un bon moment pour l&rsquo;inaugurer.<br \/>\n<a class=\"twitter-timeline\" href=\"https:\/\/twitter.com\/ABD_BVD\" data-widget-id=\"641003471077023746\">Tweets de @ABD_BVD<\/a><br \/>\n<script>!function(d,s,id){var js,fjs=d.getElementsByTagName(s)[0],p=\/^http:\/.test(d.location)?'http':'https';if(!d.getElementById(id)){js=d.createElement(s);js.id=id;js.src=p+\":\/\/platform.twitter.com\/widgets.js\";fjs.parentNode.insertBefore(js,fjs);}}(document,\"script\",\"twitter-wjs\");<\/script><\/p>\n<h2>Facebook<\/h2>\n<p>Depuis janvier 2018, l&rsquo;ABD-BVD compl\u00e8te sa pr\u00e9sence sur les r\u00e9seaux sociaux. Rejoignez-nous sur la page Facebook pour suivre nos activit\u00e9s et partagez avec vos amis !<\/p>\n<p style=\"text-align: center;\"><a href=\"https:\/\/www.facebook.com\/ABDBVD\/\">Rejoindre l&rsquo;ABD-BVD sur Facebook<\/a><\/p>\n<h2>Et toujours&#8230;<\/h2>\n<p>Par ailleurs, nous comptons bien \u00e9videmment maintenir et d\u00e9velopper nos activit\u00e9s de networking dans la \u00ab\u00a0vie r\u00e9elle\u00a0\u00bb: notre <a href=\"https:\/\/www.abd-bvd.be\/activites-evenements\/inforum\/\">Inforum<\/a>, nos <a href=\"https:\/\/www.abd-bvd.be\/activites-evenements\/doc-moments\/\">Doc&rsquo;Moments<\/a> (pr\u00e9c\u00e9demment \u00ab\u00a0r\u00e9unions mensuelles\u00a0\u00bb), et bient\u00f4t nos <a href=\"https:\/\/www.abd-bvd.be\/activites-evenements\/ateliers\/\">ateliers<\/a> resteront autant de moments privil\u00e9gi\u00e9s pour se rencontrer entre professionnels autour de nos sp\u00e9cialit\u00e9s. Et autant de manifestations auxquelles nos membres ont gratuitement acc\u00e8s (Plus d&rsquo;information: \u00ab<a href=\"https:\/\/www.abd-bvd.be\/a-propos\/devenir-membre\/\">Devenir membre<\/a>\u00bb).<\/p>\n","protected":false},"excerpt":{"rendered":"<p>L&rsquo;ABD-BVD a, en tant qu&rsquo;association professionnelle nationale, une longue tradition de \u00ab\u00a0r\u00e9seautage\u00a0\u00bb formel et informel. Elle se doit donc de suivre son temps et d&rsquo;\u00eatre pr\u00e9sente sur les r\u00e9seaux sociaux, ou du moins sur les r\u00e9seaux sociaux o\u00f9 les sp\u00e9cialistes de l&rsquo;information se trouvent. LinkedIn Notre groupe LinkedIn r\u00e9unit de plus en plus de coll\u00e8gues, [&hellip;]<\/p>\n","protected":false},"author":1,"featured_media":0,"parent":63,"menu_order":3,"comment_status":"open","ping_status":"closed","template":"","meta":{"_acf_changed":false,"footnotes":""},"class_list":["post-72","page","type-page","status-publish","hentry"],"acf":[],"yoast_head":"<!-- This site is optimized with the Yoast SEO plugin v27.3 - https:\/\/yoast.com\/product\/yoast-seo-wordpress\/ -->\n<title>ABD-BVD sur les r\u00e9seaux sociaux - ABD-BVD<\/title>\n<meta name=\"robots\" content=\"index, follow, max-snippet:-1, max-image-preview:large, max-video-preview:-1\" \/>\n<link rel=\"canonical\" href=\"https:\/\/www.abd-bvd.be\/fr\/services\/abd-bvd-sur-les-reseaux-sociaux\/\" \/>\n<meta property=\"og:locale\" content=\"fr_FR\" \/>\n<meta property=\"og:type\" content=\"article\" \/>\n<meta property=\"og:title\" content=\"ABD-BVD sur les r\u00e9seaux sociaux - ABD-BVD\" \/>\n<meta property=\"og:description\" content=\"L&rsquo;ABD-BVD a, en tant qu&rsquo;association professionnelle nationale, une longue tradition de \u00ab\u00a0r\u00e9seautage\u00a0\u00bb formel et informel. Elle se doit donc de suivre son temps et d&rsquo;\u00eatre pr\u00e9sente sur les r\u00e9seaux sociaux, ou du moins sur les r\u00e9seaux sociaux o\u00f9 les sp\u00e9cialistes de l&rsquo;information se trouvent. LinkedIn Notre groupe LinkedIn r\u00e9unit de plus en plus de coll\u00e8gues, [&hellip;]\" \/>\n<meta property=\"og:url\" content=\"https:\/\/www.abd-bvd.be\/fr\/services\/abd-bvd-sur-les-reseaux-sociaux\/\" \/>\n<meta property=\"og:site_name\" content=\"ABD-BVD\" \/>\n<meta property=\"article:modified_time\" content=\"2019-02-18T19:46:40+00:00\" \/>\n<meta name=\"twitter:card\" content=\"summary_large_image\" \/>\n<meta name=\"twitter:label1\" content=\"Dur\u00e9e de lecture estim\u00e9e\" \/>\n\t<meta name=\"twitter:data1\" content=\"1 minute\" \/>\n<script type=\"application\/ld+json\" class=\"yoast-schema-graph\">{\"@context\":\"https:\\\/\\\/schema.org\",\"@graph\":[{\"@type\":\"WebPage\",\"@id\":\"https:\\\/\\\/www.abd-bvd.be\\\/fr\\\/services\\\/abd-bvd-sur-les-reseaux-sociaux\\\/\",\"url\":\"https:\\\/\\\/www.abd-bvd.be\\\/fr\\\/services\\\/abd-bvd-sur-les-reseaux-sociaux\\\/\",\"name\":\"ABD-BVD sur les r\u00e9seaux sociaux - ABD-BVD\",\"isPartOf\":{\"@id\":\"https:\\\/\\\/www.abd-bvd.be\\\/fr\\\/#website\"},\"datePublished\":\"2014-05-28T09:00:18+00:00\",\"dateModified\":\"2019-02-18T19:46:40+00:00\",\"breadcrumb\":{\"@id\":\"https:\\\/\\\/www.abd-bvd.be\\\/fr\\\/services\\\/abd-bvd-sur-les-reseaux-sociaux\\\/#breadcrumb\"},\"inLanguage\":\"fr-FR\",\"potentialAction\":[{\"@type\":\"ReadAction\",\"target\":[\"https:\\\/\\\/www.abd-bvd.be\\\/fr\\\/services\\\/abd-bvd-sur-les-reseaux-sociaux\\\/\"]}]},{\"@type\":\"BreadcrumbList\",\"@id\":\"https:\\\/\\\/www.abd-bvd.be\\\/fr\\\/services\\\/abd-bvd-sur-les-reseaux-sociaux\\\/#breadcrumb\",\"itemListElement\":[{\"@type\":\"ListItem\",\"position\":1,\"name\":\"Accueil\",\"item\":\"https:\\\/\\\/www.abd-bvd.be\\\/fr\\\/\"},{\"@type\":\"ListItem\",\"position\":2,\"name\":\"Services\",\"item\":\"https:\\\/\\\/www.abd-bvd.be\\\/fr\\\/services\\\/\"},{\"@type\":\"ListItem\",\"position\":3,\"name\":\"ABD-BVD sur les r\u00e9seaux sociaux\"}]},{\"@type\":\"WebSite\",\"@id\":\"https:\\\/\\\/www.abd-bvd.be\\\/fr\\\/#website\",\"url\":\"https:\\\/\\\/www.abd-bvd.be\\\/fr\\\/\",\"name\":\"ABD-BVD\",\"description\":\"Association Belge de documentation - Belgische verniging voor documentatie\",\"potentialAction\":[{\"@type\":\"SearchAction\",\"target\":{\"@type\":\"EntryPoint\",\"urlTemplate\":\"https:\\\/\\\/www.abd-bvd.be\\\/fr\\\/?s={search_term_string}\"},\"query-input\":{\"@type\":\"PropertyValueSpecification\",\"valueRequired\":true,\"valueName\":\"search_term_string\"}}],\"inLanguage\":\"fr-FR\"}]}<\/script>\n<!-- \/ Yoast SEO plugin. -->","yoast_head_json":{"title":"ABD-BVD sur les r\u00e9seaux sociaux - ABD-BVD","robots":{"index":"index","follow":"follow","max-snippet":"max-snippet:-1","max-image-preview":"max-image-preview:large","max-video-preview":"max-video-preview:-1"},"canonical":"https:\/\/www.abd-bvd.be\/fr\/services\/abd-bvd-sur-les-reseaux-sociaux\/","og_locale":"fr_FR","og_type":"article","og_title":"ABD-BVD sur les r\u00e9seaux sociaux - ABD-BVD","og_description":"L&rsquo;ABD-BVD a, en tant qu&rsquo;association professionnelle nationale, une longue tradition de \u00ab\u00a0r\u00e9seautage\u00a0\u00bb formel et informel. Elle se doit donc de suivre son temps et d&rsquo;\u00eatre pr\u00e9sente sur les r\u00e9seaux sociaux, ou du moins sur les r\u00e9seaux sociaux o\u00f9 les sp\u00e9cialistes de l&rsquo;information se trouvent. LinkedIn Notre groupe LinkedIn r\u00e9unit de plus en plus de coll\u00e8gues, [&hellip;]","og_url":"https:\/\/www.abd-bvd.be\/fr\/services\/abd-bvd-sur-les-reseaux-sociaux\/","og_site_name":"ABD-BVD","article_modified_time":"2019-02-18T19:46:40+00:00","twitter_card":"summary_large_image","twitter_misc":{"Dur\u00e9e de lecture estim\u00e9e":"1 minute"},"schema":{"@context":"https:\/\/schema.org","@graph":[{"@type":"WebPage","@id":"https:\/\/www.abd-bvd.be\/fr\/services\/abd-bvd-sur-les-reseaux-sociaux\/","url":"https:\/\/www.abd-bvd.be\/fr\/services\/abd-bvd-sur-les-reseaux-sociaux\/","name":"ABD-BVD sur les r\u00e9seaux sociaux - ABD-BVD","isPartOf":{"@id":"https:\/\/www.abd-bvd.be\/fr\/#website"},"datePublished":"2014-05-28T09:00:18+00:00","dateModified":"2019-02-18T19:46:40+00:00","breadcrumb":{"@id":"https:\/\/www.abd-bvd.be\/fr\/services\/abd-bvd-sur-les-reseaux-sociaux\/#breadcrumb"},"inLanguage":"fr-FR","potentialAction":[{"@type":"ReadAction","target":["https:\/\/www.abd-bvd.be\/fr\/services\/abd-bvd-sur-les-reseaux-sociaux\/"]}]},{"@type":"BreadcrumbList","@id":"https:\/\/www.abd-bvd.be\/fr\/services\/abd-bvd-sur-les-reseaux-sociaux\/#breadcrumb","itemListElement":[{"@type":"ListItem","position":1,"name":"Accueil","item":"https:\/\/www.abd-bvd.be\/fr\/"},{"@type":"ListItem","position":2,"name":"Services","item":"https:\/\/www.abd-bvd.be\/fr\/services\/"},{"@type":"ListItem","position":3,"name":"ABD-BVD sur les r\u00e9seaux sociaux"}]},{"@type":"WebSite","@id":"https:\/\/www.abd-bvd.be\/fr\/#website","url":"https:\/\/www.abd-bvd.be\/fr\/","name":"ABD-BVD","description":"Association Belge de documentation - Belgische verniging voor documentatie","potentialAction":[{"@type":"SearchAction","target":{"@type":"EntryPoint","urlTemplate":"https:\/\/www.abd-bvd.be\/fr\/?s={search_term_string}"},"query-input":{"@type":"PropertyValueSpecification","valueRequired":true,"valueName":"search_term_string"}}],"inLanguage":"fr-FR"}]}},"_links":{"self":[{"href":"https:\/\/www.abd-bvd.be\/fr\/wp-json\/wp\/v2\/pages\/72","targetHints":{"allow":["GET"]}}],"collection":[{"href":"https:\/\/www.abd-bvd.be\/fr\/wp-json\/wp\/v2\/pages"}],"about":[{"href":"https:\/\/www.abd-bvd.be\/fr\/wp-json\/wp\/v2\/types\/page"}],"author":[{"embeddable":true,"href":"https:\/\/www.abd-bvd.be\/fr\/wp-json\/wp\/v2\/users\/1"}],"replies":[{"embeddable":true,"href":"https:\/\/www.abd-bvd.be\/fr\/wp-json\/wp\/v2\/comments?post=72"}],"version-history":[{"count":5,"href":"https:\/\/www.abd-bvd.be\/fr\/wp-json\/wp\/v2\/pages\/72\/revisions"}],"predecessor-version":[{"id":13915,"href":"https:\/\/www.abd-bvd.be\/fr\/wp-json\/wp\/v2\/pages\/72\/revisions\/13915"}],"up":[{"embeddable":true,"href":"https:\/\/www.abd-bvd.be\/fr\/wp-json\/wp\/v2\/pages\/63"}],"wp:attachment":[{"href":"https:\/\/www.abd-bvd.be\/fr\/wp-json\/wp\/v2\/media?parent=72"}],"curies":[{"name":"wp","href":"https:\/\/api.w.org\/{rel}","templated":true}]}}