{"id":69,"date":"2014-05-28T09:00:04","date_gmt":"2014-05-28T09:00:04","guid":{"rendered":"http:\/\/www.abd-bvd.be\/?page_id=69"},"modified":"2018-01-27T11:21:07","modified_gmt":"2018-01-27T10:21:07","slug":"liens-utiles","status":"publish","type":"page","link":"https:\/\/www.abd-bvd.be\/fr\/services\/liens-utiles\/","title":{"rendered":"Liens utiles"},"content":{"rendered":"<h2>Associations et r\u00e9seaux professionnels<\/h2>\n<p>voir la page <a href=\"https:\/\/www.abd-bvd.be\/fr\/nos-metiers\/associations-institutions\/\">Association &amp; institutions<\/a>.<\/p>\n<h2>Biblioth\u00e8ques<\/h2>\n<p><a href=\"http:\/\/www.kbr.be\/\" target=\"_blank\" rel=\"noopener\">Biblioth\u00e8que Royale de Belgique<\/a><\/p>\n<p><a href=\"http:\/\/www.bibliotheek.be\/\" target=\"_blank\" rel=\"noopener\">De Bib<\/a> : le site des biblioth\u00e8ques publiques flamandes<\/p>\n<p><a href=\"https:\/\/www.samarcande-bibliotheques.be\/\" target=\"_blank\" rel=\"noopener\">Samarcande<\/a> : le site des biblioth\u00e8ques publiques francophones<\/p>\n<p><a href=\"http:\/\/www.bibliotheques.be\/\" target=\"_blank\" rel=\"noopener\">Les biblioth\u00e8ques<\/a> : le site du Service de la lecture publique de la F\u00e9d\u00e9ration Wallonie-Bruxelles<\/p>\n<p><a href=\"http:\/\/www.mediadg.be\/\">MediaDG<\/a> : le site des biblioth\u00e8ques publiques germanophones<\/p>\n<p><a href=\"http:\/\/www.bib.belgium.be\/\" target=\"_blank\" rel=\"noopener\">Catalogue commun des biblioth\u00e8ques f\u00e9d\u00e9rales<\/a> : le catalogue commun des biblioth\u00e8ques de tous les Services Publics F\u00e9d\u00e9raux et des \u00c9tablissements Publics F\u00e9d\u00e9raux<\/p>\n<p><a href=\"http:\/\/www.unicat.be\/\">UniCat <\/a>: Catalogue collectif des biblioth\u00e8ques scientifiques<\/p>\n<h2>International<\/h2>\n<p><a href=\"http:\/\/www.theeuropeanlibrary.org\/tel4\/\" target=\"_blank\" rel=\"noopener\">The European Library<\/a><\/p>\n<p><a href=\"http:\/\/www.droit-technologie.org\/\" target=\"_blank\" rel=\"noopener\">Droit &amp; Technologies<\/a><\/p>\n<p><a href=\"http:\/\/juriscom.net\/\" target=\"_blank\" rel=\"noopener\">Juriscom.net<\/a> : Droit des technologies de l&rsquo;information<\/p>\n<p><a href=\"http:\/\/www.inist.fr\/\" target=\"_blank\" rel=\"noopener\">INIST<\/a> : Institut de l&rsquo;information scientifique et technique, CNRS, France<\/p>\n<p><a href=\"http:\/\/www.library.tudelft.nl\/\" target=\"_blank\" rel=\"noopener\">TUD Delft Library<\/a><\/p>\n","protected":false},"excerpt":{"rendered":"<p>Associations et r\u00e9seaux professionnels voir la page Association &amp; institutions. Biblioth\u00e8ques Biblioth\u00e8que Royale de Belgique De Bib : le site des biblioth\u00e8ques publiques flamandes Samarcande : le site des biblioth\u00e8ques publiques francophones Les biblioth\u00e8ques : le site du Service de la lecture publique de la F\u00e9d\u00e9ration Wallonie-Bruxelles MediaDG : le site des biblioth\u00e8ques publiques germanophones [&hellip;]<\/p>\n","protected":false},"author":1,"featured_media":0,"parent":63,"menu_order":2,"comment_status":"open","ping_status":"closed","template":"","meta":{"_acf_changed":false,"footnotes":""},"class_list":["post-69","page","type-page","status-publish","hentry"],"acf":[],"yoast_head":"<!-- This site is optimized with the Yoast SEO plugin v27.3 - https:\/\/yoast.com\/product\/yoast-seo-wordpress\/ -->\n<title>Liens utiles - ABD-BVD<\/title>\n<meta name=\"robots\" content=\"index, follow, max-snippet:-1, max-image-preview:large, max-video-preview:-1\" \/>\n<link rel=\"canonical\" href=\"https:\/\/www.abd-bvd.be\/fr\/services\/liens-utiles\/\" \/>\n<meta property=\"og:locale\" content=\"fr_FR\" \/>\n<meta property=\"og:type\" content=\"article\" \/>\n<meta property=\"og:title\" content=\"Liens utiles - ABD-BVD\" \/>\n<meta property=\"og:description\" content=\"Associations et r\u00e9seaux professionnels voir la page Association &amp; institutions. Biblioth\u00e8ques Biblioth\u00e8que Royale de Belgique De Bib : le site des biblioth\u00e8ques publiques flamandes Samarcande : le site des biblioth\u00e8ques publiques francophones Les biblioth\u00e8ques : le site du Service de la lecture publique de la F\u00e9d\u00e9ration Wallonie-Bruxelles MediaDG : le site des biblioth\u00e8ques publiques germanophones [&hellip;]\" \/>\n<meta property=\"og:url\" content=\"https:\/\/www.abd-bvd.be\/fr\/services\/liens-utiles\/\" \/>\n<meta property=\"og:site_name\" content=\"ABD-BVD\" \/>\n<meta property=\"article:modified_time\" content=\"2018-01-27T10:21:07+00:00\" \/>\n<meta name=\"twitter:card\" content=\"summary_large_image\" \/>\n<meta name=\"twitter:label1\" content=\"Dur\u00e9e de lecture estim\u00e9e\" \/>\n\t<meta name=\"twitter:data1\" content=\"1 minute\" \/>\n<script type=\"application\/ld+json\" class=\"yoast-schema-graph\">{\"@context\":\"https:\\\/\\\/schema.org\",\"@graph\":[{\"@type\":\"WebPage\",\"@id\":\"https:\\\/\\\/www.abd-bvd.be\\\/fr\\\/services\\\/liens-utiles\\\/\",\"url\":\"https:\\\/\\\/www.abd-bvd.be\\\/fr\\\/services\\\/liens-utiles\\\/\",\"name\":\"Liens utiles - ABD-BVD\",\"isPartOf\":{\"@id\":\"https:\\\/\\\/www.abd-bvd.be\\\/fr\\\/#website\"},\"datePublished\":\"2014-05-28T09:00:04+00:00\",\"dateModified\":\"2018-01-27T10:21:07+00:00\",\"breadcrumb\":{\"@id\":\"https:\\\/\\\/www.abd-bvd.be\\\/fr\\\/services\\\/liens-utiles\\\/#breadcrumb\"},\"inLanguage\":\"fr-FR\",\"potentialAction\":[{\"@type\":\"ReadAction\",\"target\":[\"https:\\\/\\\/www.abd-bvd.be\\\/fr\\\/services\\\/liens-utiles\\\/\"]}]},{\"@type\":\"BreadcrumbList\",\"@id\":\"https:\\\/\\\/www.abd-bvd.be\\\/fr\\\/services\\\/liens-utiles\\\/#breadcrumb\",\"itemListElement\":[{\"@type\":\"ListItem\",\"position\":1,\"name\":\"Accueil\",\"item\":\"https:\\\/\\\/www.abd-bvd.be\\\/fr\\\/\"},{\"@type\":\"ListItem\",\"position\":2,\"name\":\"Services\",\"item\":\"https:\\\/\\\/www.abd-bvd.be\\\/fr\\\/services\\\/\"},{\"@type\":\"ListItem\",\"position\":3,\"name\":\"Liens utiles\"}]},{\"@type\":\"WebSite\",\"@id\":\"https:\\\/\\\/www.abd-bvd.be\\\/fr\\\/#website\",\"url\":\"https:\\\/\\\/www.abd-bvd.be\\\/fr\\\/\",\"name\":\"ABD-BVD\",\"description\":\"Association Belge de documentation - Belgische verniging voor documentatie\",\"potentialAction\":[{\"@type\":\"SearchAction\",\"target\":{\"@type\":\"EntryPoint\",\"urlTemplate\":\"https:\\\/\\\/www.abd-bvd.be\\\/fr\\\/?s={search_term_string}\"},\"query-input\":{\"@type\":\"PropertyValueSpecification\",\"valueRequired\":true,\"valueName\":\"search_term_string\"}}],\"inLanguage\":\"fr-FR\"}]}<\/script>\n<!-- \/ Yoast SEO plugin. -->","yoast_head_json":{"title":"Liens utiles - ABD-BVD","robots":{"index":"index","follow":"follow","max-snippet":"max-snippet:-1","max-image-preview":"max-image-preview:large","max-video-preview":"max-video-preview:-1"},"canonical":"https:\/\/www.abd-bvd.be\/fr\/services\/liens-utiles\/","og_locale":"fr_FR","og_type":"article","og_title":"Liens utiles - ABD-BVD","og_description":"Associations et r\u00e9seaux professionnels voir la page Association &amp; institutions. Biblioth\u00e8ques Biblioth\u00e8que Royale de Belgique De Bib : le site des biblioth\u00e8ques publiques flamandes Samarcande : le site des biblioth\u00e8ques publiques francophones Les biblioth\u00e8ques : le site du Service de la lecture publique de la F\u00e9d\u00e9ration Wallonie-Bruxelles MediaDG : le site des biblioth\u00e8ques publiques germanophones [&hellip;]","og_url":"https:\/\/www.abd-bvd.be\/fr\/services\/liens-utiles\/","og_site_name":"ABD-BVD","article_modified_time":"2018-01-27T10:21:07+00:00","twitter_card":"summary_large_image","twitter_misc":{"Dur\u00e9e de lecture estim\u00e9e":"1 minute"},"schema":{"@context":"https:\/\/schema.org","@graph":[{"@type":"WebPage","@id":"https:\/\/www.abd-bvd.be\/fr\/services\/liens-utiles\/","url":"https:\/\/www.abd-bvd.be\/fr\/services\/liens-utiles\/","name":"Liens utiles - ABD-BVD","isPartOf":{"@id":"https:\/\/www.abd-bvd.be\/fr\/#website"},"datePublished":"2014-05-28T09:00:04+00:00","dateModified":"2018-01-27T10:21:07+00:00","breadcrumb":{"@id":"https:\/\/www.abd-bvd.be\/fr\/services\/liens-utiles\/#breadcrumb"},"inLanguage":"fr-FR","potentialAction":[{"@type":"ReadAction","target":["https:\/\/www.abd-bvd.be\/fr\/services\/liens-utiles\/"]}]},{"@type":"BreadcrumbList","@id":"https:\/\/www.abd-bvd.be\/fr\/services\/liens-utiles\/#breadcrumb","itemListElement":[{"@type":"ListItem","position":1,"name":"Accueil","item":"https:\/\/www.abd-bvd.be\/fr\/"},{"@type":"ListItem","position":2,"name":"Services","item":"https:\/\/www.abd-bvd.be\/fr\/services\/"},{"@type":"ListItem","position":3,"name":"Liens utiles"}]},{"@type":"WebSite","@id":"https:\/\/www.abd-bvd.be\/fr\/#website","url":"https:\/\/www.abd-bvd.be\/fr\/","name":"ABD-BVD","description":"Association Belge de documentation - Belgische verniging voor documentatie","potentialAction":[{"@type":"SearchAction","target":{"@type":"EntryPoint","urlTemplate":"https:\/\/www.abd-bvd.be\/fr\/?s={search_term_string}"},"query-input":{"@type":"PropertyValueSpecification","valueRequired":true,"valueName":"search_term_string"}}],"inLanguage":"fr-FR"}]}},"_links":{"self":[{"href":"https:\/\/www.abd-bvd.be\/fr\/wp-json\/wp\/v2\/pages\/69","targetHints":{"allow":["GET"]}}],"collection":[{"href":"https:\/\/www.abd-bvd.be\/fr\/wp-json\/wp\/v2\/pages"}],"about":[{"href":"https:\/\/www.abd-bvd.be\/fr\/wp-json\/wp\/v2\/types\/page"}],"author":[{"embeddable":true,"href":"https:\/\/www.abd-bvd.be\/fr\/wp-json\/wp\/v2\/users\/1"}],"replies":[{"embeddable":true,"href":"https:\/\/www.abd-bvd.be\/fr\/wp-json\/wp\/v2\/comments?post=69"}],"version-history":[{"count":0,"href":"https:\/\/www.abd-bvd.be\/fr\/wp-json\/wp\/v2\/pages\/69\/revisions"}],"up":[{"embeddable":true,"href":"https:\/\/www.abd-bvd.be\/fr\/wp-json\/wp\/v2\/pages\/63"}],"wp:attachment":[{"href":"https:\/\/www.abd-bvd.be\/fr\/wp-json\/wp\/v2\/media?parent=69"}],"curies":[{"name":"wp","href":"https:\/\/api.w.org\/{rel}","templated":true}]}}