{"id":6145,"date":"2016-09-12T10:37:31","date_gmt":"2016-09-12T10:37:31","guid":{"rendered":"http:\/\/www.abd-bvd.be\/?page_id=6145"},"modified":"2025-03-13T15:04:48","modified_gmt":"2025-03-13T14:04:48","slug":"dates-du-ca","status":"publish","type":"page","link":"https:\/\/www.abd-bvd.be\/fr\/a-propos\/conseil-dadministration\/dates-du-ca\/","title":{"rendered":"Dates de l&rsquo;Organe d&rsquo;administration"},"content":{"rendered":"<p>Les membres de l&rsquo; Organe d&rsquo;administration se r\u00e9unissent au moins tous les 3 mois. Les prochaines r\u00e9unions auront lieu aux dates suivantes :<\/p>\n<ul>\n<li>Jeudi 03\/04<\/li>\n<li>Jeudi 24\/04<\/li>\n<li>Jeudi 12\/06<\/li>\n<\/ul>\n<p><strong>R\u00e9serv\u00e9 aux membres en ordre de cotisation<\/strong> : pour recevoir l&rsquo;ordre jour du prochain Organe d&rsquo;administration, contactez le <a href=\"https:\/\/www.abd-bvd.be\/contact\/\" target=\"_blank\" rel=\"noopener noreferrer\">Secr\u00e9taire g\u00e9n\u00e9ral<\/a>.<\/p>\n","protected":false},"excerpt":{"rendered":"<p>Les membres de l&rsquo; Organe d&rsquo;administration se r\u00e9unissent au moins tous les 3 mois. Les prochaines r\u00e9unions auront lieu aux dates suivantes : Jeudi 03\/04 Jeudi 24\/04 Jeudi 12\/06 R\u00e9serv\u00e9 aux membres en ordre de cotisation : pour recevoir l&rsquo;ordre jour du prochain Organe d&rsquo;administration, contactez le Secr\u00e9taire g\u00e9n\u00e9ral.<\/p>\n","protected":false},"author":8,"featured_media":0,"parent":33,"menu_order":0,"comment_status":"closed","ping_status":"closed","template":"","meta":{"_acf_changed":false,"footnotes":""},"class_list":["post-6145","page","type-page","status-publish","hentry"],"acf":[],"yoast_head":"<!-- This site is optimized with the Yoast SEO plugin v27.3 - https:\/\/yoast.com\/product\/yoast-seo-wordpress\/ -->\n<title>Dates de l&#039;Organe d&#039;administration - ABD-BVD<\/title>\n<meta name=\"robots\" content=\"index, follow, max-snippet:-1, max-image-preview:large, max-video-preview:-1\" \/>\n<link rel=\"canonical\" href=\"https:\/\/www.abd-bvd.be\/fr\/a-propos\/conseil-dadministration\/dates-du-ca\/\" \/>\n<meta property=\"og:locale\" content=\"fr_FR\" \/>\n<meta property=\"og:type\" content=\"article\" \/>\n<meta property=\"og:title\" content=\"Dates de l&#039;Organe d&#039;administration - ABD-BVD\" \/>\n<meta property=\"og:description\" content=\"Les membres de l&rsquo; Organe d&rsquo;administration se r\u00e9unissent au moins tous les 3 mois. Les prochaines r\u00e9unions auront lieu aux dates suivantes : Jeudi 03\/04 Jeudi 24\/04 Jeudi 12\/06 R\u00e9serv\u00e9 aux membres en ordre de cotisation : pour recevoir l&rsquo;ordre jour du prochain Organe d&rsquo;administration, contactez le Secr\u00e9taire g\u00e9n\u00e9ral.\" \/>\n<meta property=\"og:url\" content=\"https:\/\/www.abd-bvd.be\/fr\/a-propos\/conseil-dadministration\/dates-du-ca\/\" \/>\n<meta property=\"og:site_name\" content=\"ABD-BVD\" \/>\n<meta property=\"article:modified_time\" content=\"2025-03-13T14:04:48+00:00\" \/>\n<meta name=\"twitter:card\" content=\"summary_large_image\" \/>\n<meta name=\"twitter:label1\" content=\"Dur\u00e9e de lecture estim\u00e9e\" \/>\n\t<meta name=\"twitter:data1\" content=\"1 minute\" \/>\n<script type=\"application\/ld+json\" class=\"yoast-schema-graph\">{\"@context\":\"https:\\\/\\\/schema.org\",\"@graph\":[{\"@type\":\"WebPage\",\"@id\":\"https:\\\/\\\/www.abd-bvd.be\\\/fr\\\/a-propos\\\/conseil-dadministration\\\/dates-du-ca\\\/\",\"url\":\"https:\\\/\\\/www.abd-bvd.be\\\/fr\\\/a-propos\\\/conseil-dadministration\\\/dates-du-ca\\\/\",\"name\":\"Dates de l'Organe d'administration - ABD-BVD\",\"isPartOf\":{\"@id\":\"https:\\\/\\\/www.abd-bvd.be\\\/fr\\\/#website\"},\"datePublished\":\"2016-09-12T10:37:31+00:00\",\"dateModified\":\"2025-03-13T14:04:48+00:00\",\"breadcrumb\":{\"@id\":\"https:\\\/\\\/www.abd-bvd.be\\\/fr\\\/a-propos\\\/conseil-dadministration\\\/dates-du-ca\\\/#breadcrumb\"},\"inLanguage\":\"fr-FR\",\"potentialAction\":[{\"@type\":\"ReadAction\",\"target\":[\"https:\\\/\\\/www.abd-bvd.be\\\/fr\\\/a-propos\\\/conseil-dadministration\\\/dates-du-ca\\\/\"]}]},{\"@type\":\"BreadcrumbList\",\"@id\":\"https:\\\/\\\/www.abd-bvd.be\\\/fr\\\/a-propos\\\/conseil-dadministration\\\/dates-du-ca\\\/#breadcrumb\",\"itemListElement\":[{\"@type\":\"ListItem\",\"position\":1,\"name\":\"Accueil\",\"item\":\"https:\\\/\\\/www.abd-bvd.be\\\/fr\\\/\"},{\"@type\":\"ListItem\",\"position\":2,\"name\":\"ABD-BVD\",\"item\":\"https:\\\/\\\/www.abd-bvd.be\\\/fr\\\/a-propos\\\/\"},{\"@type\":\"ListItem\",\"position\":3,\"name\":\"Organe d&rsquo;administration\",\"item\":\"https:\\\/\\\/www.abd-bvd.be\\\/fr\\\/a-propos\\\/conseil-dadministration\\\/\"},{\"@type\":\"ListItem\",\"position\":4,\"name\":\"Dates de l&rsquo;Organe d&rsquo;administration\"}]},{\"@type\":\"WebSite\",\"@id\":\"https:\\\/\\\/www.abd-bvd.be\\\/fr\\\/#website\",\"url\":\"https:\\\/\\\/www.abd-bvd.be\\\/fr\\\/\",\"name\":\"ABD-BVD\",\"description\":\"Association Belge de documentation - Belgische verniging voor documentatie\",\"potentialAction\":[{\"@type\":\"SearchAction\",\"target\":{\"@type\":\"EntryPoint\",\"urlTemplate\":\"https:\\\/\\\/www.abd-bvd.be\\\/fr\\\/?s={search_term_string}\"},\"query-input\":{\"@type\":\"PropertyValueSpecification\",\"valueRequired\":true,\"valueName\":\"search_term_string\"}}],\"inLanguage\":\"fr-FR\"}]}<\/script>\n<!-- \/ Yoast SEO plugin. -->","yoast_head_json":{"title":"Dates de l'Organe d'administration - ABD-BVD","robots":{"index":"index","follow":"follow","max-snippet":"max-snippet:-1","max-image-preview":"max-image-preview:large","max-video-preview":"max-video-preview:-1"},"canonical":"https:\/\/www.abd-bvd.be\/fr\/a-propos\/conseil-dadministration\/dates-du-ca\/","og_locale":"fr_FR","og_type":"article","og_title":"Dates de l'Organe d'administration - ABD-BVD","og_description":"Les membres de l&rsquo; Organe d&rsquo;administration se r\u00e9unissent au moins tous les 3 mois. Les prochaines r\u00e9unions auront lieu aux dates suivantes : Jeudi 03\/04 Jeudi 24\/04 Jeudi 12\/06 R\u00e9serv\u00e9 aux membres en ordre de cotisation : pour recevoir l&rsquo;ordre jour du prochain Organe d&rsquo;administration, contactez le Secr\u00e9taire g\u00e9n\u00e9ral.","og_url":"https:\/\/www.abd-bvd.be\/fr\/a-propos\/conseil-dadministration\/dates-du-ca\/","og_site_name":"ABD-BVD","article_modified_time":"2025-03-13T14:04:48+00:00","twitter_card":"summary_large_image","twitter_misc":{"Dur\u00e9e de lecture estim\u00e9e":"1 minute"},"schema":{"@context":"https:\/\/schema.org","@graph":[{"@type":"WebPage","@id":"https:\/\/www.abd-bvd.be\/fr\/a-propos\/conseil-dadministration\/dates-du-ca\/","url":"https:\/\/www.abd-bvd.be\/fr\/a-propos\/conseil-dadministration\/dates-du-ca\/","name":"Dates de l'Organe d'administration - ABD-BVD","isPartOf":{"@id":"https:\/\/www.abd-bvd.be\/fr\/#website"},"datePublished":"2016-09-12T10:37:31+00:00","dateModified":"2025-03-13T14:04:48+00:00","breadcrumb":{"@id":"https:\/\/www.abd-bvd.be\/fr\/a-propos\/conseil-dadministration\/dates-du-ca\/#breadcrumb"},"inLanguage":"fr-FR","potentialAction":[{"@type":"ReadAction","target":["https:\/\/www.abd-bvd.be\/fr\/a-propos\/conseil-dadministration\/dates-du-ca\/"]}]},{"@type":"BreadcrumbList","@id":"https:\/\/www.abd-bvd.be\/fr\/a-propos\/conseil-dadministration\/dates-du-ca\/#breadcrumb","itemListElement":[{"@type":"ListItem","position":1,"name":"Accueil","item":"https:\/\/www.abd-bvd.be\/fr\/"},{"@type":"ListItem","position":2,"name":"ABD-BVD","item":"https:\/\/www.abd-bvd.be\/fr\/a-propos\/"},{"@type":"ListItem","position":3,"name":"Organe d&rsquo;administration","item":"https:\/\/www.abd-bvd.be\/fr\/a-propos\/conseil-dadministration\/"},{"@type":"ListItem","position":4,"name":"Dates de l&rsquo;Organe d&rsquo;administration"}]},{"@type":"WebSite","@id":"https:\/\/www.abd-bvd.be\/fr\/#website","url":"https:\/\/www.abd-bvd.be\/fr\/","name":"ABD-BVD","description":"Association Belge de documentation - Belgische verniging voor documentatie","potentialAction":[{"@type":"SearchAction","target":{"@type":"EntryPoint","urlTemplate":"https:\/\/www.abd-bvd.be\/fr\/?s={search_term_string}"},"query-input":{"@type":"PropertyValueSpecification","valueRequired":true,"valueName":"search_term_string"}}],"inLanguage":"fr-FR"}]}},"_links":{"self":[{"href":"https:\/\/www.abd-bvd.be\/fr\/wp-json\/wp\/v2\/pages\/6145","targetHints":{"allow":["GET"]}}],"collection":[{"href":"https:\/\/www.abd-bvd.be\/fr\/wp-json\/wp\/v2\/pages"}],"about":[{"href":"https:\/\/www.abd-bvd.be\/fr\/wp-json\/wp\/v2\/types\/page"}],"author":[{"embeddable":true,"href":"https:\/\/www.abd-bvd.be\/fr\/wp-json\/wp\/v2\/users\/8"}],"replies":[{"embeddable":true,"href":"https:\/\/www.abd-bvd.be\/fr\/wp-json\/wp\/v2\/comments?post=6145"}],"version-history":[{"count":20,"href":"https:\/\/www.abd-bvd.be\/fr\/wp-json\/wp\/v2\/pages\/6145\/revisions"}],"predecessor-version":[{"id":36539,"href":"https:\/\/www.abd-bvd.be\/fr\/wp-json\/wp\/v2\/pages\/6145\/revisions\/36539"}],"up":[{"embeddable":true,"href":"https:\/\/www.abd-bvd.be\/fr\/wp-json\/wp\/v2\/pages\/33"}],"wp:attachment":[{"href":"https:\/\/www.abd-bvd.be\/fr\/wp-json\/wp\/v2\/media?parent=6145"}],"curies":[{"name":"wp","href":"https:\/\/api.w.org\/{rel}","templated":true}]}}