{"id":57,"date":"2014-05-28T08:59:23","date_gmt":"2014-05-28T08:59:23","guid":{"rendered":"http:\/\/www.abd-bvd.be\/?page_id=57"},"modified":"2015-06-01T19:37:28","modified_gmt":"2015-06-01T19:37:28","slug":"dossiers-abd-bvd","status":"publish","type":"page","link":"https:\/\/www.abd-bvd.be\/fr\/publications\/dossiers-abd-bvd\/","title":{"rendered":"Dossiers ABD-BVD"},"content":{"rendered":"<p class=\"western\" lang=\"fr-FR\"><span lang=\"fr-BE\">Les Dossiers sont une collection de monographies destin\u00e9e essentiellement \u00e0 la publication de certains m\u00e9moires prim\u00e9s par le <a href=\"https:\/\/www.abd-bvd.be\/fr\/activites-evenements\/prix-abd-bvd\/\">Prix ABD-BVD<\/a>.<\/span><\/p>\n<p class=\"western\" lang=\"fr-FR\" align=\"LEFT\"><div class=\"title_code\">Dossiers \u00e0 para\u00eetre prochainement<\/div>\n\n\t\t<div class=\"content_code\"><\/p>\n<p class=\"western\" lang=\"fr-FR\" align=\"LEFT\"><span lang=\"fr-BE\"><span style=\"font-family: Cambria,serif;\"><span style=\"font-size: medium;\"><b><span style=\"color: #595959;\"><span style=\"font-family: Arial,serif;\"><span style=\"font-size: small;\">\u00a0<\/span><\/span><\/span><\/b><\/span><\/span><br \/>\nPlus d&rsquo;information:<\/span> <a href=\"mailto:abdbvd@abd-bvd.be\">abdbvd@abd-bvd.be<\/a><\/p>\n<ul>\n<li>Timo Felix Van Havere, De droom van een archivaris : een analyse van de constructie van het stadarchief van Gent en zijn collecties tussen 1800 en 1930, 2015.<\/li>\n<li>Mich\u00e8le Orban, La cartographie des domaines de connaissances comme outil de veille strat\u00e9gique, 2015.<\/li>\n<\/ul>\n<p>&nbsp;<\/p>\n<p class=\"western\" lang=\"fr-FR\"><\/div><\/p>\n<p class=\"western\" lang=\"fr-FR\"><div class=\"title_code\">Dossiers d\u00e9j\u00e0 parus<\/div>\n\n\t\t<div class=\"content_code\"><\/p>\n<h3>Dossiers ABD-BVD #4 Bruxelles\/Brussel &#8211; ISBN 2-9600224-3-2<\/h3>\n<p>MORAY Val\u00e9rie, Inventaire de la correspondance extraite de la biblioth\u00e8que personnelle de Marcel Thiry, 2002, 304 p. + ill.<\/p>\n<p>&nbsp;<\/p>\n<h3>Dossiers ABD-BVD #2 Bruxelles\/Brussel, &#8211; ISBN 2-9600224-1-6<\/h3>\n<p>DELSAUT Guy, La presse quotidienne sur Internet. Analyse comparative des sites belges et des principaux sites \u00e9trangers, 2001, 162 p.<\/p>\n<p>&nbsp;<\/p>\n<h3>Dossiers ABD-BVD #1 Bruxelles\/Brussels, &#8211; ISBN 90-805416-1-3<\/h3>\n<p>DESAEVER Dirk, Mijn elektronische balievriend, Nieuwe ontwikkelingen met betrekking tot bibliotheekautomatisering, 2000, 68p.<\/p>\n<p>&nbsp;<\/p>\n<p>&nbsp;<\/p>\n<p align=\"JUSTIFY\"><\/div><\/p>\n<div id=\"ff_peerindex_tooltip\"><\/div>\n<div id=\"ff_peerindex_tooltip\"><\/div>\n<div id=\"ff_peerindex_tooltip\"><\/div>\n<div id=\"ff_peerindex_tooltip\"><\/div>\n<div id=\"ff_peerindex_tooltip\"><\/div>\n","protected":false},"excerpt":{"rendered":"<p>Les Dossiers sont une collection de monographies destin\u00e9e essentiellement \u00e0 la publication de certains m\u00e9moires prim\u00e9s par le Prix ABD-BVD.<\/p>\n","protected":false},"author":1,"featured_media":0,"parent":48,"menu_order":2,"comment_status":"open","ping_status":"open","template":"category-dossiers.php","meta":{"_acf_changed":false,"footnotes":""},"class_list":["post-57","page","type-page","status-publish","hentry"],"acf":[],"yoast_head":"<!-- This site is optimized with the Yoast SEO plugin v27.3 - https:\/\/yoast.com\/product\/yoast-seo-wordpress\/ -->\n<title>Dossiers ABD-BVD - ABD-BVD<\/title>\n<meta name=\"robots\" content=\"index, follow, max-snippet:-1, max-image-preview:large, max-video-preview:-1\" \/>\n<link rel=\"canonical\" href=\"https:\/\/www.abd-bvd.be\/fr\/publications\/dossiers-abd-bvd\/\" \/>\n<meta property=\"og:locale\" content=\"fr_FR\" \/>\n<meta property=\"og:type\" content=\"article\" \/>\n<meta property=\"og:title\" content=\"Dossiers ABD-BVD - ABD-BVD\" \/>\n<meta property=\"og:description\" content=\"Les Dossiers sont une collection de monographies destin\u00e9e essentiellement \u00e0 la publication de certains m\u00e9moires prim\u00e9s par le Prix ABD-BVD.\" \/>\n<meta property=\"og:url\" content=\"https:\/\/www.abd-bvd.be\/fr\/publications\/dossiers-abd-bvd\/\" \/>\n<meta property=\"og:site_name\" content=\"ABD-BVD\" \/>\n<meta property=\"article:modified_time\" content=\"2015-06-01T19:37:28+00:00\" \/>\n<meta name=\"twitter:card\" content=\"summary_large_image\" \/>\n<meta name=\"twitter:label1\" content=\"Dur\u00e9e de lecture estim\u00e9e\" \/>\n\t<meta name=\"twitter:data1\" content=\"1 minute\" \/>\n<script type=\"application\/ld+json\" class=\"yoast-schema-graph\">{\"@context\":\"https:\\\/\\\/schema.org\",\"@graph\":[{\"@type\":\"WebPage\",\"@id\":\"https:\\\/\\\/www.abd-bvd.be\\\/fr\\\/publications\\\/dossiers-abd-bvd\\\/\",\"url\":\"https:\\\/\\\/www.abd-bvd.be\\\/fr\\\/publications\\\/dossiers-abd-bvd\\\/\",\"name\":\"Dossiers ABD-BVD - ABD-BVD\",\"isPartOf\":{\"@id\":\"https:\\\/\\\/www.abd-bvd.be\\\/fr\\\/#website\"},\"datePublished\":\"2014-05-28T08:59:23+00:00\",\"dateModified\":\"2015-06-01T19:37:28+00:00\",\"breadcrumb\":{\"@id\":\"https:\\\/\\\/www.abd-bvd.be\\\/fr\\\/publications\\\/dossiers-abd-bvd\\\/#breadcrumb\"},\"inLanguage\":\"fr-FR\",\"potentialAction\":[{\"@type\":\"ReadAction\",\"target\":[\"https:\\\/\\\/www.abd-bvd.be\\\/fr\\\/publications\\\/dossiers-abd-bvd\\\/\"]}]},{\"@type\":\"BreadcrumbList\",\"@id\":\"https:\\\/\\\/www.abd-bvd.be\\\/fr\\\/publications\\\/dossiers-abd-bvd\\\/#breadcrumb\",\"itemListElement\":[{\"@type\":\"ListItem\",\"position\":1,\"name\":\"Accueil\",\"item\":\"https:\\\/\\\/www.abd-bvd.be\\\/fr\\\/\"},{\"@type\":\"ListItem\",\"position\":2,\"name\":\"Publications\",\"item\":\"https:\\\/\\\/www.abd-bvd.be\\\/fr\\\/publications\\\/\"},{\"@type\":\"ListItem\",\"position\":3,\"name\":\"Dossiers ABD-BVD\"}]},{\"@type\":\"WebSite\",\"@id\":\"https:\\\/\\\/www.abd-bvd.be\\\/fr\\\/#website\",\"url\":\"https:\\\/\\\/www.abd-bvd.be\\\/fr\\\/\",\"name\":\"ABD-BVD\",\"description\":\"Association Belge de documentation - Belgische verniging voor documentatie\",\"potentialAction\":[{\"@type\":\"SearchAction\",\"target\":{\"@type\":\"EntryPoint\",\"urlTemplate\":\"https:\\\/\\\/www.abd-bvd.be\\\/fr\\\/?s={search_term_string}\"},\"query-input\":{\"@type\":\"PropertyValueSpecification\",\"valueRequired\":true,\"valueName\":\"search_term_string\"}}],\"inLanguage\":\"fr-FR\"}]}<\/script>\n<!-- \/ Yoast SEO plugin. -->","yoast_head_json":{"title":"Dossiers ABD-BVD - ABD-BVD","robots":{"index":"index","follow":"follow","max-snippet":"max-snippet:-1","max-image-preview":"max-image-preview:large","max-video-preview":"max-video-preview:-1"},"canonical":"https:\/\/www.abd-bvd.be\/fr\/publications\/dossiers-abd-bvd\/","og_locale":"fr_FR","og_type":"article","og_title":"Dossiers ABD-BVD - ABD-BVD","og_description":"Les Dossiers sont une collection de monographies destin\u00e9e essentiellement \u00e0 la publication de certains m\u00e9moires prim\u00e9s par le Prix ABD-BVD.","og_url":"https:\/\/www.abd-bvd.be\/fr\/publications\/dossiers-abd-bvd\/","og_site_name":"ABD-BVD","article_modified_time":"2015-06-01T19:37:28+00:00","twitter_card":"summary_large_image","twitter_misc":{"Dur\u00e9e de lecture estim\u00e9e":"1 minute"},"schema":{"@context":"https:\/\/schema.org","@graph":[{"@type":"WebPage","@id":"https:\/\/www.abd-bvd.be\/fr\/publications\/dossiers-abd-bvd\/","url":"https:\/\/www.abd-bvd.be\/fr\/publications\/dossiers-abd-bvd\/","name":"Dossiers ABD-BVD - ABD-BVD","isPartOf":{"@id":"https:\/\/www.abd-bvd.be\/fr\/#website"},"datePublished":"2014-05-28T08:59:23+00:00","dateModified":"2015-06-01T19:37:28+00:00","breadcrumb":{"@id":"https:\/\/www.abd-bvd.be\/fr\/publications\/dossiers-abd-bvd\/#breadcrumb"},"inLanguage":"fr-FR","potentialAction":[{"@type":"ReadAction","target":["https:\/\/www.abd-bvd.be\/fr\/publications\/dossiers-abd-bvd\/"]}]},{"@type":"BreadcrumbList","@id":"https:\/\/www.abd-bvd.be\/fr\/publications\/dossiers-abd-bvd\/#breadcrumb","itemListElement":[{"@type":"ListItem","position":1,"name":"Accueil","item":"https:\/\/www.abd-bvd.be\/fr\/"},{"@type":"ListItem","position":2,"name":"Publications","item":"https:\/\/www.abd-bvd.be\/fr\/publications\/"},{"@type":"ListItem","position":3,"name":"Dossiers ABD-BVD"}]},{"@type":"WebSite","@id":"https:\/\/www.abd-bvd.be\/fr\/#website","url":"https:\/\/www.abd-bvd.be\/fr\/","name":"ABD-BVD","description":"Association Belge de documentation - Belgische verniging voor documentatie","potentialAction":[{"@type":"SearchAction","target":{"@type":"EntryPoint","urlTemplate":"https:\/\/www.abd-bvd.be\/fr\/?s={search_term_string}"},"query-input":{"@type":"PropertyValueSpecification","valueRequired":true,"valueName":"search_term_string"}}],"inLanguage":"fr-FR"}]}},"_links":{"self":[{"href":"https:\/\/www.abd-bvd.be\/fr\/wp-json\/wp\/v2\/pages\/57","targetHints":{"allow":["GET"]}}],"collection":[{"href":"https:\/\/www.abd-bvd.be\/fr\/wp-json\/wp\/v2\/pages"}],"about":[{"href":"https:\/\/www.abd-bvd.be\/fr\/wp-json\/wp\/v2\/types\/page"}],"author":[{"embeddable":true,"href":"https:\/\/www.abd-bvd.be\/fr\/wp-json\/wp\/v2\/users\/1"}],"replies":[{"embeddable":true,"href":"https:\/\/www.abd-bvd.be\/fr\/wp-json\/wp\/v2\/comments?post=57"}],"version-history":[{"count":0,"href":"https:\/\/www.abd-bvd.be\/fr\/wp-json\/wp\/v2\/pages\/57\/revisions"}],"up":[{"embeddable":true,"href":"https:\/\/www.abd-bvd.be\/fr\/wp-json\/wp\/v2\/pages\/48"}],"wp:attachment":[{"href":"https:\/\/www.abd-bvd.be\/fr\/wp-json\/wp\/v2\/media?parent=57"}],"curies":[{"name":"wp","href":"https:\/\/api.w.org\/{rel}","templated":true}]}}