{"id":51,"date":"2014-05-28T08:59:01","date_gmt":"2014-05-28T08:59:01","guid":{"rendered":"http:\/\/www.abd-bvd.be\/?page_id=51"},"modified":"2015-10-25T15:26:57","modified_gmt":"2015-10-25T15:26:57","slug":"abd-bvd-info","status":"publish","type":"page","link":"https:\/\/www.abd-bvd.be\/fr\/publications\/abd-bvd-info\/","title":{"rendered":"ABD-BVD Info"},"content":{"rendered":"<p><span lang=\"FR-BE\"><span style=\"font-family: Arial\">Notre bulletin d&rsquo;information <em>ABD-BVD Info<\/em> se veut \u00eatre le reflet d&rsquo;une vie associative particuli\u00e8rement riche et vari\u00e9e. Les administrateurs de l&rsquo;ABD-BVD, ainsi que quelques proches collaborateurs, sont les v\u00e9ritables moteurs de notre association.\u00a0 Sans eux, les nombreux rendez-vous que nous vous proposons, sous forme de colloques, de moments de rencontre, de publications ou d&rsquo;autres services, n&rsquo;existeraient pas.\u00a0 Au travers de l&rsquo;ABD-BVD Info, nous souhaitons vous tenir inform\u00e9s, deux fois par an, des multiples aspects, parfois cach\u00e9s, de nos activit\u00e9s, que ce soit au sein du Conseil d&rsquo;Administration ou \u00e0 l&rsquo;ext\u00e9rieur, et ainsi vous faire d\u00e9couvrir les coulisses du fonctionnement de notre association. Bonne lecture et d\u00e9couverte ! <\/span><\/span><\/p>\n<h2>ABD-BVD Info 2015<\/h2>\n<p><span class=\"file-button\"><a href=\"https:\/\/www.abd-bvd.be\/wp-content\/uploads\/abd-bvd-info_87.pdf\">ABD-BVD Info 87<\/a><\/span><\/p>\n<h2>ABD-BVD Info 2014<\/h2>\n<p><span class=\"file-button\"><a href=\"https:\/\/www.abd-bvd.be\/wp-content\/uploads\/abd-bvd-info_085.pdf\">ABD-BVD Info 85<\/a><\/span><br \/>\n<span class=\"file-button\"><a href=\"https:\/\/www.abd-bvd.be\/wp-content\/uploads\/abd-bvd-info_084.pdf\">ABD-BVD Info 84<\/a><\/span><\/p>\n<h2>ABD-BVD Info 2012<\/h2>\n<p><span class=\"file-button\"><a href=\"https:\/\/www.abd-bvd.be\/wp-content\/uploads\/abd-bvd-info_083.pdf\">ABD-BVD Info 83<\/a><\/span><\/p>\n<h2>ABD-BVD Info 2011<\/h2>\n<p><span class=\"file-button\"><a href=\"https:\/\/www.abd-bvd.be\/wp-content\/uploads\/abd-bvd-info_082.pdf\">ABD-BVD Info 82<\/a><\/span><br \/>\n<span class=\"file-button\"><a href=\"https:\/\/www.abd-bvd.be\/wp-content\/uploads\/abd-bvd-info_081.pdf\">ABD-BVD Info 81<\/a><\/span><\/p>\n<h2>ABD-BVD Info 2009<\/h2>\n<p><span class=\"file-button\"><a href=\"https:\/\/www.abd-bvd.be\/wp-content\/uploads\/abd-bvd-info_080.pdf\">ABD-BVD Info 80<\/a><\/span><br \/>\n<span class=\"file-button\"><a href=\"https:\/\/www.abd-bvd.be\/wp-content\/uploads\/abd-bvd-info_079.pdf\">ABD-BVD Info 79<\/a><\/span><br \/>\n<span class=\"file-button\"><a href=\"https:\/\/www.abd-bvd.be\/wp-content\/uploads\/abd-bvd-info_078.pdf\">ABD-BVD Info 78<\/a><\/span><\/p>\n<h2>ABD-BVD Info 2007<\/h2>\n<p><span class=\"file-button\"><a href=\"https:\/\/www.abd-bvd.be\/wp-content\/uploads\/abd-bvd-info_077.pdf\">ABD-BVD Info 77<\/a><\/span><\/p>\n<h2>ABD-BVD Info 2006<\/h2>\n<p><span class=\"file-button\"><a href=\"https:\/\/www.abd-bvd.be\/wp-content\/uploads\/abd-bvd-info_076.pdf\">ABD-BVD Info 76<\/a><\/span><br \/>\n<span class=\"file-button\"><a href=\"https:\/\/www.abd-bvd.be\/wp-content\/uploads\/abd-bvd-info_075.pdf\">ABD-BVD Info 75<\/a><\/span><br \/>\n<span class=\"file-button\"><a href=\"https:\/\/www.abd-bvd.be\/wp-content\/uploads\/abd-bvd-info_074.pdf\">ABD-BVD Info 74<\/a><\/span><br \/>\n<span class=\"file-button\"><a href=\"https:\/\/www.abd-bvd.be\/wp-content\/uploads\/abd-bvd-info_073.pdf\">ABD-BVD Info 73<\/a><\/span><br \/>\n<span class=\"file-button\"><a href=\"https:\/\/www.abd-bvd.be\/wp-content\/uploads\/abd-bvd-info_072.pdf\">ABD-BVD Info 72<\/a><\/span><br \/>\n<span class=\"file-button\"><a href=\"https:\/\/www.abd-bvd.be\/wp-content\/uploads\/abd-bvd-info_071.pdf\">ABD-BVD Info 71<\/a><\/span><br \/>\n<span class=\"file-button\"><a href=\"https:\/\/www.abd-bvd.be\/wp-content\/uploads\/abd-bvd-info_070.pdf\">ABD-BVD Info 70<\/a><\/span><br \/>\n<span class=\"file-button\"><a href=\"https:\/\/www.abd-bvd.be\/wp-content\/uploads\/abd-bvd-info_069.pdf\">ABD-BVD Info 69<\/a><\/span><br \/>\n<span class=\"file-button\"><a href=\"https:\/\/www.abd-bvd.be\/wp-content\/uploads\/abd-bvd-info_068.pdf\">ABD-BVD Info 68<\/a><\/span><br \/>\n<span class=\"file-button\"><a href=\"https:\/\/www.abd-bvd.be\/wp-content\/uploads\/abd-bvd-info_067.pdf\">ABD-BVD Info 67<\/a><\/span><br \/>\n<span class=\"file-button\"><a href=\"https:\/\/www.abd-bvd.be\/wp-content\/uploads\/abd-bvd-info_066.pdf\">ABD-BVD Info 66<\/a><\/span><\/p>\n<h2><a id=\"2005\"><\/a>ABD-BVD Info 2005<\/h2>\n<p><span class=\"file-button\"><a href=\"https:\/\/www.abd-bvd.be\/wp-content\/uploads\/abd-bvd-info_065.pdf\">ABD-BVD Info 65<\/a><\/span><br \/>\n<span class=\"file-button\"><a href=\"https:\/\/www.abd-bvd.be\/wp-content\/uploads\/abd-bvd-info_064.pdf\">ABD-BVD Info 64<\/a><\/span><br \/>\n<span class=\"file-button\"><a href=\"https:\/\/www.abd-bvd.be\/wp-content\/uploads\/abd-bvd-info_063.pdf\">ABD-BVD Info 63<\/a><\/span><br \/>\n<span class=\"file-button\"><a href=\"https:\/\/www.abd-bvd.be\/wp-content\/uploads\/abd-bvd-info_062.pdf\">ABD-BVD Info 62<\/a><\/span><\/p>\n","protected":false},"excerpt":{"rendered":"<p>Notre bulletin d&rsquo;information ABD-BVD Info se veut \u00eatre le reflet d&rsquo;une vie associative particuli\u00e8rement riche et vari\u00e9e. Les administrateurs de l&rsquo;ABD-BVD, ainsi que quelques proches collaborateurs, sont les v\u00e9ritables moteurs de notre association.\u00a0 Sans eux, les nombreux rendez-vous que nous vous proposons, sous forme de colloques, de moments de rencontre, de publications ou d&rsquo;autres services, [&hellip;]<\/p>\n","protected":false},"author":1,"featured_media":0,"parent":48,"menu_order":0,"comment_status":"open","ping_status":"open","template":"","meta":{"_acf_changed":false,"footnotes":""},"class_list":["post-51","page","type-page","status-publish","hentry"],"acf":[],"yoast_head":"<!-- This site is optimized with the Yoast SEO plugin v27.4 - https:\/\/yoast.com\/product\/yoast-seo-wordpress\/ -->\n<title>ABD-BVD Info - ABD-BVD<\/title>\n<meta name=\"robots\" content=\"index, follow, max-snippet:-1, max-image-preview:large, max-video-preview:-1\" \/>\n<link rel=\"canonical\" href=\"https:\/\/www.abd-bvd.be\/fr\/publications\/abd-bvd-info\/\" \/>\n<meta property=\"og:locale\" content=\"fr_FR\" \/>\n<meta property=\"og:type\" content=\"article\" \/>\n<meta property=\"og:title\" content=\"ABD-BVD Info - ABD-BVD\" \/>\n<meta property=\"og:description\" content=\"Notre bulletin d&rsquo;information ABD-BVD Info se veut \u00eatre le reflet d&rsquo;une vie associative particuli\u00e8rement riche et vari\u00e9e. Les administrateurs de l&rsquo;ABD-BVD, ainsi que quelques proches collaborateurs, sont les v\u00e9ritables moteurs de notre association.\u00a0 Sans eux, les nombreux rendez-vous que nous vous proposons, sous forme de colloques, de moments de rencontre, de publications ou d&rsquo;autres services, [&hellip;]\" \/>\n<meta property=\"og:url\" content=\"https:\/\/www.abd-bvd.be\/fr\/publications\/abd-bvd-info\/\" \/>\n<meta property=\"og:site_name\" content=\"ABD-BVD\" \/>\n<meta property=\"article:modified_time\" content=\"2015-10-25T15:26:57+00:00\" \/>\n<meta name=\"twitter:card\" content=\"summary_large_image\" \/>\n<meta name=\"twitter:label1\" content=\"Dur\u00e9e de lecture estim\u00e9e\" \/>\n\t<meta name=\"twitter:data1\" content=\"1 minute\" \/>\n<script type=\"application\/ld+json\" class=\"yoast-schema-graph\">{\"@context\":\"https:\\\/\\\/schema.org\",\"@graph\":[{\"@type\":\"WebPage\",\"@id\":\"https:\\\/\\\/www.abd-bvd.be\\\/fr\\\/publications\\\/abd-bvd-info\\\/\",\"url\":\"https:\\\/\\\/www.abd-bvd.be\\\/fr\\\/publications\\\/abd-bvd-info\\\/\",\"name\":\"ABD-BVD Info - ABD-BVD\",\"isPartOf\":{\"@id\":\"https:\\\/\\\/www.abd-bvd.be\\\/fr\\\/#website\"},\"datePublished\":\"2014-05-28T08:59:01+00:00\",\"dateModified\":\"2015-10-25T15:26:57+00:00\",\"breadcrumb\":{\"@id\":\"https:\\\/\\\/www.abd-bvd.be\\\/fr\\\/publications\\\/abd-bvd-info\\\/#breadcrumb\"},\"inLanguage\":\"fr-FR\",\"potentialAction\":[{\"@type\":\"ReadAction\",\"target\":[\"https:\\\/\\\/www.abd-bvd.be\\\/fr\\\/publications\\\/abd-bvd-info\\\/\"]}]},{\"@type\":\"BreadcrumbList\",\"@id\":\"https:\\\/\\\/www.abd-bvd.be\\\/fr\\\/publications\\\/abd-bvd-info\\\/#breadcrumb\",\"itemListElement\":[{\"@type\":\"ListItem\",\"position\":1,\"name\":\"Accueil\",\"item\":\"https:\\\/\\\/www.abd-bvd.be\\\/fr\\\/\"},{\"@type\":\"ListItem\",\"position\":2,\"name\":\"Publications\",\"item\":\"https:\\\/\\\/www.abd-bvd.be\\\/fr\\\/publications\\\/\"},{\"@type\":\"ListItem\",\"position\":3,\"name\":\"ABD-BVD Info\"}]},{\"@type\":\"WebSite\",\"@id\":\"https:\\\/\\\/www.abd-bvd.be\\\/fr\\\/#website\",\"url\":\"https:\\\/\\\/www.abd-bvd.be\\\/fr\\\/\",\"name\":\"ABD-BVD\",\"description\":\"Association Belge de documentation - Belgische verniging voor documentatie\",\"potentialAction\":[{\"@type\":\"SearchAction\",\"target\":{\"@type\":\"EntryPoint\",\"urlTemplate\":\"https:\\\/\\\/www.abd-bvd.be\\\/fr\\\/?s={search_term_string}\"},\"query-input\":{\"@type\":\"PropertyValueSpecification\",\"valueRequired\":true,\"valueName\":\"search_term_string\"}}],\"inLanguage\":\"fr-FR\"}]}<\/script>\n<!-- \/ Yoast SEO plugin. -->","yoast_head_json":{"title":"ABD-BVD Info - ABD-BVD","robots":{"index":"index","follow":"follow","max-snippet":"max-snippet:-1","max-image-preview":"max-image-preview:large","max-video-preview":"max-video-preview:-1"},"canonical":"https:\/\/www.abd-bvd.be\/fr\/publications\/abd-bvd-info\/","og_locale":"fr_FR","og_type":"article","og_title":"ABD-BVD Info - ABD-BVD","og_description":"Notre bulletin d&rsquo;information ABD-BVD Info se veut \u00eatre le reflet d&rsquo;une vie associative particuli\u00e8rement riche et vari\u00e9e. Les administrateurs de l&rsquo;ABD-BVD, ainsi que quelques proches collaborateurs, sont les v\u00e9ritables moteurs de notre association.\u00a0 Sans eux, les nombreux rendez-vous que nous vous proposons, sous forme de colloques, de moments de rencontre, de publications ou d&rsquo;autres services, [&hellip;]","og_url":"https:\/\/www.abd-bvd.be\/fr\/publications\/abd-bvd-info\/","og_site_name":"ABD-BVD","article_modified_time":"2015-10-25T15:26:57+00:00","twitter_card":"summary_large_image","twitter_misc":{"Dur\u00e9e de lecture estim\u00e9e":"1 minute"},"schema":{"@context":"https:\/\/schema.org","@graph":[{"@type":"WebPage","@id":"https:\/\/www.abd-bvd.be\/fr\/publications\/abd-bvd-info\/","url":"https:\/\/www.abd-bvd.be\/fr\/publications\/abd-bvd-info\/","name":"ABD-BVD Info - ABD-BVD","isPartOf":{"@id":"https:\/\/www.abd-bvd.be\/fr\/#website"},"datePublished":"2014-05-28T08:59:01+00:00","dateModified":"2015-10-25T15:26:57+00:00","breadcrumb":{"@id":"https:\/\/www.abd-bvd.be\/fr\/publications\/abd-bvd-info\/#breadcrumb"},"inLanguage":"fr-FR","potentialAction":[{"@type":"ReadAction","target":["https:\/\/www.abd-bvd.be\/fr\/publications\/abd-bvd-info\/"]}]},{"@type":"BreadcrumbList","@id":"https:\/\/www.abd-bvd.be\/fr\/publications\/abd-bvd-info\/#breadcrumb","itemListElement":[{"@type":"ListItem","position":1,"name":"Accueil","item":"https:\/\/www.abd-bvd.be\/fr\/"},{"@type":"ListItem","position":2,"name":"Publications","item":"https:\/\/www.abd-bvd.be\/fr\/publications\/"},{"@type":"ListItem","position":3,"name":"ABD-BVD Info"}]},{"@type":"WebSite","@id":"https:\/\/www.abd-bvd.be\/fr\/#website","url":"https:\/\/www.abd-bvd.be\/fr\/","name":"ABD-BVD","description":"Association Belge de documentation - Belgische verniging voor documentatie","potentialAction":[{"@type":"SearchAction","target":{"@type":"EntryPoint","urlTemplate":"https:\/\/www.abd-bvd.be\/fr\/?s={search_term_string}"},"query-input":{"@type":"PropertyValueSpecification","valueRequired":true,"valueName":"search_term_string"}}],"inLanguage":"fr-FR"}]}},"_links":{"self":[{"href":"https:\/\/www.abd-bvd.be\/fr\/wp-json\/wp\/v2\/pages\/51","targetHints":{"allow":["GET"]}}],"collection":[{"href":"https:\/\/www.abd-bvd.be\/fr\/wp-json\/wp\/v2\/pages"}],"about":[{"href":"https:\/\/www.abd-bvd.be\/fr\/wp-json\/wp\/v2\/types\/page"}],"author":[{"embeddable":true,"href":"https:\/\/www.abd-bvd.be\/fr\/wp-json\/wp\/v2\/users\/1"}],"replies":[{"embeddable":true,"href":"https:\/\/www.abd-bvd.be\/fr\/wp-json\/wp\/v2\/comments?post=51"}],"version-history":[{"count":0,"href":"https:\/\/www.abd-bvd.be\/fr\/wp-json\/wp\/v2\/pages\/51\/revisions"}],"up":[{"embeddable":true,"href":"https:\/\/www.abd-bvd.be\/fr\/wp-json\/wp\/v2\/pages\/48"}],"wp:attachment":[{"href":"https:\/\/www.abd-bvd.be\/fr\/wp-json\/wp\/v2\/media?parent=51"}],"curies":[{"name":"wp","href":"https:\/\/api.w.org\/{rel}","templated":true}]}}