{"id":39,"date":"2014-05-28T08:58:18","date_gmt":"2014-05-28T08:58:18","guid":{"rendered":"http:\/\/www.abd-bvd.be\/?page_id=39"},"modified":"2019-01-20T18:47:48","modified_gmt":"2019-01-20T17:47:48","slug":"doc-moments","status":"publish","type":"page","link":"https:\/\/www.abd-bvd.be\/fr\/doc-moments\/","title":{"rendered":"Doc&rsquo;Moments"},"content":{"rendered":"<h2 style=\"text-align: justify;\">Pr\u00e9sentation g\u00e9n\u00e9rale<\/h2>\n<p style=\"text-align: justify;\">Doc\u2019Moments: les rendez-vous de l\u2019ABD-BVD.<\/p>\n<p style=\"text-align: justify;\">Les Doc&rsquo;Moments sont des moments d&rsquo;\u00e9tude durant lesquels des sujets scientifiques relatifs au monde de l&rsquo;information sont examin\u00e9s.<\/p>\n<p style=\"text-align: justify;\">L\u2019ABD-BVD a la forte volont\u00e9 d\u2019en faire des instants de formation continue et d\u2019\u00e9changes. Ceux-ci portent sur l\u2019ensemble des secteurs et sujets de pr\u00e9occupation de nos membres adh\u00e9rents. Les r\u00e9unions commencent traditionnellement \u00e0 14h30 un jour de semaine, durent environ 2 heures et ont lieu pratiquement chaque mois (mises \u00e0 part les p\u00e9riodes de vacances).<\/p>\n<p style=\"text-align: justify;\">Les Doc\u2019Moments peuvent prendre la forme de conf\u00e9rences, de visites, de workshops\u2026<\/p>\n<p style=\"text-align: justify;\">Un Doc\u2019Moment peut \u00e9ventuellement se d\u00e9rouler sur une journ\u00e9e compl\u00e8te, incluant un repas, selon la th\u00e9matique et le lieu.<\/p>\n<p style=\"text-align: justify;\">Nous esp\u00e9rons vous y voir nombreux. N\u2019h\u00e9sitez pas \u00e0 nous faire part de vos suggestions et envies.<\/p>\n<div id=\"ff_peerindex_tooltip\">\n<h2>\u00c9ditions pr\u00e9c\u00e9dentes<\/h2>\n<\/div>\n","protected":false},"excerpt":{"rendered":"<p>Pr\u00e9sentation g\u00e9n\u00e9rale Doc\u2019Moments: les rendez-vous de l\u2019ABD-BVD. Les Doc&rsquo;Moments sont des moments d&rsquo;\u00e9tude durant lesquels des sujets scientifiques relatifs au monde de l&rsquo;information sont examin\u00e9s. L\u2019ABD-BVD a la forte volont\u00e9 d\u2019en faire des instants de formation continue et d\u2019\u00e9changes. Ceux-ci portent sur l\u2019ensemble des secteurs et sujets de pr\u00e9occupation de nos membres adh\u00e9rents. Les r\u00e9unions [&hellip;]<\/p>\n","protected":false},"author":1,"featured_media":0,"parent":0,"menu_order":0,"comment_status":"open","ping_status":"open","template":"category-doc-moments.php","meta":{"_acf_changed":false,"footnotes":""},"class_list":["post-39","page","type-page","status-publish","hentry"],"acf":[],"yoast_head":"<!-- This site is optimized with the Yoast SEO plugin v27.3 - https:\/\/yoast.com\/product\/yoast-seo-wordpress\/ -->\n<title>Doc&#039;Moments - ABD-BVD<\/title>\n<meta name=\"robots\" content=\"index, follow, max-snippet:-1, max-image-preview:large, max-video-preview:-1\" \/>\n<link rel=\"canonical\" href=\"https:\/\/www.abd-bvd.be\/fr\/doc-moments\/\" \/>\n<meta property=\"og:locale\" content=\"fr_FR\" \/>\n<meta property=\"og:type\" content=\"article\" \/>\n<meta property=\"og:title\" content=\"Doc&#039;Moments - ABD-BVD\" \/>\n<meta property=\"og:description\" content=\"Pr\u00e9sentation g\u00e9n\u00e9rale Doc\u2019Moments: les rendez-vous de l\u2019ABD-BVD. Les Doc&rsquo;Moments sont des moments d&rsquo;\u00e9tude durant lesquels des sujets scientifiques relatifs au monde de l&rsquo;information sont examin\u00e9s. L\u2019ABD-BVD a la forte volont\u00e9 d\u2019en faire des instants de formation continue et d\u2019\u00e9changes. Ceux-ci portent sur l\u2019ensemble des secteurs et sujets de pr\u00e9occupation de nos membres adh\u00e9rents. Les r\u00e9unions [&hellip;]\" \/>\n<meta property=\"og:url\" content=\"https:\/\/www.abd-bvd.be\/fr\/doc-moments\/\" \/>\n<meta property=\"og:site_name\" content=\"ABD-BVD\" \/>\n<meta property=\"article:modified_time\" content=\"2019-01-20T17:47:48+00:00\" \/>\n<meta name=\"twitter:card\" content=\"summary_large_image\" \/>\n<meta name=\"twitter:label1\" content=\"Dur\u00e9e de lecture estim\u00e9e\" \/>\n\t<meta name=\"twitter:data1\" content=\"1 minute\" \/>\n<script type=\"application\/ld+json\" class=\"yoast-schema-graph\">{\"@context\":\"https:\\\/\\\/schema.org\",\"@graph\":[{\"@type\":\"WebPage\",\"@id\":\"https:\\\/\\\/www.abd-bvd.be\\\/fr\\\/doc-moments\\\/\",\"url\":\"https:\\\/\\\/www.abd-bvd.be\\\/fr\\\/doc-moments\\\/\",\"name\":\"Doc'Moments - ABD-BVD\",\"isPartOf\":{\"@id\":\"https:\\\/\\\/www.abd-bvd.be\\\/fr\\\/#website\"},\"datePublished\":\"2014-05-28T08:58:18+00:00\",\"dateModified\":\"2019-01-20T17:47:48+00:00\",\"breadcrumb\":{\"@id\":\"https:\\\/\\\/www.abd-bvd.be\\\/fr\\\/doc-moments\\\/#breadcrumb\"},\"inLanguage\":\"fr-FR\",\"potentialAction\":[{\"@type\":\"ReadAction\",\"target\":[\"https:\\\/\\\/www.abd-bvd.be\\\/fr\\\/doc-moments\\\/\"]}]},{\"@type\":\"BreadcrumbList\",\"@id\":\"https:\\\/\\\/www.abd-bvd.be\\\/fr\\\/doc-moments\\\/#breadcrumb\",\"itemListElement\":[{\"@type\":\"ListItem\",\"position\":1,\"name\":\"Accueil\",\"item\":\"https:\\\/\\\/www.abd-bvd.be\\\/fr\\\/\"},{\"@type\":\"ListItem\",\"position\":2,\"name\":\"Doc&rsquo;Moments\"}]},{\"@type\":\"WebSite\",\"@id\":\"https:\\\/\\\/www.abd-bvd.be\\\/fr\\\/#website\",\"url\":\"https:\\\/\\\/www.abd-bvd.be\\\/fr\\\/\",\"name\":\"ABD-BVD\",\"description\":\"Association Belge de documentation - Belgische verniging voor documentatie\",\"potentialAction\":[{\"@type\":\"SearchAction\",\"target\":{\"@type\":\"EntryPoint\",\"urlTemplate\":\"https:\\\/\\\/www.abd-bvd.be\\\/fr\\\/?s={search_term_string}\"},\"query-input\":{\"@type\":\"PropertyValueSpecification\",\"valueRequired\":true,\"valueName\":\"search_term_string\"}}],\"inLanguage\":\"fr-FR\"}]}<\/script>\n<!-- \/ Yoast SEO plugin. -->","yoast_head_json":{"title":"Doc'Moments - ABD-BVD","robots":{"index":"index","follow":"follow","max-snippet":"max-snippet:-1","max-image-preview":"max-image-preview:large","max-video-preview":"max-video-preview:-1"},"canonical":"https:\/\/www.abd-bvd.be\/fr\/doc-moments\/","og_locale":"fr_FR","og_type":"article","og_title":"Doc'Moments - ABD-BVD","og_description":"Pr\u00e9sentation g\u00e9n\u00e9rale Doc\u2019Moments: les rendez-vous de l\u2019ABD-BVD. Les Doc&rsquo;Moments sont des moments d&rsquo;\u00e9tude durant lesquels des sujets scientifiques relatifs au monde de l&rsquo;information sont examin\u00e9s. L\u2019ABD-BVD a la forte volont\u00e9 d\u2019en faire des instants de formation continue et d\u2019\u00e9changes. Ceux-ci portent sur l\u2019ensemble des secteurs et sujets de pr\u00e9occupation de nos membres adh\u00e9rents. Les r\u00e9unions [&hellip;]","og_url":"https:\/\/www.abd-bvd.be\/fr\/doc-moments\/","og_site_name":"ABD-BVD","article_modified_time":"2019-01-20T17:47:48+00:00","twitter_card":"summary_large_image","twitter_misc":{"Dur\u00e9e de lecture estim\u00e9e":"1 minute"},"schema":{"@context":"https:\/\/schema.org","@graph":[{"@type":"WebPage","@id":"https:\/\/www.abd-bvd.be\/fr\/doc-moments\/","url":"https:\/\/www.abd-bvd.be\/fr\/doc-moments\/","name":"Doc'Moments - ABD-BVD","isPartOf":{"@id":"https:\/\/www.abd-bvd.be\/fr\/#website"},"datePublished":"2014-05-28T08:58:18+00:00","dateModified":"2019-01-20T17:47:48+00:00","breadcrumb":{"@id":"https:\/\/www.abd-bvd.be\/fr\/doc-moments\/#breadcrumb"},"inLanguage":"fr-FR","potentialAction":[{"@type":"ReadAction","target":["https:\/\/www.abd-bvd.be\/fr\/doc-moments\/"]}]},{"@type":"BreadcrumbList","@id":"https:\/\/www.abd-bvd.be\/fr\/doc-moments\/#breadcrumb","itemListElement":[{"@type":"ListItem","position":1,"name":"Accueil","item":"https:\/\/www.abd-bvd.be\/fr\/"},{"@type":"ListItem","position":2,"name":"Doc&rsquo;Moments"}]},{"@type":"WebSite","@id":"https:\/\/www.abd-bvd.be\/fr\/#website","url":"https:\/\/www.abd-bvd.be\/fr\/","name":"ABD-BVD","description":"Association Belge de documentation - Belgische verniging voor documentatie","potentialAction":[{"@type":"SearchAction","target":{"@type":"EntryPoint","urlTemplate":"https:\/\/www.abd-bvd.be\/fr\/?s={search_term_string}"},"query-input":{"@type":"PropertyValueSpecification","valueRequired":true,"valueName":"search_term_string"}}],"inLanguage":"fr-FR"}]}},"_links":{"self":[{"href":"https:\/\/www.abd-bvd.be\/fr\/wp-json\/wp\/v2\/pages\/39","targetHints":{"allow":["GET"]}}],"collection":[{"href":"https:\/\/www.abd-bvd.be\/fr\/wp-json\/wp\/v2\/pages"}],"about":[{"href":"https:\/\/www.abd-bvd.be\/fr\/wp-json\/wp\/v2\/types\/page"}],"author":[{"embeddable":true,"href":"https:\/\/www.abd-bvd.be\/fr\/wp-json\/wp\/v2\/users\/1"}],"replies":[{"embeddable":true,"href":"https:\/\/www.abd-bvd.be\/fr\/wp-json\/wp\/v2\/comments?post=39"}],"version-history":[{"count":6,"href":"https:\/\/www.abd-bvd.be\/fr\/wp-json\/wp\/v2\/pages\/39\/revisions"}],"predecessor-version":[{"id":13691,"href":"https:\/\/www.abd-bvd.be\/fr\/wp-json\/wp\/v2\/pages\/39\/revisions\/13691"}],"wp:attachment":[{"href":"https:\/\/www.abd-bvd.be\/fr\/wp-json\/wp\/v2\/media?parent=39"}],"curies":[{"name":"wp","href":"https:\/\/api.w.org\/{rel}","templated":true}]}}