{"id":383,"date":"2014-08-22T09:57:12","date_gmt":"2014-08-22T09:57:12","guid":{"rendered":"http:\/\/www.abd-bvd.be\/?page_id=383"},"modified":"2024-06-09T22:49:00","modified_gmt":"2024-06-09T20:49:00","slug":"inforum","status":"publish","type":"page","link":"https:\/\/www.abd-bvd.be\/fr\/activites-evenements\/inforum\/","title":{"rendered":"Inforum"},"content":{"rendered":"<div id=\"stcpDiv\">\n<h2>Pr\u00e9sentation g\u00e9n\u00e9rale<\/h2>\n<p style=\"text-align: justify;\">Depuis 1996, l\u2019Inforum est une journ\u00e9e de conf\u00e9rences annuelle trilingue organis\u00e9e par l\u2019ABD-BVD et d\u00e9di\u00e9e aux m\u00e9tiers de l\u2019information et documentation. Les th\u00e9matiques diverses et vari\u00e9es concernent un public de professionnels aussi large que possible. Vous trouverez ci-dessous les anciennes \u00e9ditions de l\u2019Inforum, accompagn\u00e9es des documents (pdf) pr\u00e9sent\u00e9s par les orateurs.<\/p>\n<\/div>\n<p><img loading=\"lazy\" decoding=\"async\" class=\"size-full wp-image-33182 aligncenter\" src=\"https:\/\/www.abd-bvd.be\/wp-content\/uploads\/abd-inforum-2024-2.png\" alt=\"\" width=\"640\" height=\"640\" srcset=\"https:\/\/www.abd-bvd.be\/wp-content\/uploads\/abd-inforum-2024-2.png 640w, https:\/\/www.abd-bvd.be\/wp-content\/uploads\/abd-inforum-2024-2-300x300.png 300w, https:\/\/www.abd-bvd.be\/wp-content\/uploads\/abd-inforum-2024-2-150x150.png 150w\" sizes=\"auto, (max-width: 640px) 100vw, 640px\" \/><\/p>\n<p style=\"text-align: center;\">\n<div id=\"stcpDiv\">\n<h2>\u00c9ditions pr\u00e9c\u00e9dentes<\/h2>\n<\/div>\n","protected":false},"excerpt":{"rendered":"<p>Pr\u00e9sentation g\u00e9n\u00e9rale Depuis 1996, l\u2019Inforum est une journ\u00e9e de conf\u00e9rences annuelle trilingue organis\u00e9e par l\u2019ABD-BVD et d\u00e9di\u00e9e aux m\u00e9tiers de l\u2019information et documentation. Les th\u00e9matiques diverses et vari\u00e9es concernent un public de professionnels aussi large que possible. Vous trouverez ci-dessous les anciennes \u00e9ditions de l\u2019Inforum, accompagn\u00e9es des documents (pdf) pr\u00e9sent\u00e9s par les orateurs. \u00c9ditions pr\u00e9c\u00e9dentes<\/p>\n","protected":false},"author":1,"featured_media":0,"parent":36,"menu_order":1,"comment_status":"open","ping_status":"open","template":"category-inforum.php","meta":{"_acf_changed":false,"footnotes":""},"class_list":["post-383","page","type-page","status-publish","hentry"],"acf":[],"yoast_head":"<!-- This site is optimized with the Yoast SEO plugin v27.4 - https:\/\/yoast.com\/product\/yoast-seo-wordpress\/ -->\n<title>Inforum - ABD-BVD<\/title>\n<meta name=\"robots\" content=\"index, follow, max-snippet:-1, max-image-preview:large, max-video-preview:-1\" \/>\n<link rel=\"canonical\" href=\"https:\/\/www.abd-bvd.be\/fr\/activites-evenements\/inforum\/\" \/>\n<meta property=\"og:locale\" content=\"fr_FR\" \/>\n<meta property=\"og:type\" content=\"article\" \/>\n<meta property=\"og:title\" content=\"Inforum - ABD-BVD\" \/>\n<meta property=\"og:description\" content=\"Pr\u00e9sentation g\u00e9n\u00e9rale Depuis 1996, l\u2019Inforum est une journ\u00e9e de conf\u00e9rences annuelle trilingue organis\u00e9e par l\u2019ABD-BVD et d\u00e9di\u00e9e aux m\u00e9tiers de l\u2019information et documentation. Les th\u00e9matiques diverses et vari\u00e9es concernent un public de professionnels aussi large que possible. Vous trouverez ci-dessous les anciennes \u00e9ditions de l\u2019Inforum, accompagn\u00e9es des documents (pdf) pr\u00e9sent\u00e9s par les orateurs. \u00c9ditions pr\u00e9c\u00e9dentes\" \/>\n<meta property=\"og:url\" content=\"https:\/\/www.abd-bvd.be\/fr\/activites-evenements\/inforum\/\" \/>\n<meta property=\"og:site_name\" content=\"ABD-BVD\" \/>\n<meta property=\"article:modified_time\" content=\"2024-06-09T20:49:00+00:00\" \/>\n<meta property=\"og:image\" content=\"https:\/\/www.abd-bvd.be\/wp-content\/uploads\/abd-inforum-2024-2.png\" \/>\n<meta name=\"twitter:card\" content=\"summary_large_image\" \/>\n<meta name=\"twitter:label1\" content=\"Dur\u00e9e de lecture estim\u00e9e\" \/>\n\t<meta name=\"twitter:data1\" content=\"1 minute\" \/>\n<script type=\"application\/ld+json\" class=\"yoast-schema-graph\">{\"@context\":\"https:\\\/\\\/schema.org\",\"@graph\":[{\"@type\":\"WebPage\",\"@id\":\"https:\\\/\\\/www.abd-bvd.be\\\/fr\\\/activites-evenements\\\/inforum\\\/\",\"url\":\"https:\\\/\\\/www.abd-bvd.be\\\/fr\\\/activites-evenements\\\/inforum\\\/\",\"name\":\"Inforum - ABD-BVD\",\"isPartOf\":{\"@id\":\"https:\\\/\\\/www.abd-bvd.be\\\/fr\\\/#website\"},\"primaryImageOfPage\":{\"@id\":\"https:\\\/\\\/www.abd-bvd.be\\\/fr\\\/activites-evenements\\\/inforum\\\/#primaryimage\"},\"image\":{\"@id\":\"https:\\\/\\\/www.abd-bvd.be\\\/fr\\\/activites-evenements\\\/inforum\\\/#primaryimage\"},\"thumbnailUrl\":\"https:\\\/\\\/www.abd-bvd.be\\\/wp-content\\\/uploads\\\/abd-inforum-2024-2.png\",\"datePublished\":\"2014-08-22T09:57:12+00:00\",\"dateModified\":\"2024-06-09T20:49:00+00:00\",\"breadcrumb\":{\"@id\":\"https:\\\/\\\/www.abd-bvd.be\\\/fr\\\/activites-evenements\\\/inforum\\\/#breadcrumb\"},\"inLanguage\":\"fr-FR\",\"potentialAction\":[{\"@type\":\"ReadAction\",\"target\":[\"https:\\\/\\\/www.abd-bvd.be\\\/fr\\\/activites-evenements\\\/inforum\\\/\"]}]},{\"@type\":\"ImageObject\",\"inLanguage\":\"fr-FR\",\"@id\":\"https:\\\/\\\/www.abd-bvd.be\\\/fr\\\/activites-evenements\\\/inforum\\\/#primaryimage\",\"url\":\"https:\\\/\\\/www.abd-bvd.be\\\/wp-content\\\/uploads\\\/abd-inforum-2024-2.png\",\"contentUrl\":\"https:\\\/\\\/www.abd-bvd.be\\\/wp-content\\\/uploads\\\/abd-inforum-2024-2.png\"},{\"@type\":\"BreadcrumbList\",\"@id\":\"https:\\\/\\\/www.abd-bvd.be\\\/fr\\\/activites-evenements\\\/inforum\\\/#breadcrumb\",\"itemListElement\":[{\"@type\":\"ListItem\",\"position\":1,\"name\":\"Accueil\",\"item\":\"https:\\\/\\\/www.abd-bvd.be\\\/fr\\\/\"},{\"@type\":\"ListItem\",\"position\":2,\"name\":\"Activit\u00e9s et \u00e9v\u00e8nements\",\"item\":\"https:\\\/\\\/www.abd-bvd.be\\\/fr\\\/activites-evenements\\\/\"},{\"@type\":\"ListItem\",\"position\":3,\"name\":\"Inforum\"}]},{\"@type\":\"WebSite\",\"@id\":\"https:\\\/\\\/www.abd-bvd.be\\\/fr\\\/#website\",\"url\":\"https:\\\/\\\/www.abd-bvd.be\\\/fr\\\/\",\"name\":\"ABD-BVD\",\"description\":\"Association Belge de documentation - Belgische verniging voor documentatie\",\"potentialAction\":[{\"@type\":\"SearchAction\",\"target\":{\"@type\":\"EntryPoint\",\"urlTemplate\":\"https:\\\/\\\/www.abd-bvd.be\\\/fr\\\/?s={search_term_string}\"},\"query-input\":{\"@type\":\"PropertyValueSpecification\",\"valueRequired\":true,\"valueName\":\"search_term_string\"}}],\"inLanguage\":\"fr-FR\"}]}<\/script>\n<!-- \/ Yoast SEO plugin. -->","yoast_head_json":{"title":"Inforum - ABD-BVD","robots":{"index":"index","follow":"follow","max-snippet":"max-snippet:-1","max-image-preview":"max-image-preview:large","max-video-preview":"max-video-preview:-1"},"canonical":"https:\/\/www.abd-bvd.be\/fr\/activites-evenements\/inforum\/","og_locale":"fr_FR","og_type":"article","og_title":"Inforum - ABD-BVD","og_description":"Pr\u00e9sentation g\u00e9n\u00e9rale Depuis 1996, l\u2019Inforum est une journ\u00e9e de conf\u00e9rences annuelle trilingue organis\u00e9e par l\u2019ABD-BVD et d\u00e9di\u00e9e aux m\u00e9tiers de l\u2019information et documentation. Les th\u00e9matiques diverses et vari\u00e9es concernent un public de professionnels aussi large que possible. Vous trouverez ci-dessous les anciennes \u00e9ditions de l\u2019Inforum, accompagn\u00e9es des documents (pdf) pr\u00e9sent\u00e9s par les orateurs. \u00c9ditions pr\u00e9c\u00e9dentes","og_url":"https:\/\/www.abd-bvd.be\/fr\/activites-evenements\/inforum\/","og_site_name":"ABD-BVD","article_modified_time":"2024-06-09T20:49:00+00:00","og_image":[{"url":"https:\/\/www.abd-bvd.be\/wp-content\/uploads\/abd-inforum-2024-2.png","type":"","width":"","height":""}],"twitter_card":"summary_large_image","twitter_misc":{"Dur\u00e9e de lecture estim\u00e9e":"1 minute"},"schema":{"@context":"https:\/\/schema.org","@graph":[{"@type":"WebPage","@id":"https:\/\/www.abd-bvd.be\/fr\/activites-evenements\/inforum\/","url":"https:\/\/www.abd-bvd.be\/fr\/activites-evenements\/inforum\/","name":"Inforum - ABD-BVD","isPartOf":{"@id":"https:\/\/www.abd-bvd.be\/fr\/#website"},"primaryImageOfPage":{"@id":"https:\/\/www.abd-bvd.be\/fr\/activites-evenements\/inforum\/#primaryimage"},"image":{"@id":"https:\/\/www.abd-bvd.be\/fr\/activites-evenements\/inforum\/#primaryimage"},"thumbnailUrl":"https:\/\/www.abd-bvd.be\/wp-content\/uploads\/abd-inforum-2024-2.png","datePublished":"2014-08-22T09:57:12+00:00","dateModified":"2024-06-09T20:49:00+00:00","breadcrumb":{"@id":"https:\/\/www.abd-bvd.be\/fr\/activites-evenements\/inforum\/#breadcrumb"},"inLanguage":"fr-FR","potentialAction":[{"@type":"ReadAction","target":["https:\/\/www.abd-bvd.be\/fr\/activites-evenements\/inforum\/"]}]},{"@type":"ImageObject","inLanguage":"fr-FR","@id":"https:\/\/www.abd-bvd.be\/fr\/activites-evenements\/inforum\/#primaryimage","url":"https:\/\/www.abd-bvd.be\/wp-content\/uploads\/abd-inforum-2024-2.png","contentUrl":"https:\/\/www.abd-bvd.be\/wp-content\/uploads\/abd-inforum-2024-2.png"},{"@type":"BreadcrumbList","@id":"https:\/\/www.abd-bvd.be\/fr\/activites-evenements\/inforum\/#breadcrumb","itemListElement":[{"@type":"ListItem","position":1,"name":"Accueil","item":"https:\/\/www.abd-bvd.be\/fr\/"},{"@type":"ListItem","position":2,"name":"Activit\u00e9s et \u00e9v\u00e8nements","item":"https:\/\/www.abd-bvd.be\/fr\/activites-evenements\/"},{"@type":"ListItem","position":3,"name":"Inforum"}]},{"@type":"WebSite","@id":"https:\/\/www.abd-bvd.be\/fr\/#website","url":"https:\/\/www.abd-bvd.be\/fr\/","name":"ABD-BVD","description":"Association Belge de documentation - Belgische verniging voor documentatie","potentialAction":[{"@type":"SearchAction","target":{"@type":"EntryPoint","urlTemplate":"https:\/\/www.abd-bvd.be\/fr\/?s={search_term_string}"},"query-input":{"@type":"PropertyValueSpecification","valueRequired":true,"valueName":"search_term_string"}}],"inLanguage":"fr-FR"}]}},"_links":{"self":[{"href":"https:\/\/www.abd-bvd.be\/fr\/wp-json\/wp\/v2\/pages\/383","targetHints":{"allow":["GET"]}}],"collection":[{"href":"https:\/\/www.abd-bvd.be\/fr\/wp-json\/wp\/v2\/pages"}],"about":[{"href":"https:\/\/www.abd-bvd.be\/fr\/wp-json\/wp\/v2\/types\/page"}],"author":[{"embeddable":true,"href":"https:\/\/www.abd-bvd.be\/fr\/wp-json\/wp\/v2\/users\/1"}],"replies":[{"embeddable":true,"href":"https:\/\/www.abd-bvd.be\/fr\/wp-json\/wp\/v2\/comments?post=383"}],"version-history":[{"count":8,"href":"https:\/\/www.abd-bvd.be\/fr\/wp-json\/wp\/v2\/pages\/383\/revisions"}],"predecessor-version":[{"id":33353,"href":"https:\/\/www.abd-bvd.be\/fr\/wp-json\/wp\/v2\/pages\/383\/revisions\/33353"}],"up":[{"embeddable":true,"href":"https:\/\/www.abd-bvd.be\/fr\/wp-json\/wp\/v2\/pages\/36"}],"wp:attachment":[{"href":"https:\/\/www.abd-bvd.be\/fr\/wp-json\/wp\/v2\/media?parent=383"}],"curies":[{"name":"wp","href":"https:\/\/api.w.org\/{rel}","templated":true}]}}