{"id":375,"date":"2014-08-22T09:48:32","date_gmt":"2014-08-22T09:48:32","guid":{"rendered":"http:\/\/www.abd-bvd.be\/?page_id=375"},"modified":"2015-09-10T10:40:42","modified_gmt":"2015-09-10T10:40:42","slug":"cahiers-de-la-documentation","status":"publish","type":"page","link":"https:\/\/www.abd-bvd.be\/fr\/publications\/cahiers-de-la-documentation\/","title":{"rendered":"Cahiers de la Documentation"},"content":{"rendered":"<p>Notre revue <em>Cahiers de la Documentation<\/em> para\u00eet trimestriellement. Vous avez acc\u00e8s \u00e0 l&rsquo;int\u00e9gralit\u00e9 des articles publi\u00e9s un an apr\u00e8s leur publication. Bonne lecture !<\/p>\n<p>Nous cherchons r\u00e9guli\u00e8rement des articles \u00e0 publier. Int\u00e9ress\u00e9 ? Consultez la page \u00ab\u00a0\u00c9crire pour les Cahiers\u00a0\u00bb pour en savoir davantage.<\/p>\n<p>&nbsp;<\/p>\n","protected":false},"excerpt":{"rendered":"<p>Notre revue Cahiers de la Documentation para\u00eet trimestriellement. Vous avez acc\u00e8s \u00e0 l&rsquo;int\u00e9gralit\u00e9 des articles publi\u00e9s un an apr\u00e8s leur publication. Bonne lecture ! Nous cherchons r\u00e9guli\u00e8rement des articles \u00e0 publier. Int\u00e9ress\u00e9 ? Consultez la page \u00ab\u00a0\u00c9crire pour les Cahiers\u00a0\u00bb pour en savoir davantage. &nbsp;<\/p>\n","protected":false},"author":1,"featured_media":0,"parent":48,"menu_order":1,"comment_status":"open","ping_status":"open","template":"category-cahiers-documentation.php","meta":{"_acf_changed":false,"footnotes":""},"class_list":["post-375","page","type-page","status-publish","hentry"],"acf":[],"yoast_head":"<!-- This site is optimized with the Yoast SEO plugin v27.4 - https:\/\/yoast.com\/product\/yoast-seo-wordpress\/ -->\n<title>Cahiers de la Documentation - ABD-BVD<\/title>\n<meta name=\"robots\" content=\"index, follow, max-snippet:-1, max-image-preview:large, max-video-preview:-1\" \/>\n<link rel=\"canonical\" href=\"https:\/\/www.abd-bvd.be\/fr\/publications\/cahiers-de-la-documentation\/\" \/>\n<meta property=\"og:locale\" content=\"fr_FR\" \/>\n<meta property=\"og:type\" content=\"article\" \/>\n<meta property=\"og:title\" content=\"Cahiers de la Documentation - ABD-BVD\" \/>\n<meta property=\"og:description\" content=\"Notre revue Cahiers de la Documentation para\u00eet trimestriellement. Vous avez acc\u00e8s \u00e0 l&rsquo;int\u00e9gralit\u00e9 des articles publi\u00e9s un an apr\u00e8s leur publication. Bonne lecture ! Nous cherchons r\u00e9guli\u00e8rement des articles \u00e0 publier. Int\u00e9ress\u00e9 ? Consultez la page \u00ab\u00a0\u00c9crire pour les Cahiers\u00a0\u00bb pour en savoir davantage. &nbsp;\" \/>\n<meta property=\"og:url\" content=\"https:\/\/www.abd-bvd.be\/fr\/publications\/cahiers-de-la-documentation\/\" \/>\n<meta property=\"og:site_name\" content=\"ABD-BVD\" \/>\n<meta property=\"article:modified_time\" content=\"2015-09-10T10:40:42+00:00\" \/>\n<meta name=\"twitter:card\" content=\"summary_large_image\" \/>\n<script type=\"application\/ld+json\" class=\"yoast-schema-graph\">{\"@context\":\"https:\\\/\\\/schema.org\",\"@graph\":[{\"@type\":\"WebPage\",\"@id\":\"https:\\\/\\\/www.abd-bvd.be\\\/fr\\\/publications\\\/cahiers-de-la-documentation\\\/\",\"url\":\"https:\\\/\\\/www.abd-bvd.be\\\/fr\\\/publications\\\/cahiers-de-la-documentation\\\/\",\"name\":\"Cahiers de la Documentation - ABD-BVD\",\"isPartOf\":{\"@id\":\"https:\\\/\\\/www.abd-bvd.be\\\/fr\\\/#website\"},\"datePublished\":\"2014-08-22T09:48:32+00:00\",\"dateModified\":\"2015-09-10T10:40:42+00:00\",\"breadcrumb\":{\"@id\":\"https:\\\/\\\/www.abd-bvd.be\\\/fr\\\/publications\\\/cahiers-de-la-documentation\\\/#breadcrumb\"},\"inLanguage\":\"fr-FR\",\"potentialAction\":[{\"@type\":\"ReadAction\",\"target\":[\"https:\\\/\\\/www.abd-bvd.be\\\/fr\\\/publications\\\/cahiers-de-la-documentation\\\/\"]}]},{\"@type\":\"BreadcrumbList\",\"@id\":\"https:\\\/\\\/www.abd-bvd.be\\\/fr\\\/publications\\\/cahiers-de-la-documentation\\\/#breadcrumb\",\"itemListElement\":[{\"@type\":\"ListItem\",\"position\":1,\"name\":\"Accueil\",\"item\":\"https:\\\/\\\/www.abd-bvd.be\\\/fr\\\/\"},{\"@type\":\"ListItem\",\"position\":2,\"name\":\"Publications\",\"item\":\"https:\\\/\\\/www.abd-bvd.be\\\/fr\\\/publications\\\/\"},{\"@type\":\"ListItem\",\"position\":3,\"name\":\"Cahiers de la Documentation\"}]},{\"@type\":\"WebSite\",\"@id\":\"https:\\\/\\\/www.abd-bvd.be\\\/fr\\\/#website\",\"url\":\"https:\\\/\\\/www.abd-bvd.be\\\/fr\\\/\",\"name\":\"ABD-BVD\",\"description\":\"Association Belge de documentation - Belgische verniging voor documentatie\",\"potentialAction\":[{\"@type\":\"SearchAction\",\"target\":{\"@type\":\"EntryPoint\",\"urlTemplate\":\"https:\\\/\\\/www.abd-bvd.be\\\/fr\\\/?s={search_term_string}\"},\"query-input\":{\"@type\":\"PropertyValueSpecification\",\"valueRequired\":true,\"valueName\":\"search_term_string\"}}],\"inLanguage\":\"fr-FR\"}]}<\/script>\n<!-- \/ Yoast SEO plugin. -->","yoast_head_json":{"title":"Cahiers de la Documentation - ABD-BVD","robots":{"index":"index","follow":"follow","max-snippet":"max-snippet:-1","max-image-preview":"max-image-preview:large","max-video-preview":"max-video-preview:-1"},"canonical":"https:\/\/www.abd-bvd.be\/fr\/publications\/cahiers-de-la-documentation\/","og_locale":"fr_FR","og_type":"article","og_title":"Cahiers de la Documentation - ABD-BVD","og_description":"Notre revue Cahiers de la Documentation para\u00eet trimestriellement. Vous avez acc\u00e8s \u00e0 l&rsquo;int\u00e9gralit\u00e9 des articles publi\u00e9s un an apr\u00e8s leur publication. Bonne lecture ! Nous cherchons r\u00e9guli\u00e8rement des articles \u00e0 publier. Int\u00e9ress\u00e9 ? Consultez la page \u00ab\u00a0\u00c9crire pour les Cahiers\u00a0\u00bb pour en savoir davantage. &nbsp;","og_url":"https:\/\/www.abd-bvd.be\/fr\/publications\/cahiers-de-la-documentation\/","og_site_name":"ABD-BVD","article_modified_time":"2015-09-10T10:40:42+00:00","twitter_card":"summary_large_image","schema":{"@context":"https:\/\/schema.org","@graph":[{"@type":"WebPage","@id":"https:\/\/www.abd-bvd.be\/fr\/publications\/cahiers-de-la-documentation\/","url":"https:\/\/www.abd-bvd.be\/fr\/publications\/cahiers-de-la-documentation\/","name":"Cahiers de la Documentation - ABD-BVD","isPartOf":{"@id":"https:\/\/www.abd-bvd.be\/fr\/#website"},"datePublished":"2014-08-22T09:48:32+00:00","dateModified":"2015-09-10T10:40:42+00:00","breadcrumb":{"@id":"https:\/\/www.abd-bvd.be\/fr\/publications\/cahiers-de-la-documentation\/#breadcrumb"},"inLanguage":"fr-FR","potentialAction":[{"@type":"ReadAction","target":["https:\/\/www.abd-bvd.be\/fr\/publications\/cahiers-de-la-documentation\/"]}]},{"@type":"BreadcrumbList","@id":"https:\/\/www.abd-bvd.be\/fr\/publications\/cahiers-de-la-documentation\/#breadcrumb","itemListElement":[{"@type":"ListItem","position":1,"name":"Accueil","item":"https:\/\/www.abd-bvd.be\/fr\/"},{"@type":"ListItem","position":2,"name":"Publications","item":"https:\/\/www.abd-bvd.be\/fr\/publications\/"},{"@type":"ListItem","position":3,"name":"Cahiers de la Documentation"}]},{"@type":"WebSite","@id":"https:\/\/www.abd-bvd.be\/fr\/#website","url":"https:\/\/www.abd-bvd.be\/fr\/","name":"ABD-BVD","description":"Association Belge de documentation - Belgische verniging voor documentatie","potentialAction":[{"@type":"SearchAction","target":{"@type":"EntryPoint","urlTemplate":"https:\/\/www.abd-bvd.be\/fr\/?s={search_term_string}"},"query-input":{"@type":"PropertyValueSpecification","valueRequired":true,"valueName":"search_term_string"}}],"inLanguage":"fr-FR"}]}},"_links":{"self":[{"href":"https:\/\/www.abd-bvd.be\/fr\/wp-json\/wp\/v2\/pages\/375","targetHints":{"allow":["GET"]}}],"collection":[{"href":"https:\/\/www.abd-bvd.be\/fr\/wp-json\/wp\/v2\/pages"}],"about":[{"href":"https:\/\/www.abd-bvd.be\/fr\/wp-json\/wp\/v2\/types\/page"}],"author":[{"embeddable":true,"href":"https:\/\/www.abd-bvd.be\/fr\/wp-json\/wp\/v2\/users\/1"}],"replies":[{"embeddable":true,"href":"https:\/\/www.abd-bvd.be\/fr\/wp-json\/wp\/v2\/comments?post=375"}],"version-history":[{"count":0,"href":"https:\/\/www.abd-bvd.be\/fr\/wp-json\/wp\/v2\/pages\/375\/revisions"}],"up":[{"embeddable":true,"href":"https:\/\/www.abd-bvd.be\/fr\/wp-json\/wp\/v2\/pages\/48"}],"wp:attachment":[{"href":"https:\/\/www.abd-bvd.be\/fr\/wp-json\/wp\/v2\/media?parent=375"}],"curies":[{"name":"wp","href":"https:\/\/api.w.org\/{rel}","templated":true}]}}