{"id":33,"date":"2014-05-28T08:57:43","date_gmt":"2014-05-28T08:57:43","guid":{"rendered":"http:\/\/www.abd-bvd.be\/?page_id=33"},"modified":"2025-02-21T12:39:03","modified_gmt":"2025-02-21T11:39:03","slug":"conseil-dadministration","status":"publish","type":"page","link":"https:\/\/www.abd-bvd.be\/fr\/a-propos\/conseil-dadministration\/","title":{"rendered":"Organe d&rsquo;administration"},"content":{"rendered":"<p>Pr\u00e9sident : Denis Renard<br \/>\nVice-pr\u00e9sidents : Christopher Boon et Guy Delsaut<br \/>\nSecr\u00e9taire g\u00e9n\u00e9rale : Nad\u00e8ge Isbergue<br \/>\nTr\u00e9sorerie : Beno\u00eet Collet<\/p>\n<h2>Christopher BOON<\/h2>\n<table>\n<tbody>\n<tr>\n<td>Information Officer @ ANPI<br \/>\n<a href=\"mailto:christopherboon@hotmail.com\">christopherboon@hotmail.com<\/a><\/p>\n<p style=\"text-align: justify;\"><strong>Vice-pr\u00e9sident <\/strong>; participe \u00e0 la publication des <em>Cahiers de la Documentation<\/em>,\u00a0\u00e0 l&rsquo;organisation des Doc&rsquo;Moments et \u00e0 l&rsquo;organisation de\u00a0 l&rsquo;Inforum.<\/p>\n<\/td>\n<td style=\"width: 200px;\"><img loading=\"lazy\" decoding=\"async\" class=\"aligncenter wp-image-4888\" src=\"https:\/\/www.abd-bvd.be\/wp-content\/uploads\/CA-RvB_Boon-300x201.jpg\" alt=\"CA-RvB_Boon\" width=\"188\" height=\"126\" srcset=\"https:\/\/www.abd-bvd.be\/wp-content\/uploads\/CA-RvB_Boon-300x201.jpg 300w, https:\/\/www.abd-bvd.be\/wp-content\/uploads\/CA-RvB_Boon-768x514.jpg 768w, https:\/\/www.abd-bvd.be\/wp-content\/uploads\/CA-RvB_Boon-1024x685.jpg 1024w\" sizes=\"auto, (max-width: 188px) 100vw, 188px\" \/><\/td>\n<\/tr>\n<\/tbody>\n<\/table>\n<h2>Laura BRUGMANS<\/h2>\n<table>\n<tbody>\n<tr>\n<td>\n<div dir=\"auto\">Ma\u00eetre assistante, Haute \u00c9cole de la Province de Li\u00e8ge<\/div>\n<div dir=\"auto\"><\/div>\n<\/td>\n<td style=\"width: 200px;\"><\/td>\n<\/tr>\n<\/tbody>\n<\/table>\n<h2>Beno\u00eet COLLET<\/h2>\n<table>\n<tbody>\n<tr>\n<td>\n<div dir=\"auto\">Consultant aux services audiovisuels de la Commission europ\u00e9enne<\/div>\n<div dir=\"auto\">Tr\u00e9sorier; participe \u00e0 la publication des Cahiers de la documentation<\/div>\n<p><a href=\"mailto:benoit.collet@hotmail.com\">benoit.collet@hotmail.com<\/a><\/td>\n<td style=\"width: 200px;\"><img loading=\"lazy\" decoding=\"async\" class=\"alignnone wp-image-8811 size-medium\" src=\"https:\/\/www.abd-bvd.be\/wp-content\/uploads\/CA-RvB_Collet-300x201.png\" alt=\"\" width=\"188\" height=\"126\" \/><\/td>\n<\/tr>\n<\/tbody>\n<\/table>\n<h2>Flore de la PAZ ABRIL<\/h2>\n<table>\n<tbody>\n<tr>\n<td>Responsable de la section des Archives Centrales de la Banque nationale de Belgique<br \/>\n<a href=\"mailto:flore.delapaz@gmail.com\">flore.delapaz@gmail.com<\/a> Participe \u00e0 la publication des<em> Cahiers de la Documentation. <\/em>Flore anime la rubrique \u00ab\u00a0Jobs\u00a0\u00bb de ce site.\u00a0 <em><br \/>\n<\/em><\/td>\n<td style=\"width: 200px;\"><img loading=\"lazy\" decoding=\"async\" class=\"wp-image-4890 aligncenter\" src=\"https:\/\/www.abd-bvd.be\/wp-content\/uploads\/CA-RvB_delaPaz.jpg\" alt=\"CA-RvB_delaPaz\" width=\"188\" height=\"126\" \/><\/td>\n<\/tr>\n<\/tbody>\n<\/table>\n<h2>Guy DELSAUT<\/h2>\n<table>\n<tbody>\n<tr>\n<td>Charg\u00e9 de projets information \/ communication \/ \u00e9v\u00e9nements, Badje ASBL<br \/>\n<a href=\"mailto:delsautg@gmail.com\">delsautg@gmail.com<\/a><\/p>\n<p style=\"text-align: justify;\"><strong>Vice-Pr\u00e9sident <\/strong>; coordonne la publication des<em> Cahiers de la Documentation<\/em> ; g\u00e8re les comptes ABD-BVD sur les r\u00e9seaux sociaux.<\/p>\n<\/td>\n<td style=\"width: 200px;\"><img loading=\"lazy\" decoding=\"async\" class=\"wp-image-4891 aligncenter\" src=\"https:\/\/www.abd-bvd.be\/wp-content\/uploads\/CA-RvB_Delsaut-300x201.jpg\" alt=\"CA-RvB_Delsaut\" width=\"188\" height=\"126\" srcset=\"https:\/\/www.abd-bvd.be\/wp-content\/uploads\/CA-RvB_Delsaut-300x201.jpg 300w, https:\/\/www.abd-bvd.be\/wp-content\/uploads\/CA-RvB_Delsaut-768x514.jpg 768w, https:\/\/www.abd-bvd.be\/wp-content\/uploads\/CA-RvB_Delsaut-1024x685.jpg 1024w\" sizes=\"auto, (max-width: 188px) 100vw, 188px\" \/><\/td>\n<\/tr>\n<\/tbody>\n<\/table>\n<h2>Nad\u00e8ge ISBERGUE<\/h2>\n<table>\n<tbody>\n<tr>\n<td>Responsable de la cellule P\u00e9riodiques, KBR<br \/>\n<a href=\"mailto:Nadege.Isbergue@kbr.be\">Nadege.Isbergue@kbr.be<\/a><\/p>\n<p style=\"text-align: justify;\"><strong>Secr\u00e9taire g\u00e9n\u00e9rale:<\/strong> Participe \u00e0 la publication des<em> Cahiers de la Documentation<\/em>, \u00e0 l&rsquo;organisation des Doc&rsquo;Moment, au groupe \u00ab\u00a0\u00c9coles\u00a0\u00bb et au groupe \u00ab\u00a0M\u00e9tiers\u00a0\u00bb.<\/p>\n<\/td>\n<td style=\"width: 200px;\"><\/td>\n<\/tr>\n<\/tbody>\n<\/table>\n<h2>Ingrid KOKELENBERG<\/h2>\n<table>\n<tbody>\n<tr>\n<td>Legal Risk Manager, KBC Bank &amp; Verzekeringen<br \/>\n<a href=\"mailto:kokelenberg@yahoo.co.uk\">kokelenberg@yahoo.co.uk<\/a><\/p>\n<p style=\"text-align: justify;\">Participe \u00e0 la publication des<em> Cahiers de la Documentation.<\/em><\/p>\n<\/td>\n<td style=\"width: 200px;\"><img loading=\"lazy\" decoding=\"async\" class=\"wp-image-4897 aligncenter\" src=\"https:\/\/www.abd-bvd.be\/wp-content\/uploads\/CA-RvB_Koekelenberg.jpg\" alt=\"CA-RvB_Koekelenberg\" width=\"188\" height=\"126\" \/><\/td>\n<\/tr>\n<\/tbody>\n<\/table>\n<h2>Denis RENARD<\/h2>\n<table>\n<tbody>\n<tr>\n<td>Wallonie-Entreprendre<br \/>\n<a href=\"mailto:webmaster@abd-bvd.be\">webmaster@abd-bvd.be<\/a><\/p>\n<p style=\"text-align: justify;\"><strong>Pr\u00e9sident;<\/strong> Webmaster ; coordonne la gestion du site internet ; g\u00e8re les listes de diffusion ; participe \u00e0 la publication des <em>Cahiers de la Documentation<\/em>.<\/p>\n<\/td>\n<\/tr>\n<\/tbody>\n<\/table>\n<p>&nbsp;<\/p>\n<p>Les administrateurs sont \u00e9lus \u00e0 titre personnel et ne repr\u00e9sentent pas leur employeur au sein de l&rsquo;Organe d&rsquo;administration.<\/p>\n<div id=\"ff_peerindex_tooltip\"><\/div>\n","protected":false},"excerpt":{"rendered":"<p>Pr\u00e9sident : Denis Renard Vice-pr\u00e9sidents : Christopher Boon et Guy Delsaut Secr\u00e9taire g\u00e9n\u00e9rale : Nad\u00e8ge Isbergue Tr\u00e9sorerie : Beno\u00eet Collet Christopher BOON Information Officer @ ANPI christopherboon@hotmail.com Vice-pr\u00e9sident ; participe \u00e0 la publication des Cahiers de la Documentation,\u00a0\u00e0 l&rsquo;organisation des Doc&rsquo;Moments et \u00e0 l&rsquo;organisation de\u00a0 l&rsquo;Inforum. Laura BRUGMANS Ma\u00eetre assistante, Haute \u00c9cole de la Province [&hellip;]<\/p>\n","protected":false},"author":1,"featured_media":0,"parent":20,"menu_order":3,"comment_status":"open","ping_status":"closed","template":"","meta":{"_acf_changed":false,"footnotes":""},"class_list":["post-33","page","type-page","status-publish","hentry"],"acf":[],"yoast_head":"<!-- This site is optimized with the Yoast SEO plugin v27.3 - https:\/\/yoast.com\/product\/yoast-seo-wordpress\/ -->\n<title>Organe d&#039;administration - ABD-BVD<\/title>\n<meta name=\"robots\" content=\"index, follow, max-snippet:-1, max-image-preview:large, max-video-preview:-1\" \/>\n<link rel=\"canonical\" href=\"https:\/\/www.abd-bvd.be\/fr\/a-propos\/conseil-dadministration\/\" \/>\n<meta property=\"og:locale\" content=\"fr_FR\" \/>\n<meta property=\"og:type\" content=\"article\" \/>\n<meta property=\"og:title\" content=\"Organe d&#039;administration - ABD-BVD\" \/>\n<meta property=\"og:description\" content=\"Pr\u00e9sident : Denis Renard Vice-pr\u00e9sidents : Christopher Boon et Guy Delsaut Secr\u00e9taire g\u00e9n\u00e9rale : Nad\u00e8ge Isbergue Tr\u00e9sorerie : Beno\u00eet Collet Christopher BOON Information Officer @ ANPI christopherboon@hotmail.com Vice-pr\u00e9sident ; participe \u00e0 la publication des Cahiers de la Documentation,\u00a0\u00e0 l&rsquo;organisation des Doc&rsquo;Moments et \u00e0 l&rsquo;organisation de\u00a0 l&rsquo;Inforum. Laura BRUGMANS Ma\u00eetre assistante, Haute \u00c9cole de la Province [&hellip;]\" \/>\n<meta property=\"og:url\" content=\"https:\/\/www.abd-bvd.be\/fr\/a-propos\/conseil-dadministration\/\" \/>\n<meta property=\"og:site_name\" content=\"ABD-BVD\" \/>\n<meta property=\"article:modified_time\" content=\"2025-02-21T11:39:03+00:00\" \/>\n<meta property=\"og:image\" content=\"https:\/\/www.abd-bvd.be\/wp-content\/uploads\/CA-RvB_Boon-1024x685.jpg\" \/>\n\t<meta property=\"og:image:width\" content=\"1024\" \/>\n\t<meta property=\"og:image:height\" content=\"685\" \/>\n\t<meta property=\"og:image:type\" content=\"image\/jpeg\" \/>\n<meta name=\"twitter:card\" content=\"summary_large_image\" \/>\n<meta name=\"twitter:label1\" content=\"Dur\u00e9e de lecture estim\u00e9e\" \/>\n\t<meta name=\"twitter:data1\" content=\"3 minutes\" \/>\n<script type=\"application\/ld+json\" class=\"yoast-schema-graph\">{\"@context\":\"https:\\\/\\\/schema.org\",\"@graph\":[{\"@type\":\"WebPage\",\"@id\":\"https:\\\/\\\/www.abd-bvd.be\\\/fr\\\/a-propos\\\/conseil-dadministration\\\/\",\"url\":\"https:\\\/\\\/www.abd-bvd.be\\\/fr\\\/a-propos\\\/conseil-dadministration\\\/\",\"name\":\"Organe d'administration - ABD-BVD\",\"isPartOf\":{\"@id\":\"https:\\\/\\\/www.abd-bvd.be\\\/fr\\\/#website\"},\"primaryImageOfPage\":{\"@id\":\"https:\\\/\\\/www.abd-bvd.be\\\/fr\\\/a-propos\\\/conseil-dadministration\\\/#primaryimage\"},\"image\":{\"@id\":\"https:\\\/\\\/www.abd-bvd.be\\\/fr\\\/a-propos\\\/conseil-dadministration\\\/#primaryimage\"},\"thumbnailUrl\":\"https:\\\/\\\/www.abd-bvd.be\\\/wp-content\\\/uploads\\\/CA-RvB_Boon-300x201.jpg\",\"datePublished\":\"2014-05-28T08:57:43+00:00\",\"dateModified\":\"2025-02-21T11:39:03+00:00\",\"breadcrumb\":{\"@id\":\"https:\\\/\\\/www.abd-bvd.be\\\/fr\\\/a-propos\\\/conseil-dadministration\\\/#breadcrumb\"},\"inLanguage\":\"fr-FR\",\"potentialAction\":[{\"@type\":\"ReadAction\",\"target\":[\"https:\\\/\\\/www.abd-bvd.be\\\/fr\\\/a-propos\\\/conseil-dadministration\\\/\"]}]},{\"@type\":\"ImageObject\",\"inLanguage\":\"fr-FR\",\"@id\":\"https:\\\/\\\/www.abd-bvd.be\\\/fr\\\/a-propos\\\/conseil-dadministration\\\/#primaryimage\",\"url\":\"https:\\\/\\\/www.abd-bvd.be\\\/wp-content\\\/uploads\\\/CA-RvB_Boon-300x201.jpg\",\"contentUrl\":\"https:\\\/\\\/www.abd-bvd.be\\\/wp-content\\\/uploads\\\/CA-RvB_Boon-300x201.jpg\"},{\"@type\":\"BreadcrumbList\",\"@id\":\"https:\\\/\\\/www.abd-bvd.be\\\/fr\\\/a-propos\\\/conseil-dadministration\\\/#breadcrumb\",\"itemListElement\":[{\"@type\":\"ListItem\",\"position\":1,\"name\":\"Accueil\",\"item\":\"https:\\\/\\\/www.abd-bvd.be\\\/fr\\\/\"},{\"@type\":\"ListItem\",\"position\":2,\"name\":\"ABD-BVD\",\"item\":\"https:\\\/\\\/www.abd-bvd.be\\\/fr\\\/a-propos\\\/\"},{\"@type\":\"ListItem\",\"position\":3,\"name\":\"Organe d&rsquo;administration\"}]},{\"@type\":\"WebSite\",\"@id\":\"https:\\\/\\\/www.abd-bvd.be\\\/fr\\\/#website\",\"url\":\"https:\\\/\\\/www.abd-bvd.be\\\/fr\\\/\",\"name\":\"ABD-BVD\",\"description\":\"Association Belge de documentation - Belgische verniging voor documentatie\",\"potentialAction\":[{\"@type\":\"SearchAction\",\"target\":{\"@type\":\"EntryPoint\",\"urlTemplate\":\"https:\\\/\\\/www.abd-bvd.be\\\/fr\\\/?s={search_term_string}\"},\"query-input\":{\"@type\":\"PropertyValueSpecification\",\"valueRequired\":true,\"valueName\":\"search_term_string\"}}],\"inLanguage\":\"fr-FR\"}]}<\/script>\n<!-- \/ Yoast SEO plugin. -->","yoast_head_json":{"title":"Organe d'administration - ABD-BVD","robots":{"index":"index","follow":"follow","max-snippet":"max-snippet:-1","max-image-preview":"max-image-preview:large","max-video-preview":"max-video-preview:-1"},"canonical":"https:\/\/www.abd-bvd.be\/fr\/a-propos\/conseil-dadministration\/","og_locale":"fr_FR","og_type":"article","og_title":"Organe d'administration - ABD-BVD","og_description":"Pr\u00e9sident : Denis Renard Vice-pr\u00e9sidents : Christopher Boon et Guy Delsaut Secr\u00e9taire g\u00e9n\u00e9rale : Nad\u00e8ge Isbergue Tr\u00e9sorerie : Beno\u00eet Collet Christopher BOON Information Officer @ ANPI christopherboon@hotmail.com Vice-pr\u00e9sident ; participe \u00e0 la publication des Cahiers de la Documentation,\u00a0\u00e0 l&rsquo;organisation des Doc&rsquo;Moments et \u00e0 l&rsquo;organisation de\u00a0 l&rsquo;Inforum. Laura BRUGMANS Ma\u00eetre assistante, Haute \u00c9cole de la Province [&hellip;]","og_url":"https:\/\/www.abd-bvd.be\/fr\/a-propos\/conseil-dadministration\/","og_site_name":"ABD-BVD","article_modified_time":"2025-02-21T11:39:03+00:00","og_image":[{"width":1024,"height":685,"url":"https:\/\/www.abd-bvd.be\/wp-content\/uploads\/CA-RvB_Boon-1024x685.jpg","type":"image\/jpeg"}],"twitter_card":"summary_large_image","twitter_misc":{"Dur\u00e9e de lecture estim\u00e9e":"3 minutes"},"schema":{"@context":"https:\/\/schema.org","@graph":[{"@type":"WebPage","@id":"https:\/\/www.abd-bvd.be\/fr\/a-propos\/conseil-dadministration\/","url":"https:\/\/www.abd-bvd.be\/fr\/a-propos\/conseil-dadministration\/","name":"Organe d'administration - ABD-BVD","isPartOf":{"@id":"https:\/\/www.abd-bvd.be\/fr\/#website"},"primaryImageOfPage":{"@id":"https:\/\/www.abd-bvd.be\/fr\/a-propos\/conseil-dadministration\/#primaryimage"},"image":{"@id":"https:\/\/www.abd-bvd.be\/fr\/a-propos\/conseil-dadministration\/#primaryimage"},"thumbnailUrl":"https:\/\/www.abd-bvd.be\/wp-content\/uploads\/CA-RvB_Boon-300x201.jpg","datePublished":"2014-05-28T08:57:43+00:00","dateModified":"2025-02-21T11:39:03+00:00","breadcrumb":{"@id":"https:\/\/www.abd-bvd.be\/fr\/a-propos\/conseil-dadministration\/#breadcrumb"},"inLanguage":"fr-FR","potentialAction":[{"@type":"ReadAction","target":["https:\/\/www.abd-bvd.be\/fr\/a-propos\/conseil-dadministration\/"]}]},{"@type":"ImageObject","inLanguage":"fr-FR","@id":"https:\/\/www.abd-bvd.be\/fr\/a-propos\/conseil-dadministration\/#primaryimage","url":"https:\/\/www.abd-bvd.be\/wp-content\/uploads\/CA-RvB_Boon-300x201.jpg","contentUrl":"https:\/\/www.abd-bvd.be\/wp-content\/uploads\/CA-RvB_Boon-300x201.jpg"},{"@type":"BreadcrumbList","@id":"https:\/\/www.abd-bvd.be\/fr\/a-propos\/conseil-dadministration\/#breadcrumb","itemListElement":[{"@type":"ListItem","position":1,"name":"Accueil","item":"https:\/\/www.abd-bvd.be\/fr\/"},{"@type":"ListItem","position":2,"name":"ABD-BVD","item":"https:\/\/www.abd-bvd.be\/fr\/a-propos\/"},{"@type":"ListItem","position":3,"name":"Organe d&rsquo;administration"}]},{"@type":"WebSite","@id":"https:\/\/www.abd-bvd.be\/fr\/#website","url":"https:\/\/www.abd-bvd.be\/fr\/","name":"ABD-BVD","description":"Association Belge de documentation - Belgische verniging voor documentatie","potentialAction":[{"@type":"SearchAction","target":{"@type":"EntryPoint","urlTemplate":"https:\/\/www.abd-bvd.be\/fr\/?s={search_term_string}"},"query-input":{"@type":"PropertyValueSpecification","valueRequired":true,"valueName":"search_term_string"}}],"inLanguage":"fr-FR"}]}},"_links":{"self":[{"href":"https:\/\/www.abd-bvd.be\/fr\/wp-json\/wp\/v2\/pages\/33","targetHints":{"allow":["GET"]}}],"collection":[{"href":"https:\/\/www.abd-bvd.be\/fr\/wp-json\/wp\/v2\/pages"}],"about":[{"href":"https:\/\/www.abd-bvd.be\/fr\/wp-json\/wp\/v2\/types\/page"}],"author":[{"embeddable":true,"href":"https:\/\/www.abd-bvd.be\/fr\/wp-json\/wp\/v2\/users\/1"}],"replies":[{"embeddable":true,"href":"https:\/\/www.abd-bvd.be\/fr\/wp-json\/wp\/v2\/comments?post=33"}],"version-history":[{"count":76,"href":"https:\/\/www.abd-bvd.be\/fr\/wp-json\/wp\/v2\/pages\/33\/revisions"}],"predecessor-version":[{"id":36257,"href":"https:\/\/www.abd-bvd.be\/fr\/wp-json\/wp\/v2\/pages\/33\/revisions\/36257"}],"up":[{"embeddable":true,"href":"https:\/\/www.abd-bvd.be\/fr\/wp-json\/wp\/v2\/pages\/20"}],"wp:attachment":[{"href":"https:\/\/www.abd-bvd.be\/fr\/wp-json\/wp\/v2\/media?parent=33"}],"curies":[{"name":"wp","href":"https:\/\/api.w.org\/{rel}","templated":true}]}}