{"id":30,"date":"2014-05-28T08:57:33","date_gmt":"2014-05-28T08:57:33","guid":{"rendered":"http:\/\/www.abd-bvd.be\/?page_id=30"},"modified":"2020-10-20T18:33:01","modified_gmt":"2020-10-20T16:33:01","slug":"statuts","status":"publish","type":"page","link":"https:\/\/www.abd-bvd.be\/fr\/a-propos\/statuts\/","title":{"rendered":"Statuts"},"content":{"rendered":"<p>Statuts coordonn\u00e9s au 29 septembre 2020, tels qu&rsquo;approuv\u00e9s par l&rsquo;Assembl\u00e9e G\u00e9n\u00e9rale extraordinaire du 29 septembre 2020.<\/p>\n<h2>Article 1. D\u00e9nomination et dur\u00e9e<\/h2>\n<h3>D\u00e9nomination :<\/h3>\n<p>1.1. L&rsquo;Association sans but lucratif est d\u00e9nomm\u00e9e en fran\u00e7ais \u00ab\u00a0Association Belge de Documentation\u00a0\u00bb, en n\u00e9erlandais \u00ab\u00a0Belgische Vereniging voor Documentatie\u00a0\u00bb, en abr\u00e9g\u00e9 \u00ab\u00a0ABD-BVD\u00a0\u00bb, dans toutes les langues.<\/p>\n<h3>Dur\u00e9e :<\/h3>\n<p>1.2. La dur\u00e9e de l&rsquo;Association est illimit\u00e9e. L&rsquo;ann\u00e9e sociale commence le 1<sup>er<\/sup> janvier.<\/p>\n<h2>Article 2. Si\u00e8ge social<\/h2>\n<p>2.1. Le si\u00e8ge social est fix\u00e9 en R\u00e9gion de Bruxelles-Capitale, dans l&rsquo;arrondissement judiciaire de Bruxelles.<\/p>\n<p>2.2. Le Conseil d&rsquo;administration peut d\u00e9signer un si\u00e8ge administratif s&rsquo;il le juge utile.<\/p>\n<h2>Article 3. Objet<\/h2>\n<p>3.1. L&rsquo;Association, de caract\u00e8re essentiellement scientifique, a pour objet :<\/p>\n<p style=\"padding-left: 40px;\">a) l&rsquo;\u00e9tude et la promotion des m\u00e9tiers li\u00e9s \u00e0 la gestion de l&rsquo;information et de la documentation ;<br \/>\nb) la diffusion des opinions et la repr\u00e9sentation des int\u00e9r\u00eats de ses membres sur le plan national et international ;<br \/>\nc) le concours \u00e0 l&rsquo;information de ses membres et le renforcement entre eux des liens de coop\u00e9ration et de solidarit\u00e9.<\/p>\n<p>3.2. \u00c0 cette fin, elle peut poser tout acte se rapportant directement ou indirectement \u00e0 son objet et notamment organiser tout type de r\u00e9unions, visites, formations ou colloques ; publier tout document, \u00e9tude ou publication r\u00e9guli\u00e8re\u00a0; participer \u00e0 tout groupe de travail.<\/p>\n<h2><strong>Article 4. \u00c9galit\u00e9 des genres<\/strong><\/h2>\n<p>4.1. Le masculin est utilis\u00e9 dans ce texte sans aucune discrimination de genre et dans le seul but d&rsquo;all\u00e9ger le texte.<\/p>\n<h2>Article 5. Membres<\/h2>\n<p>5.1. L&rsquo;Association est compos\u00e9e de membres effectifs \u00e0 titre individuel ou \u00e0 titre collectif. Seules les personnes physiques peuvent \u00eatre membre \u00e0 titre individuel, les membres effectifs \u00e0 titre collectif pouvant \u00eatre des personnes morales ou des associations de fait.<\/p>\n<p>Le nombre de membres effectifs est illimit\u00e9 avec un minimum de cinq.<\/p>\n<p>5.2. Devient membre effectif toute personne, physique ou morale, pratiquant une activit\u00e9 li\u00e9e \u00e0 la gestion de l&rsquo;information ou de la documentation ou manifestant un int\u00e9r\u00eat pour ce sujet, ayant adress\u00e9 une demande \u00e9crite au secr\u00e9tariat de l&rsquo;Association et dont la candidature a \u00e9t\u00e9 agr\u00e9\u00e9e par le conseil d&rsquo;administration.<\/p>\n<p>Les membres collectifs disposent de quatre repr\u00e9sentants. Le premier a le statut de membre effectif et repr\u00e9sente la personne morale. Les trois autres ont le statut de membre adh\u00e9rent.<\/p>\n<p>Les instituts d&rsquo;enseignement, les associations sans but lucratif ou autres associations b\u00e9n\u00e9ficient d&rsquo;un tarif r\u00e9duit.<\/p>\n<p>Les \u00e9tudiants r\u00e9guli\u00e8rement inscrits dans un institut d\u2019enseignement b\u00e9n\u00e9ficient d&rsquo;un tarif r\u00e9duit.<\/p>\n<p>Les membres d&rsquo;honneur sont exempt\u00e9s de cotisation. Leur qualit\u00e9 leur est reconnue par l\u2019Assembl\u00e9e g\u00e9n\u00e9rale sur proposition du Conseil d\u2019administration. Elle atteste de m\u00e9rites exceptionnels ou de la qualit\u00e9 des services rendus \u00e0 l\u2019Association.<\/p>\n<p>Le titre de membre fondateur est exclusivement r\u00e9serv\u00e9 aux membres nomm\u00e9ment cit\u00e9s dans les statuts de 1947<\/p>\n<p>L&rsquo;admission implique de la part du candidat l&rsquo;adh\u00e9sion aux statuts et aux r\u00e8glements de l&rsquo;Association.<\/p>\n<p>5.3. L&rsquo;Assembl\u00e9e g\u00e9n\u00e9rale peut admettre d&rsquo;autres cat\u00e9gories de membres. Ceux-ci ne sont pas effectifs. Leurs droits et obligations sont d\u00e9termin\u00e9s par le r\u00e8glement d&rsquo;ordre int\u00e9rieur.<\/p>\n<p>5.4. Les d\u00e9missions et exclusions des membres ont lieu dans les conditions d\u00e9termin\u00e9es par l&rsquo;article 9:23 du Code des soci\u00e9t\u00e9s et associations.<\/p>\n<p>Le membre effectif ou adh\u00e9rent qui n&rsquo;a pas pay\u00e9 sa cotisation apr\u00e8s deux rappels est r\u00e9put\u00e9 d\u00e9missionnaire.<\/p>\n<p>Le repr\u00e9sentant d&rsquo;un membre collectif est r\u00e9put\u00e9 d\u00e9missionnaire s&rsquo;il n&rsquo;existe plus de lien formel entre lui et la personne morale qui est membre effectif de l&rsquo;Association.<\/p>\n<p>5.5. Le membre effectif d\u00e9missionnaire ou exclu et les ayants droit d&rsquo;un membre effectif d\u00e9missionnaire, exclu ou d\u00e9funt n&rsquo;ont aucun droit sur l&rsquo;avoir social.<\/p>\n<h2>Article 6. Cotisations<\/h2>\n<p>6.1. Le montant de la cotisation annuelle des membres effectifs est fix\u00e9 par le Conseil d&rsquo;administration. Il ne pourra \u00eatre sup\u00e9rieur \u00e0 700 euros.<\/p>\n<p>6.2. Les cotisations des membres adh\u00e9rents, \u00e9galement fix\u00e9es par le Conseil d&rsquo;administration, sont consid\u00e9r\u00e9es comme des lib\u00e9ralit\u00e9s mobili\u00e8res et trait\u00e9es conform\u00e9ment au dernier alin\u00e9a de l&rsquo;article 10:11 du Code des soci\u00e9t\u00e9s et associations.<\/p>\n<h2>Article 7. Assembl\u00e9e g\u00e9n\u00e9rale<\/h2>\n<h3>G\u00e9n\u00e9ralit\u00e9s :<\/h3>\n<p>7.1. L&rsquo;Assembl\u00e9e g\u00e9n\u00e9rale est compos\u00e9e de tous les membres effectifs. Elle est pr\u00e9sid\u00e9e par le Pr\u00e9sident du Conseil d&rsquo;administration, ou \u00e0 son d\u00e9faut par un des Vice-pr\u00e9sidents, le Secr\u00e9taire g\u00e9n\u00e9ral ou encore \u00e0 leur d\u00e9faut par le plus ancien des administrateurs pr\u00e9sents. Elle se r\u00e9unit au si\u00e8ge de l&rsquo;Association ou dans tout endroit pr\u00e9cis\u00e9 lors de sa convocation.<\/p>\n<p>Elle a les pouvoirs les plus larges dans les limites pr\u00e9vues par la loi. Ses d\u00e9cisions sont obligatoires pour tous les membres de l&rsquo;Association, pr\u00e9sents ou absents.<\/p>\n<h3>Convocation et ordre du jour :<\/h3>\n<p>7.2. L&rsquo;Assembl\u00e9e se r\u00e9unit sur la convocation du Conseil d&rsquo;administration. Une Assembl\u00e9e g\u00e9n\u00e9rale extraordinaire peut \u00e9galement \u00eatre convoqu\u00e9e \u00e0 la demande d&rsquo;au moins un cinqui\u00e8me des membres effectifs.<\/p>\n<p>Les convocations contiennent l&rsquo;ordre du jour, le lieu, la date et l&rsquo;heure de la tenue de l&rsquo;Assembl\u00e9e. L&rsquo;ordre du jour est \u00e9tabli par le Conseil d&rsquo;administration. Toute proposition sign\u00e9e par un cinqui\u00e8me des membres effectifs est \u00e9galement inscrite \u00e0 l&rsquo;ordre du jour.<\/p>\n<p>Sauf accord unanime des membres pr\u00e9sents, l&rsquo;Assembl\u00e9e ne peut d\u00e9lib\u00e9rer que sur les points port\u00e9s \u00e0 l&rsquo;ordre du jour.<\/p>\n<p>7.3. Les convocations sont faites soit par lettre missive, par courrier \u00e9lectronique ou publication dans un organe de l\u2019Association au moins trois semaines avant la date de l\u2019Assembl\u00e9e.<\/p>\n<h3>Vote :<\/h3>\n<p>7.4. \u00c0 l&rsquo;Assembl\u00e9e g\u00e9n\u00e9rale, chaque membre effectif a droit \u00e0 une voix.<\/p>\n<p>Chaque membre effectif peut se faire repr\u00e9senter par un membre effectif ou adh\u00e9rent et muni d&rsquo;une procuration du premier. Nul membre ne peut repr\u00e9senter plus de trois autres membres.<\/p>\n<p>7.5. Le vote secret n&rsquo;est pas exig\u00e9 sauf pour l&rsquo;\u00e9lection des membres du Conseil d&rsquo;administration, pour les radiations ou si dix pour cent des membres pr\u00e9sents le demandent.<\/p>\n<p>7.6. L&rsquo;Assembl\u00e9e est valablement constitu\u00e9e quel que soit le nombre de membres effectifs pr\u00e9sents ou repr\u00e9sent\u00e9s et ses d\u00e9cisions sont prises \u00e0 la majorit\u00e9 simple des voix \u00e9mises. En cas de parit\u00e9 de voix, le Pr\u00e9sident propose une alternative.<\/p>\n<p>Par d\u00e9rogation aux dispositions pr\u00e9c\u00e9dentes, les d\u00e9cisions de l&rsquo;Assembl\u00e9e g\u00e9n\u00e9rale comportant modifications aux statuts, exclusion d&rsquo;un membre effectif ou dissolution volontaire de l&rsquo;Association, ne peuvent \u00eatre prises que moyennant les conditions sp\u00e9ciales de pr\u00e9sence, de majorit\u00e9 et \u00e9ventuellement d&rsquo;homologation judiciaire requises par les articles 9:21, 9:23 et 2:110 du Code des soci\u00e9t\u00e9s et associations.<\/p>\n<h3>Proc\u00e8s-Verbal :<\/h3>\n<p>7.7. Les proc\u00e8s-verbaux des Assembl\u00e9es<u>\u00a0<\/u>g\u00e9n\u00e9rales sont sign\u00e9s par le Pr\u00e9sident, le Secr\u00e9taire G\u00e9n\u00e9ral et le Tr\u00e9sorier, ainsi que par tout membre qui en ferait la demande et sont port\u00e9s \u00e0 la connaissance des membres et des tiers par un organe de l&rsquo;Association ou par lettre missive.<\/p>\n<h3>Assembl\u00e9e g\u00e9n\u00e9rale ordinaire :<\/h3>\n<p>7.8. L&rsquo;Assembl\u00e9e g\u00e9n\u00e9rale ordinaire se r\u00e9unit chaque ann\u00e9e dans le courant du premier trimestre qui suit la fin de l&rsquo;ann\u00e9e sociale.<\/p>\n<p>Son ordre du jour comporte n\u00e9cessairement :<\/p>\n<ul>\n<li>un rapport du Conseil d&rsquo;administration sur l&rsquo;exercice \u00e9coul\u00e9 ;<\/li>\n<li>l&rsquo;approbation des comptes ;<\/li>\n<li>l&rsquo;\u00e9lection de nouveaux membres du Conseil d&rsquo;administration et le remplacement des membres dont le mandat vient \u00e0 \u00e9ch\u00e9ance ;<\/li>\n<li>la d\u00e9signation de deux commissaires aux comptes.<\/li>\n<\/ul>\n<p>7.9. Par d\u00e9rogation \u00e0 l&rsquo;article 7.8, l&rsquo;Assembl\u00e9e g\u00e9n\u00e9rale peut \u00eatre report\u00e9e pour raison de force majeure. Le d\u00e9lai de convocation pour la nouvelle Assembl\u00e9e doit \u00eatre respect\u00e9.<\/p>\n<h2>Article 8. Conseil d&rsquo;administration<\/h2>\n<h3>G\u00e9n\u00e9ralit\u00e9s :<\/h3>\n<p>8.1. Le Conseil d&rsquo;administration repr\u00e9sente l&rsquo;Association et a tous les pouvoirs d&rsquo;ex\u00e9cution au sein de celle-ci, dans les limites des statuts et des actions qui lui sont confi\u00e9es par l&rsquo;Assembl\u00e9e g\u00e9n\u00e9rale.<\/p>\n<h3>Composition :<\/h3>\n<p>8.2. Le Conseil d&rsquo;administration fixe le nombre de membres du Conseil d&rsquo;administration, avec un minimum de cinq membres. Les membres du Conseil d&rsquo;administration sont nomm\u00e9s et r\u00e9vocables par l&rsquo;Assembl\u00e9e g\u00e9n\u00e9rale. Les membres du Conseil d&rsquo;administration sont \u00e9lus \u00e0 la majorit\u00e9 simple des membres effectifs pr\u00e9sents ou repr\u00e9sent\u00e9s.<\/p>\n<p>8.3. La dur\u00e9e du mandat est de deux ans. Les administrateurs sortants sont r\u00e9\u00e9ligibles. Est candidat tout membre, effectif ou adh\u00e9rent, ayant pos\u00e9 sa candidature par \u00e9crit au secr\u00e9tariat de l&rsquo;Association au moins une semaine avant l&rsquo;assembl\u00e9e g\u00e9n\u00e9rale, selon la proc\u00e9dure d\u00e9crite dans la convocation. Cette disposition s&rsquo;applique \u00e9galement aux membres du Conseil d\u2019administration sortants et r\u00e9\u00e9ligibles.<\/p>\n<p>En cas de report pour raison de force majeure, la date limite des candidatures est \u00e9galement report\u00e9e.<\/p>\n<h3>Modalit\u00e9s de fonctionnement :<\/h3>\n<p>8.4. Le membre du Conseil d\u2019administration qui s&rsquo;abstient d&rsquo;assister \u00e0 trois r\u00e9unions successives du Conseil d&rsquo;administration sans \u00eatre excus\u00e9 est r\u00e9put\u00e9 d\u00e9missionnaire.<\/p>\n<p>8.5. Le Conseil d&rsquo;administration, dans un d\u00e9lai maximum d&rsquo;un mois suivant l&rsquo;Assembl\u00e9e g\u00e9n\u00e9rale, d\u00e9signe en son sein un Pr\u00e9sident, un ou plusieurs Vice-pr\u00e9sidents, un Secr\u00e9taire g\u00e9n\u00e9ral et un Tr\u00e9sorier. Nul membre ne peut assurer la m\u00eame fonction plus de cinq ann\u00e9es cons\u00e9cutives, sauf d\u00e9signation explicite par une Assembl\u00e9e g\u00e9n\u00e9rale extraordinaire, pour une dur\u00e9e d&rsquo;une ann\u00e9e.<\/p>\n<p>8.6. Le Conseil d&rsquo;administration se r\u00e9unit au moins tous les trois mois. La date et l&rsquo;ordre du jour des r\u00e9unions sont communiqu\u00e9s \u00e0 l&rsquo;ensemble des membres de l&rsquo;Association. Chaque membre du Conseil d&rsquo;administration peut proposer, par l&rsquo;interm\u00e9diaire du Secr\u00e9taire g\u00e9n\u00e9ral, les points qu&rsquo;il souhaite voir abord\u00e9s par le Conseil.<\/p>\n<p>Le membre du Conseil d&rsquo;administration emp\u00each\u00e9 peut s&rsquo;y faire repr\u00e9senter par un autre membre du Conseil. Les modalit\u00e9s de repr\u00e9sentation sont pr\u00e9cis\u00e9es dans le R\u00e8glement d&rsquo;Ordre Int\u00e9rieur.<\/p>\n<p>Le Conseil d\u00e9lib\u00e8re valablement lorsque la moiti\u00e9 au moins de ses membres est pr\u00e9sente ou repr\u00e9sent\u00e9e. Les d\u00e9cisions sont prises \u00e0 la majorit\u00e9 simple des membres pr\u00e9sents ou repr\u00e9sent\u00e9s.<\/p>\n<p>Un proc\u00e8s-verbal est r\u00e9dig\u00e9 \u00e0 l&rsquo;issue de chaque r\u00e9union du Conseil et gard\u00e9 aux archives. Un exemplaire est port\u00e9 \u00e0 la connaissance de chaque membre du Conseil d&rsquo;administration.<\/p>\n<p>8.7. Les actes qui engagent l&rsquo;Association sont sign\u00e9s, \u00e0 moins d&rsquo;une d\u00e9l\u00e9gation sp\u00e9ciale du Conseil, par deux membres du Conseil d&rsquo;administration.<\/p>\n<h3>Mission :<\/h3>\n<p>8.8. Le Conseil d&rsquo;administration a pour mission :<\/p>\n<ul>\n<li>d&rsquo;assurer la gestion journali\u00e8re de l&rsquo;Association ;<\/li>\n<li>d&rsquo;examiner les points port\u00e9s \u00e0 l&rsquo;ordre du jour de ses r\u00e9unions ainsi que tous les points n\u00e9cessaires \u00e0 la poursuite des objectifs de l&rsquo;Association ;<\/li>\n<li>de cr\u00e9er des groupes de travail comportant au moins un membre du Conseil d&rsquo;administration, pour l&rsquo;examen de questions particuli\u00e8res ;<\/li>\n<li>de d\u00e9cider de toute action conforme aux buts de l&rsquo;Association et en conformit\u00e9 avec les d\u00e9cisions de l&rsquo;Assembl\u00e9e g\u00e9n\u00e9rale ;<\/li>\n<li>de repr\u00e9senter ou faire repr\u00e9senter l&rsquo;Association dans ses rapports avec toute personne ou organisation belge ou \u00e9trang\u00e8re ;<\/li>\n<li>de pr\u00e9parer l&rsquo;organisation des \u00e9lections des membres du Conseil d&rsquo;administration ;<\/li>\n<li>de convoquer l&rsquo;Assembl\u00e9e g\u00e9n\u00e9rale ;<\/li>\n<li>de veiller au respect des statuts de l&rsquo;Association ;<\/li>\n<li>de proposer \u00e0 l&rsquo;Assembl\u00e9e g\u00e9n\u00e9rale la r\u00e9vocation d&rsquo;un membre ;<\/li>\n<li>de g\u00e9rer les ressources de l&rsquo;Association ;<\/li>\n<li>de rendre compte de ses activit\u00e9s aux Assembl\u00e9es g\u00e9n\u00e9rales.<\/li>\n<\/ul>\n<h2>Article 9. R\u00e8glement d&rsquo;ordre int\u00e9rieur<\/h2>\n<p>9.1. Un R\u00e8glement d&rsquo;ordre int\u00e9rieur a \u00e9t\u00e9 pr\u00e9sent\u00e9 par le Conseil d&rsquo;administration \u00e0 l&rsquo;Assembl\u00e9e g\u00e9n\u00e9rale. Des modifications \u00e0 ce r\u00e8glement pourront \u00eatre apport\u00e9es par le Conseil d\u2019Administration.<\/p>\n<h2>Article 10. Dissolution<\/h2>\n<p>10.1. En cas de dissolution de l&rsquo;Association, l&rsquo;Assembl\u00e9e g\u00e9n\u00e9rale d\u00e9signera le ou les liquidateurs, d\u00e9terminera leurs pouvoirs et indiquera l&rsquo;affectation \u00e0 donner \u00e0 l&rsquo;actif net de l&rsquo;avoir social.<\/p>\n<p>10.2. Cette affectation devra \u00eatre faite en faveur d&rsquo;un ou de plusieurs \u00e9tablissement(s) ou organisme(s) poursuivant des buts similaires.<\/p>\n<h2>Article 11. Ressources<\/h2>\n<p>11.1. Les ressources de l&rsquo;Association sont constitu\u00e9es par les cotisations des membres, les subventions et les dons, toutes les autres ressources permises par la loi.<\/p>\n<p>&nbsp;<\/p>\n<p>Liste des publications officielles disponible sur le <a href=\"http:\/\/www.ejustice.just.fgov.be\/cgi_tsv\/tsv_all.pl?DETAIL=ALL+PUB&amp;lang=fr&amp;btw=407589941&amp;hrc=BL000000&amp;naam=ASSOCIATION+BELGE+DE+DOCUMENTATION+-+BELGISCHE+VERENIGING+VOOR+DOCUMENTATIE&amp;fromtab=TSV&amp;sql=naam+contains++%27association%27%26+%27belge%27%26+%27de%27%26+%27documentation%27&amp;rech=3\" target=\"_blank\" rel=\"noopener noreferrer\">site du Moniteur belge<\/a>.<\/p>\n","protected":false},"excerpt":{"rendered":"<p>Statuts coordonn\u00e9s au 29 septembre 2020, tels qu&rsquo;approuv\u00e9s par l&rsquo;Assembl\u00e9e G\u00e9n\u00e9rale extraordinaire du 29 septembre 2020. Article 1. D\u00e9nomination et dur\u00e9e D\u00e9nomination : 1.1. L&rsquo;Association sans but lucratif est d\u00e9nomm\u00e9e en fran\u00e7ais \u00ab\u00a0Association Belge de Documentation\u00a0\u00bb, en n\u00e9erlandais \u00ab\u00a0Belgische Vereniging voor Documentatie\u00a0\u00bb, en abr\u00e9g\u00e9 \u00ab\u00a0ABD-BVD\u00a0\u00bb, dans toutes les langues. Dur\u00e9e : 1.2. La dur\u00e9e de [&hellip;]<\/p>\n","protected":false},"author":1,"featured_media":0,"parent":20,"menu_order":5,"comment_status":"open","ping_status":"open","template":"","meta":{"_acf_changed":false,"footnotes":""},"class_list":["post-30","page","type-page","status-publish","hentry"],"acf":[],"yoast_head":"<!-- This site is optimized with the Yoast SEO plugin v27.3 - https:\/\/yoast.com\/product\/yoast-seo-wordpress\/ -->\n<title>Statuts - ABD-BVD<\/title>\n<meta name=\"robots\" content=\"index, follow, max-snippet:-1, max-image-preview:large, max-video-preview:-1\" \/>\n<link rel=\"canonical\" href=\"https:\/\/www.abd-bvd.be\/fr\/a-propos\/statuts\/\" \/>\n<meta property=\"og:locale\" content=\"fr_FR\" \/>\n<meta property=\"og:type\" content=\"article\" \/>\n<meta property=\"og:title\" content=\"Statuts - ABD-BVD\" \/>\n<meta property=\"og:description\" content=\"Statuts coordonn\u00e9s au 29 septembre 2020, tels qu&rsquo;approuv\u00e9s par l&rsquo;Assembl\u00e9e G\u00e9n\u00e9rale extraordinaire du 29 septembre 2020. Article 1. D\u00e9nomination et dur\u00e9e D\u00e9nomination : 1.1. L&rsquo;Association sans but lucratif est d\u00e9nomm\u00e9e en fran\u00e7ais \u00ab\u00a0Association Belge de Documentation\u00a0\u00bb, en n\u00e9erlandais \u00ab\u00a0Belgische Vereniging voor Documentatie\u00a0\u00bb, en abr\u00e9g\u00e9 \u00ab\u00a0ABD-BVD\u00a0\u00bb, dans toutes les langues. Dur\u00e9e : 1.2. La dur\u00e9e de [&hellip;]\" \/>\n<meta property=\"og:url\" content=\"https:\/\/www.abd-bvd.be\/fr\/a-propos\/statuts\/\" \/>\n<meta property=\"og:site_name\" content=\"ABD-BVD\" \/>\n<meta property=\"article:modified_time\" content=\"2020-10-20T16:33:01+00:00\" \/>\n<meta name=\"twitter:card\" content=\"summary_large_image\" \/>\n<meta name=\"twitter:label1\" content=\"Dur\u00e9e de lecture estim\u00e9e\" \/>\n\t<meta name=\"twitter:data1\" content=\"10 minutes\" \/>\n<script type=\"application\/ld+json\" class=\"yoast-schema-graph\">{\"@context\":\"https:\\\/\\\/schema.org\",\"@graph\":[{\"@type\":\"WebPage\",\"@id\":\"https:\\\/\\\/www.abd-bvd.be\\\/fr\\\/a-propos\\\/statuts\\\/\",\"url\":\"https:\\\/\\\/www.abd-bvd.be\\\/fr\\\/a-propos\\\/statuts\\\/\",\"name\":\"Statuts - ABD-BVD\",\"isPartOf\":{\"@id\":\"https:\\\/\\\/www.abd-bvd.be\\\/fr\\\/#website\"},\"datePublished\":\"2014-05-28T08:57:33+00:00\",\"dateModified\":\"2020-10-20T16:33:01+00:00\",\"breadcrumb\":{\"@id\":\"https:\\\/\\\/www.abd-bvd.be\\\/fr\\\/a-propos\\\/statuts\\\/#breadcrumb\"},\"inLanguage\":\"fr-FR\",\"potentialAction\":[{\"@type\":\"ReadAction\",\"target\":[\"https:\\\/\\\/www.abd-bvd.be\\\/fr\\\/a-propos\\\/statuts\\\/\"]}]},{\"@type\":\"BreadcrumbList\",\"@id\":\"https:\\\/\\\/www.abd-bvd.be\\\/fr\\\/a-propos\\\/statuts\\\/#breadcrumb\",\"itemListElement\":[{\"@type\":\"ListItem\",\"position\":1,\"name\":\"Accueil\",\"item\":\"https:\\\/\\\/www.abd-bvd.be\\\/fr\\\/\"},{\"@type\":\"ListItem\",\"position\":2,\"name\":\"ABD-BVD\",\"item\":\"https:\\\/\\\/www.abd-bvd.be\\\/fr\\\/a-propos\\\/\"},{\"@type\":\"ListItem\",\"position\":3,\"name\":\"Statuts\"}]},{\"@type\":\"WebSite\",\"@id\":\"https:\\\/\\\/www.abd-bvd.be\\\/fr\\\/#website\",\"url\":\"https:\\\/\\\/www.abd-bvd.be\\\/fr\\\/\",\"name\":\"ABD-BVD\",\"description\":\"Association Belge de documentation - Belgische verniging voor documentatie\",\"potentialAction\":[{\"@type\":\"SearchAction\",\"target\":{\"@type\":\"EntryPoint\",\"urlTemplate\":\"https:\\\/\\\/www.abd-bvd.be\\\/fr\\\/?s={search_term_string}\"},\"query-input\":{\"@type\":\"PropertyValueSpecification\",\"valueRequired\":true,\"valueName\":\"search_term_string\"}}],\"inLanguage\":\"fr-FR\"}]}<\/script>\n<!-- \/ Yoast SEO plugin. -->","yoast_head_json":{"title":"Statuts - ABD-BVD","robots":{"index":"index","follow":"follow","max-snippet":"max-snippet:-1","max-image-preview":"max-image-preview:large","max-video-preview":"max-video-preview:-1"},"canonical":"https:\/\/www.abd-bvd.be\/fr\/a-propos\/statuts\/","og_locale":"fr_FR","og_type":"article","og_title":"Statuts - ABD-BVD","og_description":"Statuts coordonn\u00e9s au 29 septembre 2020, tels qu&rsquo;approuv\u00e9s par l&rsquo;Assembl\u00e9e G\u00e9n\u00e9rale extraordinaire du 29 septembre 2020. Article 1. D\u00e9nomination et dur\u00e9e D\u00e9nomination : 1.1. L&rsquo;Association sans but lucratif est d\u00e9nomm\u00e9e en fran\u00e7ais \u00ab\u00a0Association Belge de Documentation\u00a0\u00bb, en n\u00e9erlandais \u00ab\u00a0Belgische Vereniging voor Documentatie\u00a0\u00bb, en abr\u00e9g\u00e9 \u00ab\u00a0ABD-BVD\u00a0\u00bb, dans toutes les langues. Dur\u00e9e : 1.2. La dur\u00e9e de [&hellip;]","og_url":"https:\/\/www.abd-bvd.be\/fr\/a-propos\/statuts\/","og_site_name":"ABD-BVD","article_modified_time":"2020-10-20T16:33:01+00:00","twitter_card":"summary_large_image","twitter_misc":{"Dur\u00e9e de lecture estim\u00e9e":"10 minutes"},"schema":{"@context":"https:\/\/schema.org","@graph":[{"@type":"WebPage","@id":"https:\/\/www.abd-bvd.be\/fr\/a-propos\/statuts\/","url":"https:\/\/www.abd-bvd.be\/fr\/a-propos\/statuts\/","name":"Statuts - ABD-BVD","isPartOf":{"@id":"https:\/\/www.abd-bvd.be\/fr\/#website"},"datePublished":"2014-05-28T08:57:33+00:00","dateModified":"2020-10-20T16:33:01+00:00","breadcrumb":{"@id":"https:\/\/www.abd-bvd.be\/fr\/a-propos\/statuts\/#breadcrumb"},"inLanguage":"fr-FR","potentialAction":[{"@type":"ReadAction","target":["https:\/\/www.abd-bvd.be\/fr\/a-propos\/statuts\/"]}]},{"@type":"BreadcrumbList","@id":"https:\/\/www.abd-bvd.be\/fr\/a-propos\/statuts\/#breadcrumb","itemListElement":[{"@type":"ListItem","position":1,"name":"Accueil","item":"https:\/\/www.abd-bvd.be\/fr\/"},{"@type":"ListItem","position":2,"name":"ABD-BVD","item":"https:\/\/www.abd-bvd.be\/fr\/a-propos\/"},{"@type":"ListItem","position":3,"name":"Statuts"}]},{"@type":"WebSite","@id":"https:\/\/www.abd-bvd.be\/fr\/#website","url":"https:\/\/www.abd-bvd.be\/fr\/","name":"ABD-BVD","description":"Association Belge de documentation - Belgische verniging voor documentatie","potentialAction":[{"@type":"SearchAction","target":{"@type":"EntryPoint","urlTemplate":"https:\/\/www.abd-bvd.be\/fr\/?s={search_term_string}"},"query-input":{"@type":"PropertyValueSpecification","valueRequired":true,"valueName":"search_term_string"}}],"inLanguage":"fr-FR"}]}},"_links":{"self":[{"href":"https:\/\/www.abd-bvd.be\/fr\/wp-json\/wp\/v2\/pages\/30","targetHints":{"allow":["GET"]}}],"collection":[{"href":"https:\/\/www.abd-bvd.be\/fr\/wp-json\/wp\/v2\/pages"}],"about":[{"href":"https:\/\/www.abd-bvd.be\/fr\/wp-json\/wp\/v2\/types\/page"}],"author":[{"embeddable":true,"href":"https:\/\/www.abd-bvd.be\/fr\/wp-json\/wp\/v2\/users\/1"}],"replies":[{"embeddable":true,"href":"https:\/\/www.abd-bvd.be\/fr\/wp-json\/wp\/v2\/comments?post=30"}],"version-history":[{"count":3,"href":"https:\/\/www.abd-bvd.be\/fr\/wp-json\/wp\/v2\/pages\/30\/revisions"}],"predecessor-version":[{"id":21884,"href":"https:\/\/www.abd-bvd.be\/fr\/wp-json\/wp\/v2\/pages\/30\/revisions\/21884"}],"up":[{"embeddable":true,"href":"https:\/\/www.abd-bvd.be\/fr\/wp-json\/wp\/v2\/pages\/20"}],"wp:attachment":[{"href":"https:\/\/www.abd-bvd.be\/fr\/wp-json\/wp\/v2\/media?parent=30"}],"curies":[{"name":"wp","href":"https:\/\/api.w.org\/{rel}","templated":true}]}}