{"id":287,"date":"2014-08-21T15:07:54","date_gmt":"2014-08-21T15:07:54","guid":{"rendered":"http:\/\/www.abd-bvd.be\/?page_id=287"},"modified":"2015-10-12T09:27:59","modified_gmt":"2015-10-12T09:27:59","slug":"euroreferentiel","status":"publish","type":"page","link":"https:\/\/www.abd-bvd.be\/fr\/nos-metiers\/euroreferentiel\/","title":{"rendered":"Euror\u00e9f\u00e9rentiel"},"content":{"rendered":"<p>En partenariat avec diff\u00e9rentes associations professionnelles europ\u00e9ennes, un groupe de travail de l&rsquo;ABD-BVD a particip\u00e9 pendant plusieurs ann\u00e9es \u00e0 un projet europ\u00e9en intitul\u00e9 CERTIDoc ayant pour but de d\u00e9velopper les \u00ab eurocomp\u00e9tences \u00bb en I&amp;D. Dans cette optique, il a collabor\u00e9 \u00e9troitement avec des partenaires europ\u00e9ens issus de l&rsquo;ECIA (European Council of Information Associations) \u00e0 la r\u00e9alisation d&rsquo;un r\u00e9f\u00e9rentiel europ\u00e9en des comp\u00e9tences. Nous proposons ici la deuxi\u00e8me \u00e9dition de l\u2019Euror\u00e9f\u00e9rentiel I&amp;D, paru en 2004.<\/p>\n<h2>Volume 1 : Comp\u00e9tences et aptitudes des professionnels europ\u00e9ens de l\u2019information-documentation<\/h2>\n<p>&nbsp;<br \/>\n<span class=\"file-button\"><a href=\"https:\/\/www.abd-bvd.be\/wp-content\/uploads\/eureferentiel_1.pdf\">T\u00e9l\u00e9charger (FR)<\/a><\/span><\/p>\n<h2><b><\/b>Volume 2 : Niveaux de qualification des professionnels europ\u00e9ens de l\u2019information-documentation<\/h2>\n<p><span class=\"file-button\"><a href=\"https:\/\/www.abd-bvd.be\/wp-content\/uploads\/eureferentiel_2.pdf\">T\u00e9l\u00e9charger (FR)<\/a><\/span><\/p>\n<div id=\"ff_peerindex_tooltip\"><\/div>\n","protected":false},"excerpt":{"rendered":"<p>En partenariat avec diff\u00e9rentes associations professionnelles europ\u00e9ennes, un groupe de travail de l&rsquo;ABD-BVD a particip\u00e9 pendant plusieurs ann\u00e9es \u00e0 un projet europ\u00e9en intitul\u00e9 CERTIDoc ayant pour but de d\u00e9velopper les \u00ab eurocomp\u00e9tences \u00bb en I&amp;D. Dans cette optique, il a collabor\u00e9 \u00e9troitement avec des partenaires europ\u00e9ens issus de l&rsquo;ECIA (European Council of Information Associations) \u00e0 [&hellip;]<\/p>\n","protected":false},"author":1,"featured_media":0,"parent":78,"menu_order":3,"comment_status":"open","ping_status":"open","template":"","meta":{"_acf_changed":false,"footnotes":""},"class_list":["post-287","page","type-page","status-publish","hentry"],"acf":[],"yoast_head":"<!-- This site is optimized with the Yoast SEO plugin v27.4 - https:\/\/yoast.com\/product\/yoast-seo-wordpress\/ -->\n<title>Euror\u00e9f\u00e9rentiel - ABD-BVD<\/title>\n<meta name=\"robots\" content=\"index, follow, max-snippet:-1, max-image-preview:large, max-video-preview:-1\" \/>\n<link rel=\"canonical\" href=\"https:\/\/www.abd-bvd.be\/fr\/nos-metiers\/euroreferentiel\/\" \/>\n<meta property=\"og:locale\" content=\"fr_FR\" \/>\n<meta property=\"og:type\" content=\"article\" \/>\n<meta property=\"og:title\" content=\"Euror\u00e9f\u00e9rentiel - ABD-BVD\" \/>\n<meta property=\"og:description\" content=\"En partenariat avec diff\u00e9rentes associations professionnelles europ\u00e9ennes, un groupe de travail de l&rsquo;ABD-BVD a particip\u00e9 pendant plusieurs ann\u00e9es \u00e0 un projet europ\u00e9en intitul\u00e9 CERTIDoc ayant pour but de d\u00e9velopper les \u00ab eurocomp\u00e9tences \u00bb en I&amp;D. Dans cette optique, il a collabor\u00e9 \u00e9troitement avec des partenaires europ\u00e9ens issus de l&rsquo;ECIA (European Council of Information Associations) \u00e0 [&hellip;]\" \/>\n<meta property=\"og:url\" content=\"https:\/\/www.abd-bvd.be\/fr\/nos-metiers\/euroreferentiel\/\" \/>\n<meta property=\"og:site_name\" content=\"ABD-BVD\" \/>\n<meta property=\"article:modified_time\" content=\"2015-10-12T09:27:59+00:00\" \/>\n<meta name=\"twitter:card\" content=\"summary_large_image\" \/>\n<meta name=\"twitter:label1\" content=\"Dur\u00e9e de lecture estim\u00e9e\" \/>\n\t<meta name=\"twitter:data1\" content=\"1 minute\" \/>\n<script type=\"application\/ld+json\" class=\"yoast-schema-graph\">{\"@context\":\"https:\\\/\\\/schema.org\",\"@graph\":[{\"@type\":\"WebPage\",\"@id\":\"https:\\\/\\\/www.abd-bvd.be\\\/fr\\\/nos-metiers\\\/euroreferentiel\\\/\",\"url\":\"https:\\\/\\\/www.abd-bvd.be\\\/fr\\\/nos-metiers\\\/euroreferentiel\\\/\",\"name\":\"Euror\u00e9f\u00e9rentiel - ABD-BVD\",\"isPartOf\":{\"@id\":\"https:\\\/\\\/www.abd-bvd.be\\\/fr\\\/#website\"},\"datePublished\":\"2014-08-21T15:07:54+00:00\",\"dateModified\":\"2015-10-12T09:27:59+00:00\",\"breadcrumb\":{\"@id\":\"https:\\\/\\\/www.abd-bvd.be\\\/fr\\\/nos-metiers\\\/euroreferentiel\\\/#breadcrumb\"},\"inLanguage\":\"fr-FR\",\"potentialAction\":[{\"@type\":\"ReadAction\",\"target\":[\"https:\\\/\\\/www.abd-bvd.be\\\/fr\\\/nos-metiers\\\/euroreferentiel\\\/\"]}]},{\"@type\":\"BreadcrumbList\",\"@id\":\"https:\\\/\\\/www.abd-bvd.be\\\/fr\\\/nos-metiers\\\/euroreferentiel\\\/#breadcrumb\",\"itemListElement\":[{\"@type\":\"ListItem\",\"position\":1,\"name\":\"Accueil\",\"item\":\"https:\\\/\\\/www.abd-bvd.be\\\/fr\\\/\"},{\"@type\":\"ListItem\",\"position\":2,\"name\":\"Nos m\u00e9tiers\",\"item\":\"https:\\\/\\\/www.abd-bvd.be\\\/fr\\\/nos-metiers\\\/\"},{\"@type\":\"ListItem\",\"position\":3,\"name\":\"Euror\u00e9f\u00e9rentiel\"}]},{\"@type\":\"WebSite\",\"@id\":\"https:\\\/\\\/www.abd-bvd.be\\\/fr\\\/#website\",\"url\":\"https:\\\/\\\/www.abd-bvd.be\\\/fr\\\/\",\"name\":\"ABD-BVD\",\"description\":\"Association Belge de documentation - Belgische verniging voor documentatie\",\"potentialAction\":[{\"@type\":\"SearchAction\",\"target\":{\"@type\":\"EntryPoint\",\"urlTemplate\":\"https:\\\/\\\/www.abd-bvd.be\\\/fr\\\/?s={search_term_string}\"},\"query-input\":{\"@type\":\"PropertyValueSpecification\",\"valueRequired\":true,\"valueName\":\"search_term_string\"}}],\"inLanguage\":\"fr-FR\"}]}<\/script>\n<!-- \/ Yoast SEO plugin. -->","yoast_head_json":{"title":"Euror\u00e9f\u00e9rentiel - ABD-BVD","robots":{"index":"index","follow":"follow","max-snippet":"max-snippet:-1","max-image-preview":"max-image-preview:large","max-video-preview":"max-video-preview:-1"},"canonical":"https:\/\/www.abd-bvd.be\/fr\/nos-metiers\/euroreferentiel\/","og_locale":"fr_FR","og_type":"article","og_title":"Euror\u00e9f\u00e9rentiel - ABD-BVD","og_description":"En partenariat avec diff\u00e9rentes associations professionnelles europ\u00e9ennes, un groupe de travail de l&rsquo;ABD-BVD a particip\u00e9 pendant plusieurs ann\u00e9es \u00e0 un projet europ\u00e9en intitul\u00e9 CERTIDoc ayant pour but de d\u00e9velopper les \u00ab eurocomp\u00e9tences \u00bb en I&amp;D. Dans cette optique, il a collabor\u00e9 \u00e9troitement avec des partenaires europ\u00e9ens issus de l&rsquo;ECIA (European Council of Information Associations) \u00e0 [&hellip;]","og_url":"https:\/\/www.abd-bvd.be\/fr\/nos-metiers\/euroreferentiel\/","og_site_name":"ABD-BVD","article_modified_time":"2015-10-12T09:27:59+00:00","twitter_card":"summary_large_image","twitter_misc":{"Dur\u00e9e de lecture estim\u00e9e":"1 minute"},"schema":{"@context":"https:\/\/schema.org","@graph":[{"@type":"WebPage","@id":"https:\/\/www.abd-bvd.be\/fr\/nos-metiers\/euroreferentiel\/","url":"https:\/\/www.abd-bvd.be\/fr\/nos-metiers\/euroreferentiel\/","name":"Euror\u00e9f\u00e9rentiel - ABD-BVD","isPartOf":{"@id":"https:\/\/www.abd-bvd.be\/fr\/#website"},"datePublished":"2014-08-21T15:07:54+00:00","dateModified":"2015-10-12T09:27:59+00:00","breadcrumb":{"@id":"https:\/\/www.abd-bvd.be\/fr\/nos-metiers\/euroreferentiel\/#breadcrumb"},"inLanguage":"fr-FR","potentialAction":[{"@type":"ReadAction","target":["https:\/\/www.abd-bvd.be\/fr\/nos-metiers\/euroreferentiel\/"]}]},{"@type":"BreadcrumbList","@id":"https:\/\/www.abd-bvd.be\/fr\/nos-metiers\/euroreferentiel\/#breadcrumb","itemListElement":[{"@type":"ListItem","position":1,"name":"Accueil","item":"https:\/\/www.abd-bvd.be\/fr\/"},{"@type":"ListItem","position":2,"name":"Nos m\u00e9tiers","item":"https:\/\/www.abd-bvd.be\/fr\/nos-metiers\/"},{"@type":"ListItem","position":3,"name":"Euror\u00e9f\u00e9rentiel"}]},{"@type":"WebSite","@id":"https:\/\/www.abd-bvd.be\/fr\/#website","url":"https:\/\/www.abd-bvd.be\/fr\/","name":"ABD-BVD","description":"Association Belge de documentation - Belgische verniging voor documentatie","potentialAction":[{"@type":"SearchAction","target":{"@type":"EntryPoint","urlTemplate":"https:\/\/www.abd-bvd.be\/fr\/?s={search_term_string}"},"query-input":{"@type":"PropertyValueSpecification","valueRequired":true,"valueName":"search_term_string"}}],"inLanguage":"fr-FR"}]}},"_links":{"self":[{"href":"https:\/\/www.abd-bvd.be\/fr\/wp-json\/wp\/v2\/pages\/287","targetHints":{"allow":["GET"]}}],"collection":[{"href":"https:\/\/www.abd-bvd.be\/fr\/wp-json\/wp\/v2\/pages"}],"about":[{"href":"https:\/\/www.abd-bvd.be\/fr\/wp-json\/wp\/v2\/types\/page"}],"author":[{"embeddable":true,"href":"https:\/\/www.abd-bvd.be\/fr\/wp-json\/wp\/v2\/users\/1"}],"replies":[{"embeddable":true,"href":"https:\/\/www.abd-bvd.be\/fr\/wp-json\/wp\/v2\/comments?post=287"}],"version-history":[{"count":0,"href":"https:\/\/www.abd-bvd.be\/fr\/wp-json\/wp\/v2\/pages\/287\/revisions"}],"up":[{"embeddable":true,"href":"https:\/\/www.abd-bvd.be\/fr\/wp-json\/wp\/v2\/pages\/78"}],"wp:attachment":[{"href":"https:\/\/www.abd-bvd.be\/fr\/wp-json\/wp\/v2\/media?parent=287"}],"curies":[{"name":"wp","href":"https:\/\/api.w.org\/{rel}","templated":true}]}}