{"id":272,"date":"2014-08-21T14:57:47","date_gmt":"2014-08-21T14:57:47","guid":{"rendered":"http:\/\/www.abd-bvd.be\/?page_id=272"},"modified":"2019-10-09T16:08:29","modified_gmt":"2019-10-09T14:08:29","slug":"ateliers","status":"publish","type":"page","link":"https:\/\/www.abd-bvd.be\/fr\/activites-evenements\/ateliers\/","title":{"rendered":"Ateliers"},"content":{"rendered":"<p>Les ateliers ABD-BVD sont pour les sponsors de l&rsquo;Inforum une opportunit\u00e9 de faire une pr\u00e9sentation commerciale. Ils sont moins fr\u00e9quemment organis\u00e9s que les Doc&rsquo;Moments, qui ont une port\u00e9e plus scientifique.<\/p>\n<h2>Prochain Atelier<\/h2>\n<p>Le 8 octobre 2019 \u00e0 KBR.<\/p>\n<p><a href=\"https:\/\/www.abd-bvd.be\/fr\/agenda\/atelier-2019\/\">Programme et inscription<\/a><\/p>\n<h2>Les ateliers<\/h2>\n<p><i><span lang=\"FR\">Programmes d\u00e9taill\u00e9s des Ateliers<\/span><\/i><\/p>\n<ul>\n<li><i><span lang=\"FR\"><a href=\"https:\/\/www.abd-bvd.be\/fr\/agenda\/atelier-2018\/\" target=\"_blank\" rel=\"noopener noreferrer\">2018<\/a><br \/>\n<\/span><\/i><\/li>\n<li><i><span lang=\"FR\"><a href=\"https:\/\/www.abd-bvd.be\/fr\/agenda\/atelier-2017\/\" target=\"_blank\" rel=\"noopener noreferrer\">2017<\/a><br \/>\n<\/span><\/i><\/li>\n<\/ul>\n<p>&nbsp;<\/p>\n<p>&nbsp;<\/p>\n<p>&nbsp;<\/p>\n<p>&nbsp;<\/p>\n<p>&nbsp;<\/p>\n<div id=\"ff_peerindex_tooltip\"><\/div>\n","protected":false},"excerpt":{"rendered":"<p>Les ateliers ABD-BVD sont pour les sponsors de l&rsquo;Inforum une opportunit\u00e9 de faire une pr\u00e9sentation commerciale. Ils sont moins fr\u00e9quemment organis\u00e9s que les Doc&rsquo;Moments, qui ont une port\u00e9e plus scientifique. Prochain Atelier Le 8 octobre 2019 \u00e0 KBR. Programme et inscription Les ateliers Programmes d\u00e9taill\u00e9s des Ateliers 2018 2017 &nbsp; &nbsp; &nbsp; &nbsp; &nbsp;<\/p>\n","protected":false},"author":1,"featured_media":0,"parent":36,"menu_order":1,"comment_status":"open","ping_status":"open","template":"","meta":{"_acf_changed":false,"footnotes":""},"class_list":["post-272","page","type-page","status-publish","hentry"],"acf":[],"yoast_head":"<!-- This site is optimized with the Yoast SEO plugin v27.3 - https:\/\/yoast.com\/product\/yoast-seo-wordpress\/ -->\n<title>Ateliers - ABD-BVD<\/title>\n<meta name=\"robots\" content=\"index, follow, max-snippet:-1, max-image-preview:large, max-video-preview:-1\" \/>\n<link rel=\"canonical\" href=\"https:\/\/www.abd-bvd.be\/fr\/activites-evenements\/ateliers\/\" \/>\n<meta property=\"og:locale\" content=\"fr_FR\" \/>\n<meta property=\"og:type\" content=\"article\" \/>\n<meta property=\"og:title\" content=\"Ateliers - ABD-BVD\" \/>\n<meta property=\"og:description\" content=\"Les ateliers ABD-BVD sont pour les sponsors de l&rsquo;Inforum une opportunit\u00e9 de faire une pr\u00e9sentation commerciale. Ils sont moins fr\u00e9quemment organis\u00e9s que les Doc&rsquo;Moments, qui ont une port\u00e9e plus scientifique. Prochain Atelier Le 8 octobre 2019 \u00e0 KBR. Programme et inscription Les ateliers Programmes d\u00e9taill\u00e9s des Ateliers 2018 2017 &nbsp; &nbsp; &nbsp; &nbsp; &nbsp;\" \/>\n<meta property=\"og:url\" content=\"https:\/\/www.abd-bvd.be\/fr\/activites-evenements\/ateliers\/\" \/>\n<meta property=\"og:site_name\" content=\"ABD-BVD\" \/>\n<meta property=\"article:modified_time\" content=\"2019-10-09T14:08:29+00:00\" \/>\n<meta name=\"twitter:card\" content=\"summary_large_image\" \/>\n<script type=\"application\/ld+json\" class=\"yoast-schema-graph\">{\"@context\":\"https:\\\/\\\/schema.org\",\"@graph\":[{\"@type\":\"WebPage\",\"@id\":\"https:\\\/\\\/www.abd-bvd.be\\\/fr\\\/activites-evenements\\\/ateliers\\\/\",\"url\":\"https:\\\/\\\/www.abd-bvd.be\\\/fr\\\/activites-evenements\\\/ateliers\\\/\",\"name\":\"Ateliers - ABD-BVD\",\"isPartOf\":{\"@id\":\"https:\\\/\\\/www.abd-bvd.be\\\/fr\\\/#website\"},\"datePublished\":\"2014-08-21T14:57:47+00:00\",\"dateModified\":\"2019-10-09T14:08:29+00:00\",\"breadcrumb\":{\"@id\":\"https:\\\/\\\/www.abd-bvd.be\\\/fr\\\/activites-evenements\\\/ateliers\\\/#breadcrumb\"},\"inLanguage\":\"fr-FR\",\"potentialAction\":[{\"@type\":\"ReadAction\",\"target\":[\"https:\\\/\\\/www.abd-bvd.be\\\/fr\\\/activites-evenements\\\/ateliers\\\/\"]}]},{\"@type\":\"BreadcrumbList\",\"@id\":\"https:\\\/\\\/www.abd-bvd.be\\\/fr\\\/activites-evenements\\\/ateliers\\\/#breadcrumb\",\"itemListElement\":[{\"@type\":\"ListItem\",\"position\":1,\"name\":\"Accueil\",\"item\":\"https:\\\/\\\/www.abd-bvd.be\\\/fr\\\/\"},{\"@type\":\"ListItem\",\"position\":2,\"name\":\"Activit\u00e9s et \u00e9v\u00e8nements\",\"item\":\"https:\\\/\\\/www.abd-bvd.be\\\/fr\\\/activites-evenements\\\/\"},{\"@type\":\"ListItem\",\"position\":3,\"name\":\"Ateliers\"}]},{\"@type\":\"WebSite\",\"@id\":\"https:\\\/\\\/www.abd-bvd.be\\\/fr\\\/#website\",\"url\":\"https:\\\/\\\/www.abd-bvd.be\\\/fr\\\/\",\"name\":\"ABD-BVD\",\"description\":\"Association Belge de documentation - Belgische verniging voor documentatie\",\"potentialAction\":[{\"@type\":\"SearchAction\",\"target\":{\"@type\":\"EntryPoint\",\"urlTemplate\":\"https:\\\/\\\/www.abd-bvd.be\\\/fr\\\/?s={search_term_string}\"},\"query-input\":{\"@type\":\"PropertyValueSpecification\",\"valueRequired\":true,\"valueName\":\"search_term_string\"}}],\"inLanguage\":\"fr-FR\"}]}<\/script>\n<!-- \/ Yoast SEO plugin. -->","yoast_head_json":{"title":"Ateliers - ABD-BVD","robots":{"index":"index","follow":"follow","max-snippet":"max-snippet:-1","max-image-preview":"max-image-preview:large","max-video-preview":"max-video-preview:-1"},"canonical":"https:\/\/www.abd-bvd.be\/fr\/activites-evenements\/ateliers\/","og_locale":"fr_FR","og_type":"article","og_title":"Ateliers - ABD-BVD","og_description":"Les ateliers ABD-BVD sont pour les sponsors de l&rsquo;Inforum une opportunit\u00e9 de faire une pr\u00e9sentation commerciale. Ils sont moins fr\u00e9quemment organis\u00e9s que les Doc&rsquo;Moments, qui ont une port\u00e9e plus scientifique. Prochain Atelier Le 8 octobre 2019 \u00e0 KBR. Programme et inscription Les ateliers Programmes d\u00e9taill\u00e9s des Ateliers 2018 2017 &nbsp; &nbsp; &nbsp; &nbsp; &nbsp;","og_url":"https:\/\/www.abd-bvd.be\/fr\/activites-evenements\/ateliers\/","og_site_name":"ABD-BVD","article_modified_time":"2019-10-09T14:08:29+00:00","twitter_card":"summary_large_image","schema":{"@context":"https:\/\/schema.org","@graph":[{"@type":"WebPage","@id":"https:\/\/www.abd-bvd.be\/fr\/activites-evenements\/ateliers\/","url":"https:\/\/www.abd-bvd.be\/fr\/activites-evenements\/ateliers\/","name":"Ateliers - ABD-BVD","isPartOf":{"@id":"https:\/\/www.abd-bvd.be\/fr\/#website"},"datePublished":"2014-08-21T14:57:47+00:00","dateModified":"2019-10-09T14:08:29+00:00","breadcrumb":{"@id":"https:\/\/www.abd-bvd.be\/fr\/activites-evenements\/ateliers\/#breadcrumb"},"inLanguage":"fr-FR","potentialAction":[{"@type":"ReadAction","target":["https:\/\/www.abd-bvd.be\/fr\/activites-evenements\/ateliers\/"]}]},{"@type":"BreadcrumbList","@id":"https:\/\/www.abd-bvd.be\/fr\/activites-evenements\/ateliers\/#breadcrumb","itemListElement":[{"@type":"ListItem","position":1,"name":"Accueil","item":"https:\/\/www.abd-bvd.be\/fr\/"},{"@type":"ListItem","position":2,"name":"Activit\u00e9s et \u00e9v\u00e8nements","item":"https:\/\/www.abd-bvd.be\/fr\/activites-evenements\/"},{"@type":"ListItem","position":3,"name":"Ateliers"}]},{"@type":"WebSite","@id":"https:\/\/www.abd-bvd.be\/fr\/#website","url":"https:\/\/www.abd-bvd.be\/fr\/","name":"ABD-BVD","description":"Association Belge de documentation - Belgische verniging voor documentatie","potentialAction":[{"@type":"SearchAction","target":{"@type":"EntryPoint","urlTemplate":"https:\/\/www.abd-bvd.be\/fr\/?s={search_term_string}"},"query-input":{"@type":"PropertyValueSpecification","valueRequired":true,"valueName":"search_term_string"}}],"inLanguage":"fr-FR"}]}},"_links":{"self":[{"href":"https:\/\/www.abd-bvd.be\/fr\/wp-json\/wp\/v2\/pages\/272","targetHints":{"allow":["GET"]}}],"collection":[{"href":"https:\/\/www.abd-bvd.be\/fr\/wp-json\/wp\/v2\/pages"}],"about":[{"href":"https:\/\/www.abd-bvd.be\/fr\/wp-json\/wp\/v2\/types\/page"}],"author":[{"embeddable":true,"href":"https:\/\/www.abd-bvd.be\/fr\/wp-json\/wp\/v2\/users\/1"}],"replies":[{"embeddable":true,"href":"https:\/\/www.abd-bvd.be\/fr\/wp-json\/wp\/v2\/comments?post=272"}],"version-history":[{"count":7,"href":"https:\/\/www.abd-bvd.be\/fr\/wp-json\/wp\/v2\/pages\/272\/revisions"}],"predecessor-version":[{"id":16585,"href":"https:\/\/www.abd-bvd.be\/fr\/wp-json\/wp\/v2\/pages\/272\/revisions\/16585"}],"up":[{"embeddable":true,"href":"https:\/\/www.abd-bvd.be\/fr\/wp-json\/wp\/v2\/pages\/36"}],"wp:attachment":[{"href":"https:\/\/www.abd-bvd.be\/fr\/wp-json\/wp\/v2\/media?parent=272"}],"curies":[{"name":"wp","href":"https:\/\/api.w.org\/{rel}","templated":true}]}}