{"id":27,"date":"2014-05-28T08:57:23","date_gmt":"2014-05-28T08:57:23","guid":{"rendered":"http:\/\/www.abd-bvd.be\/?page_id=27"},"modified":"2022-11-10T12:02:48","modified_gmt":"2022-11-10T11:02:48","slug":"devenir-membre","status":"publish","type":"page","link":"https:\/\/www.abd-bvd.be\/fr\/a-propos\/devenir-membre\/","title":{"rendered":"Devenir membre"},"content":{"rendered":"<p>L&rsquo;affiliation \u00e0 l&rsquo;ABD-BVD comprend une s\u00e9rie d&rsquo;avantages substantiels tels que l&rsquo;abonnement gratuit aux <em>Cahiers de la Documentation<\/em>, la participation gratuite \u00e0 nos manifestations et activit\u00e9s r\u00e9guli\u00e8res (Doc&rsquo;Moments, Inforum annuel,\u2026), un tarif pr\u00e9f\u00e9rentiel pour nos publications, des r\u00e9ductions importantes aux manifestations organis\u00e9es par d&rsquo;autres associations belges et europ\u00e9ennes \u2026<\/p>\n<h2>Membres collectifs (centres de documentation, biblioth\u00e8ques, services de gestion de l&rsquo;information)<\/h2>\n<p>L&rsquo;affiliation en tant que membre collectif permet d&rsquo;inscrire 4 repr\u00e9sentants qui pourront participer \u00e0 toutes les activit\u00e9s de l&rsquo;association (avec possibilit\u00e9 de remplacement en cas d&#8217;emp\u00eachement de l&rsquo;un ou l&rsquo;autre des repr\u00e9sentants inscrits).<\/p>\n<ul>\n<li>Soci\u00e9t\u00e9, minist\u00e8re, administration : cotisation annuelle de 150 euros<\/li>\n<li>Institution acad\u00e9mique, ASBL : cotisation annuelle de 90 euros<\/li>\n<\/ul>\n<p><a title=\"Devenir membre collectif\" href=\"https:\/\/www.abd-bvd.be\/a-propos\/devenir-membre\/devenir-membre-collectif\/\">Bulletin d&rsquo;affiliation<\/a><\/p>\n<h2>Membres individuels<\/h2>\n<p>Les personnes physiques qui souhaitent rejoindre l&rsquo;ABD-BVD peuvent s&rsquo;affilier \u00e0 titre individuel.<br \/>\nLa cotisation annuelle est de 50 euros<\/p>\n<p><a title=\"Devenir membre individuel\" href=\"https:\/\/www.abd-bvd.be\/a-propos\/devenir-membre\/devenir-membre-individuel\/\">Bulletin d&rsquo;affiliation<\/a><\/p>\n<h2>Membres \u00e9tudiants<\/h2>\n<p>Une cotisation sp\u00e9ciale de 12,50 euros est propos\u00e9e aux \u00e9tudiants sur copie de leur carte d&rsquo;\u00e9tudiant<\/p>\n<p><a title=\"Devenir membre \u00e9tudiant\" href=\"https:\/\/www.abd-bvd.be\/a-propos\/devenir-membre\/devenir-membre-etudiant\/\">Bulletin d&rsquo;affiliation<\/a><\/p>\n<p>&nbsp;<\/p>\n<p>&nbsp;<\/p>\n<div id=\"ff_peerindex_tooltip\"><\/div>\n","protected":false},"excerpt":{"rendered":"<p>L&rsquo;affiliation \u00e0 l&rsquo;ABD-BVD comprend une s\u00e9rie d&rsquo;avantages substantiels tels que l&rsquo;abonnement gratuit aux Cahiers de la Documentation, la participation gratuite \u00e0 nos manifestations et activit\u00e9s r\u00e9guli\u00e8res (Doc&rsquo;Moments, Inforum annuel,\u2026), un tarif pr\u00e9f\u00e9rentiel pour nos publications, des r\u00e9ductions importantes aux manifestations organis\u00e9es par d&rsquo;autres associations belges et europ\u00e9ennes \u2026 Membres collectifs (centres de documentation, biblioth\u00e8ques, services [&hellip;]<\/p>\n","protected":false},"author":1,"featured_media":0,"parent":20,"menu_order":2,"comment_status":"open","ping_status":"open","template":"","meta":{"_acf_changed":false,"footnotes":""},"class_list":["post-27","page","type-page","status-publish","hentry"],"acf":[],"yoast_head":"<!-- This site is optimized with the Yoast SEO plugin v27.4 - https:\/\/yoast.com\/product\/yoast-seo-wordpress\/ -->\n<title>Devenir membre - ABD-BVD<\/title>\n<meta name=\"robots\" content=\"index, follow, max-snippet:-1, max-image-preview:large, max-video-preview:-1\" \/>\n<link rel=\"canonical\" href=\"https:\/\/www.abd-bvd.be\/fr\/a-propos\/devenir-membre\/\" \/>\n<meta property=\"og:locale\" content=\"fr_FR\" \/>\n<meta property=\"og:type\" content=\"article\" \/>\n<meta property=\"og:title\" content=\"Devenir membre - ABD-BVD\" \/>\n<meta property=\"og:description\" content=\"L&rsquo;affiliation \u00e0 l&rsquo;ABD-BVD comprend une s\u00e9rie d&rsquo;avantages substantiels tels que l&rsquo;abonnement gratuit aux Cahiers de la Documentation, la participation gratuite \u00e0 nos manifestations et activit\u00e9s r\u00e9guli\u00e8res (Doc&rsquo;Moments, Inforum annuel,\u2026), un tarif pr\u00e9f\u00e9rentiel pour nos publications, des r\u00e9ductions importantes aux manifestations organis\u00e9es par d&rsquo;autres associations belges et europ\u00e9ennes \u2026 Membres collectifs (centres de documentation, biblioth\u00e8ques, services [&hellip;]\" \/>\n<meta property=\"og:url\" content=\"https:\/\/www.abd-bvd.be\/fr\/a-propos\/devenir-membre\/\" \/>\n<meta property=\"og:site_name\" content=\"ABD-BVD\" \/>\n<meta property=\"article:modified_time\" content=\"2022-11-10T11:02:48+00:00\" \/>\n<meta name=\"twitter:card\" content=\"summary_large_image\" \/>\n<meta name=\"twitter:label1\" content=\"Dur\u00e9e de lecture estim\u00e9e\" \/>\n\t<meta name=\"twitter:data1\" content=\"1 minute\" \/>\n<script type=\"application\/ld+json\" class=\"yoast-schema-graph\">{\"@context\":\"https:\\\/\\\/schema.org\",\"@graph\":[{\"@type\":\"WebPage\",\"@id\":\"https:\\\/\\\/www.abd-bvd.be\\\/fr\\\/a-propos\\\/devenir-membre\\\/\",\"url\":\"https:\\\/\\\/www.abd-bvd.be\\\/fr\\\/a-propos\\\/devenir-membre\\\/\",\"name\":\"Devenir membre - ABD-BVD\",\"isPartOf\":{\"@id\":\"https:\\\/\\\/www.abd-bvd.be\\\/fr\\\/#website\"},\"datePublished\":\"2014-05-28T08:57:23+00:00\",\"dateModified\":\"2022-11-10T11:02:48+00:00\",\"breadcrumb\":{\"@id\":\"https:\\\/\\\/www.abd-bvd.be\\\/fr\\\/a-propos\\\/devenir-membre\\\/#breadcrumb\"},\"inLanguage\":\"fr-FR\",\"potentialAction\":[{\"@type\":\"ReadAction\",\"target\":[\"https:\\\/\\\/www.abd-bvd.be\\\/fr\\\/a-propos\\\/devenir-membre\\\/\"]}]},{\"@type\":\"BreadcrumbList\",\"@id\":\"https:\\\/\\\/www.abd-bvd.be\\\/fr\\\/a-propos\\\/devenir-membre\\\/#breadcrumb\",\"itemListElement\":[{\"@type\":\"ListItem\",\"position\":1,\"name\":\"Accueil\",\"item\":\"https:\\\/\\\/www.abd-bvd.be\\\/fr\\\/\"},{\"@type\":\"ListItem\",\"position\":2,\"name\":\"ABD-BVD\",\"item\":\"https:\\\/\\\/www.abd-bvd.be\\\/fr\\\/a-propos\\\/\"},{\"@type\":\"ListItem\",\"position\":3,\"name\":\"Devenir membre\"}]},{\"@type\":\"WebSite\",\"@id\":\"https:\\\/\\\/www.abd-bvd.be\\\/fr\\\/#website\",\"url\":\"https:\\\/\\\/www.abd-bvd.be\\\/fr\\\/\",\"name\":\"ABD-BVD\",\"description\":\"Association Belge de documentation - Belgische verniging voor documentatie\",\"potentialAction\":[{\"@type\":\"SearchAction\",\"target\":{\"@type\":\"EntryPoint\",\"urlTemplate\":\"https:\\\/\\\/www.abd-bvd.be\\\/fr\\\/?s={search_term_string}\"},\"query-input\":{\"@type\":\"PropertyValueSpecification\",\"valueRequired\":true,\"valueName\":\"search_term_string\"}}],\"inLanguage\":\"fr-FR\"}]}<\/script>\n<!-- \/ Yoast SEO plugin. -->","yoast_head_json":{"title":"Devenir membre - ABD-BVD","robots":{"index":"index","follow":"follow","max-snippet":"max-snippet:-1","max-image-preview":"max-image-preview:large","max-video-preview":"max-video-preview:-1"},"canonical":"https:\/\/www.abd-bvd.be\/fr\/a-propos\/devenir-membre\/","og_locale":"fr_FR","og_type":"article","og_title":"Devenir membre - ABD-BVD","og_description":"L&rsquo;affiliation \u00e0 l&rsquo;ABD-BVD comprend une s\u00e9rie d&rsquo;avantages substantiels tels que l&rsquo;abonnement gratuit aux Cahiers de la Documentation, la participation gratuite \u00e0 nos manifestations et activit\u00e9s r\u00e9guli\u00e8res (Doc&rsquo;Moments, Inforum annuel,\u2026), un tarif pr\u00e9f\u00e9rentiel pour nos publications, des r\u00e9ductions importantes aux manifestations organis\u00e9es par d&rsquo;autres associations belges et europ\u00e9ennes \u2026 Membres collectifs (centres de documentation, biblioth\u00e8ques, services [&hellip;]","og_url":"https:\/\/www.abd-bvd.be\/fr\/a-propos\/devenir-membre\/","og_site_name":"ABD-BVD","article_modified_time":"2022-11-10T11:02:48+00:00","twitter_card":"summary_large_image","twitter_misc":{"Dur\u00e9e de lecture estim\u00e9e":"1 minute"},"schema":{"@context":"https:\/\/schema.org","@graph":[{"@type":"WebPage","@id":"https:\/\/www.abd-bvd.be\/fr\/a-propos\/devenir-membre\/","url":"https:\/\/www.abd-bvd.be\/fr\/a-propos\/devenir-membre\/","name":"Devenir membre - ABD-BVD","isPartOf":{"@id":"https:\/\/www.abd-bvd.be\/fr\/#website"},"datePublished":"2014-05-28T08:57:23+00:00","dateModified":"2022-11-10T11:02:48+00:00","breadcrumb":{"@id":"https:\/\/www.abd-bvd.be\/fr\/a-propos\/devenir-membre\/#breadcrumb"},"inLanguage":"fr-FR","potentialAction":[{"@type":"ReadAction","target":["https:\/\/www.abd-bvd.be\/fr\/a-propos\/devenir-membre\/"]}]},{"@type":"BreadcrumbList","@id":"https:\/\/www.abd-bvd.be\/fr\/a-propos\/devenir-membre\/#breadcrumb","itemListElement":[{"@type":"ListItem","position":1,"name":"Accueil","item":"https:\/\/www.abd-bvd.be\/fr\/"},{"@type":"ListItem","position":2,"name":"ABD-BVD","item":"https:\/\/www.abd-bvd.be\/fr\/a-propos\/"},{"@type":"ListItem","position":3,"name":"Devenir membre"}]},{"@type":"WebSite","@id":"https:\/\/www.abd-bvd.be\/fr\/#website","url":"https:\/\/www.abd-bvd.be\/fr\/","name":"ABD-BVD","description":"Association Belge de documentation - Belgische verniging voor documentatie","potentialAction":[{"@type":"SearchAction","target":{"@type":"EntryPoint","urlTemplate":"https:\/\/www.abd-bvd.be\/fr\/?s={search_term_string}"},"query-input":{"@type":"PropertyValueSpecification","valueRequired":true,"valueName":"search_term_string"}}],"inLanguage":"fr-FR"}]}},"_links":{"self":[{"href":"https:\/\/www.abd-bvd.be\/fr\/wp-json\/wp\/v2\/pages\/27","targetHints":{"allow":["GET"]}}],"collection":[{"href":"https:\/\/www.abd-bvd.be\/fr\/wp-json\/wp\/v2\/pages"}],"about":[{"href":"https:\/\/www.abd-bvd.be\/fr\/wp-json\/wp\/v2\/types\/page"}],"author":[{"embeddable":true,"href":"https:\/\/www.abd-bvd.be\/fr\/wp-json\/wp\/v2\/users\/1"}],"replies":[{"embeddable":true,"href":"https:\/\/www.abd-bvd.be\/fr\/wp-json\/wp\/v2\/comments?post=27"}],"version-history":[{"count":2,"href":"https:\/\/www.abd-bvd.be\/fr\/wp-json\/wp\/v2\/pages\/27\/revisions"}],"predecessor-version":[{"id":32023,"href":"https:\/\/www.abd-bvd.be\/fr\/wp-json\/wp\/v2\/pages\/27\/revisions\/32023"}],"up":[{"embeddable":true,"href":"https:\/\/www.abd-bvd.be\/fr\/wp-json\/wp\/v2\/pages\/20"}],"wp:attachment":[{"href":"https:\/\/www.abd-bvd.be\/fr\/wp-json\/wp\/v2\/media?parent=27"}],"curies":[{"name":"wp","href":"https:\/\/api.w.org\/{rel}","templated":true}]}}