{"id":266,"date":"2014-08-21T14:53:54","date_gmt":"2014-08-21T14:53:54","guid":{"rendered":"http:\/\/www.abd-bvd.be\/?page_id=266"},"modified":"2022-03-06T18:05:47","modified_gmt":"2022-03-06T17:05:47","slug":"assemblee-generale","status":"publish","type":"page","link":"https:\/\/www.abd-bvd.be\/fr\/a-propos\/assemblee-generale\/","title":{"rendered":"Assembl\u00e9e g\u00e9n\u00e9rale"},"content":{"rendered":"<h2>Assembl\u00e9e g\u00e9n\u00e9rale du 31 mars 2022<\/h2>\n<p>en visioconf\u00e9rence<\/p>\n<h3>Convocation<\/h3>\n<p><span class=\"file-button\"><a href=\"https:\/\/www.abd-bvd.be\/wp-content\/uploads\/2022_AG-AV_Convocation-bijeenroeping.pdf\">T\u00e9l\u00e9charger (FR-NL)<\/a><\/span><\/p>\n<h3>Procuration<\/h3>\n<p><span class=\"file-button\"><a href=\"https:\/\/www.abd-bvd.be\/wp-content\/uploads\/2022_AG-AV_Procuration-volmacht.docx\">T\u00e9l\u00e9charger (FR)<\/a><\/span><\/p>\n<h2>Assembl\u00e9e g\u00e9n\u00e9rale du 25 mars 2021<\/h2>\n<p>en visioconf\u00e9rence<\/p>\n<h3>Convocation<\/h3>\n<p><span class=\"file-button\"><a href=\"https:\/\/www.abd-bvd.be\/wp-content\/uploads\/2021_AG-AV_Convocation-bijeenroeping.pdf\">T\u00e9l\u00e9charger (FR-NL)<\/a><\/span><\/p>\n<h3>Procuration<\/h3>\n<p><span class=\"file-button\"><a href=\"https:\/\/www.abd-bvd.be\/wp-content\/uploads\/2021_AG-AV_Procuration-volmacht.pdf\">T\u00e9l\u00e9charger (FR)<\/a><\/span><\/p>\n<h2><\/h2>\n<h2>Assembl\u00e9e g\u00e9n\u00e9rale extraordinaire du 3 septembre 2020<\/h2>\n<p>KBR, Salle Concert, Boulevard de l&rsquo;Empereur 4 \u00e0 1000 Bruxelles<\/p>\n<h3>Convocation<\/h3>\n<p><span class=\"file-button\"><a href=\"https:\/\/www.abd-bvd.be\/wp-content\/uploads\/20200903_AG_extra_invitations-2.pdf\">T\u00e9l\u00e9charger (FR-NL)<\/a><\/span><\/p>\n<h3>Proposition de modification des statuts<\/h3>\n<p><span class=\"file-button\"><a href=\"https:\/\/www.abd-bvd.be\/wp-content\/uploads\/Statuts_Proposition-de-modifications-AG-2020-FR-1.pdf\">T\u00e9l\u00e9charger (FR-NL)<\/a><\/span><\/p>\n<h3>Procuration<\/h3>\n<p><span class=\"file-button\"><a href=\"https:\/\/www.abd-bvd.be\/wp-content\/uploads\/20200903_AG_extra_invitations-2.pdf\">T\u00e9l\u00e9charger (FR-NL)<\/a><\/span><\/p>\n<p>&nbsp;<\/p>\n<h2>Assembl\u00e9e g\u00e9n\u00e9rale du 3 septembre 2020<\/h2>\n<p>KBR, Salle Concert, Boulevard de l&rsquo;Empereur 4 \u00e0 1000 Bruxelles<\/p>\n<h3>Convocation<\/h3>\n<p><span class=\"file-button\"><a href=\"https:\/\/www.abd-bvd.be\/wp-content\/uploads\/20200903_AG_invitations.pdf\">T\u00e9l\u00e9charger (FR-NL)<\/a><\/span><\/p>\n<h3>Pr\u00e9sentation<\/h3>\n<p><span class=\"file-button\"><a href=\"https:\/\/www.abd-bvd.be\/wp-content\/uploads\/Assemblee-generale-2020-FR.pdf\">T\u00e9l\u00e9charger (FR)<\/a><\/span><\/p>\n<p>&nbsp;<\/p>\n<h2>Assembl\u00e9e g\u00e9n\u00e9rale extraordinaire du 30 avril 2019<\/h2>\n<p>Agence f\u00e9d\u00e9rale de Contr\u00f4le nucl\u00e9aire, Rue Ravenstein 36 \u00e0 1000 Bruxelles<\/p>\n<h3>Convocation<\/h3>\n<p><span class=\"file-button\"><a href=\"https:\/\/www.abd-bvd.be\/wp-content\/uploads\/AGE-BAV_2019_bijeenroeping-convocation.pdf\">T\u00e9l\u00e9charger (FR-NL)<\/a><\/span><\/p>\n<p>&nbsp;<\/p>\n<h2>Assembl\u00e9e g\u00e9n\u00e9rale du 20 mars 2019<\/h2>\n<p>Fonds des Affections Respiratoires (FARES), Rue de la Concorde 56 \u00e0 1050 Bruxelles<\/p>\n<h3>Convocation<\/h3>\n<p><span class=\"file-button\"><a href=\"https:\/\/www.abd-bvd.be\/wp-content\/uploads\/AG-AV_2019_bijeenroeping-convocation.pdf\">T\u00e9l\u00e9charger (FR-NL)<\/a><\/span><\/p>\n<h3>Pr\u00e9sentation<\/h3>\n<p><span class=\"file-button\"><a href=\"https:\/\/www.abd-bvd.be\/wp-content\/uploads\/Assembl\u00e9e-g\u00e9n\u00e9rale-2019-FR.pdf\">T\u00e9l\u00e9charger (FR)<\/a><\/span><\/p>\n<p>&nbsp;<\/p>\n<h2>Assembl\u00e9e g\u00e9n\u00e9rale du 20 mars 2018<\/h2>\n<p>Institut royal du Patrimoine artistique (IRPA), Parc du Cinquantenaire 1 \u00e0 1000 Bruxelles<\/p>\n<h3>Convocation<\/h3>\n<p><span class=\"file-button\"><a href=\"https:\/\/www.abd-bvd.be\/wp-content\/uploads\/AG-AV_2018_bijeenroeping-convocation.pdf\">T\u00e9l\u00e9charger (FR-NL)<\/a><\/span><\/p>\n<h3>Pr\u00e9sentation<\/h3>\n<p><span class=\"file-button\"><a href=\"https:\/\/www.abd-bvd.be\/wp-content\/uploads\/Assembl\u00e9e-g\u00e9n\u00e9rale-2018-FR.pdf\">T\u00e9l\u00e9charger (FR)<\/a><\/span><\/p>\n<p>&nbsp;<\/p>\n<h2>Assembl\u00e9e g\u00e9n\u00e9rale du 22 mars 2017<\/h2>\n<p>Biblioth\u00e8que royale de Belgique, Royal Sky Room I, Boulevard de l&rsquo;Empereur 4 \u00e0 1000 Bruxelles<\/p>\n<h3>Convocation<\/h3>\n<p><span class=\"file-button\"><a href=\"https:\/\/www.abd-bvd.be\/wp-content\/uploads\/ABD-BVD-AG-2017-INVITATION-UITNODIGING.pdf\">T\u00e9l\u00e9charger (FR-NL)<\/a><\/span><\/p>\n<h3>Pr\u00e9sentation<\/h3>\n<p><span class=\"file-button\"><a href=\"https:\/\/www.abd-bvd.be\/wp-content\/uploads\/Assembl\u00e9e-g\u00e9n\u00e9rale-2017-FR.pdf\">T\u00e9l\u00e9charger (FR)<\/a><\/span><\/p>\n<h2>Assembl\u00e9e g\u00e9n\u00e9rale du\u00a019 avril 2016<\/h2>\n<p>Biblioth\u00e8que royale de Belgique, Park Room, Boulevard de l&rsquo;Empereur 4 \u00e0 1000 Bruxelles<\/p>\n<h3>Convocation<\/h3>\n<p><span class=\"file-button\"><a href=\"https:\/\/www.abd-bvd.be\/wp-content\/uploads\/Convocation-Bijeenroeping_2016_19-04.pdf\">T\u00e9l\u00e9charger (FR-NL)<\/a><\/span><\/p>\n<h3>Pr\u00e9sentation<\/h3>\n<p><span class=\"file-button\"><a href=\"https:\/\/www.abd-bvd.be\/wp-content\/uploads\/Assembl\u00e9e-g\u00e9n\u00e9rale-2016-FR.pdf\">T\u00e9l\u00e9charger (FR)<\/a><\/span><\/p>\n<h2>Assembl\u00e9e g\u00e9n\u00e9rale du 22 mars 2016<\/h2>\n<p>Suite aux attentats terroristes qui ont frapp\u00e9 la Belgique le 22 mars, l\u2019Assembl\u00e9e g\u00e9n\u00e9rale de l\u2019Association Belge de Documentation a \u00e9t\u00e9 report\u00e9e.<\/p>\n<h3>Convocation<\/h3>\n<p><span class=\"file-button\"><a href=\"https:\/\/www.abd-bvd.be\/wp-content\/uploads\/Convocation-Bijeenroeping_2016.pdf\">T\u00e9l\u00e9charger (FR-NL)<\/a><\/span><\/p>\n<h2>Assembl\u00e9e g\u00e9n\u00e9rale du 24 mars 2015<\/h2>\n<p>Biblioth\u00e8que royale de Belgique, Royal Sky Room I, Boulevard de l&rsquo;Empereur 4 \u00e0 1000 Bruxelles<\/p>\n<h3>Convocation<\/h3>\n<p><span class=\"file-button\"><a href=\"https:\/\/www.abd-bvd.be\/wp-content\/uploads\/Convocation-Bijeenroeping_2015.pdf\">T\u00e9l\u00e9charger (FR-NL)<\/a><\/span><\/p>\n<h3>Pr\u00e9sentation<\/h3>\n<p><span class=\"file-button\"><a href=\"https:\/\/www.abd-bvd.be\/wp-content\/uploads\/Assembl\u00e9e-g\u00e9n\u00e9rale-2015-FR.pdf\">T\u00e9l\u00e9charger (FR)<\/a><\/span><\/p>\n<h2>Assembl\u00e9e g\u00e9n\u00e9rale extraordinaire du 16 avril 2014<\/h2>\n<p>Biblioth\u00e8que royale de Belgique, Salle du conseil, Boulevard de l&rsquo;Empereur 4 \u00e0 1000 Bruxelles<\/p>\n<h3>Convocation<\/h3>\n<p><span class=\"file-button\"><a href=\"https:\/\/www.abd-bvd.be\/wp-content\/uploads\/AG-extra-Convocation-Bijeenroeping.pdf\">T\u00e9l\u00e9charger (FR-NL)<\/a><\/span><\/p>\n<h2>Assembl\u00e9e g\u00e9n\u00e9rale du 1<sup>er<\/sup> avril 2014<\/h2>\n<p>Cinematek, Salle Ledoux, Rue Baron Horta 9 \u00e0 1000 Bruxelles<\/p>\n<h3>Convocation<\/h3>\n<p><span class=\"file-button\"><a href=\"https:\/\/www.abd-bvd.be\/wp-content\/uploads\/Convocation-Bijeenroeping_2014.pdf\">T\u00e9l\u00e9charger (FR-NL)<\/a><\/span><\/p>\n<h3>Proposition de modification des statuts<\/h3>\n<p><span class=\"file-button\"><a href=\"https:\/\/www.abd-bvd.be\/wp-content\/uploads\/Proposition-de-modification-des-Statuts-Voorstel-tot-wijziging-van-de-Statuten.pdf\">T\u00e9l\u00e9charger (FR-NL)<\/a><\/span><\/p>\n<h3>Rapport d&rsquo;activit\u00e9s<\/h3>\n<p><span class=\"file-button\"><a href=\"https:\/\/www.abd-bvd.be\/wp-content\/uploads\/Rapport-CA-Verslag-RvB-2014.pdf\">T\u00e9l\u00e9charger (FR-NL)<\/a><\/span><\/p>\n<h2>Assembl\u00e9e g\u00e9n\u00e9rale du 20 mars 2013<\/h2>\n<p>Agence f\u00e9d\u00e9rale de Contr\u00f4le nucl\u00e9aire, Rue Ravenstein 36 \u00e0 1000 Bruxelles<\/p>\n<h3>Convocation<\/h3>\n<p><span class=\"file-button\"><a href=\"https:\/\/www.abd-bvd.be\/wp-content\/uploads\/Convocation-Bijeenroeping_2013.pdf\">T\u00e9l\u00e9charger (FR-NL)<\/a><\/span><\/p>\n<h3>Rapport d&rsquo;activit\u00e9s<\/h3>\n<p><span class=\"file-button\"><a href=\"https:\/\/www.abd-bvd.be\/wp-content\/uploads\/Rapport-CA-Verslag-RvB-2013.pdf\">T\u00e9l\u00e9charger (FR-NL)<\/a><\/span><\/p>\n<h2>Assembl\u00e9e g\u00e9n\u00e9rale du 21 mars 2012<\/h2>\n<p>Agence f\u00e9d\u00e9rale de Contr\u00f4le nucl\u00e9aire, Rue Ravenstein 36 \u00e0 1000 Bruxelles<\/p>\n<h3>Convocation<\/h3>\n<p><span class=\"file-button\"><a href=\"https:\/\/www.abd-bvd.be\/wp-content\/uploads\/Convocation-Bijeenroeping_2012.pdf\">T\u00e9l\u00e9charger (FR-NL)<\/a><\/span><\/p>\n<h3>Rapport d&rsquo;activit\u00e9s<\/h3>\n<p><span class=\"file-button\"><a href=\"https:\/\/www.abd-bvd.be\/wp-content\/uploads\/Rapport-CA-Verslag-RvB-2012.pdf\">T\u00e9l\u00e9charger (FR-NL)<\/a><\/span><\/p>\n<div id=\"ff_peerindex_tooltip\"><\/div>\n<div id=\"ff_peerindex_tooltip\"><\/div>\n<div id=\"ff_peerindex_tooltip\"><\/div>\n","protected":false},"excerpt":{"rendered":"<p>Assembl\u00e9e g\u00e9n\u00e9rale du 31 mars 2022 en visioconf\u00e9rence Convocation T\u00e9l\u00e9charger (FR-NL) Procuration T\u00e9l\u00e9charger (FR) Assembl\u00e9e g\u00e9n\u00e9rale du 25 mars 2021 en visioconf\u00e9rence Convocation T\u00e9l\u00e9charger (FR-NL) Procuration T\u00e9l\u00e9charger (FR) Assembl\u00e9e g\u00e9n\u00e9rale extraordinaire du 3 septembre 2020 KBR, Salle Concert, Boulevard de l&rsquo;Empereur 4 \u00e0 1000 Bruxelles Convocation T\u00e9l\u00e9charger (FR-NL) Proposition de modification des statuts T\u00e9l\u00e9charger (FR-NL) [&hellip;]<\/p>\n","protected":false},"author":1,"featured_media":0,"parent":20,"menu_order":4,"comment_status":"open","ping_status":"open","template":"","meta":{"_acf_changed":false,"footnotes":""},"class_list":["post-266","page","type-page","status-publish","hentry"],"acf":[],"yoast_head":"<!-- This site is optimized with the Yoast SEO plugin v27.3 - https:\/\/yoast.com\/product\/yoast-seo-wordpress\/ -->\n<title>Assembl\u00e9e g\u00e9n\u00e9rale - ABD-BVD<\/title>\n<meta name=\"robots\" content=\"index, follow, max-snippet:-1, max-image-preview:large, max-video-preview:-1\" \/>\n<link rel=\"canonical\" href=\"https:\/\/www.abd-bvd.be\/fr\/a-propos\/assemblee-generale\/\" \/>\n<meta property=\"og:locale\" content=\"fr_FR\" \/>\n<meta property=\"og:type\" content=\"article\" \/>\n<meta property=\"og:title\" content=\"Assembl\u00e9e g\u00e9n\u00e9rale - ABD-BVD\" \/>\n<meta property=\"og:description\" content=\"Assembl\u00e9e g\u00e9n\u00e9rale du 31 mars 2022 en visioconf\u00e9rence Convocation T\u00e9l\u00e9charger (FR-NL) Procuration T\u00e9l\u00e9charger (FR) Assembl\u00e9e g\u00e9n\u00e9rale du 25 mars 2021 en visioconf\u00e9rence Convocation T\u00e9l\u00e9charger (FR-NL) Procuration T\u00e9l\u00e9charger (FR) Assembl\u00e9e g\u00e9n\u00e9rale extraordinaire du 3 septembre 2020 KBR, Salle Concert, Boulevard de l&rsquo;Empereur 4 \u00e0 1000 Bruxelles Convocation T\u00e9l\u00e9charger (FR-NL) Proposition de modification des statuts T\u00e9l\u00e9charger (FR-NL) [&hellip;]\" \/>\n<meta property=\"og:url\" content=\"https:\/\/www.abd-bvd.be\/fr\/a-propos\/assemblee-generale\/\" \/>\n<meta property=\"og:site_name\" content=\"ABD-BVD\" \/>\n<meta property=\"article:modified_time\" content=\"2022-03-06T17:05:47+00:00\" \/>\n<meta name=\"twitter:card\" content=\"summary_large_image\" \/>\n<meta name=\"twitter:label1\" content=\"Dur\u00e9e de lecture estim\u00e9e\" \/>\n\t<meta name=\"twitter:data1\" content=\"2 minutes\" \/>\n<script type=\"application\/ld+json\" class=\"yoast-schema-graph\">{\"@context\":\"https:\\\/\\\/schema.org\",\"@graph\":[{\"@type\":\"WebPage\",\"@id\":\"https:\\\/\\\/www.abd-bvd.be\\\/fr\\\/a-propos\\\/assemblee-generale\\\/\",\"url\":\"https:\\\/\\\/www.abd-bvd.be\\\/fr\\\/a-propos\\\/assemblee-generale\\\/\",\"name\":\"Assembl\u00e9e g\u00e9n\u00e9rale - ABD-BVD\",\"isPartOf\":{\"@id\":\"https:\\\/\\\/www.abd-bvd.be\\\/fr\\\/#website\"},\"datePublished\":\"2014-08-21T14:53:54+00:00\",\"dateModified\":\"2022-03-06T17:05:47+00:00\",\"breadcrumb\":{\"@id\":\"https:\\\/\\\/www.abd-bvd.be\\\/fr\\\/a-propos\\\/assemblee-generale\\\/#breadcrumb\"},\"inLanguage\":\"fr-FR\",\"potentialAction\":[{\"@type\":\"ReadAction\",\"target\":[\"https:\\\/\\\/www.abd-bvd.be\\\/fr\\\/a-propos\\\/assemblee-generale\\\/\"]}]},{\"@type\":\"BreadcrumbList\",\"@id\":\"https:\\\/\\\/www.abd-bvd.be\\\/fr\\\/a-propos\\\/assemblee-generale\\\/#breadcrumb\",\"itemListElement\":[{\"@type\":\"ListItem\",\"position\":1,\"name\":\"Accueil\",\"item\":\"https:\\\/\\\/www.abd-bvd.be\\\/fr\\\/\"},{\"@type\":\"ListItem\",\"position\":2,\"name\":\"ABD-BVD\",\"item\":\"https:\\\/\\\/www.abd-bvd.be\\\/fr\\\/a-propos\\\/\"},{\"@type\":\"ListItem\",\"position\":3,\"name\":\"Assembl\u00e9e g\u00e9n\u00e9rale\"}]},{\"@type\":\"WebSite\",\"@id\":\"https:\\\/\\\/www.abd-bvd.be\\\/fr\\\/#website\",\"url\":\"https:\\\/\\\/www.abd-bvd.be\\\/fr\\\/\",\"name\":\"ABD-BVD\",\"description\":\"Association Belge de documentation - Belgische verniging voor documentatie\",\"potentialAction\":[{\"@type\":\"SearchAction\",\"target\":{\"@type\":\"EntryPoint\",\"urlTemplate\":\"https:\\\/\\\/www.abd-bvd.be\\\/fr\\\/?s={search_term_string}\"},\"query-input\":{\"@type\":\"PropertyValueSpecification\",\"valueRequired\":true,\"valueName\":\"search_term_string\"}}],\"inLanguage\":\"fr-FR\"}]}<\/script>\n<!-- \/ Yoast SEO plugin. -->","yoast_head_json":{"title":"Assembl\u00e9e g\u00e9n\u00e9rale - ABD-BVD","robots":{"index":"index","follow":"follow","max-snippet":"max-snippet:-1","max-image-preview":"max-image-preview:large","max-video-preview":"max-video-preview:-1"},"canonical":"https:\/\/www.abd-bvd.be\/fr\/a-propos\/assemblee-generale\/","og_locale":"fr_FR","og_type":"article","og_title":"Assembl\u00e9e g\u00e9n\u00e9rale - ABD-BVD","og_description":"Assembl\u00e9e g\u00e9n\u00e9rale du 31 mars 2022 en visioconf\u00e9rence Convocation T\u00e9l\u00e9charger (FR-NL) Procuration T\u00e9l\u00e9charger (FR) Assembl\u00e9e g\u00e9n\u00e9rale du 25 mars 2021 en visioconf\u00e9rence Convocation T\u00e9l\u00e9charger (FR-NL) Procuration T\u00e9l\u00e9charger (FR) Assembl\u00e9e g\u00e9n\u00e9rale extraordinaire du 3 septembre 2020 KBR, Salle Concert, Boulevard de l&rsquo;Empereur 4 \u00e0 1000 Bruxelles Convocation T\u00e9l\u00e9charger (FR-NL) Proposition de modification des statuts T\u00e9l\u00e9charger (FR-NL) [&hellip;]","og_url":"https:\/\/www.abd-bvd.be\/fr\/a-propos\/assemblee-generale\/","og_site_name":"ABD-BVD","article_modified_time":"2022-03-06T17:05:47+00:00","twitter_card":"summary_large_image","twitter_misc":{"Dur\u00e9e de lecture estim\u00e9e":"2 minutes"},"schema":{"@context":"https:\/\/schema.org","@graph":[{"@type":"WebPage","@id":"https:\/\/www.abd-bvd.be\/fr\/a-propos\/assemblee-generale\/","url":"https:\/\/www.abd-bvd.be\/fr\/a-propos\/assemblee-generale\/","name":"Assembl\u00e9e g\u00e9n\u00e9rale - ABD-BVD","isPartOf":{"@id":"https:\/\/www.abd-bvd.be\/fr\/#website"},"datePublished":"2014-08-21T14:53:54+00:00","dateModified":"2022-03-06T17:05:47+00:00","breadcrumb":{"@id":"https:\/\/www.abd-bvd.be\/fr\/a-propos\/assemblee-generale\/#breadcrumb"},"inLanguage":"fr-FR","potentialAction":[{"@type":"ReadAction","target":["https:\/\/www.abd-bvd.be\/fr\/a-propos\/assemblee-generale\/"]}]},{"@type":"BreadcrumbList","@id":"https:\/\/www.abd-bvd.be\/fr\/a-propos\/assemblee-generale\/#breadcrumb","itemListElement":[{"@type":"ListItem","position":1,"name":"Accueil","item":"https:\/\/www.abd-bvd.be\/fr\/"},{"@type":"ListItem","position":2,"name":"ABD-BVD","item":"https:\/\/www.abd-bvd.be\/fr\/a-propos\/"},{"@type":"ListItem","position":3,"name":"Assembl\u00e9e g\u00e9n\u00e9rale"}]},{"@type":"WebSite","@id":"https:\/\/www.abd-bvd.be\/fr\/#website","url":"https:\/\/www.abd-bvd.be\/fr\/","name":"ABD-BVD","description":"Association Belge de documentation - Belgische verniging voor documentatie","potentialAction":[{"@type":"SearchAction","target":{"@type":"EntryPoint","urlTemplate":"https:\/\/www.abd-bvd.be\/fr\/?s={search_term_string}"},"query-input":{"@type":"PropertyValueSpecification","valueRequired":true,"valueName":"search_term_string"}}],"inLanguage":"fr-FR"}]}},"_links":{"self":[{"href":"https:\/\/www.abd-bvd.be\/fr\/wp-json\/wp\/v2\/pages\/266","targetHints":{"allow":["GET"]}}],"collection":[{"href":"https:\/\/www.abd-bvd.be\/fr\/wp-json\/wp\/v2\/pages"}],"about":[{"href":"https:\/\/www.abd-bvd.be\/fr\/wp-json\/wp\/v2\/types\/page"}],"author":[{"embeddable":true,"href":"https:\/\/www.abd-bvd.be\/fr\/wp-json\/wp\/v2\/users\/1"}],"replies":[{"embeddable":true,"href":"https:\/\/www.abd-bvd.be\/fr\/wp-json\/wp\/v2\/comments?post=266"}],"version-history":[{"count":31,"href":"https:\/\/www.abd-bvd.be\/fr\/wp-json\/wp\/v2\/pages\/266\/revisions"}],"predecessor-version":[{"id":30093,"href":"https:\/\/www.abd-bvd.be\/fr\/wp-json\/wp\/v2\/pages\/266\/revisions\/30093"}],"up":[{"embeddable":true,"href":"https:\/\/www.abd-bvd.be\/fr\/wp-json\/wp\/v2\/pages\/20"}],"wp:attachment":[{"href":"https:\/\/www.abd-bvd.be\/fr\/wp-json\/wp\/v2\/media?parent=266"}],"curies":[{"name":"wp","href":"https:\/\/api.w.org\/{rel}","templated":true}]}}