{"id":261,"date":"2014-08-21T14:52:06","date_gmt":"2014-08-21T14:52:06","guid":{"rendered":"http:\/\/www.abd-bvd.be\/?page_id=261"},"modified":"2015-05-28T08:28:14","modified_gmt":"2015-05-28T08:28:14","slug":"association-professionnelle","status":"publish","type":"page","link":"https:\/\/www.abd-bvd.be\/fr\/a-propos\/association-professionnelle\/","title":{"rendered":"Association professionnelle"},"content":{"rendered":"<p><strong>Pourquoi une association professionnelle est-elle encore utile aujourd&rsquo;hui ?<\/strong><br \/>\nUne association professionnelle permet de rassembler des hommes et des femmes exer\u00e7ant le m\u00eame m\u00e9tier. Elle permet d&rsquo;\u00e9changer des pratiques, des exp\u00e9riences, de se former, de s&rsquo;informer sur les nouveaut\u00e9s d&rsquo;un m\u00e9tier, de nouer des contacts,\u2026<\/p>\n<p>Une carri\u00e8re professionnelle s\u2019envisage plus difficilement sans \u00e9changes. Il faut collaborer avec ses coll\u00e8gues, ses clients, sa hi\u00e9rarchie. Il faut pouvoir \u00e9voluer aussi et parfois s\u2019inspirer de ce qui se fait ailleurs pour d\u00e9velopper de nouvelles id\u00e9es, pour suivre l\u2019\u00e9volution de son m\u00e9tier.<\/p>\n<p>Dans les m\u00e9tiers de l&rsquo;information et de la documentation, c&rsquo;est encore plus important car les technologies \u00e9voluent vite. Et avec les technologies, de nouveaux canaux de diffusion de l&rsquo;information prennent de l&rsquo;importance. Pensons \u00e0 la place qu&rsquo;ont prise Internet et les r\u00e9seaux sociaux, ces derni\u00e8res ann\u00e9es. Il faut pouvoir s&rsquo;adapter \u00e0 ces m\u00e9tiers qui bougent.<\/p>\n<p>Certes, les m\u00e9dias sociaux permettent aujourd\u2019hui de construire des r\u00e9seaux professionnels, mais ils ne sont pas organis\u00e9s comme une association, qui peut compter sur des b\u00e9n\u00e9voles pour organiser des \u00e9v\u00e9nements, pour publier des p\u00e9riodiques ou des lettres d\u2019information, pour d\u00e9fendre un m\u00e9tier au nom des professionnels de ce m\u00e9tier. Si les technologies peuvent faire beaucoup, le contact humain reste une composante importante de nos m\u00e9tiers\u00a0!<\/p>\n<p>&nbsp;<\/p>\n","protected":false},"excerpt":{"rendered":"<p>Pourquoi une association professionnelle est-elle encore utile aujourd&rsquo;hui ? Une association professionnelle permet de rassembler des hommes et des femmes exer\u00e7ant le m\u00eame m\u00e9tier. Elle permet d&rsquo;\u00e9changer des pratiques, des exp\u00e9riences, de se former, de s&rsquo;informer sur les nouveaut\u00e9s d&rsquo;un m\u00e9tier, de nouer des contacts,\u2026 Une carri\u00e8re professionnelle s\u2019envisage plus difficilement sans \u00e9changes. Il faut [&hellip;]<\/p>\n","protected":false},"author":1,"featured_media":0,"parent":20,"menu_order":1,"comment_status":"open","ping_status":"open","template":"","meta":{"_acf_changed":false,"footnotes":""},"class_list":["post-261","page","type-page","status-publish","hentry"],"acf":[],"yoast_head":"<!-- This site is optimized with the Yoast SEO plugin v27.4 - https:\/\/yoast.com\/product\/yoast-seo-wordpress\/ -->\n<title>Association professionnelle - ABD-BVD<\/title>\n<meta name=\"robots\" content=\"index, follow, max-snippet:-1, max-image-preview:large, max-video-preview:-1\" \/>\n<link rel=\"canonical\" href=\"https:\/\/www.abd-bvd.be\/fr\/a-propos\/association-professionnelle\/\" \/>\n<meta property=\"og:locale\" content=\"fr_FR\" \/>\n<meta property=\"og:type\" content=\"article\" \/>\n<meta property=\"og:title\" content=\"Association professionnelle - ABD-BVD\" \/>\n<meta property=\"og:description\" content=\"Pourquoi une association professionnelle est-elle encore utile aujourd&rsquo;hui ? Une association professionnelle permet de rassembler des hommes et des femmes exer\u00e7ant le m\u00eame m\u00e9tier. Elle permet d&rsquo;\u00e9changer des pratiques, des exp\u00e9riences, de se former, de s&rsquo;informer sur les nouveaut\u00e9s d&rsquo;un m\u00e9tier, de nouer des contacts,\u2026 Une carri\u00e8re professionnelle s\u2019envisage plus difficilement sans \u00e9changes. Il faut [&hellip;]\" \/>\n<meta property=\"og:url\" content=\"https:\/\/www.abd-bvd.be\/fr\/a-propos\/association-professionnelle\/\" \/>\n<meta property=\"og:site_name\" content=\"ABD-BVD\" \/>\n<meta property=\"article:modified_time\" content=\"2015-05-28T08:28:14+00:00\" \/>\n<meta name=\"twitter:card\" content=\"summary_large_image\" \/>\n<meta name=\"twitter:label1\" content=\"Dur\u00e9e de lecture estim\u00e9e\" \/>\n\t<meta name=\"twitter:data1\" content=\"1 minute\" \/>\n<script type=\"application\/ld+json\" class=\"yoast-schema-graph\">{\"@context\":\"https:\\\/\\\/schema.org\",\"@graph\":[{\"@type\":\"WebPage\",\"@id\":\"https:\\\/\\\/www.abd-bvd.be\\\/fr\\\/a-propos\\\/association-professionnelle\\\/\",\"url\":\"https:\\\/\\\/www.abd-bvd.be\\\/fr\\\/a-propos\\\/association-professionnelle\\\/\",\"name\":\"Association professionnelle - ABD-BVD\",\"isPartOf\":{\"@id\":\"https:\\\/\\\/www.abd-bvd.be\\\/fr\\\/#website\"},\"datePublished\":\"2014-08-21T14:52:06+00:00\",\"dateModified\":\"2015-05-28T08:28:14+00:00\",\"breadcrumb\":{\"@id\":\"https:\\\/\\\/www.abd-bvd.be\\\/fr\\\/a-propos\\\/association-professionnelle\\\/#breadcrumb\"},\"inLanguage\":\"fr-FR\",\"potentialAction\":[{\"@type\":\"ReadAction\",\"target\":[\"https:\\\/\\\/www.abd-bvd.be\\\/fr\\\/a-propos\\\/association-professionnelle\\\/\"]}]},{\"@type\":\"BreadcrumbList\",\"@id\":\"https:\\\/\\\/www.abd-bvd.be\\\/fr\\\/a-propos\\\/association-professionnelle\\\/#breadcrumb\",\"itemListElement\":[{\"@type\":\"ListItem\",\"position\":1,\"name\":\"Accueil\",\"item\":\"https:\\\/\\\/www.abd-bvd.be\\\/fr\\\/\"},{\"@type\":\"ListItem\",\"position\":2,\"name\":\"ABD-BVD\",\"item\":\"https:\\\/\\\/www.abd-bvd.be\\\/fr\\\/a-propos\\\/\"},{\"@type\":\"ListItem\",\"position\":3,\"name\":\"Association professionnelle\"}]},{\"@type\":\"WebSite\",\"@id\":\"https:\\\/\\\/www.abd-bvd.be\\\/fr\\\/#website\",\"url\":\"https:\\\/\\\/www.abd-bvd.be\\\/fr\\\/\",\"name\":\"ABD-BVD\",\"description\":\"Association Belge de documentation - Belgische verniging voor documentatie\",\"potentialAction\":[{\"@type\":\"SearchAction\",\"target\":{\"@type\":\"EntryPoint\",\"urlTemplate\":\"https:\\\/\\\/www.abd-bvd.be\\\/fr\\\/?s={search_term_string}\"},\"query-input\":{\"@type\":\"PropertyValueSpecification\",\"valueRequired\":true,\"valueName\":\"search_term_string\"}}],\"inLanguage\":\"fr-FR\"}]}<\/script>\n<!-- \/ Yoast SEO plugin. -->","yoast_head_json":{"title":"Association professionnelle - ABD-BVD","robots":{"index":"index","follow":"follow","max-snippet":"max-snippet:-1","max-image-preview":"max-image-preview:large","max-video-preview":"max-video-preview:-1"},"canonical":"https:\/\/www.abd-bvd.be\/fr\/a-propos\/association-professionnelle\/","og_locale":"fr_FR","og_type":"article","og_title":"Association professionnelle - ABD-BVD","og_description":"Pourquoi une association professionnelle est-elle encore utile aujourd&rsquo;hui ? Une association professionnelle permet de rassembler des hommes et des femmes exer\u00e7ant le m\u00eame m\u00e9tier. Elle permet d&rsquo;\u00e9changer des pratiques, des exp\u00e9riences, de se former, de s&rsquo;informer sur les nouveaut\u00e9s d&rsquo;un m\u00e9tier, de nouer des contacts,\u2026 Une carri\u00e8re professionnelle s\u2019envisage plus difficilement sans \u00e9changes. Il faut [&hellip;]","og_url":"https:\/\/www.abd-bvd.be\/fr\/a-propos\/association-professionnelle\/","og_site_name":"ABD-BVD","article_modified_time":"2015-05-28T08:28:14+00:00","twitter_card":"summary_large_image","twitter_misc":{"Dur\u00e9e de lecture estim\u00e9e":"1 minute"},"schema":{"@context":"https:\/\/schema.org","@graph":[{"@type":"WebPage","@id":"https:\/\/www.abd-bvd.be\/fr\/a-propos\/association-professionnelle\/","url":"https:\/\/www.abd-bvd.be\/fr\/a-propos\/association-professionnelle\/","name":"Association professionnelle - ABD-BVD","isPartOf":{"@id":"https:\/\/www.abd-bvd.be\/fr\/#website"},"datePublished":"2014-08-21T14:52:06+00:00","dateModified":"2015-05-28T08:28:14+00:00","breadcrumb":{"@id":"https:\/\/www.abd-bvd.be\/fr\/a-propos\/association-professionnelle\/#breadcrumb"},"inLanguage":"fr-FR","potentialAction":[{"@type":"ReadAction","target":["https:\/\/www.abd-bvd.be\/fr\/a-propos\/association-professionnelle\/"]}]},{"@type":"BreadcrumbList","@id":"https:\/\/www.abd-bvd.be\/fr\/a-propos\/association-professionnelle\/#breadcrumb","itemListElement":[{"@type":"ListItem","position":1,"name":"Accueil","item":"https:\/\/www.abd-bvd.be\/fr\/"},{"@type":"ListItem","position":2,"name":"ABD-BVD","item":"https:\/\/www.abd-bvd.be\/fr\/a-propos\/"},{"@type":"ListItem","position":3,"name":"Association professionnelle"}]},{"@type":"WebSite","@id":"https:\/\/www.abd-bvd.be\/fr\/#website","url":"https:\/\/www.abd-bvd.be\/fr\/","name":"ABD-BVD","description":"Association Belge de documentation - Belgische verniging voor documentatie","potentialAction":[{"@type":"SearchAction","target":{"@type":"EntryPoint","urlTemplate":"https:\/\/www.abd-bvd.be\/fr\/?s={search_term_string}"},"query-input":{"@type":"PropertyValueSpecification","valueRequired":true,"valueName":"search_term_string"}}],"inLanguage":"fr-FR"}]}},"_links":{"self":[{"href":"https:\/\/www.abd-bvd.be\/fr\/wp-json\/wp\/v2\/pages\/261","targetHints":{"allow":["GET"]}}],"collection":[{"href":"https:\/\/www.abd-bvd.be\/fr\/wp-json\/wp\/v2\/pages"}],"about":[{"href":"https:\/\/www.abd-bvd.be\/fr\/wp-json\/wp\/v2\/types\/page"}],"author":[{"embeddable":true,"href":"https:\/\/www.abd-bvd.be\/fr\/wp-json\/wp\/v2\/users\/1"}],"replies":[{"embeddable":true,"href":"https:\/\/www.abd-bvd.be\/fr\/wp-json\/wp\/v2\/comments?post=261"}],"version-history":[{"count":0,"href":"https:\/\/www.abd-bvd.be\/fr\/wp-json\/wp\/v2\/pages\/261\/revisions"}],"up":[{"embeddable":true,"href":"https:\/\/www.abd-bvd.be\/fr\/wp-json\/wp\/v2\/pages\/20"}],"wp:attachment":[{"href":"https:\/\/www.abd-bvd.be\/fr\/wp-json\/wp\/v2\/media?parent=261"}],"curies":[{"name":"wp","href":"https:\/\/api.w.org\/{rel}","templated":true}]}}