{"id":24052,"date":"2021-04-04T18:03:15","date_gmt":"2021-04-04T16:03:15","guid":{"rendered":"https:\/\/www.abd-bvd.be\/?page_id=24052"},"modified":"2021-04-04T18:14:13","modified_gmt":"2021-04-04T16:14:13","slug":"cahiers-de-la-documentation-2021-1-mars-2021","status":"publish","type":"page","link":"https:\/\/www.abd-bvd.be\/fr\/publications\/cahiers-de-la-documentation\/cahiers-de-la-documentation-2021-1-mars-2021\/","title":{"rendered":"Cahiers de la Documentation 2021\/1 (mars 2021)"},"content":{"rendered":"<h2><img loading=\"lazy\" decoding=\"async\" class=\"alignleft wp-image-20275 size-medium\" src=\"https:\/\/www.abd-bvd.be\/wp-content\/uploads\/cover-2021-1_middle.jpg\" alt=\"\" width=\"212\" height=\"300\" \/><\/h2>\n<h2>\u00c9ditorial<\/h2>\n<p style=\"text-align: justify;\">Apr\u00e8s une ann\u00e9e riche en bouleversements sur tous les plans, nous essayons de reprendre petit \u00e0 petit le chemin de la \u00ab\u00a0normalit\u00e9\u00a0\u00bb. Dans cette optique, nous vous proposons un premier num\u00e9ro 2021 des Cahiers comprenant des articles qui se trouvaient dans le \u00ab\u00a0pipeline\u00a0\u00bb depuis quelques temps d\u00e9j\u00e0. Vous y trouverez aussi un hommage \u00e0 notre regrett\u00e9 coll\u00e8gue Dominique Vanp\u00e9e, qui nous a quitt\u00e9s bien trop t\u00f4t.<\/p>\n<p style=\"text-align: justify;\">J&rsquo;en profite ici pour vous annoncer qu&rsquo;apr\u00e8s quelques ann\u00e9es &#8211; oserais-je dire de bons et loyaux services ? -, je passe \u00e0 pr\u00e9sent le relais de la coordination \u00e0 notre estim\u00e9 coll\u00e8gue Guy Delsaut, ancien pr\u00e9sident de l&rsquo;ABD-BVD et coutumier du r\u00f4le de coordinateur, puisqu&rsquo;il l&rsquo;exer\u00e7ait d\u00e9j\u00e0 bien avant de prendre la t\u00eate de notre association. Le trimestriel est donc entre de bonnes mains.<\/p>\n<p style=\"text-align: justify;\">Quant \u00e0 moi, je prends un peu de recul, pour me consacrer \u00e0 d&rsquo;autres projets. Je resterai toutefois disponible pour des relectures d&rsquo;articles \u00e0 l&rsquo;occasion, ou d&rsquo;autres petits services \u00e0 l&rsquo;ABD-BVD lorsque mon aide sera sollicit\u00e9e.<\/p>\n<p style=\"text-align: justify;\">Il me reste \u00e0 vous souhaiter une bonne lecture et \u00e0 bient\u00f4t !<\/p>\n<p style=\"text-align: right;\"><strong>Samuel PIRET<\/strong><br \/>\nR\u00e9dacteur en chef<\/p>\n<p>&nbsp;<\/p>\n<h2>Stronger Together<br \/>\nGemeenschappelijke bibliotheekaankopen met federale instellingen \u2013 proefproject JSTOR<\/h2>\n<p><strong>Astrid DE SPIEGELAERE<\/strong>, Verantwoordelijke secretariaat van de hedendaagse verzamelingen, KBR<\/p>\n<p style=\"text-align: justify;\">La plupart des institutions f\u00e9d\u00e9rales acqui\u00e8rent, dans une mesure plus ou moins importante, des publications \u00e0 l&rsquo;appui de leur fonctionnement ou de la recherche. KBR a examin\u00e9 comment les institutions peuvent collaborer pour acqu\u00e9rir ensemble ces informations de format \u00e9lectronique ou papier. Le r\u00e9sultat a \u00e9t\u00e9 un premier projet pilote pour se procurer ensemble une base de donn\u00e9es dans le domaine des sciences humaines et sociales en collaboration avec le Mus\u00e9e Royal de l&rsquo;Afrique Centrale (MRAC) et les Mus\u00e9es royaux d&rsquo;Art et d&rsquo;Histoire (MRAH). Lors de l&rsquo;Inforum 2019 \u00ab\u00a0Stronger together\u00a0\u00bb de l&rsquo;ABD-BVD, les premiers projets de ces missions communes ont \u00e9t\u00e9 pr\u00e9sent\u00e9s. La voie est d\u00e9sormais libre pour d&rsquo;autres acquisitions communes, mais comment les organiser et s&rsquo;aligner sur le nouvel arr\u00eat\u00e9 royal relatif au cadre de la politique f\u00e9d\u00e9rale d&rsquo;achats ?<\/p>\n<p>&nbsp;<\/p>\n<h2>La norme RiC (Records in Contexts) : fondements, applications et enjeux pour la pratique archivistique<\/h2>\n<p><strong>Siham ALAOUI<\/strong>, Candidate au doctorat, auxiliaire d&rsquo;enseignement et de recherche en archivistique, d\u00e9partement<br \/>\ndes sciences historiques, Universit\u00e9 Laval<\/p>\n<p style=\"text-align: justify;\">Le num\u00e9rique a marqu\u00e9 des bouleversements spectaculaires dans la pratique archivistique. Les archives, \u00e9voluant dans un environnement documentaire tendant vers le tout num\u00e9rique, doivent \u00eatre d\u00e9crites selon des modalit\u00e9s qui assurent leur authenticit\u00e9, leur fiabilit\u00e9, leur int\u00e9grit\u00e9 et leur exactitude. C&rsquo;est dans ce sens que la norme Records in Contexts a \u00e9t\u00e9 sugg\u00e9r\u00e9e par le Conseil international des archives, compte tenu des particularit\u00e9s des Linked data et des ontologies, afin de mettre l&rsquo;accent sur les m\u00e9tadonn\u00e9es de description qui permettent de documenter le contexte de cr\u00e9ation et de pr\u00e9servation des documents d&rsquo;archives. Ces derniers peuvent d\u00e9sormais \u00eatre mis en relation avec leurs producteurs, les activit\u00e9s qu&rsquo;ils traitent ainsi que les institutions qui les conservent.<\/p>\n<p>&nbsp;<\/p>\n<h2>Du nouveau en documentation juridique<\/h2>\n<p><strong>Anne-Catherine DEMEULDER, <\/strong>Information Officer, Liedekerke Wolters Waelbroeck Kirkpatrick<\/p>\n<p style=\"text-align: justify;\">L&rsquo;article liste quelques ressources rendues r\u00e9cemment accessibles gratuitement ou qui ont fait peau neuve et qui faciliteront les recherches juridiques de tout un chacun. Cet article a \u00e9t\u00e9 initialement publi\u00e9 le 23 janvier 2021 dans le <em>Journal des Tribunaux<\/em>, l&rsquo;auteure remercie le comit\u00e9 de r\u00e9daction d&rsquo;avoir permis de le reproduire ici.<\/p>\n<p>&nbsp;<\/p>\n<h2>Dominique Vanp\u00e9e<br \/>\nPortrait d&rsquo;un coll\u00e8gue passionn\u00e9 et d&rsquo;un ami attachant<\/h2>\n<p><b>Guy DELSAUT<\/b><br \/>\nAvec la collaboration de Christopher BOON, Beno\u00eet COLLET, Jacques HENRARD, Paul HEYVAERT, Simone J\u00c9R\u00d4ME, Toon LOWETTE, \u00c9velyne LUCTKENS, Vincent MAES, Samuel PIRET, Fran\u00e7oise ROSSION, Arnaud SEEUWS et Chantal STANESCU<\/p>\n<p style=\"text-align: justify;\">Dominique Vanp\u00e9e s&rsquo;est \u00e9teint le 3 novembre dernier, \u00e0 l&rsquo;\u00e2ge de 57 ans. Ses anciens coll\u00e8gues de l&rsquo;ABD-BVD se souviennent de lui, de tout le travail qu&rsquo;il a r\u00e9alis\u00e9 pour l&rsquo;association mais aussi de sa personnalit\u00e9 hors normes. \u00c0 travers des anecdotes, ils racontent le coll\u00e8gue, le confr\u00e8re, l&rsquo;ami qu&rsquo;ils ont connu. En plus de 20 ans, Dominique aura marqu\u00e9 notre association et les personnes qu&rsquo;il y a rencontr\u00e9es. Ce portrait se veut celui des coll\u00e8gues de l&rsquo;ABD-BVD, m\u00eame si, bien s\u00fbr, sa vie fut remplie de bien d&rsquo;autres collaborations.<\/p>\n<h2><\/h2>\n<h2>Dominique Vanp\u00e9e<br \/>\nPortret van een gepassioneerde collega en een innemende vriend<\/h2>\n<p><b>Guy DELSAUT<\/b><br \/>\nMet de medewerking van Christopher BOON, Beno\u00eet COLLET, Jacques HENRARD, Paul HEYVAERT, Simone J\u00c9R\u00d4ME, Toon LOWETTE, \u00c9velyne LUCTKENS, Vincent MAES, Samuel PIRET, Fran\u00e7oise ROSSION, Arnaud SEEUWS en Chantal STANESCU<\/p>\n","protected":false},"excerpt":{"rendered":"<p>\u00c9ditorial Apr\u00e8s une ann\u00e9e riche en bouleversements sur tous les plans, nous essayons de reprendre petit \u00e0 petit le chemin de la \u00ab\u00a0normalit\u00e9\u00a0\u00bb. Dans cette optique, nous vous proposons un premier num\u00e9ro 2021 des Cahiers comprenant des articles qui se trouvaient dans le \u00ab\u00a0pipeline\u00a0\u00bb depuis quelques temps d\u00e9j\u00e0. Vous y trouverez aussi un hommage \u00e0 [&hellip;]<\/p>\n","protected":false},"author":5,"featured_media":0,"parent":375,"menu_order":0,"comment_status":"closed","ping_status":"closed","template":"category-cahiers-documentation.php","meta":{"_acf_changed":false,"footnotes":""},"class_list":["post-24052","page","type-page","status-publish","hentry"],"acf":[],"yoast_head":"<!-- This site is optimized with the Yoast SEO plugin v27.3 - https:\/\/yoast.com\/product\/yoast-seo-wordpress\/ -->\n<title>Cahiers de la Documentation 2021\/1 (mars 2021) - ABD-BVD<\/title>\n<meta name=\"description\" content=\"Sommaire du num\u00e9ro 2021\/1 des Cahiers de la Documentation (mars 2021)\" \/>\n<meta name=\"robots\" content=\"index, follow, max-snippet:-1, max-image-preview:large, max-video-preview:-1\" \/>\n<link rel=\"canonical\" href=\"https:\/\/www.abd-bvd.be\/fr\/publications\/cahiers-de-la-documentation\/cahiers-de-la-documentation-2021-1-mars-2021\/\" \/>\n<meta property=\"og:locale\" content=\"fr_FR\" \/>\n<meta property=\"og:type\" content=\"article\" \/>\n<meta property=\"og:title\" content=\"Cahiers de la Documentation 2021\/1 (mars 2021) - ABD-BVD\" \/>\n<meta property=\"og:description\" content=\"Sommaire du num\u00e9ro 2021\/1 des Cahiers de la Documentation (mars 2021)\" \/>\n<meta property=\"og:url\" content=\"https:\/\/www.abd-bvd.be\/fr\/publications\/cahiers-de-la-documentation\/cahiers-de-la-documentation-2021-1-mars-2021\/\" \/>\n<meta property=\"og:site_name\" content=\"ABD-BVD\" \/>\n<meta property=\"article:modified_time\" content=\"2021-04-04T16:14:13+00:00\" \/>\n<meta property=\"og:image\" content=\"https:\/\/www.abd-bvd.be\/wp-content\/uploads\/cover-2021-1_middle.jpg\" \/>\n<meta name=\"twitter:card\" content=\"summary_large_image\" \/>\n<meta name=\"twitter:label1\" content=\"Dur\u00e9e de lecture estim\u00e9e\" \/>\n\t<meta name=\"twitter:data1\" content=\"4 minutes\" \/>\n<script type=\"application\/ld+json\" class=\"yoast-schema-graph\">{\"@context\":\"https:\\\/\\\/schema.org\",\"@graph\":[{\"@type\":\"WebPage\",\"@id\":\"https:\\\/\\\/www.abd-bvd.be\\\/fr\\\/publications\\\/cahiers-de-la-documentation\\\/cahiers-de-la-documentation-2021-1-mars-2021\\\/\",\"url\":\"https:\\\/\\\/www.abd-bvd.be\\\/fr\\\/publications\\\/cahiers-de-la-documentation\\\/cahiers-de-la-documentation-2021-1-mars-2021\\\/\",\"name\":\"Cahiers de la Documentation 2021\\\/1 (mars 2021) - ABD-BVD\",\"isPartOf\":{\"@id\":\"https:\\\/\\\/www.abd-bvd.be\\\/fr\\\/#website\"},\"primaryImageOfPage\":{\"@id\":\"https:\\\/\\\/www.abd-bvd.be\\\/fr\\\/publications\\\/cahiers-de-la-documentation\\\/cahiers-de-la-documentation-2021-1-mars-2021\\\/#primaryimage\"},\"image\":{\"@id\":\"https:\\\/\\\/www.abd-bvd.be\\\/fr\\\/publications\\\/cahiers-de-la-documentation\\\/cahiers-de-la-documentation-2021-1-mars-2021\\\/#primaryimage\"},\"thumbnailUrl\":\"https:\\\/\\\/www.abd-bvd.be\\\/wp-content\\\/uploads\\\/cover-2021-1_middle.jpg\",\"datePublished\":\"2021-04-04T16:03:15+00:00\",\"dateModified\":\"2021-04-04T16:14:13+00:00\",\"description\":\"Sommaire du num\u00e9ro 2021\\\/1 des Cahiers de la Documentation (mars 2021)\",\"breadcrumb\":{\"@id\":\"https:\\\/\\\/www.abd-bvd.be\\\/fr\\\/publications\\\/cahiers-de-la-documentation\\\/cahiers-de-la-documentation-2021-1-mars-2021\\\/#breadcrumb\"},\"inLanguage\":\"fr-FR\",\"potentialAction\":[{\"@type\":\"ReadAction\",\"target\":[\"https:\\\/\\\/www.abd-bvd.be\\\/fr\\\/publications\\\/cahiers-de-la-documentation\\\/cahiers-de-la-documentation-2021-1-mars-2021\\\/\"]}]},{\"@type\":\"ImageObject\",\"inLanguage\":\"fr-FR\",\"@id\":\"https:\\\/\\\/www.abd-bvd.be\\\/fr\\\/publications\\\/cahiers-de-la-documentation\\\/cahiers-de-la-documentation-2021-1-mars-2021\\\/#primaryimage\",\"url\":\"https:\\\/\\\/www.abd-bvd.be\\\/wp-content\\\/uploads\\\/cover-2021-1_middle.jpg\",\"contentUrl\":\"https:\\\/\\\/www.abd-bvd.be\\\/wp-content\\\/uploads\\\/cover-2021-1_middle.jpg\"},{\"@type\":\"BreadcrumbList\",\"@id\":\"https:\\\/\\\/www.abd-bvd.be\\\/fr\\\/publications\\\/cahiers-de-la-documentation\\\/cahiers-de-la-documentation-2021-1-mars-2021\\\/#breadcrumb\",\"itemListElement\":[{\"@type\":\"ListItem\",\"position\":1,\"name\":\"Accueil\",\"item\":\"https:\\\/\\\/www.abd-bvd.be\\\/fr\\\/\"},{\"@type\":\"ListItem\",\"position\":2,\"name\":\"Publications\",\"item\":\"https:\\\/\\\/www.abd-bvd.be\\\/fr\\\/publications\\\/\"},{\"@type\":\"ListItem\",\"position\":3,\"name\":\"Cahiers de la Documentation\",\"item\":\"https:\\\/\\\/www.abd-bvd.be\\\/fr\\\/publications\\\/cahiers-de-la-documentation\\\/\"},{\"@type\":\"ListItem\",\"position\":4,\"name\":\"Cahiers de la Documentation 2021\\\/1 (mars 2021)\"}]},{\"@type\":\"WebSite\",\"@id\":\"https:\\\/\\\/www.abd-bvd.be\\\/fr\\\/#website\",\"url\":\"https:\\\/\\\/www.abd-bvd.be\\\/fr\\\/\",\"name\":\"ABD-BVD\",\"description\":\"Association Belge de documentation - Belgische verniging voor documentatie\",\"potentialAction\":[{\"@type\":\"SearchAction\",\"target\":{\"@type\":\"EntryPoint\",\"urlTemplate\":\"https:\\\/\\\/www.abd-bvd.be\\\/fr\\\/?s={search_term_string}\"},\"query-input\":{\"@type\":\"PropertyValueSpecification\",\"valueRequired\":true,\"valueName\":\"search_term_string\"}}],\"inLanguage\":\"fr-FR\"}]}<\/script>\n<!-- \/ Yoast SEO plugin. -->","yoast_head_json":{"title":"Cahiers de la Documentation 2021\/1 (mars 2021) - ABD-BVD","description":"Sommaire du num\u00e9ro 2021\/1 des Cahiers de la Documentation (mars 2021)","robots":{"index":"index","follow":"follow","max-snippet":"max-snippet:-1","max-image-preview":"max-image-preview:large","max-video-preview":"max-video-preview:-1"},"canonical":"https:\/\/www.abd-bvd.be\/fr\/publications\/cahiers-de-la-documentation\/cahiers-de-la-documentation-2021-1-mars-2021\/","og_locale":"fr_FR","og_type":"article","og_title":"Cahiers de la Documentation 2021\/1 (mars 2021) - ABD-BVD","og_description":"Sommaire du num\u00e9ro 2021\/1 des Cahiers de la Documentation (mars 2021)","og_url":"https:\/\/www.abd-bvd.be\/fr\/publications\/cahiers-de-la-documentation\/cahiers-de-la-documentation-2021-1-mars-2021\/","og_site_name":"ABD-BVD","article_modified_time":"2021-04-04T16:14:13+00:00","og_image":[{"url":"https:\/\/www.abd-bvd.be\/wp-content\/uploads\/cover-2021-1_middle.jpg","type":"","width":"","height":""}],"twitter_card":"summary_large_image","twitter_misc":{"Dur\u00e9e de lecture estim\u00e9e":"4 minutes"},"schema":{"@context":"https:\/\/schema.org","@graph":[{"@type":"WebPage","@id":"https:\/\/www.abd-bvd.be\/fr\/publications\/cahiers-de-la-documentation\/cahiers-de-la-documentation-2021-1-mars-2021\/","url":"https:\/\/www.abd-bvd.be\/fr\/publications\/cahiers-de-la-documentation\/cahiers-de-la-documentation-2021-1-mars-2021\/","name":"Cahiers de la Documentation 2021\/1 (mars 2021) - ABD-BVD","isPartOf":{"@id":"https:\/\/www.abd-bvd.be\/fr\/#website"},"primaryImageOfPage":{"@id":"https:\/\/www.abd-bvd.be\/fr\/publications\/cahiers-de-la-documentation\/cahiers-de-la-documentation-2021-1-mars-2021\/#primaryimage"},"image":{"@id":"https:\/\/www.abd-bvd.be\/fr\/publications\/cahiers-de-la-documentation\/cahiers-de-la-documentation-2021-1-mars-2021\/#primaryimage"},"thumbnailUrl":"https:\/\/www.abd-bvd.be\/wp-content\/uploads\/cover-2021-1_middle.jpg","datePublished":"2021-04-04T16:03:15+00:00","dateModified":"2021-04-04T16:14:13+00:00","description":"Sommaire du num\u00e9ro 2021\/1 des Cahiers de la Documentation (mars 2021)","breadcrumb":{"@id":"https:\/\/www.abd-bvd.be\/fr\/publications\/cahiers-de-la-documentation\/cahiers-de-la-documentation-2021-1-mars-2021\/#breadcrumb"},"inLanguage":"fr-FR","potentialAction":[{"@type":"ReadAction","target":["https:\/\/www.abd-bvd.be\/fr\/publications\/cahiers-de-la-documentation\/cahiers-de-la-documentation-2021-1-mars-2021\/"]}]},{"@type":"ImageObject","inLanguage":"fr-FR","@id":"https:\/\/www.abd-bvd.be\/fr\/publications\/cahiers-de-la-documentation\/cahiers-de-la-documentation-2021-1-mars-2021\/#primaryimage","url":"https:\/\/www.abd-bvd.be\/wp-content\/uploads\/cover-2021-1_middle.jpg","contentUrl":"https:\/\/www.abd-bvd.be\/wp-content\/uploads\/cover-2021-1_middle.jpg"},{"@type":"BreadcrumbList","@id":"https:\/\/www.abd-bvd.be\/fr\/publications\/cahiers-de-la-documentation\/cahiers-de-la-documentation-2021-1-mars-2021\/#breadcrumb","itemListElement":[{"@type":"ListItem","position":1,"name":"Accueil","item":"https:\/\/www.abd-bvd.be\/fr\/"},{"@type":"ListItem","position":2,"name":"Publications","item":"https:\/\/www.abd-bvd.be\/fr\/publications\/"},{"@type":"ListItem","position":3,"name":"Cahiers de la Documentation","item":"https:\/\/www.abd-bvd.be\/fr\/publications\/cahiers-de-la-documentation\/"},{"@type":"ListItem","position":4,"name":"Cahiers de la Documentation 2021\/1 (mars 2021)"}]},{"@type":"WebSite","@id":"https:\/\/www.abd-bvd.be\/fr\/#website","url":"https:\/\/www.abd-bvd.be\/fr\/","name":"ABD-BVD","description":"Association Belge de documentation - Belgische verniging voor documentatie","potentialAction":[{"@type":"SearchAction","target":{"@type":"EntryPoint","urlTemplate":"https:\/\/www.abd-bvd.be\/fr\/?s={search_term_string}"},"query-input":{"@type":"PropertyValueSpecification","valueRequired":true,"valueName":"search_term_string"}}],"inLanguage":"fr-FR"}]}},"_links":{"self":[{"href":"https:\/\/www.abd-bvd.be\/fr\/wp-json\/wp\/v2\/pages\/24052","targetHints":{"allow":["GET"]}}],"collection":[{"href":"https:\/\/www.abd-bvd.be\/fr\/wp-json\/wp\/v2\/pages"}],"about":[{"href":"https:\/\/www.abd-bvd.be\/fr\/wp-json\/wp\/v2\/types\/page"}],"author":[{"embeddable":true,"href":"https:\/\/www.abd-bvd.be\/fr\/wp-json\/wp\/v2\/users\/5"}],"replies":[{"embeddable":true,"href":"https:\/\/www.abd-bvd.be\/fr\/wp-json\/wp\/v2\/comments?post=24052"}],"version-history":[{"count":3,"href":"https:\/\/www.abd-bvd.be\/fr\/wp-json\/wp\/v2\/pages\/24052\/revisions"}],"predecessor-version":[{"id":24063,"href":"https:\/\/www.abd-bvd.be\/fr\/wp-json\/wp\/v2\/pages\/24052\/revisions\/24063"}],"up":[{"embeddable":true,"href":"https:\/\/www.abd-bvd.be\/fr\/wp-json\/wp\/v2\/pages\/375"}],"wp:attachment":[{"href":"https:\/\/www.abd-bvd.be\/fr\/wp-json\/wp\/v2\/media?parent=24052"}],"curies":[{"name":"wp","href":"https:\/\/api.w.org\/{rel}","templated":true}]}}