{"id":23,"date":"2014-05-28T08:53:07","date_gmt":"2014-05-28T08:53:07","guid":{"rendered":"http:\/\/www.abd-bvd.be\/?page_id=23"},"modified":"2019-12-04T09:43:16","modified_gmt":"2019-12-04T08:43:16","slug":"a-propos","status":"publish","type":"page","link":"https:\/\/www.abd-bvd.be\/fr\/a-propos\/a-propos\/","title":{"rendered":"\u00c0 propos"},"content":{"rendered":"<h2>Qui sommes-nous ?<\/h2>\n<p>L&rsquo;Association Belge de Documentation (ABD-BVD) est une association professionnelle cr\u00e9\u00e9e en 1947 et regroupant des sp\u00e9cialistes de l&rsquo;information et de la documentation exer\u00e7ant en Belgique. Lieu de rencontre et de r\u00e9flexions, nous sommes une association nationale. Le traitement de l&rsquo;information, de la documentation et de la connaissance ne devrait pas conna\u00eetre de fronti\u00e8re de langue ou de communaut\u00e9.<\/p>\n<p>&nbsp;<\/p>\n<h2>Quels sont nos objectifs ?<\/h2>\n<p>L&rsquo;ABD-BVD a pour principaux objectifs :<\/p>\n<ul>\n<li>D&rsquo;\u00e9tudier et de promouvoir les m\u00e9tiers li\u00e9s \u00e0 la gestion de l\u2019information et de la documentation\u00a0;<\/li>\n<li>De tenir inform\u00e9 ses membres de l&rsquo;\u00e9volution des m\u00e9thodes et techniques de gestion de l\u2019information et de la documentation\u00a0;<\/li>\n<li>De favoriser le partage d\u2019exp\u00e9rience entre ses membres\u00a0;<\/li>\n<li>De d\u00e9fendre les int\u00e9r\u00eats des professionnels de l&rsquo;I&amp;D aux niveaux belge, europ\u00e9en et international\u00a0;<\/li>\n<li>D&rsquo;aider ses membres \u00e0 se former, \u00e0 am\u00e9liorer leur travail au quotidien et \u00e0 trouver un emploi s&rsquo;ils n&rsquo;en ont pas ou souhaitent changer d&rsquo;horizon.<\/li>\n<\/ul>\n<p>&nbsp;<\/p>\n<h2>Qui sont nos membres ?<\/h2>\n<p>L&rsquo;ABD-BVD compte environ 550 membres, de tout secteur, de tout domaine et de toutes les r\u00e9gions. Ils sont documentalistes, biblioth\u00e9caires, knowledge managers, archivistes, content managers,\u2026 Ils travaillent pour des soci\u00e9t\u00e9s priv\u00e9es, des institutions f\u00e9d\u00e9rales, r\u00e9gionales, communautaires ou internationales, pour des universit\u00e9s, des ASBLs ou sont ind\u00e9pendants ou encore \u00e9tudiants.<\/p>\n<p>&nbsp;<\/p>\n<h2>Quelles sont nos activit\u00e9s ?<\/h2>\n<p>Pour atteindre ses objectifs, l&rsquo;ABD-BVD organise des rencontres : l&rsquo;<a href=\"https:\/\/www.abd-bvd.be\/activites-evenements\/inforum\/\">Inforum<\/a> est une journ\u00e9e d&rsquo;\u00e9tude annuelle, les <a href=\"https:\/\/www.abd-bvd.be\/activites-evenements\/doc-moments\/\">Doc&rsquo;Moments<\/a> sont des rendez-vous plus fr\u00e9quents sur des sujets diff\u00e9rents et les Ateliers permettent de s&rsquo;informer de produits commerciaux.<\/p>\n<p>&nbsp;<\/p>\n<p>L&rsquo;ABD-BVD publie \u00e9galement deux p\u00e9riodiques : les <a href=\"https:\/\/www.abd-bvd.be\/publications\/cahiers-de-la-documentation\/\"><em>Cahiers de la documentation<\/em> <\/a>offrent des articles de fond sur divers sujets li\u00e9s \u00e0 nos m\u00e9tiers, l&rsquo;<a href=\"https:\/\/www.abd-bvd.be\/publications\/abd-bvd-info\/\"><em>ABD-BVD info <\/em><\/a>informe les membres des activit\u00e9s de l&rsquo;association. Les <a href=\"https:\/\/www.abd-bvd.be\/publications\/dossiers-abd-bvd\/\"><em>Dossiers ABD-BVD<\/em> <\/a>forment une collection des travaux de fin d&rsquo;\u00e9tudes prim\u00e9s par le <a href=\"https:\/\/www.abd-bvd.be\/activites-evenements\/prix-abd-bvd\/\">Prix ABD-BVD<\/a>, r\u00e9compensant chaque ann\u00e9e un jeune professionnel.<\/p>\n<p>&nbsp;<\/p>\n<p>Le forum sur <a href=\"https:\/\/www.linkedin.com\/grp\/home?gid=97204\"><em>LinkedIn<\/em><\/a> et la liste de discussion permettent aux professionnels de l&rsquo;I&amp;D de communiquer entre eux et de s&rsquo;\u00e9changer leurs exp\u00e9riences. Notre site Web permet aussi de communiquer des <a href=\"https:\/\/www.abd-bvd.be\/services\/offres-d-emploi\/\">offres d&#8217;emploi<\/a>, de s&rsquo;informer sur les <a href=\"https:\/\/www.abd-bvd.be\/nos-metiers\/formation\/\">formations<\/a> possibles en Belgique.<\/p>\n<p>&nbsp;<\/p>\n<h2>Comment sommes-nous organis\u00e9s ?<\/h2>\n<p>L&rsquo;ABD-BVD est association sans but lucratif. Chaque ann\u00e9e, ses membres se r\u00e9unissent lors de l&rsquo;<a href=\"https:\/\/www.abd-bvd.be\/a-propos\/assemblee-generale\/\">Assembl\u00e9e g\u00e9n\u00e9rale<\/a> et \u00e9lisent le <a href=\"https:\/\/www.abd-bvd.be\/a-propos\/conseil-dadministration\/\">Conseil d&rsquo;administration<\/a>. Celui-ci, compos\u00e9 de maximum 20 personnes \u00e9lues pour un mandat renouvelable de deux ans, organise b\u00e9n\u00e9volement les activit\u00e9s de l&rsquo;association. L&rsquo;ABD-BVD ne dispose d&rsquo;aucun subside public.<\/p>\n<p>&nbsp;<\/p>\n<h2>Pourquoi s&rsquo;affilier ?<\/h2>\n<p>Tout d&rsquo;abord pour profiter de nos diverses activit\u00e9s et publications. Ensuite pour soutenir notre association dans son travail. Plusieurs types de cotisation existent : individuelles pour les personnes priv\u00e9es, collectives pour les institutions avec un maximum de 4 repr\u00e9sentants et une cotisation promotionnelle en faveur des \u00e9tudiants.<\/p>\n<p>&nbsp;<\/p>\n<p>Si vous n&rsquo;\u00eates pas encore membre, <a href=\"https:\/\/www.abd-bvd.be\/a-propos\/devenir-membre\/\">rejoignez-nous<\/a> !<\/p>\n<div id=\"ff_peerindex_tooltip\"><\/div>\n<div id=\"ff_peerindex_tooltip\"><\/div>\n<div id=\"ff_peerindex_tooltip\"><\/div>\n","protected":false},"excerpt":{"rendered":"<p>Qui sommes-nous ? L&rsquo;Association Belge de Documentation (ABD-BVD) est une association professionnelle cr\u00e9\u00e9e en 1947 et regroupant des sp\u00e9cialistes de l&rsquo;information et de la documentation exer\u00e7ant en Belgique. Lieu de rencontre et de r\u00e9flexions, nous sommes une association nationale. Le traitement de l&rsquo;information, de la documentation et de la connaissance ne devrait pas conna\u00eetre de [&hellip;]<\/p>\n","protected":false},"author":1,"featured_media":0,"parent":20,"menu_order":0,"comment_status":"open","ping_status":"closed","template":"","meta":{"_acf_changed":false,"footnotes":""},"class_list":["post-23","page","type-page","status-publish","hentry"],"acf":[],"yoast_head":"<!-- This site is optimized with the Yoast SEO plugin v27.3 - https:\/\/yoast.com\/product\/yoast-seo-wordpress\/ -->\n<title>\u00c0 propos - ABD-BVD<\/title>\n<meta name=\"robots\" content=\"index, follow, max-snippet:-1, max-image-preview:large, max-video-preview:-1\" \/>\n<link rel=\"canonical\" href=\"https:\/\/www.abd-bvd.be\/fr\/a-propos\/a-propos\/\" \/>\n<meta property=\"og:locale\" content=\"fr_FR\" \/>\n<meta property=\"og:type\" content=\"article\" \/>\n<meta property=\"og:title\" content=\"\u00c0 propos - ABD-BVD\" \/>\n<meta property=\"og:description\" content=\"Qui sommes-nous ? L&rsquo;Association Belge de Documentation (ABD-BVD) est une association professionnelle cr\u00e9\u00e9e en 1947 et regroupant des sp\u00e9cialistes de l&rsquo;information et de la documentation exer\u00e7ant en Belgique. Lieu de rencontre et de r\u00e9flexions, nous sommes une association nationale. Le traitement de l&rsquo;information, de la documentation et de la connaissance ne devrait pas conna\u00eetre de [&hellip;]\" \/>\n<meta property=\"og:url\" content=\"https:\/\/www.abd-bvd.be\/fr\/a-propos\/a-propos\/\" \/>\n<meta property=\"og:site_name\" content=\"ABD-BVD\" \/>\n<meta property=\"article:modified_time\" content=\"2019-12-04T08:43:16+00:00\" \/>\n<meta name=\"twitter:card\" content=\"summary_large_image\" \/>\n<meta name=\"twitter:label1\" content=\"Dur\u00e9e de lecture estim\u00e9e\" \/>\n\t<meta name=\"twitter:data1\" content=\"3 minutes\" \/>\n<script type=\"application\/ld+json\" class=\"yoast-schema-graph\">{\"@context\":\"https:\\\/\\\/schema.org\",\"@graph\":[{\"@type\":\"WebPage\",\"@id\":\"https:\\\/\\\/www.abd-bvd.be\\\/fr\\\/a-propos\\\/a-propos\\\/\",\"url\":\"https:\\\/\\\/www.abd-bvd.be\\\/fr\\\/a-propos\\\/a-propos\\\/\",\"name\":\"\u00c0 propos - ABD-BVD\",\"isPartOf\":{\"@id\":\"https:\\\/\\\/www.abd-bvd.be\\\/fr\\\/#website\"},\"datePublished\":\"2014-05-28T08:53:07+00:00\",\"dateModified\":\"2019-12-04T08:43:16+00:00\",\"breadcrumb\":{\"@id\":\"https:\\\/\\\/www.abd-bvd.be\\\/fr\\\/a-propos\\\/a-propos\\\/#breadcrumb\"},\"inLanguage\":\"fr-FR\",\"potentialAction\":[{\"@type\":\"ReadAction\",\"target\":[\"https:\\\/\\\/www.abd-bvd.be\\\/fr\\\/a-propos\\\/a-propos\\\/\"]}]},{\"@type\":\"BreadcrumbList\",\"@id\":\"https:\\\/\\\/www.abd-bvd.be\\\/fr\\\/a-propos\\\/a-propos\\\/#breadcrumb\",\"itemListElement\":[{\"@type\":\"ListItem\",\"position\":1,\"name\":\"Accueil\",\"item\":\"https:\\\/\\\/www.abd-bvd.be\\\/fr\\\/\"},{\"@type\":\"ListItem\",\"position\":2,\"name\":\"ABD-BVD\",\"item\":\"https:\\\/\\\/www.abd-bvd.be\\\/fr\\\/a-propos\\\/\"},{\"@type\":\"ListItem\",\"position\":3,\"name\":\"\u00c0 propos\"}]},{\"@type\":\"WebSite\",\"@id\":\"https:\\\/\\\/www.abd-bvd.be\\\/fr\\\/#website\",\"url\":\"https:\\\/\\\/www.abd-bvd.be\\\/fr\\\/\",\"name\":\"ABD-BVD\",\"description\":\"Association Belge de documentation - Belgische verniging voor documentatie\",\"potentialAction\":[{\"@type\":\"SearchAction\",\"target\":{\"@type\":\"EntryPoint\",\"urlTemplate\":\"https:\\\/\\\/www.abd-bvd.be\\\/fr\\\/?s={search_term_string}\"},\"query-input\":{\"@type\":\"PropertyValueSpecification\",\"valueRequired\":true,\"valueName\":\"search_term_string\"}}],\"inLanguage\":\"fr-FR\"}]}<\/script>\n<!-- \/ Yoast SEO plugin. -->","yoast_head_json":{"title":"\u00c0 propos - ABD-BVD","robots":{"index":"index","follow":"follow","max-snippet":"max-snippet:-1","max-image-preview":"max-image-preview:large","max-video-preview":"max-video-preview:-1"},"canonical":"https:\/\/www.abd-bvd.be\/fr\/a-propos\/a-propos\/","og_locale":"fr_FR","og_type":"article","og_title":"\u00c0 propos - ABD-BVD","og_description":"Qui sommes-nous ? L&rsquo;Association Belge de Documentation (ABD-BVD) est une association professionnelle cr\u00e9\u00e9e en 1947 et regroupant des sp\u00e9cialistes de l&rsquo;information et de la documentation exer\u00e7ant en Belgique. Lieu de rencontre et de r\u00e9flexions, nous sommes une association nationale. Le traitement de l&rsquo;information, de la documentation et de la connaissance ne devrait pas conna\u00eetre de [&hellip;]","og_url":"https:\/\/www.abd-bvd.be\/fr\/a-propos\/a-propos\/","og_site_name":"ABD-BVD","article_modified_time":"2019-12-04T08:43:16+00:00","twitter_card":"summary_large_image","twitter_misc":{"Dur\u00e9e de lecture estim\u00e9e":"3 minutes"},"schema":{"@context":"https:\/\/schema.org","@graph":[{"@type":"WebPage","@id":"https:\/\/www.abd-bvd.be\/fr\/a-propos\/a-propos\/","url":"https:\/\/www.abd-bvd.be\/fr\/a-propos\/a-propos\/","name":"\u00c0 propos - ABD-BVD","isPartOf":{"@id":"https:\/\/www.abd-bvd.be\/fr\/#website"},"datePublished":"2014-05-28T08:53:07+00:00","dateModified":"2019-12-04T08:43:16+00:00","breadcrumb":{"@id":"https:\/\/www.abd-bvd.be\/fr\/a-propos\/a-propos\/#breadcrumb"},"inLanguage":"fr-FR","potentialAction":[{"@type":"ReadAction","target":["https:\/\/www.abd-bvd.be\/fr\/a-propos\/a-propos\/"]}]},{"@type":"BreadcrumbList","@id":"https:\/\/www.abd-bvd.be\/fr\/a-propos\/a-propos\/#breadcrumb","itemListElement":[{"@type":"ListItem","position":1,"name":"Accueil","item":"https:\/\/www.abd-bvd.be\/fr\/"},{"@type":"ListItem","position":2,"name":"ABD-BVD","item":"https:\/\/www.abd-bvd.be\/fr\/a-propos\/"},{"@type":"ListItem","position":3,"name":"\u00c0 propos"}]},{"@type":"WebSite","@id":"https:\/\/www.abd-bvd.be\/fr\/#website","url":"https:\/\/www.abd-bvd.be\/fr\/","name":"ABD-BVD","description":"Association Belge de documentation - Belgische verniging voor documentatie","potentialAction":[{"@type":"SearchAction","target":{"@type":"EntryPoint","urlTemplate":"https:\/\/www.abd-bvd.be\/fr\/?s={search_term_string}"},"query-input":{"@type":"PropertyValueSpecification","valueRequired":true,"valueName":"search_term_string"}}],"inLanguage":"fr-FR"}]}},"_links":{"self":[{"href":"https:\/\/www.abd-bvd.be\/fr\/wp-json\/wp\/v2\/pages\/23","targetHints":{"allow":["GET"]}}],"collection":[{"href":"https:\/\/www.abd-bvd.be\/fr\/wp-json\/wp\/v2\/pages"}],"about":[{"href":"https:\/\/www.abd-bvd.be\/fr\/wp-json\/wp\/v2\/types\/page"}],"author":[{"embeddable":true,"href":"https:\/\/www.abd-bvd.be\/fr\/wp-json\/wp\/v2\/users\/1"}],"replies":[{"embeddable":true,"href":"https:\/\/www.abd-bvd.be\/fr\/wp-json\/wp\/v2\/comments?post=23"}],"version-history":[{"count":1,"href":"https:\/\/www.abd-bvd.be\/fr\/wp-json\/wp\/v2\/pages\/23\/revisions"}],"predecessor-version":[{"id":17429,"href":"https:\/\/www.abd-bvd.be\/fr\/wp-json\/wp\/v2\/pages\/23\/revisions\/17429"}],"up":[{"embeddable":true,"href":"https:\/\/www.abd-bvd.be\/fr\/wp-json\/wp\/v2\/pages\/20"}],"wp:attachment":[{"href":"https:\/\/www.abd-bvd.be\/fr\/wp-json\/wp\/v2\/media?parent=23"}],"curies":[{"name":"wp","href":"https:\/\/api.w.org\/{rel}","templated":true}]}}