{"id":2110,"date":"2015-06-05T07:43:11","date_gmt":"2015-06-05T07:43:11","guid":{"rendered":"http:\/\/www.abd-bvd.be\/?page_id=2110"},"modified":"2015-06-05T08:20:03","modified_gmt":"2015-06-05T08:20:03","slug":"cookies-2","status":"publish","type":"page","link":"https:\/\/www.abd-bvd.be\/fr\/cookies-2\/","title":{"rendered":"Cookies"},"content":{"rendered":"<h2>Qu&rsquo;est-ce que les cookies?<\/h2>\n<p>Un cookie est un petit fichier texte qui est envoy\u00e9 vers votre ordinateur ou appareil mobile (d\u00e9nomm\u00e9 \u00ab\u00a0appareil\u00a0\u00bb) par les sites web que vous visitez. Ils sont d&rsquo;ordinaire utilis\u00e9s pour permettre aux sites web de fonctionner de mani\u00e8re plus efficace, ainsi que pour fournir des informations aux propri\u00e9taires du site.<\/p>\n<p>La loi belge relative \u00e0 la communication \u00e9lectronique (transposition de la Loi T\u00e9l\u00e9coms) comporte quelques clauses relatives aux cookies et \u00e0 leur utilisation sur des sites Web. L&rsquo;impl\u00e9mentation belge d\u00e9coule de la directive europ\u00e9enne sur la protection de la vie priv\u00e9e, ce qui implique que l&rsquo;utilisation de cookies et la l\u00e9gislation sur les cookies font l&rsquo;objet de r\u00e9glementations diff\u00e9rentes dans chaque pays europ\u00e9en.<\/p>\n<h2>Quelle est l&rsquo;utilit\u00e9 de ces cookies?<\/h2>\n<p>Les navigateurs web r\u00e9cents qui \u00e9quipent votre appareil permettent, par leur param\u00e9trage, de g\u00e9rer les cookies dans une certaine mesure et d&rsquo;assurer la protection de la vie priv\u00e9e. Pour en savoir plus sur la nature des cookies d\u00e9pos\u00e9s, et sur la mani\u00e8re de les g\u00e9rer et de les effacer, visitez <a href=\"http:\/\/www.allaboutcookies.org\" target=\"_blank\" rel=\"nofollow\">www.allaboutcookies.org<\/a>.<\/p>\n<p>L&rsquo;obligation de consentement implicite est respect\u00e9e en laissant inchang\u00e9s les param\u00e8tres &lsquo;protection de la vie priv\u00e9e&rsquo; par d\u00e9faut de l&rsquo;utilisateur, et en affichant un avertissement qui pr\u00e9cise de quelle mani\u00e8re un site web collecte des donn\u00e9es Le consentement explicite postule pour sa part un param\u00e9trage proactif du navigateur et des fonctionnalit\u00e9s d&rsquo;acceptation\/refus des cookies (opt-in\/opt-out) qui enregistrent vos pr\u00e9f\u00e9rences pour vos visites ult\u00e9rieures sur un site.<\/p>\n<p>C&rsquo;est pourquoi nous avons une &lsquo;barre des cookies&rsquo; et fournissons des informations compl\u00e9mentaires concernant les cookies utilis\u00e9s par les sites web de Zetes et n\u00e9cessaires pour leur permettre de fonctionner pleinement.<\/p>\n","protected":false},"excerpt":{"rendered":"<p>Qu&rsquo;est-ce que les cookies? Un cookie est un petit fichier texte qui est envoy\u00e9 vers votre ordinateur ou appareil mobile (d\u00e9nomm\u00e9 \u00ab\u00a0appareil\u00a0\u00bb) par les sites web que vous visitez. Ils sont d&rsquo;ordinaire utilis\u00e9s pour permettre aux sites web de fonctionner de mani\u00e8re plus efficace, ainsi que pour fournir des informations aux propri\u00e9taires du site. La [&hellip;]<\/p>\n","protected":false},"author":1,"featured_media":0,"parent":0,"menu_order":0,"comment_status":"open","ping_status":"open","template":"","meta":{"_acf_changed":false,"footnotes":""},"class_list":["post-2110","page","type-page","status-publish","hentry"],"acf":[],"yoast_head":"<!-- This site is optimized with the Yoast SEO plugin v27.3 - https:\/\/yoast.com\/product\/yoast-seo-wordpress\/ -->\n<title>Cookies - ABD-BVD<\/title>\n<meta name=\"robots\" content=\"index, follow, max-snippet:-1, max-image-preview:large, max-video-preview:-1\" \/>\n<link rel=\"canonical\" href=\"https:\/\/www.abd-bvd.be\/fr\/cookies-2\/\" \/>\n<meta property=\"og:locale\" content=\"fr_FR\" \/>\n<meta property=\"og:type\" content=\"article\" \/>\n<meta property=\"og:title\" content=\"Cookies - ABD-BVD\" \/>\n<meta property=\"og:description\" content=\"Qu&rsquo;est-ce que les cookies? Un cookie est un petit fichier texte qui est envoy\u00e9 vers votre ordinateur ou appareil mobile (d\u00e9nomm\u00e9 \u00ab\u00a0appareil\u00a0\u00bb) par les sites web que vous visitez. Ils sont d&rsquo;ordinaire utilis\u00e9s pour permettre aux sites web de fonctionner de mani\u00e8re plus efficace, ainsi que pour fournir des informations aux propri\u00e9taires du site. La [&hellip;]\" \/>\n<meta property=\"og:url\" content=\"https:\/\/www.abd-bvd.be\/fr\/cookies-2\/\" \/>\n<meta property=\"og:site_name\" content=\"ABD-BVD\" \/>\n<meta property=\"article:modified_time\" content=\"2015-06-05T08:20:03+00:00\" \/>\n<meta name=\"twitter:card\" content=\"summary_large_image\" \/>\n<meta name=\"twitter:label1\" content=\"Dur\u00e9e de lecture estim\u00e9e\" \/>\n\t<meta name=\"twitter:data1\" content=\"2 minutes\" \/>\n<script type=\"application\/ld+json\" class=\"yoast-schema-graph\">{\"@context\":\"https:\\\/\\\/schema.org\",\"@graph\":[{\"@type\":\"WebPage\",\"@id\":\"https:\\\/\\\/www.abd-bvd.be\\\/fr\\\/cookies-2\\\/\",\"url\":\"https:\\\/\\\/www.abd-bvd.be\\\/fr\\\/cookies-2\\\/\",\"name\":\"Cookies - ABD-BVD\",\"isPartOf\":{\"@id\":\"https:\\\/\\\/www.abd-bvd.be\\\/fr\\\/#website\"},\"datePublished\":\"2015-06-05T07:43:11+00:00\",\"dateModified\":\"2015-06-05T08:20:03+00:00\",\"breadcrumb\":{\"@id\":\"https:\\\/\\\/www.abd-bvd.be\\\/fr\\\/cookies-2\\\/#breadcrumb\"},\"inLanguage\":\"fr-FR\",\"potentialAction\":[{\"@type\":\"ReadAction\",\"target\":[\"https:\\\/\\\/www.abd-bvd.be\\\/fr\\\/cookies-2\\\/\"]}]},{\"@type\":\"BreadcrumbList\",\"@id\":\"https:\\\/\\\/www.abd-bvd.be\\\/fr\\\/cookies-2\\\/#breadcrumb\",\"itemListElement\":[{\"@type\":\"ListItem\",\"position\":1,\"name\":\"Accueil\",\"item\":\"https:\\\/\\\/www.abd-bvd.be\\\/fr\\\/\"},{\"@type\":\"ListItem\",\"position\":2,\"name\":\"Cookies\"}]},{\"@type\":\"WebSite\",\"@id\":\"https:\\\/\\\/www.abd-bvd.be\\\/fr\\\/#website\",\"url\":\"https:\\\/\\\/www.abd-bvd.be\\\/fr\\\/\",\"name\":\"ABD-BVD\",\"description\":\"Association Belge de documentation - Belgische verniging voor documentatie\",\"potentialAction\":[{\"@type\":\"SearchAction\",\"target\":{\"@type\":\"EntryPoint\",\"urlTemplate\":\"https:\\\/\\\/www.abd-bvd.be\\\/fr\\\/?s={search_term_string}\"},\"query-input\":{\"@type\":\"PropertyValueSpecification\",\"valueRequired\":true,\"valueName\":\"search_term_string\"}}],\"inLanguage\":\"fr-FR\"}]}<\/script>\n<!-- \/ Yoast SEO plugin. -->","yoast_head_json":{"title":"Cookies - ABD-BVD","robots":{"index":"index","follow":"follow","max-snippet":"max-snippet:-1","max-image-preview":"max-image-preview:large","max-video-preview":"max-video-preview:-1"},"canonical":"https:\/\/www.abd-bvd.be\/fr\/cookies-2\/","og_locale":"fr_FR","og_type":"article","og_title":"Cookies - ABD-BVD","og_description":"Qu&rsquo;est-ce que les cookies? Un cookie est un petit fichier texte qui est envoy\u00e9 vers votre ordinateur ou appareil mobile (d\u00e9nomm\u00e9 \u00ab\u00a0appareil\u00a0\u00bb) par les sites web que vous visitez. Ils sont d&rsquo;ordinaire utilis\u00e9s pour permettre aux sites web de fonctionner de mani\u00e8re plus efficace, ainsi que pour fournir des informations aux propri\u00e9taires du site. La [&hellip;]","og_url":"https:\/\/www.abd-bvd.be\/fr\/cookies-2\/","og_site_name":"ABD-BVD","article_modified_time":"2015-06-05T08:20:03+00:00","twitter_card":"summary_large_image","twitter_misc":{"Dur\u00e9e de lecture estim\u00e9e":"2 minutes"},"schema":{"@context":"https:\/\/schema.org","@graph":[{"@type":"WebPage","@id":"https:\/\/www.abd-bvd.be\/fr\/cookies-2\/","url":"https:\/\/www.abd-bvd.be\/fr\/cookies-2\/","name":"Cookies - ABD-BVD","isPartOf":{"@id":"https:\/\/www.abd-bvd.be\/fr\/#website"},"datePublished":"2015-06-05T07:43:11+00:00","dateModified":"2015-06-05T08:20:03+00:00","breadcrumb":{"@id":"https:\/\/www.abd-bvd.be\/fr\/cookies-2\/#breadcrumb"},"inLanguage":"fr-FR","potentialAction":[{"@type":"ReadAction","target":["https:\/\/www.abd-bvd.be\/fr\/cookies-2\/"]}]},{"@type":"BreadcrumbList","@id":"https:\/\/www.abd-bvd.be\/fr\/cookies-2\/#breadcrumb","itemListElement":[{"@type":"ListItem","position":1,"name":"Accueil","item":"https:\/\/www.abd-bvd.be\/fr\/"},{"@type":"ListItem","position":2,"name":"Cookies"}]},{"@type":"WebSite","@id":"https:\/\/www.abd-bvd.be\/fr\/#website","url":"https:\/\/www.abd-bvd.be\/fr\/","name":"ABD-BVD","description":"Association Belge de documentation - Belgische verniging voor documentatie","potentialAction":[{"@type":"SearchAction","target":{"@type":"EntryPoint","urlTemplate":"https:\/\/www.abd-bvd.be\/fr\/?s={search_term_string}"},"query-input":{"@type":"PropertyValueSpecification","valueRequired":true,"valueName":"search_term_string"}}],"inLanguage":"fr-FR"}]}},"_links":{"self":[{"href":"https:\/\/www.abd-bvd.be\/fr\/wp-json\/wp\/v2\/pages\/2110","targetHints":{"allow":["GET"]}}],"collection":[{"href":"https:\/\/www.abd-bvd.be\/fr\/wp-json\/wp\/v2\/pages"}],"about":[{"href":"https:\/\/www.abd-bvd.be\/fr\/wp-json\/wp\/v2\/types\/page"}],"author":[{"embeddable":true,"href":"https:\/\/www.abd-bvd.be\/fr\/wp-json\/wp\/v2\/users\/1"}],"replies":[{"embeddable":true,"href":"https:\/\/www.abd-bvd.be\/fr\/wp-json\/wp\/v2\/comments?post=2110"}],"version-history":[{"count":0,"href":"https:\/\/www.abd-bvd.be\/fr\/wp-json\/wp\/v2\/pages\/2110\/revisions"}],"wp:attachment":[{"href":"https:\/\/www.abd-bvd.be\/fr\/wp-json\/wp\/v2\/media?parent=2110"}],"curies":[{"name":"wp","href":"https:\/\/api.w.org\/{rel}","templated":true}]}}