{"id":166,"date":"2014-05-30T11:02:07","date_gmt":"2014-05-30T11:02:07","guid":{"rendered":"http:\/\/www.abd-bvd.be\/?page_id=166"},"modified":"2017-08-25T16:28:09","modified_gmt":"2017-08-25T14:28:09","slug":"my-abd","status":"publish","type":"page","link":"https:\/\/www.abd-bvd.be\/fr\/my-abd\/","title":{"rendered":"Mon ABD"},"content":{"rendered":"<h5><em>Intranet ABD-BVD, page r\u00e9serv\u00e9e aux administrateurs&nbsp;<\/em><\/h5>\n<p>Vous vous trouvez sur le site des administrateurs, dont l&rsquo;objectif est de rassembler les ressources int\u00e9ressantes pour l&rsquo;organisation des activit\u00e9s de l&rsquo;ABD-BVD.<\/p>\n<p>Navigation via le menu ci-contre.<\/p>\n<ul>\n<li><strong>Documents et infos g\u00e9n\u00e9rales<\/strong> : statuts, ROI, tarifs, statistiques des membres.<\/li>\n<li><strong>Comm&rsquo;<\/strong>:&nbsp; communication interne : coordonn\u00e9es, t\u00e2ches\/responsabilit\u00e9s, groupes de travail, r\u00e9seaux sociaux, listes de discussion, logos&#8230;<\/li>\n<li><strong>Conseils d&rsquo;administration<\/strong> : rapports, composition<\/li>\n<li><strong>Assembl\u00e9es g\u00e9n\u00e9rales<\/strong> : compte-rendus, organisation, documents<\/li>\n<li><strong>Inforum<\/strong> : organisation, contrats de sponsor, actes<\/li>\n<li><strong>Doc&rsquo;Moments<\/strong>&nbsp;: organisation, documents utiles<\/li>\n<li><strong>Cahiers<\/strong> : fichiers de travail relatifs \u00e0 la revue<\/li>\n<li><strong>Prix ABD-BVD<\/strong> : palmar\u00e8s, lettre type, formulaire<\/li>\n<\/ul>\n<h3 id=\"ff_peerindex_tooltip\">&nbsp;<\/h3>\n","protected":false},"excerpt":{"rendered":"<p>Intranet ABD-BVD, page r\u00e9serv\u00e9e aux administrateurs&nbsp; Vous vous trouvez sur le site des administrateurs, dont l&rsquo;objectif est de rassembler les ressources int\u00e9ressantes pour l&rsquo;organisation des activit\u00e9s de l&rsquo;ABD-BVD. Navigation via le menu ci-contre. Documents et infos g\u00e9n\u00e9rales : statuts, ROI, tarifs, statistiques des membres. Comm&rsquo;:&nbsp; communication interne : coordonn\u00e9es, t\u00e2ches\/responsabilit\u00e9s, groupes de travail, r\u00e9seaux sociaux, [&hellip;]<\/p>\n","protected":false},"author":1,"featured_media":0,"parent":0,"menu_order":7,"comment_status":"open","ping_status":"open","template":"page-login.php","meta":{"_acf_changed":false,"footnotes":""},"class_list":["post-166","page","type-page","status-publish","hentry"],"acf":[],"yoast_head":"<!-- This site is optimized with the Yoast SEO plugin v27.3 - https:\/\/yoast.com\/product\/yoast-seo-wordpress\/ -->\n<title>Mon ABD - ABD-BVD<\/title>\n<meta name=\"description\" content=\"Documents de r\u00e9f\u00e9rence pour la bonne gestion de l&#039;ABD-BVD destin\u00e9s aux administrateurs.\" \/>\n<meta name=\"robots\" content=\"index, follow, max-snippet:-1, max-image-preview:large, max-video-preview:-1\" \/>\n<link rel=\"canonical\" href=\"https:\/\/www.abd-bvd.be\/fr\/my-abd\/\" \/>\n<meta property=\"og:locale\" content=\"fr_FR\" \/>\n<meta property=\"og:type\" content=\"article\" \/>\n<meta property=\"og:title\" content=\"Mon ABD - ABD-BVD\" \/>\n<meta property=\"og:description\" content=\"Documents de r\u00e9f\u00e9rence pour la bonne gestion de l&#039;ABD-BVD destin\u00e9s aux administrateurs.\" \/>\n<meta property=\"og:url\" content=\"https:\/\/www.abd-bvd.be\/fr\/my-abd\/\" \/>\n<meta property=\"og:site_name\" content=\"ABD-BVD\" \/>\n<meta property=\"article:modified_time\" content=\"2017-08-25T14:28:09+00:00\" \/>\n<meta name=\"twitter:card\" content=\"summary_large_image\" \/>\n<meta name=\"twitter:label1\" content=\"Dur\u00e9e de lecture estim\u00e9e\" \/>\n\t<meta name=\"twitter:data1\" content=\"1 minute\" \/>\n<script type=\"application\/ld+json\" class=\"yoast-schema-graph\">{\"@context\":\"https:\\\/\\\/schema.org\",\"@graph\":[{\"@type\":\"WebPage\",\"@id\":\"https:\\\/\\\/www.abd-bvd.be\\\/fr\\\/my-abd\\\/\",\"url\":\"https:\\\/\\\/www.abd-bvd.be\\\/fr\\\/my-abd\\\/\",\"name\":\"Mon ABD - ABD-BVD\",\"isPartOf\":{\"@id\":\"https:\\\/\\\/www.abd-bvd.be\\\/fr\\\/#website\"},\"datePublished\":\"2014-05-30T11:02:07+00:00\",\"dateModified\":\"2017-08-25T14:28:09+00:00\",\"description\":\"Documents de r\u00e9f\u00e9rence pour la bonne gestion de l'ABD-BVD destin\u00e9s aux administrateurs.\",\"breadcrumb\":{\"@id\":\"https:\\\/\\\/www.abd-bvd.be\\\/fr\\\/my-abd\\\/#breadcrumb\"},\"inLanguage\":\"fr-FR\",\"potentialAction\":[{\"@type\":\"ReadAction\",\"target\":[\"https:\\\/\\\/www.abd-bvd.be\\\/fr\\\/my-abd\\\/\"]}]},{\"@type\":\"BreadcrumbList\",\"@id\":\"https:\\\/\\\/www.abd-bvd.be\\\/fr\\\/my-abd\\\/#breadcrumb\",\"itemListElement\":[{\"@type\":\"ListItem\",\"position\":1,\"name\":\"Accueil\",\"item\":\"https:\\\/\\\/www.abd-bvd.be\\\/fr\\\/\"},{\"@type\":\"ListItem\",\"position\":2,\"name\":\"Mon ABD\"}]},{\"@type\":\"WebSite\",\"@id\":\"https:\\\/\\\/www.abd-bvd.be\\\/fr\\\/#website\",\"url\":\"https:\\\/\\\/www.abd-bvd.be\\\/fr\\\/\",\"name\":\"ABD-BVD\",\"description\":\"Association Belge de documentation - Belgische verniging voor documentatie\",\"potentialAction\":[{\"@type\":\"SearchAction\",\"target\":{\"@type\":\"EntryPoint\",\"urlTemplate\":\"https:\\\/\\\/www.abd-bvd.be\\\/fr\\\/?s={search_term_string}\"},\"query-input\":{\"@type\":\"PropertyValueSpecification\",\"valueRequired\":true,\"valueName\":\"search_term_string\"}}],\"inLanguage\":\"fr-FR\"}]}<\/script>\n<!-- \/ Yoast SEO plugin. -->","yoast_head_json":{"title":"Mon ABD - ABD-BVD","description":"Documents de r\u00e9f\u00e9rence pour la bonne gestion de l'ABD-BVD destin\u00e9s aux administrateurs.","robots":{"index":"index","follow":"follow","max-snippet":"max-snippet:-1","max-image-preview":"max-image-preview:large","max-video-preview":"max-video-preview:-1"},"canonical":"https:\/\/www.abd-bvd.be\/fr\/my-abd\/","og_locale":"fr_FR","og_type":"article","og_title":"Mon ABD - ABD-BVD","og_description":"Documents de r\u00e9f\u00e9rence pour la bonne gestion de l'ABD-BVD destin\u00e9s aux administrateurs.","og_url":"https:\/\/www.abd-bvd.be\/fr\/my-abd\/","og_site_name":"ABD-BVD","article_modified_time":"2017-08-25T14:28:09+00:00","twitter_card":"summary_large_image","twitter_misc":{"Dur\u00e9e de lecture estim\u00e9e":"1 minute"},"schema":{"@context":"https:\/\/schema.org","@graph":[{"@type":"WebPage","@id":"https:\/\/www.abd-bvd.be\/fr\/my-abd\/","url":"https:\/\/www.abd-bvd.be\/fr\/my-abd\/","name":"Mon ABD - ABD-BVD","isPartOf":{"@id":"https:\/\/www.abd-bvd.be\/fr\/#website"},"datePublished":"2014-05-30T11:02:07+00:00","dateModified":"2017-08-25T14:28:09+00:00","description":"Documents de r\u00e9f\u00e9rence pour la bonne gestion de l'ABD-BVD destin\u00e9s aux administrateurs.","breadcrumb":{"@id":"https:\/\/www.abd-bvd.be\/fr\/my-abd\/#breadcrumb"},"inLanguage":"fr-FR","potentialAction":[{"@type":"ReadAction","target":["https:\/\/www.abd-bvd.be\/fr\/my-abd\/"]}]},{"@type":"BreadcrumbList","@id":"https:\/\/www.abd-bvd.be\/fr\/my-abd\/#breadcrumb","itemListElement":[{"@type":"ListItem","position":1,"name":"Accueil","item":"https:\/\/www.abd-bvd.be\/fr\/"},{"@type":"ListItem","position":2,"name":"Mon ABD"}]},{"@type":"WebSite","@id":"https:\/\/www.abd-bvd.be\/fr\/#website","url":"https:\/\/www.abd-bvd.be\/fr\/","name":"ABD-BVD","description":"Association Belge de documentation - Belgische verniging voor documentatie","potentialAction":[{"@type":"SearchAction","target":{"@type":"EntryPoint","urlTemplate":"https:\/\/www.abd-bvd.be\/fr\/?s={search_term_string}"},"query-input":{"@type":"PropertyValueSpecification","valueRequired":true,"valueName":"search_term_string"}}],"inLanguage":"fr-FR"}]}},"_links":{"self":[{"href":"https:\/\/www.abd-bvd.be\/fr\/wp-json\/wp\/v2\/pages\/166","targetHints":{"allow":["GET"]}}],"collection":[{"href":"https:\/\/www.abd-bvd.be\/fr\/wp-json\/wp\/v2\/pages"}],"about":[{"href":"https:\/\/www.abd-bvd.be\/fr\/wp-json\/wp\/v2\/types\/page"}],"author":[{"embeddable":true,"href":"https:\/\/www.abd-bvd.be\/fr\/wp-json\/wp\/v2\/users\/1"}],"replies":[{"embeddable":true,"href":"https:\/\/www.abd-bvd.be\/fr\/wp-json\/wp\/v2\/comments?post=166"}],"version-history":[{"count":0,"href":"https:\/\/www.abd-bvd.be\/fr\/wp-json\/wp\/v2\/pages\/166\/revisions"}],"wp:attachment":[{"href":"https:\/\/www.abd-bvd.be\/fr\/wp-json\/wp\/v2\/media?parent=166"}],"curies":[{"name":"wp","href":"https:\/\/api.w.org\/{rel}","templated":true}]}}