{"id":109,"date":"2014-05-28T09:09:53","date_gmt":"2014-05-28T09:09:53","guid":{"rendered":"http:\/\/www.abd-bvd.be\/?page_id=109"},"modified":"2015-05-28T10:32:57","modified_gmt":"2015-05-28T10:32:57","slug":"mentions-legales","status":"publish","type":"page","link":"https:\/\/www.abd-bvd.be\/fr\/mentions-legales\/","title":{"rendered":"Mentions l\u00e9gales"},"content":{"rendered":"<p>L\u2019Association Belge de Documentation (ABD-BVD) asbl respecte la vie priv\u00e9e des utilisateurs. Bien que la plupart des informations soient disponibles sur ce site sans devoir fournir des donn\u00e9es \u00e0 caract\u00e8re personnel, il est possible que des informations personnelles soient demand\u00e9es \u00e0 l&rsquo;utilisateur. Dans ce cas, les donn\u00e9es sont trait\u00e9es conform\u00e9ment aux dispositions de la loi du 8 d\u00e9cembre 1992 relative au traitement de donn\u00e9es \u00e0 caract\u00e8re personnel.<\/p>\n<p>Concr\u00e8tement, cela signifie notamment que :<\/p>\n<ul>\n<li>Les donn\u00e9es \u00e0 caract\u00e8re personnel ne peuvent \u00eatre recueillies et trait\u00e9es que dans le but de r\u00e9pondre \u00e0 la demande d&rsquo;information que vous avez introduite ; les donn\u00e9es \u00e0 caract\u00e8re personnel ne seront pas communiqu\u00e9es \u00e0 des tiers ni utilis\u00e9es \u00e0 des fins commerciales ; vous avez le droit de consulter vos donn\u00e9es personnelles et vous pouvez v\u00e9rifier leur exactitude et faire corriger les \u00e9ventuelles erreurs les concernant. A cet effet, vous pouvez prendre contact avec le notre tr\u00e9sorier (<a href=\"mailto:tresorier-schatbewaarder@abd-bvd.net\">tresorier-schatbewaarder@abd-bvd.net<\/a>).<\/li>\n<li>Le Conseil d\u2019administration de l\u2019ABD-BVD s&rsquo;engage \u00e0 prendre les meilleures mesures de s\u00e9curit\u00e9 afin d&rsquo;\u00e9viter que des tiers n&rsquo;abusent des donn\u00e9es \u00e0 caract\u00e8re personnel que vous avez communiqu\u00e9es.<\/li>\n<\/ul>\n<p>Les articles et pr\u00e9sentations publi\u00e9s sur ce site sont soumis \u00e0 la l\u00e9gislation belge sur le droit d\u2019auteur et notamment \u00e0 la loi du 22 mai 2005 transposant en droit belge la Directive europ\u00e9enne 2001\/29\/CE du 22 mai 2001 sur l\u2019harmonisation de certains aspects du droit d\u2019auteur et des droits voisins dans la soci\u00e9t\u00e9 de l\u2019information.\u00a0 Ils ne peuvent \u00eatre reproduits, adapt\u00e9s ou traduits sans l&rsquo;autorisation de leur auteur ou de leurs ayants droit.<\/p>\n<p>Les articles sont publi\u00e9s sur le site avec l&rsquo;aimable autorisation des auteurs.\u00a0 Certains n&rsquo;ont cependant pas pu \u00eatre contact\u00e9s.\u00a0 Si l\u2019un d\u2019eux ne souhaite pas que son article ou sa pr\u00e9sentation soit disponible sur Internet, il peut nous <a href=\"https:\/\/www.abd-bvd.be\/contact\/\">contacter<\/a> et nous le retirerons de notre site.<\/p>\n","protected":false},"excerpt":{"rendered":"<p>L\u2019Association Belge de Documentation (ABD-BVD) asbl respecte la vie priv\u00e9e des utilisateurs. Bien que la plupart des informations soient disponibles sur ce site sans devoir fournir des donn\u00e9es \u00e0 caract\u00e8re personnel, il est possible que des informations personnelles soient demand\u00e9es \u00e0 l&rsquo;utilisateur. Dans ce cas, les donn\u00e9es sont trait\u00e9es conform\u00e9ment aux dispositions de la loi [&hellip;]<\/p>\n","protected":false},"author":1,"featured_media":0,"parent":0,"menu_order":8,"comment_status":"open","ping_status":"open","template":"","meta":{"_acf_changed":false,"footnotes":""},"class_list":["post-109","page","type-page","status-publish","hentry"],"acf":[],"yoast_head":"<!-- This site is optimized with the Yoast SEO plugin v27.4 - https:\/\/yoast.com\/product\/yoast-seo-wordpress\/ -->\n<title>Mentions l\u00e9gales - ABD-BVD<\/title>\n<meta name=\"robots\" content=\"index, follow, max-snippet:-1, max-image-preview:large, max-video-preview:-1\" \/>\n<link rel=\"canonical\" href=\"https:\/\/www.abd-bvd.be\/fr\/mentions-legales\/\" \/>\n<meta property=\"og:locale\" content=\"fr_FR\" \/>\n<meta property=\"og:type\" content=\"article\" \/>\n<meta property=\"og:title\" content=\"Mentions l\u00e9gales - ABD-BVD\" \/>\n<meta property=\"og:description\" content=\"L\u2019Association Belge de Documentation (ABD-BVD) asbl respecte la vie priv\u00e9e des utilisateurs. Bien que la plupart des informations soient disponibles sur ce site sans devoir fournir des donn\u00e9es \u00e0 caract\u00e8re personnel, il est possible que des informations personnelles soient demand\u00e9es \u00e0 l&rsquo;utilisateur. Dans ce cas, les donn\u00e9es sont trait\u00e9es conform\u00e9ment aux dispositions de la loi [&hellip;]\" \/>\n<meta property=\"og:url\" content=\"https:\/\/www.abd-bvd.be\/fr\/mentions-legales\/\" \/>\n<meta property=\"og:site_name\" content=\"ABD-BVD\" \/>\n<meta property=\"article:modified_time\" content=\"2015-05-28T10:32:57+00:00\" \/>\n<meta name=\"twitter:card\" content=\"summary_large_image\" \/>\n<meta name=\"twitter:label1\" content=\"Dur\u00e9e de lecture estim\u00e9e\" \/>\n\t<meta name=\"twitter:data1\" content=\"2 minutes\" \/>\n<script type=\"application\/ld+json\" class=\"yoast-schema-graph\">{\"@context\":\"https:\\\/\\\/schema.org\",\"@graph\":[{\"@type\":\"WebPage\",\"@id\":\"https:\\\/\\\/www.abd-bvd.be\\\/fr\\\/mentions-legales\\\/\",\"url\":\"https:\\\/\\\/www.abd-bvd.be\\\/fr\\\/mentions-legales\\\/\",\"name\":\"Mentions l\u00e9gales - ABD-BVD\",\"isPartOf\":{\"@id\":\"https:\\\/\\\/www.abd-bvd.be\\\/fr\\\/#website\"},\"datePublished\":\"2014-05-28T09:09:53+00:00\",\"dateModified\":\"2015-05-28T10:32:57+00:00\",\"breadcrumb\":{\"@id\":\"https:\\\/\\\/www.abd-bvd.be\\\/fr\\\/mentions-legales\\\/#breadcrumb\"},\"inLanguage\":\"fr-FR\",\"potentialAction\":[{\"@type\":\"ReadAction\",\"target\":[\"https:\\\/\\\/www.abd-bvd.be\\\/fr\\\/mentions-legales\\\/\"]}]},{\"@type\":\"BreadcrumbList\",\"@id\":\"https:\\\/\\\/www.abd-bvd.be\\\/fr\\\/mentions-legales\\\/#breadcrumb\",\"itemListElement\":[{\"@type\":\"ListItem\",\"position\":1,\"name\":\"Accueil\",\"item\":\"https:\\\/\\\/www.abd-bvd.be\\\/fr\\\/\"},{\"@type\":\"ListItem\",\"position\":2,\"name\":\"Mentions l\u00e9gales\"}]},{\"@type\":\"WebSite\",\"@id\":\"https:\\\/\\\/www.abd-bvd.be\\\/fr\\\/#website\",\"url\":\"https:\\\/\\\/www.abd-bvd.be\\\/fr\\\/\",\"name\":\"ABD-BVD\",\"description\":\"Association Belge de documentation - Belgische verniging voor documentatie\",\"potentialAction\":[{\"@type\":\"SearchAction\",\"target\":{\"@type\":\"EntryPoint\",\"urlTemplate\":\"https:\\\/\\\/www.abd-bvd.be\\\/fr\\\/?s={search_term_string}\"},\"query-input\":{\"@type\":\"PropertyValueSpecification\",\"valueRequired\":true,\"valueName\":\"search_term_string\"}}],\"inLanguage\":\"fr-FR\"}]}<\/script>\n<!-- \/ Yoast SEO plugin. -->","yoast_head_json":{"title":"Mentions l\u00e9gales - ABD-BVD","robots":{"index":"index","follow":"follow","max-snippet":"max-snippet:-1","max-image-preview":"max-image-preview:large","max-video-preview":"max-video-preview:-1"},"canonical":"https:\/\/www.abd-bvd.be\/fr\/mentions-legales\/","og_locale":"fr_FR","og_type":"article","og_title":"Mentions l\u00e9gales - ABD-BVD","og_description":"L\u2019Association Belge de Documentation (ABD-BVD) asbl respecte la vie priv\u00e9e des utilisateurs. Bien que la plupart des informations soient disponibles sur ce site sans devoir fournir des donn\u00e9es \u00e0 caract\u00e8re personnel, il est possible que des informations personnelles soient demand\u00e9es \u00e0 l&rsquo;utilisateur. Dans ce cas, les donn\u00e9es sont trait\u00e9es conform\u00e9ment aux dispositions de la loi [&hellip;]","og_url":"https:\/\/www.abd-bvd.be\/fr\/mentions-legales\/","og_site_name":"ABD-BVD","article_modified_time":"2015-05-28T10:32:57+00:00","twitter_card":"summary_large_image","twitter_misc":{"Dur\u00e9e de lecture estim\u00e9e":"2 minutes"},"schema":{"@context":"https:\/\/schema.org","@graph":[{"@type":"WebPage","@id":"https:\/\/www.abd-bvd.be\/fr\/mentions-legales\/","url":"https:\/\/www.abd-bvd.be\/fr\/mentions-legales\/","name":"Mentions l\u00e9gales - ABD-BVD","isPartOf":{"@id":"https:\/\/www.abd-bvd.be\/fr\/#website"},"datePublished":"2014-05-28T09:09:53+00:00","dateModified":"2015-05-28T10:32:57+00:00","breadcrumb":{"@id":"https:\/\/www.abd-bvd.be\/fr\/mentions-legales\/#breadcrumb"},"inLanguage":"fr-FR","potentialAction":[{"@type":"ReadAction","target":["https:\/\/www.abd-bvd.be\/fr\/mentions-legales\/"]}]},{"@type":"BreadcrumbList","@id":"https:\/\/www.abd-bvd.be\/fr\/mentions-legales\/#breadcrumb","itemListElement":[{"@type":"ListItem","position":1,"name":"Accueil","item":"https:\/\/www.abd-bvd.be\/fr\/"},{"@type":"ListItem","position":2,"name":"Mentions l\u00e9gales"}]},{"@type":"WebSite","@id":"https:\/\/www.abd-bvd.be\/fr\/#website","url":"https:\/\/www.abd-bvd.be\/fr\/","name":"ABD-BVD","description":"Association Belge de documentation - Belgische verniging voor documentatie","potentialAction":[{"@type":"SearchAction","target":{"@type":"EntryPoint","urlTemplate":"https:\/\/www.abd-bvd.be\/fr\/?s={search_term_string}"},"query-input":{"@type":"PropertyValueSpecification","valueRequired":true,"valueName":"search_term_string"}}],"inLanguage":"fr-FR"}]}},"_links":{"self":[{"href":"https:\/\/www.abd-bvd.be\/fr\/wp-json\/wp\/v2\/pages\/109","targetHints":{"allow":["GET"]}}],"collection":[{"href":"https:\/\/www.abd-bvd.be\/fr\/wp-json\/wp\/v2\/pages"}],"about":[{"href":"https:\/\/www.abd-bvd.be\/fr\/wp-json\/wp\/v2\/types\/page"}],"author":[{"embeddable":true,"href":"https:\/\/www.abd-bvd.be\/fr\/wp-json\/wp\/v2\/users\/1"}],"replies":[{"embeddable":true,"href":"https:\/\/www.abd-bvd.be\/fr\/wp-json\/wp\/v2\/comments?post=109"}],"version-history":[{"count":0,"href":"https:\/\/www.abd-bvd.be\/fr\/wp-json\/wp\/v2\/pages\/109\/revisions"}],"wp:attachment":[{"href":"https:\/\/www.abd-bvd.be\/fr\/wp-json\/wp\/v2\/media?parent=109"}],"curies":[{"name":"wp","href":"https:\/\/api.w.org\/{rel}","templated":true}]}}