{"id":1062,"date":"2015-05-19T12:37:48","date_gmt":"2015-05-19T12:37:48","guid":{"rendered":"http:\/\/www.abd-bvd.be\/?page_id=1062"},"modified":"2020-02-04T12:19:29","modified_gmt":"2020-02-04T11:19:29","slug":"ecrire-pour-les-cahiers","status":"publish","type":"page","link":"https:\/\/www.abd-bvd.be\/fr\/publications\/cahiers-de-la-documentation\/ecrire-pour-les-cahiers\/","title":{"rendered":"\u00c9crire pour les Cahiers"},"content":{"rendered":"<p>Les<em> Cahiers de la Documentation<\/em> sont aliment\u00e9s par leurs auteurs. Si vous souhaitez partager avec l\u2019ensemble des membres de l\u2019ABD-BVD votre exp\u00e9rience dans un domaine ou vos connaissances d\u2019un sujet ou faire le compte rendu d\u2019une conf\u00e9rence \u00e0 laquelle vous avez assist\u00e9, n\u2019h\u00e9sitez pas \u00e0 prendre contact avec le Comit\u00e9 de publication : <a href=\"mailto:cahiers-bladen@abd-bvd.net\">cahiers-bladen@abd-bvd.net<\/a><\/p>\n<p>Afin d\u2019assurer une pr\u00e9sentation coh\u00e9rente de notre p\u00e9riodique, nous demandons aux auteurs de respecter les instructions aux auteurs.<\/p>\n<p><span class=\"file-button\"><a href=\"https:\/\/www.abd-bvd.be\/nl\/instr-aut_fr\/\">T\u00e9l\u00e9charger (FR)<\/a><\/span><br \/>\n<span class=\"file-button\"><a href=\"https:\/\/www.abd-bvd.be\/nl\/instr-aut_nl\/\">T\u00e9l\u00e9charger (NL)<\/a><\/span><br \/>\n<span class=\"file-button\"><a href=\"https:\/\/www.abd-bvd.be\/fr\/instr-aut_en-2\/\">T\u00e9l\u00e9charger (EN)<\/a><\/span><\/p>\n","protected":false},"excerpt":{"rendered":"<p>Les Cahiers de la Documentation sont aliment\u00e9s par leurs auteurs. Si vous souhaitez partager avec l\u2019ensemble des membres de l\u2019ABD-BVD votre exp\u00e9rience dans un domaine ou vos connaissances d\u2019un sujet ou faire le compte rendu d\u2019une conf\u00e9rence \u00e0 laquelle vous avez assist\u00e9, n\u2019h\u00e9sitez pas \u00e0 prendre contact avec le Comit\u00e9 de publication : cahiers-bladen@abd-bvd.net Afin [&hellip;]<\/p>\n","protected":false},"author":9,"featured_media":0,"parent":375,"menu_order":2,"comment_status":"open","ping_status":"open","template":"","meta":{"_acf_changed":false,"footnotes":""},"class_list":["post-1062","page","type-page","status-publish","hentry"],"acf":[],"yoast_head":"<!-- This site is optimized with the Yoast SEO plugin v27.3 - https:\/\/yoast.com\/product\/yoast-seo-wordpress\/ -->\n<title>\u00c9crire pour les Cahiers - ABD-BVD<\/title>\n<meta name=\"robots\" content=\"index, follow, max-snippet:-1, max-image-preview:large, max-video-preview:-1\" \/>\n<link rel=\"canonical\" href=\"https:\/\/www.abd-bvd.be\/fr\/publications\/cahiers-de-la-documentation\/ecrire-pour-les-cahiers\/\" \/>\n<meta property=\"og:locale\" content=\"fr_FR\" \/>\n<meta property=\"og:type\" content=\"article\" \/>\n<meta property=\"og:title\" content=\"\u00c9crire pour les Cahiers - ABD-BVD\" \/>\n<meta property=\"og:description\" content=\"Les Cahiers de la Documentation sont aliment\u00e9s par leurs auteurs. Si vous souhaitez partager avec l\u2019ensemble des membres de l\u2019ABD-BVD votre exp\u00e9rience dans un domaine ou vos connaissances d\u2019un sujet ou faire le compte rendu d\u2019une conf\u00e9rence \u00e0 laquelle vous avez assist\u00e9, n\u2019h\u00e9sitez pas \u00e0 prendre contact avec le Comit\u00e9 de publication : cahiers-bladen@abd-bvd.net Afin [&hellip;]\" \/>\n<meta property=\"og:url\" content=\"https:\/\/www.abd-bvd.be\/fr\/publications\/cahiers-de-la-documentation\/ecrire-pour-les-cahiers\/\" \/>\n<meta property=\"og:site_name\" content=\"ABD-BVD\" \/>\n<meta property=\"article:modified_time\" content=\"2020-02-04T11:19:29+00:00\" \/>\n<meta name=\"twitter:card\" content=\"summary_large_image\" \/>\n<script type=\"application\/ld+json\" class=\"yoast-schema-graph\">{\"@context\":\"https:\\\/\\\/schema.org\",\"@graph\":[{\"@type\":\"WebPage\",\"@id\":\"https:\\\/\\\/www.abd-bvd.be\\\/fr\\\/publications\\\/cahiers-de-la-documentation\\\/ecrire-pour-les-cahiers\\\/\",\"url\":\"https:\\\/\\\/www.abd-bvd.be\\\/fr\\\/publications\\\/cahiers-de-la-documentation\\\/ecrire-pour-les-cahiers\\\/\",\"name\":\"\u00c9crire pour les Cahiers - ABD-BVD\",\"isPartOf\":{\"@id\":\"https:\\\/\\\/www.abd-bvd.be\\\/fr\\\/#website\"},\"datePublished\":\"2015-05-19T12:37:48+00:00\",\"dateModified\":\"2020-02-04T11:19:29+00:00\",\"breadcrumb\":{\"@id\":\"https:\\\/\\\/www.abd-bvd.be\\\/fr\\\/publications\\\/cahiers-de-la-documentation\\\/ecrire-pour-les-cahiers\\\/#breadcrumb\"},\"inLanguage\":\"fr-FR\",\"potentialAction\":[{\"@type\":\"ReadAction\",\"target\":[\"https:\\\/\\\/www.abd-bvd.be\\\/fr\\\/publications\\\/cahiers-de-la-documentation\\\/ecrire-pour-les-cahiers\\\/\"]}]},{\"@type\":\"BreadcrumbList\",\"@id\":\"https:\\\/\\\/www.abd-bvd.be\\\/fr\\\/publications\\\/cahiers-de-la-documentation\\\/ecrire-pour-les-cahiers\\\/#breadcrumb\",\"itemListElement\":[{\"@type\":\"ListItem\",\"position\":1,\"name\":\"Accueil\",\"item\":\"https:\\\/\\\/www.abd-bvd.be\\\/fr\\\/\"},{\"@type\":\"ListItem\",\"position\":2,\"name\":\"Publications\",\"item\":\"https:\\\/\\\/www.abd-bvd.be\\\/fr\\\/publications\\\/\"},{\"@type\":\"ListItem\",\"position\":3,\"name\":\"Cahiers de la Documentation\",\"item\":\"https:\\\/\\\/www.abd-bvd.be\\\/fr\\\/publications\\\/cahiers-de-la-documentation\\\/\"},{\"@type\":\"ListItem\",\"position\":4,\"name\":\"\u00c9crire pour les Cahiers\"}]},{\"@type\":\"WebSite\",\"@id\":\"https:\\\/\\\/www.abd-bvd.be\\\/fr\\\/#website\",\"url\":\"https:\\\/\\\/www.abd-bvd.be\\\/fr\\\/\",\"name\":\"ABD-BVD\",\"description\":\"Association Belge de documentation - Belgische verniging voor documentatie\",\"potentialAction\":[{\"@type\":\"SearchAction\",\"target\":{\"@type\":\"EntryPoint\",\"urlTemplate\":\"https:\\\/\\\/www.abd-bvd.be\\\/fr\\\/?s={search_term_string}\"},\"query-input\":{\"@type\":\"PropertyValueSpecification\",\"valueRequired\":true,\"valueName\":\"search_term_string\"}}],\"inLanguage\":\"fr-FR\"}]}<\/script>\n<!-- \/ Yoast SEO plugin. -->","yoast_head_json":{"title":"\u00c9crire pour les Cahiers - ABD-BVD","robots":{"index":"index","follow":"follow","max-snippet":"max-snippet:-1","max-image-preview":"max-image-preview:large","max-video-preview":"max-video-preview:-1"},"canonical":"https:\/\/www.abd-bvd.be\/fr\/publications\/cahiers-de-la-documentation\/ecrire-pour-les-cahiers\/","og_locale":"fr_FR","og_type":"article","og_title":"\u00c9crire pour les Cahiers - ABD-BVD","og_description":"Les Cahiers de la Documentation sont aliment\u00e9s par leurs auteurs. Si vous souhaitez partager avec l\u2019ensemble des membres de l\u2019ABD-BVD votre exp\u00e9rience dans un domaine ou vos connaissances d\u2019un sujet ou faire le compte rendu d\u2019une conf\u00e9rence \u00e0 laquelle vous avez assist\u00e9, n\u2019h\u00e9sitez pas \u00e0 prendre contact avec le Comit\u00e9 de publication : cahiers-bladen@abd-bvd.net Afin [&hellip;]","og_url":"https:\/\/www.abd-bvd.be\/fr\/publications\/cahiers-de-la-documentation\/ecrire-pour-les-cahiers\/","og_site_name":"ABD-BVD","article_modified_time":"2020-02-04T11:19:29+00:00","twitter_card":"summary_large_image","schema":{"@context":"https:\/\/schema.org","@graph":[{"@type":"WebPage","@id":"https:\/\/www.abd-bvd.be\/fr\/publications\/cahiers-de-la-documentation\/ecrire-pour-les-cahiers\/","url":"https:\/\/www.abd-bvd.be\/fr\/publications\/cahiers-de-la-documentation\/ecrire-pour-les-cahiers\/","name":"\u00c9crire pour les Cahiers - ABD-BVD","isPartOf":{"@id":"https:\/\/www.abd-bvd.be\/fr\/#website"},"datePublished":"2015-05-19T12:37:48+00:00","dateModified":"2020-02-04T11:19:29+00:00","breadcrumb":{"@id":"https:\/\/www.abd-bvd.be\/fr\/publications\/cahiers-de-la-documentation\/ecrire-pour-les-cahiers\/#breadcrumb"},"inLanguage":"fr-FR","potentialAction":[{"@type":"ReadAction","target":["https:\/\/www.abd-bvd.be\/fr\/publications\/cahiers-de-la-documentation\/ecrire-pour-les-cahiers\/"]}]},{"@type":"BreadcrumbList","@id":"https:\/\/www.abd-bvd.be\/fr\/publications\/cahiers-de-la-documentation\/ecrire-pour-les-cahiers\/#breadcrumb","itemListElement":[{"@type":"ListItem","position":1,"name":"Accueil","item":"https:\/\/www.abd-bvd.be\/fr\/"},{"@type":"ListItem","position":2,"name":"Publications","item":"https:\/\/www.abd-bvd.be\/fr\/publications\/"},{"@type":"ListItem","position":3,"name":"Cahiers de la Documentation","item":"https:\/\/www.abd-bvd.be\/fr\/publications\/cahiers-de-la-documentation\/"},{"@type":"ListItem","position":4,"name":"\u00c9crire pour les Cahiers"}]},{"@type":"WebSite","@id":"https:\/\/www.abd-bvd.be\/fr\/#website","url":"https:\/\/www.abd-bvd.be\/fr\/","name":"ABD-BVD","description":"Association Belge de documentation - Belgische verniging voor documentatie","potentialAction":[{"@type":"SearchAction","target":{"@type":"EntryPoint","urlTemplate":"https:\/\/www.abd-bvd.be\/fr\/?s={search_term_string}"},"query-input":{"@type":"PropertyValueSpecification","valueRequired":true,"valueName":"search_term_string"}}],"inLanguage":"fr-FR"}]}},"_links":{"self":[{"href":"https:\/\/www.abd-bvd.be\/fr\/wp-json\/wp\/v2\/pages\/1062","targetHints":{"allow":["GET"]}}],"collection":[{"href":"https:\/\/www.abd-bvd.be\/fr\/wp-json\/wp\/v2\/pages"}],"about":[{"href":"https:\/\/www.abd-bvd.be\/fr\/wp-json\/wp\/v2\/types\/page"}],"author":[{"embeddable":true,"href":"https:\/\/www.abd-bvd.be\/fr\/wp-json\/wp\/v2\/users\/9"}],"replies":[{"embeddable":true,"href":"https:\/\/www.abd-bvd.be\/fr\/wp-json\/wp\/v2\/comments?post=1062"}],"version-history":[{"count":3,"href":"https:\/\/www.abd-bvd.be\/fr\/wp-json\/wp\/v2\/pages\/1062\/revisions"}],"predecessor-version":[{"id":18396,"href":"https:\/\/www.abd-bvd.be\/fr\/wp-json\/wp\/v2\/pages\/1062\/revisions\/18396"}],"up":[{"embeddable":true,"href":"https:\/\/www.abd-bvd.be\/fr\/wp-json\/wp\/v2\/pages\/375"}],"wp:attachment":[{"href":"https:\/\/www.abd-bvd.be\/fr\/wp-json\/wp\/v2\/media?parent=1062"}],"curies":[{"name":"wp","href":"https:\/\/api.w.org\/{rel}","templated":true}]}}