{"id":2107,"date":"2015-06-05T07:42:58","date_gmt":"2015-06-05T07:42:58","guid":{"rendered":"http:\/\/www.abd-bvd.be\/?page_id=2107"},"modified":"2015-06-10T10:32:19","modified_gmt":"2015-06-10T10:32:19","slug":"cookies","status":"publish","type":"page","link":"https:\/\/www.abd-bvd.be\/en\/cookies\/","title":{"rendered":"Cookies"},"content":{"rendered":"<h2><span id=\"result_box\" class=\"\" lang=\"en\"><span title=\"Qu'est-ce que les cookies?\n\n\">What are cookies?<\/span><\/span><\/h2>\n<p><span id=\"result_box\" class=\"\" lang=\"en\"><span title=\"Un cookie est un petit fichier texte qui est envoy\u00e9 vers votre ordinateur ou appareil mobile (d\u00e9nomm\u00e9 &quot;appareil&quot;) par les sites web que vous visitez.\">A cookie is a small text file that is sent to your computer or mobile device (referred to as &#8220;device&#8221;) by websites that you visit. <\/span><span title=\"Ils sont d'ordinaire utilis\u00e9s pour permettre aux sites web de fonctionner de mani\u00e8re plus efficace, ainsi que pour fournir des informations aux propri\u00e9taires du site.\n\n\">They are usually used to allow websites to operate more efficiently and to provide information to site owners.<\/p>\n<p><\/span><span title=\"La loi belge relative \u00e0 la communication \u00e9lectronique (transposition de la Loi T\u00e9l\u00e9coms) comporte quelques clauses relatives aux cookies et \u00e0 leur utilisation sur des sites Web.\">The Belgian law on electronic communication (transposition of the Telecoms Act) includes some clauses and use cookies on websites. <\/span><span title=\"L'impl\u00e9mentation belge d\u00e9coule de la directive europ\u00e9enne sur la protection de la vie priv\u00e9e, ce qui implique que l'utilisation de cookies et la l\u00e9gislation sur les cookies font l'objet de r\u00e9glementations diff\u00e9rentes dans chaque pays europ\u00e9en.\n\">The Belgian implementation follows the European directive on the protection of privacy, which involves the use of cookies and legislation cookies are subject to different regulations in each European country.<\/span><\/span><\/p>\n<h2><span id=\"result_box\" class=\"\" lang=\"en\"><span title=\"Quelle est l'utilit\u00e9 de ces cookies?\n\n\">What is the use of cookies?<\/span><\/span><\/h2>\n<p><span id=\"result_box\" class=\"\" lang=\"en\"><span title=\"Les navigateurs web r\u00e9cents qui \u00e9quipent votre appareil permettent, par leur param\u00e9trage, de g\u00e9rer les cookies dans une certaine mesure et d'assurer la protection de la vie priv\u00e9e.\">Recent web browsers that allow equip your device by their setup, manage cookies, and to some extent the protection of privacy. <\/span><span title=\"Pour en savoir plus sur la nature des cookies d\u00e9pos\u00e9s, et sur la mani\u00e8re de les g\u00e9rer et de les effacer, visitez www.allaboutcookies.org.\n\n\">To learn more about the nature of the deposited cookies and how to manage and delete them, visit <a href=\"http:\/\/www.allaboutcookies.org\" target=\"_blank\">www.allaboutcookies.org<\/a>.<\/p>\n<p><\/span><span title=\"L'obligation de consentement implicite est respect\u00e9e en laissant inchang\u00e9s les param\u00e8tres 'protection de la vie priv\u00e9e' par d\u00e9faut de l'utilisateur, et en affichant un avertissement qui pr\u00e9cise de quelle mani\u00e8re un site web collecte des donn\u00e9es Le consentement explicite postule pour sa part\">The implied consent requirement is met by leaving unchanged the settings protective privacy default user, and displaying a warning that specifies how a data collection website Express consent for his part postulates <\/span><span title=\"un param\u00e9trage proactif du navigateur et des fonctionnalit\u00e9s d'acceptation\/refus des cookies (opt-in\/opt-out) qui enregistrent vos pr\u00e9f\u00e9rences pour vos visites ult\u00e9rieures sur un site.\n\n\">proactive browser setting and features of acceptance \/ rejection of cookies (opt-in \/ opt-out) that record your preferences for subsequent visits to a site.<\/p>\n<p><\/span><span title=\"C'est pourquoi nous avons une 'barre des cookies' et fournissons des informations compl\u00e9mentaires concernant les cookies utilis\u00e9s par les sites web de Zetes et n\u00e9cessaires pour leur permettre de fonctionner pleinement.\">That is why we have a &#8216;bar cookies and supply additional information regarding the cookies used by the websites of Zetes and to enable them to function fully.<\/span><\/span><\/p>\n","protected":false},"excerpt":{"rendered":"<p>What are cookies? A cookie is a small text file that is sent to your computer or mobile device (referred to as &#8220;device&#8221;) by websites that you visit. They are usually used to allow websites to operate more efficiently and to provide information to site owners. The Belgian law on electronic communication (transposition of the [&hellip;]<\/p>\n","protected":false},"author":1,"featured_media":0,"parent":0,"menu_order":0,"comment_status":"open","ping_status":"open","template":"","meta":{"_acf_changed":false,"footnotes":""},"class_list":["post-2107","page","type-page","status-publish","hentry"],"acf":[],"yoast_head":"<!-- This site is optimized with the Yoast SEO plugin v27.3 - https:\/\/yoast.com\/product\/yoast-seo-wordpress\/ -->\n<title>Cookies - ABD-BVD<\/title>\n<meta name=\"robots\" content=\"index, follow, max-snippet:-1, max-image-preview:large, max-video-preview:-1\" \/>\n<link rel=\"canonical\" href=\"https:\/\/www.abd-bvd.be\/en\/cookies\/\" \/>\n<meta property=\"og:locale\" content=\"en_US\" \/>\n<meta property=\"og:type\" content=\"article\" \/>\n<meta property=\"og:title\" content=\"Cookies - ABD-BVD\" \/>\n<meta property=\"og:description\" content=\"What are cookies? A cookie is a small text file that is sent to your computer or mobile device (referred to as &#8220;device&#8221;) by websites that you visit. They are usually used to allow websites to operate more efficiently and to provide information to site owners. The Belgian law on electronic communication (transposition of the [&hellip;]\" \/>\n<meta property=\"og:url\" content=\"https:\/\/www.abd-bvd.be\/en\/cookies\/\" \/>\n<meta property=\"og:site_name\" content=\"ABD-BVD\" \/>\n<meta property=\"article:modified_time\" content=\"2015-06-10T10:32:19+00:00\" \/>\n<meta name=\"twitter:card\" content=\"summary_large_image\" \/>\n<meta name=\"twitter:label1\" content=\"Est. reading time\" \/>\n\t<meta name=\"twitter:data1\" content=\"1 minute\" \/>\n<script type=\"application\/ld+json\" class=\"yoast-schema-graph\">{\"@context\":\"https:\\\/\\\/schema.org\",\"@graph\":[{\"@type\":\"WebPage\",\"@id\":\"https:\\\/\\\/www.abd-bvd.be\\\/en\\\/cookies\\\/\",\"url\":\"https:\\\/\\\/www.abd-bvd.be\\\/en\\\/cookies\\\/\",\"name\":\"Cookies - ABD-BVD\",\"isPartOf\":{\"@id\":\"https:\\\/\\\/www.abd-bvd.be\\\/fr\\\/#website\"},\"datePublished\":\"2015-06-05T07:42:58+00:00\",\"dateModified\":\"2015-06-10T10:32:19+00:00\",\"breadcrumb\":{\"@id\":\"https:\\\/\\\/www.abd-bvd.be\\\/en\\\/cookies\\\/#breadcrumb\"},\"inLanguage\":\"en-US\",\"potentialAction\":[{\"@type\":\"ReadAction\",\"target\":[\"https:\\\/\\\/www.abd-bvd.be\\\/en\\\/cookies\\\/\"]}]},{\"@type\":\"BreadcrumbList\",\"@id\":\"https:\\\/\\\/www.abd-bvd.be\\\/en\\\/cookies\\\/#breadcrumb\",\"itemListElement\":[{\"@type\":\"ListItem\",\"position\":1,\"name\":\"Accueil\",\"item\":\"https:\\\/\\\/www.abd-bvd.be\\\/de\\\/\"},{\"@type\":\"ListItem\",\"position\":2,\"name\":\"Cookies\"}]},{\"@type\":\"WebSite\",\"@id\":\"https:\\\/\\\/www.abd-bvd.be\\\/fr\\\/#website\",\"url\":\"https:\\\/\\\/www.abd-bvd.be\\\/fr\\\/\",\"name\":\"ABD-BVD\",\"description\":\"Association Belge de documentation - Belgische verniging voor documentatie\",\"potentialAction\":[{\"@type\":\"SearchAction\",\"target\":{\"@type\":\"EntryPoint\",\"urlTemplate\":\"https:\\\/\\\/www.abd-bvd.be\\\/fr\\\/?s={search_term_string}\"},\"query-input\":{\"@type\":\"PropertyValueSpecification\",\"valueRequired\":true,\"valueName\":\"search_term_string\"}}],\"inLanguage\":\"en-US\"}]}<\/script>\n<!-- \/ Yoast SEO plugin. -->","yoast_head_json":{"title":"Cookies - ABD-BVD","robots":{"index":"index","follow":"follow","max-snippet":"max-snippet:-1","max-image-preview":"max-image-preview:large","max-video-preview":"max-video-preview:-1"},"canonical":"https:\/\/www.abd-bvd.be\/en\/cookies\/","og_locale":"en_US","og_type":"article","og_title":"Cookies - ABD-BVD","og_description":"What are cookies? A cookie is a small text file that is sent to your computer or mobile device (referred to as &#8220;device&#8221;) by websites that you visit. They are usually used to allow websites to operate more efficiently and to provide information to site owners. The Belgian law on electronic communication (transposition of the [&hellip;]","og_url":"https:\/\/www.abd-bvd.be\/en\/cookies\/","og_site_name":"ABD-BVD","article_modified_time":"2015-06-10T10:32:19+00:00","twitter_card":"summary_large_image","twitter_misc":{"Est. reading time":"1 minute"},"schema":{"@context":"https:\/\/schema.org","@graph":[{"@type":"WebPage","@id":"https:\/\/www.abd-bvd.be\/en\/cookies\/","url":"https:\/\/www.abd-bvd.be\/en\/cookies\/","name":"Cookies - ABD-BVD","isPartOf":{"@id":"https:\/\/www.abd-bvd.be\/fr\/#website"},"datePublished":"2015-06-05T07:42:58+00:00","dateModified":"2015-06-10T10:32:19+00:00","breadcrumb":{"@id":"https:\/\/www.abd-bvd.be\/en\/cookies\/#breadcrumb"},"inLanguage":"en-US","potentialAction":[{"@type":"ReadAction","target":["https:\/\/www.abd-bvd.be\/en\/cookies\/"]}]},{"@type":"BreadcrumbList","@id":"https:\/\/www.abd-bvd.be\/en\/cookies\/#breadcrumb","itemListElement":[{"@type":"ListItem","position":1,"name":"Accueil","item":"https:\/\/www.abd-bvd.be\/de\/"},{"@type":"ListItem","position":2,"name":"Cookies"}]},{"@type":"WebSite","@id":"https:\/\/www.abd-bvd.be\/fr\/#website","url":"https:\/\/www.abd-bvd.be\/fr\/","name":"ABD-BVD","description":"Association Belge de documentation - Belgische verniging voor documentatie","potentialAction":[{"@type":"SearchAction","target":{"@type":"EntryPoint","urlTemplate":"https:\/\/www.abd-bvd.be\/fr\/?s={search_term_string}"},"query-input":{"@type":"PropertyValueSpecification","valueRequired":true,"valueName":"search_term_string"}}],"inLanguage":"en-US"}]}},"_links":{"self":[{"href":"https:\/\/www.abd-bvd.be\/en\/wp-json\/wp\/v2\/pages\/2107","targetHints":{"allow":["GET"]}}],"collection":[{"href":"https:\/\/www.abd-bvd.be\/en\/wp-json\/wp\/v2\/pages"}],"about":[{"href":"https:\/\/www.abd-bvd.be\/en\/wp-json\/wp\/v2\/types\/page"}],"author":[{"embeddable":true,"href":"https:\/\/www.abd-bvd.be\/en\/wp-json\/wp\/v2\/users\/1"}],"replies":[{"embeddable":true,"href":"https:\/\/www.abd-bvd.be\/en\/wp-json\/wp\/v2\/comments?post=2107"}],"version-history":[{"count":0,"href":"https:\/\/www.abd-bvd.be\/en\/wp-json\/wp\/v2\/pages\/2107\/revisions"}],"wp:attachment":[{"href":"https:\/\/www.abd-bvd.be\/en\/wp-json\/wp\/v2\/media?parent=2107"}],"curies":[{"name":"wp","href":"https:\/\/api.w.org\/{rel}","templated":true}]}}