{"id":752,"date":"2014-09-09T08:43:33","date_gmt":"2014-09-09T08:43:33","guid":{"rendered":"http:\/\/www.abd-bvd.be\/?page_id=752"},"modified":"2018-05-14T13:36:10","modified_gmt":"2018-05-14T11:36:10","slug":"vereinigungen-und-institutionen","status":"publish","type":"page","link":"https:\/\/www.abd-bvd.be\/de\/unser-berufsstand\/vereinigungen-und-institutionen\/","title":{"rendered":"Vereinigungen und Institutionen"},"content":{"rendered":"<h2>Belgische Verb\u00e4nde und Netzwerke<\/h2>\n<p><a href=\"http:\/\/www.archivistes.be\/\" target=\"_blank\" rel=\"noopener\">AAFB<\/a> \u2013 Association des Archivistes Francophones de Belgique<\/p>\n<p><a href=\"http:\/\/www.apbfb.be\/\" target=\"_blank\" rel=\"noopener\">APBFB<\/a> \u2013 Association des Professionnels des Biblioth\u00e8ques Francophones de Belgique (fr\u00fcher APBD)<\/p>\n<p><a href=\"http:\/\/bibforum.fgov.be\/\" target=\"_blank\" rel=\"noopener\">BIBForum<\/a> \u2013 Forum des Biblioth\u00e8ques F\u00e9d\u00e9rales<\/p>\n<p><a href=\"http:\/\/www.arch.be\/index.php?l=fr&amp;m=fonctionnaire&amp;r=forum-des-archivistes-federaux-faf\" target=\"_blank\" rel=\"noopener\">FAF<\/a> \u2013 Forum des Archivistes F\u00e9d\u00e9raux<\/p>\n<p><a href=\"http:\/\/www.fedisabelgium.be\" target=\"_blank\" rel=\"noopener\">FedIsa Belgium<\/a> \u2013 Federation ILM, Storage &amp; Archiving Belgium<\/p>\n<p><a href=\"http:\/\/www.felnet.eu\/\" target=\"_blank\" rel=\"noopener\">Felnet<\/a> \u2013 Flanders Environmental Library Network<\/p>\n<p><a href=\"http:\/\/www.fibbc.be\/\" target=\"_blank\" rel=\"noopener\">FIBBC<\/a> \u2013 F\u00e9d\u00e9ration Interdioc\u00e9saine des Biblioth\u00e9caires Catholiques<\/p>\n<p><a href=\"http:\/\/www.rbdsante.be\/\" target=\"_blank\" rel=\"noopener\">RBD Sant\u00e9<\/a> \u2013 R\u00e9seau bruxellois de Documentation en Promotion de la Sant\u00e9<\/p>\n<p><a href=\"http:\/\/www.vvbad.be\/\" target=\"_blank\" rel=\"noopener\">VVBAD<\/a> \u2013 Vlaamse Vereniging voor Bibliotheek, Archief &amp; Documentatie<\/p>\n<h2>Belgische Institutionen<\/h2>\n<p><a href=\"http:\/\/www.kbr.be\/\" target=\"_blank\" rel=\"noopener\">Biblioth\u00e8que royale de Belgique<\/a><\/p>\n<p><a href=\"http:\/\/www.arch.be\" target=\"_blank\" rel=\"noopener\">Archives g\u00e9n\u00e9rales du Royaume et Archives de l\u2019\u00c9tat dans les Provinces<\/a><\/p>\n<h2>Ausl\u00e4ndische Verb\u00e4nde<\/h2>\n<h3>Deutschland<\/h3>\n<p><a href=\"http:\/\/dgi-info.de\/\" target=\"_blank\" rel=\"noopener\">DGI<\/a> \u2013 Deutsche Gesellschaft f\u00fcr Information &amp; Wissen<\/p>\n<h3>Frankreich<\/h3>\n<p><a href=\"http:\/\/www.abf.asso.fr\" target=\"_blank\" rel=\"noopener\">ABF<\/a> \u2013 Association des Biblioth\u00e9caires de France<\/p>\n<p><a href=\"http:\/\/www.adbs.fr\">ADBS<\/a> \u2013 Association des Professionnels de l\u2019Information et de la Documentation<\/p>\n<h3>Luxemburg<\/h3>\n<p><a href=\"http:\/\/www.albad.lu\/\" target=\"_blank\" rel=\"noopener\">ALBAD<\/a> \u2013 Association Luxembourgeoise des Biblioth\u00e9caires, Archivistes et Documentalistes<\/p>\n<h3>Niederlande<\/h3>\n<p><a href=\"http:\/\/kei-ip.nl\" target=\"_blank\" rel=\"noopener\">KEI ip<\/a> \u2013 Kwaliteit en het Imago van de informatieprofessional<\/p>\n<p><a href=\"http:\/\/knvi.net\/\" target=\"_blank\" rel=\"noopener\">KNVI<\/a> \u2013 Koninklijke Nederlandse Vereniging van Informatieprofessionals<\/p>\n<h3>Vereinigtes K\u00f6nigreich<\/h3>\n<p><a href=\"http:\/\/www.cilip.org.uk\/\" target=\"_blank\" rel=\"noopener\">cilip<\/a> \u2013 Chartered Institute of Library and Information Professionals<\/p>\n<h3>Schweiz<\/h3>\n<p><a href=\"http:\/\/www.bis.ch\/\" target=\"_blank\" rel=\"noopener\">BIS<\/a> \u2013 Biblioth\u00e8que Information Suisse<\/p>\n<h2>Internationale Verb\u00e4nde<\/h2>\n<h3>Europa<\/h3>\n<p><a href=\"http:\/\/www.eblida.org\" target=\"_blank\" rel=\"noopener\">EBLIDA<\/a> \u2013 European Bureau of Library, Information and Documentation Associations<\/p>\n<h3>Weltweit<\/h3>\n<p><a href=\"http:\/\/aifbd.org\/\" target=\"_blank\" rel=\"noopener\">AIFBD<\/a> \u2013 Association Internationale Francophone des Biblioth\u00e9caires et Documentalistes<br \/>\n<a href=\"http:\/\/www.ifla.org\" target=\"_blank\" rel=\"noopener\">IFLA<\/a> \u2013 <strong>I<\/strong>nternational <strong>F<\/strong>ederation of <strong>L<\/strong>ibrary <strong>A<\/strong>ssociations and Institutions &#8211; <a href=\"http:\/\/www.ifla.org\/DE\" target=\"_blank\" rel=\"noopener\">Internationale Vereinigung bibliothekarischer Verb\u00e4nde und Einrichtungen<\/a><\/p>\n","protected":false},"excerpt":{"rendered":"<p>Belgische Verb\u00e4nde und Netzwerke AAFB \u2013 Association des Archivistes Francophones de Belgique APBFB \u2013 Association des Professionnels des Biblioth\u00e8ques Francophones de Belgique (fr\u00fcher APBD) BIBForum \u2013 Forum des Biblioth\u00e8ques F\u00e9d\u00e9rales FAF \u2013 Forum des Archivistes F\u00e9d\u00e9raux FedIsa Belgium \u2013 Federation ILM, Storage &amp; Archiving Belgium Felnet \u2013 Flanders Environmental Library Network FIBBC \u2013 F\u00e9d\u00e9ration Interdioc\u00e9saine [&hellip;]<\/p>\n","protected":false},"author":1,"featured_media":0,"parent":707,"menu_order":4,"comment_status":"open","ping_status":"open","template":"","meta":{"_acf_changed":false,"footnotes":""},"class_list":["post-752","page","type-page","status-publish","hentry"],"acf":[],"yoast_head":"<!-- This site is optimized with the Yoast SEO plugin v27.4 - https:\/\/yoast.com\/product\/yoast-seo-wordpress\/ -->\n<title>Vereinigungen und Institutionen - ABD-BVD<\/title>\n<meta name=\"robots\" content=\"index, follow, max-snippet:-1, max-image-preview:large, max-video-preview:-1\" \/>\n<link rel=\"canonical\" href=\"https:\/\/www.abd-bvd.be\/de\/unser-berufsstand\/vereinigungen-und-institutionen\/\" \/>\n<meta property=\"og:locale\" content=\"de_DE\" \/>\n<meta property=\"og:type\" content=\"article\" \/>\n<meta property=\"og:title\" content=\"Vereinigungen und Institutionen - ABD-BVD\" \/>\n<meta property=\"og:description\" content=\"Belgische Verb\u00e4nde und Netzwerke AAFB \u2013 Association des Archivistes Francophones de Belgique APBFB \u2013 Association des Professionnels des Biblioth\u00e8ques Francophones de Belgique (fr\u00fcher APBD) BIBForum \u2013 Forum des Biblioth\u00e8ques F\u00e9d\u00e9rales FAF \u2013 Forum des Archivistes F\u00e9d\u00e9raux FedIsa Belgium \u2013 Federation ILM, Storage &amp; Archiving Belgium Felnet \u2013 Flanders Environmental Library Network FIBBC \u2013 F\u00e9d\u00e9ration Interdioc\u00e9saine [&hellip;]\" \/>\n<meta property=\"og:url\" content=\"https:\/\/www.abd-bvd.be\/de\/unser-berufsstand\/vereinigungen-und-institutionen\/\" \/>\n<meta property=\"og:site_name\" content=\"ABD-BVD\" \/>\n<meta property=\"article:modified_time\" content=\"2018-05-14T11:36:10+00:00\" \/>\n<meta name=\"twitter:card\" content=\"summary_large_image\" \/>\n<meta name=\"twitter:label1\" content=\"Gesch\u00e4tzte Lesezeit\" \/>\n\t<meta name=\"twitter:data1\" content=\"1\u00a0Minute\" \/>\n<script type=\"application\/ld+json\" class=\"yoast-schema-graph\">{\"@context\":\"https:\\\/\\\/schema.org\",\"@graph\":[{\"@type\":\"WebPage\",\"@id\":\"https:\\\/\\\/www.abd-bvd.be\\\/de\\\/unser-berufsstand\\\/vereinigungen-und-institutionen\\\/\",\"url\":\"https:\\\/\\\/www.abd-bvd.be\\\/de\\\/unser-berufsstand\\\/vereinigungen-und-institutionen\\\/\",\"name\":\"Vereinigungen und Institutionen - ABD-BVD\",\"isPartOf\":{\"@id\":\"https:\\\/\\\/www.abd-bvd.be\\\/fr\\\/#website\"},\"datePublished\":\"2014-09-09T08:43:33+00:00\",\"dateModified\":\"2018-05-14T11:36:10+00:00\",\"breadcrumb\":{\"@id\":\"https:\\\/\\\/www.abd-bvd.be\\\/de\\\/unser-berufsstand\\\/vereinigungen-und-institutionen\\\/#breadcrumb\"},\"inLanguage\":\"de\",\"potentialAction\":[{\"@type\":\"ReadAction\",\"target\":[\"https:\\\/\\\/www.abd-bvd.be\\\/de\\\/unser-berufsstand\\\/vereinigungen-und-institutionen\\\/\"]}]},{\"@type\":\"BreadcrumbList\",\"@id\":\"https:\\\/\\\/www.abd-bvd.be\\\/de\\\/unser-berufsstand\\\/vereinigungen-und-institutionen\\\/#breadcrumb\",\"itemListElement\":[{\"@type\":\"ListItem\",\"position\":1,\"name\":\"Accueil\",\"item\":\"https:\\\/\\\/www.abd-bvd.be\\\/de\\\/\"},{\"@type\":\"ListItem\",\"position\":2,\"name\":\"Unser Berufsstand\",\"item\":\"https:\\\/\\\/www.abd-bvd.be\\\/de\\\/unser-berufsstand\\\/\"},{\"@type\":\"ListItem\",\"position\":3,\"name\":\"Vereinigungen und Institutionen\"}]},{\"@type\":\"WebSite\",\"@id\":\"https:\\\/\\\/www.abd-bvd.be\\\/fr\\\/#website\",\"url\":\"https:\\\/\\\/www.abd-bvd.be\\\/fr\\\/\",\"name\":\"ABD-BVD\",\"description\":\"association Belge de documentation - Belgische verniging voor documentatie\",\"potentialAction\":[{\"@type\":\"SearchAction\",\"target\":{\"@type\":\"EntryPoint\",\"urlTemplate\":\"https:\\\/\\\/www.abd-bvd.be\\\/fr\\\/?s={search_term_string}\"},\"query-input\":{\"@type\":\"PropertyValueSpecification\",\"valueRequired\":true,\"valueName\":\"search_term_string\"}}],\"inLanguage\":\"de\"}]}<\/script>\n<!-- \/ Yoast SEO plugin. -->","yoast_head_json":{"title":"Vereinigungen und Institutionen - ABD-BVD","robots":{"index":"index","follow":"follow","max-snippet":"max-snippet:-1","max-image-preview":"max-image-preview:large","max-video-preview":"max-video-preview:-1"},"canonical":"https:\/\/www.abd-bvd.be\/de\/unser-berufsstand\/vereinigungen-und-institutionen\/","og_locale":"de_DE","og_type":"article","og_title":"Vereinigungen und Institutionen - ABD-BVD","og_description":"Belgische Verb\u00e4nde und Netzwerke AAFB \u2013 Association des Archivistes Francophones de Belgique APBFB \u2013 Association des Professionnels des Biblioth\u00e8ques Francophones de Belgique (fr\u00fcher APBD) BIBForum \u2013 Forum des Biblioth\u00e8ques F\u00e9d\u00e9rales FAF \u2013 Forum des Archivistes F\u00e9d\u00e9raux FedIsa Belgium \u2013 Federation ILM, Storage &amp; Archiving Belgium Felnet \u2013 Flanders Environmental Library Network FIBBC \u2013 F\u00e9d\u00e9ration Interdioc\u00e9saine [&hellip;]","og_url":"https:\/\/www.abd-bvd.be\/de\/unser-berufsstand\/vereinigungen-und-institutionen\/","og_site_name":"ABD-BVD","article_modified_time":"2018-05-14T11:36:10+00:00","twitter_card":"summary_large_image","twitter_misc":{"Gesch\u00e4tzte Lesezeit":"1\u00a0Minute"},"schema":{"@context":"https:\/\/schema.org","@graph":[{"@type":"WebPage","@id":"https:\/\/www.abd-bvd.be\/de\/unser-berufsstand\/vereinigungen-und-institutionen\/","url":"https:\/\/www.abd-bvd.be\/de\/unser-berufsstand\/vereinigungen-und-institutionen\/","name":"Vereinigungen und Institutionen - ABD-BVD","isPartOf":{"@id":"https:\/\/www.abd-bvd.be\/fr\/#website"},"datePublished":"2014-09-09T08:43:33+00:00","dateModified":"2018-05-14T11:36:10+00:00","breadcrumb":{"@id":"https:\/\/www.abd-bvd.be\/de\/unser-berufsstand\/vereinigungen-und-institutionen\/#breadcrumb"},"inLanguage":"de","potentialAction":[{"@type":"ReadAction","target":["https:\/\/www.abd-bvd.be\/de\/unser-berufsstand\/vereinigungen-und-institutionen\/"]}]},{"@type":"BreadcrumbList","@id":"https:\/\/www.abd-bvd.be\/de\/unser-berufsstand\/vereinigungen-und-institutionen\/#breadcrumb","itemListElement":[{"@type":"ListItem","position":1,"name":"Accueil","item":"https:\/\/www.abd-bvd.be\/de\/"},{"@type":"ListItem","position":2,"name":"Unser Berufsstand","item":"https:\/\/www.abd-bvd.be\/de\/unser-berufsstand\/"},{"@type":"ListItem","position":3,"name":"Vereinigungen und Institutionen"}]},{"@type":"WebSite","@id":"https:\/\/www.abd-bvd.be\/fr\/#website","url":"https:\/\/www.abd-bvd.be\/fr\/","name":"ABD-BVD","description":"association Belge de documentation - Belgische verniging voor documentatie","potentialAction":[{"@type":"SearchAction","target":{"@type":"EntryPoint","urlTemplate":"https:\/\/www.abd-bvd.be\/fr\/?s={search_term_string}"},"query-input":{"@type":"PropertyValueSpecification","valueRequired":true,"valueName":"search_term_string"}}],"inLanguage":"de"}]}},"_links":{"self":[{"href":"https:\/\/www.abd-bvd.be\/de\/wp-json\/wp\/v2\/pages\/752","targetHints":{"allow":["GET"]}}],"collection":[{"href":"https:\/\/www.abd-bvd.be\/de\/wp-json\/wp\/v2\/pages"}],"about":[{"href":"https:\/\/www.abd-bvd.be\/de\/wp-json\/wp\/v2\/types\/page"}],"author":[{"embeddable":true,"href":"https:\/\/www.abd-bvd.be\/de\/wp-json\/wp\/v2\/users\/1"}],"replies":[{"embeddable":true,"href":"https:\/\/www.abd-bvd.be\/de\/wp-json\/wp\/v2\/comments?post=752"}],"version-history":[{"count":1,"href":"https:\/\/www.abd-bvd.be\/de\/wp-json\/wp\/v2\/pages\/752\/revisions"}],"predecessor-version":[{"id":11570,"href":"https:\/\/www.abd-bvd.be\/de\/wp-json\/wp\/v2\/pages\/752\/revisions\/11570"}],"up":[{"embeddable":true,"href":"https:\/\/www.abd-bvd.be\/de\/wp-json\/wp\/v2\/pages\/707"}],"wp:attachment":[{"href":"https:\/\/www.abd-bvd.be\/de\/wp-json\/wp\/v2\/media?parent=752"}],"curies":[{"name":"wp","href":"https:\/\/api.w.org\/{rel}","templated":true}]}}