{"id":725,"date":"2014-09-09T08:41:30","date_gmt":"2014-09-09T08:41:30","guid":{"rendered":"http:\/\/www.abd-bvd.be\/?page_id=725"},"modified":"2016-05-02T08:24:44","modified_gmt":"2016-05-02T08:24:44","slug":"iud-fachleute","status":"publish","type":"page","link":"https:\/\/www.abd-bvd.be\/de\/unser-berufsstand\/iud-fachleute\/","title":{"rendered":"Die IUD Berufe"},"content":{"rendered":"<p>Der Begriff &#8222;Information-Dokumentation&#8220; umfa\u00dft eine Reihe von Berufen, die sich teilweise sehr stark voneinander unterscheiden. Die technologischen Entwicklungen der letzten Jahrzehnte hat IUD Profis zu Ver\u00e4nderung, Spezialisation und Innovation gedr\u00e4ngt. Weil die Werkzeuge sich diversifiziert, aber auch die Arbeitsgewohnheiten sich weiterentwickelt haben, arbeiten IUD Profis mit Spezialisten aus anderen Bereichen wie Informatik, Linguistik, Kommunikation, Personalwesen, und noch vielen anderen verst\u00e4rkt zusammen.<\/p>\n<p>Deshalb haben wir es vorgezogen die Berufe in gr\u00f6\u00dfere Richtungen zu gruppieren, anstatt zu versuchen, eine kurzlebige vollst\u00e4ndige Liste zu erstellen. Jede Fachrichtung veranschaulicht eine &#8222;Familie&#8220; von Berufen basierend auf der vorrangigen Orientierung, die der Information zuerkannt wird.<\/p>\n<p><a href=\"https:\/\/www.abd-bvd.be\/wp-content\/uploads\/SNAG-metiersAL2.bmp\" rel=\"attachment wp-att-5400\"><img loading=\"lazy\" decoding=\"async\" class=\"size-full wp-image-5400 aligncenter\" src=\"https:\/\/www.abd-bvd.be\/wp-content\/uploads\/SNAG-metiersAL2.bmp\" alt=\"SNAG-metiersAL2\" width=\"777\" height=\"331\" \/><\/a><\/p>\n<p>&nbsp;<\/p>\n<h2><strong>Die methoden-orientierte Information<\/strong><\/h2>\n<p>Der Berufszweig Information\/Dokumentation zielt darauf hin, Informationen auf die Bed\u00fcrfnisse seiner Kunden anzupassen.<\/p>\n<p>Dies ist beispielsweise so im Fall des <strong>Dokumentars<\/strong>, der eine Dokumentensammlung im Dienste einer Zielgruppe im \u00f6ffentlichen oder privaten Umfeld verwaltet. Er sammelt und verarbeitet Informationen, um sie anschlie\u00dfend in Form von verschiedenen Produkten wie Katalogen, Presseartikeln, Bibliographien oder Zusammenfassungen, je nach Bedarf zu verbreiten. Er klassifiziert und indiziert Dokumente, einschlie\u00dflich Multimedia-Dokumente, mit dem Ziel, ihren Zugang zu erleichtern. In einigen Organisationen ist das Sammeln von Informationen Gegenstand eines eigenst\u00e4ndigen Berufstandes, dem des <strong>Information Beschaffers<\/strong> oder <strong>Researchers<\/strong>.<\/p>\n<p><strong>Der Archivar<\/strong> arbeitet eher im Sinne der Aufbewahrung und gew\u00e4hrleistet die Erhaltung des dokumentarischen Erbes. Ob es sich um staatliche Dokumente, gesellschaftsbezogenes Erbgut oder Firmendokumente handelt, besteht seine Mission darin, ihren Zugang der \u00d6ffentlichkeit, einschlie\u00dflich Forschern zu erleichtern. Genau wie der Bibliothekar, garantiert er ihre Erfassung und Klassifizierung.<\/p>\n<p>An der kulturellen Grenze befindet sich <strong>der Bibliothekar<\/strong>, der eine Sammlung von Dokumenten und Inhalten verwaltet, um sie einer bestimmten Zielgruppe zur Verf\u00fcgung zu stellen. Unabh\u00e4ngig von der Ausrichtung der Bibliothek (\u00f6ffentliche, wissenschaftliche, Spezialbibliothek, &#8230;), stellt der Bibliothekar in gewisser Weise die Verbindung her zwischen dem Leser und der Welt des Schreibens. Er empf\u00e4ngt, ber\u00e4t und orientiert den Leser. Au\u00dferdem spielt er eine wichtige soziale Rolle, indem er bildungsfernen Kreisen den Zugang zur Information erm\u00f6glicht. Er organisiert ebenfalls eine Vielzahl von Randaktivit\u00e4ten wie Debatten, Ausstellungen, Animationen, Workshops, Lesungen usw.<\/p>\n<p>&nbsp;<\/p>\n<h2><strong>Die prozess-orientierte Information<\/strong><\/h2>\n<p>Jede Organisation erzeugt Dokumente im Rahmen ihrer T\u00e4tigkeit. Die Verwaltung und die Sicherheit dieser Dokumente w\u00e4hrend ihres gesamten Lebenszyklus, von der Erstellung bis zur Archivierung, stellen einen weiteren Schwerpunkt der IUD Berufe dar.<\/p>\n<p>So definiert und implementiert der <strong>Records Manager<\/strong> Strategien und Verfahren, die es den Mitarbeiter(inne)n erm\u00f6glichen, ihre Dokumente einfach wiederzufinden und sich selbst vor juristischen Risiken zu sch\u00fctzen. Aufgrund des Umgangs mit komplexer Software des elektronischen Dokumentenmanagements, erfordern diese Arbeitspl\u00e4tze eine gute technische Beherrschung von IT-Instrumenten und die enge Zusammenarbeit mit Informatikern. Der <strong>Document Controller<\/strong> konzentriert sich auf die technischen Dokumente, die im Rahmen eines Projektes produziert werden, \u00fcberpr\u00fcft die Qualit\u00e4t der Dokumentation und gew\u00e4hrleistet deren \u00dcbereinstimmung mit den betriebsinternen Dokumentationsnormen.<\/p>\n<p>Der <strong>Datenbankmanager<\/strong> ist noch enger mit der Informatik verbunden, da er die Wartung und die Sicherheit von Daten jeglicher Art gew\u00e4hrleistet. Er verwaltet deren Klassifizierung, Zugang und Nutzung mit Hilfe spezieller Bearbeitungs- und Recherchesysteme. In der gleichen Str\u00f6mung wurde der Beruf des <strong>Open Data Projektmanagers<\/strong> geboren, n\u00e4mlich aus dem Wunsch heraus, \u00f6ffentliche Daten den Internetnutzern zug\u00e4nglich zu machen.<\/p>\n<p>&nbsp;<\/p>\n<h2><strong>Die kommunikations-orientierte Information<\/strong><\/h2>\n<p>Informationsbezogene Berufe \u00fcberschneiden sich regelm\u00e4\u00dfig mit kommunikationsspezifischen Bereichen; zwei \u00fcberlappende Konzepte mit durchl\u00e4ssigen Grenzen, die dem jeweiligen Sachverstande entsprechend variieren.<\/p>\n<p>So fungieren IUD Fachleute manchmal als <strong>Webmaster<\/strong>. Sie entwerfen, entwickeln und f\u00fcllen Websites. Sie k\u00f6nnen sich dabei eher auf der technischen Seite befinden und f\u00fcr Planung, Optimierung, Statistiken und Wartung verantwortlich sein. Sie k\u00f6nnen aber auch in Richtung Redaktion neigen und sich auf das Schreiben von Inhalten konzentrieren. Andererseits definiert der <strong>Informationsarchitekt<\/strong> die Klassifizierung und Typologie der Inhalte der Websites, aber auch die des Intranets, der EDM-Software oder gleich welcher Informationseinrichtungen. Durch die hierarchische Organisation der Inhalte optimiert er die Navigation und die Informationssuche.<\/p>\n<p>Gebiets\u00fcbergreifend zwischen Strategie und Kommunikation animiert\/dynamisiert der <strong>Community-Manager<\/strong> den Austausch auf sozialen Netzwerken. Er bringt eine Gemeinschaft von Nutzern mit einem gemeinsamen Interesse zusammen und achtet dabei auf das Einhalten der Verhaltensregeln. Dies erm\u00f6glicht es einem Unternehmen, seine Pr\u00e4senz in sozialen Netzwerken zu entwickeln und seine Online-Reputation zu \u00fcberwachen.<\/p>\n<p>&nbsp;<\/p>\n<h2><strong>Die strategie-orientierte Information<\/strong><\/h2>\n<p>Als Rohstoff wird Information zum Mehrwert und gewinnt zunehmend an Bedeutung in der Unternehmensstrategie.<\/p>\n<p>Der <strong>Informationsanalyst<\/strong> \u00fcberwacht das rechtliche, technologische, gesellschaftliche Umfeld und die Konkurrenz, um schon schwache Signale von prognostischen Informationen aufzusp\u00fcren. Er beteiligt sich an den Prozessen des Targetings, des Sammelns, der Verarbeitung, der Analyse und der Verbreitung von Informationen. Er orientiert die Beschl\u00fcsse der Entscheidungstr\u00e4ger, indem er M\u00f6glichkeiten und Risiken aufzeigt. Seine Arbeit n\u00e4hert sich manchmal der Linguistik oder der Statistik, besonders wenn es um Text- oder Data-Mining geht.<\/p>\n<p><strong>Der Knowledge Manager<\/strong>, ebenfalls in Kontakt mit einem Experten Netzwerk, f\u00f6rdert Schaffung, Kapitalisation, Zugriff und Austausch von Wissen. Er hilft, Innovation zu f\u00f6rdern und die Fortdauer von Wissen im Rahmen des Austauschs zwischen den Generationen zu gew\u00e4hrleisten. Er kann auch Praxisgemeinschaften etablieren und die Verwendung von Content-Management- und Kollaborativ-Werkzeugen f\u00f6rdern.<\/p>\n<p>&nbsp;<\/p>\n<h2><strong>Die kompetenz-orientierte Information<\/strong><\/h2>\n<p>Die Aufgabe des Lehrenden im Bereich IUD ist es, st\u00e4ndig Informationskompetenz neu zu entdecken.\u00a0 Sein Wirkungskreis entfaltet sich im Dokumentations- oder Informationszentrum, aber auch in der Bibliothek, sowie im wissenschaftlichen Milieu oder auch in der Fachorganisation. Er kann sich dem Lehren oder der Forschung widmen. Ausbildung in der Informationsrecherche kann auch eine regelm\u00e4\u00dfige Aufgabe f\u00fcr jeden IUD Profi sein. In diesem Falle sorgt er daf\u00fcr, da\u00df sein Publikum die Informationssuche autonom durchf\u00fchren kann und stellt ihm Methoden und geeignete Instrumente vor.<\/p>\n<p>&nbsp;<\/p>\n<p>Weiterf\u00fchrende Literatur\u00a0:<\/p>\n<p><a href=\"https:\/\/www.abd-bvd.be\/ins\/re_me\/archive\/defis-metiers-information-documentation-accart.pdf\">https:\/\/www.abd-bvd.be\/ins\/re_me\/archive\/defis-metiers-information-documentation-accart.pdf<\/a><\/p>\n<p><a href=\"http:\/\/www.adbs.fr\/l-observatoire-de-la-fonction-information-27613.htm?RH=R1_METIERS&amp;RF=MET_REFMETIER\">http:\/\/www.adbs.fr\/l-observatoire-de-la-fonction-information-27613.htm?RH=R1_METIERS&amp;RF=MET_REFMETIER<\/a><\/p>\n<p><a href=\"http:\/\/www.deboecksuperieur.com\/titres\/132647_2_0\/9782804191405-architecture-de-l-information.html\">http:\/\/www.deboecksuperieur.com\/titres\/132647_2_0\/9782804191405-architecture-de-l-information.html<\/a><\/p>\n<p><a href=\"http:\/\/www.babelio.com\/livres\/Association-des-bibliothecaires-francais-Le-metier-de-bibliothecaire\/34759\">http:\/\/www.babelio.com\/livres\/Association-des-bibliothecaires-francais-Le-metier-de-bibliothecaire\/34759<\/a><\/p>\n<p>&nbsp;<\/p>\n<p>&nbsp;<\/p>\n<p>&nbsp;<\/p>\n<p>&nbsp;<\/p>\n","protected":false},"excerpt":{"rendered":"<p>Der Begriff &#8222;Information-Dokumentation&#8220; umfa\u00dft eine Reihe von Berufen, die sich teilweise sehr stark voneinander unterscheiden. Die technologischen Entwicklungen der letzten Jahrzehnte hat IUD Profis zu Ver\u00e4nderung, Spezialisation und Innovation gedr\u00e4ngt. Weil die Werkzeuge sich diversifiziert, aber auch die Arbeitsgewohnheiten sich weiterentwickelt haben, arbeiten IUD Profis mit Spezialisten aus anderen Bereichen wie Informatik, Linguistik, Kommunikation, Personalwesen, [&hellip;]<\/p>\n","protected":false},"author":1,"featured_media":0,"parent":707,"menu_order":0,"comment_status":"open","ping_status":"open","template":"","meta":{"_acf_changed":false,"footnotes":""},"class_list":["post-725","page","type-page","status-publish","hentry"],"acf":[],"yoast_head":"<!-- This site is optimized with the Yoast SEO plugin v27.4 - https:\/\/yoast.com\/product\/yoast-seo-wordpress\/ -->\n<title>Die IUD Berufe - ABD-BVD<\/title>\n<meta name=\"robots\" content=\"index, follow, max-snippet:-1, max-image-preview:large, max-video-preview:-1\" \/>\n<link rel=\"canonical\" href=\"https:\/\/www.abd-bvd.be\/de\/unser-berufsstand\/iud-fachleute\/\" \/>\n<meta property=\"og:locale\" content=\"de_DE\" \/>\n<meta property=\"og:type\" content=\"article\" \/>\n<meta property=\"og:title\" content=\"Die IUD Berufe - ABD-BVD\" \/>\n<meta property=\"og:description\" content=\"Der Begriff &#8222;Information-Dokumentation&#8220; umfa\u00dft eine Reihe von Berufen, die sich teilweise sehr stark voneinander unterscheiden. Die technologischen Entwicklungen der letzten Jahrzehnte hat IUD Profis zu Ver\u00e4nderung, Spezialisation und Innovation gedr\u00e4ngt. Weil die Werkzeuge sich diversifiziert, aber auch die Arbeitsgewohnheiten sich weiterentwickelt haben, arbeiten IUD Profis mit Spezialisten aus anderen Bereichen wie Informatik, Linguistik, Kommunikation, Personalwesen, [&hellip;]\" \/>\n<meta property=\"og:url\" content=\"https:\/\/www.abd-bvd.be\/de\/unser-berufsstand\/iud-fachleute\/\" \/>\n<meta property=\"og:site_name\" content=\"ABD-BVD\" \/>\n<meta property=\"article:modified_time\" content=\"2016-05-02T08:24:44+00:00\" \/>\n<meta property=\"og:image\" content=\"https:\/\/www.abd-bvd.be\/wp-content\/uploads\/SNAG-metiersAL2.bmp\" \/>\n<meta name=\"twitter:card\" content=\"summary_large_image\" \/>\n<meta name=\"twitter:label1\" content=\"Gesch\u00e4tzte Lesezeit\" \/>\n\t<meta name=\"twitter:data1\" content=\"5\u00a0Minuten\" \/>\n<script type=\"application\/ld+json\" class=\"yoast-schema-graph\">{\"@context\":\"https:\\\/\\\/schema.org\",\"@graph\":[{\"@type\":\"WebPage\",\"@id\":\"https:\\\/\\\/www.abd-bvd.be\\\/de\\\/unser-berufsstand\\\/iud-fachleute\\\/\",\"url\":\"https:\\\/\\\/www.abd-bvd.be\\\/de\\\/unser-berufsstand\\\/iud-fachleute\\\/\",\"name\":\"Die IUD Berufe - ABD-BVD\",\"isPartOf\":{\"@id\":\"https:\\\/\\\/www.abd-bvd.be\\\/fr\\\/#website\"},\"primaryImageOfPage\":{\"@id\":\"https:\\\/\\\/www.abd-bvd.be\\\/de\\\/unser-berufsstand\\\/iud-fachleute\\\/#primaryimage\"},\"image\":{\"@id\":\"https:\\\/\\\/www.abd-bvd.be\\\/de\\\/unser-berufsstand\\\/iud-fachleute\\\/#primaryimage\"},\"thumbnailUrl\":\"https:\\\/\\\/www.abd-bvd.be\\\/wp-content\\\/uploads\\\/SNAG-metiersAL2.bmp\",\"datePublished\":\"2014-09-09T08:41:30+00:00\",\"dateModified\":\"2016-05-02T08:24:44+00:00\",\"breadcrumb\":{\"@id\":\"https:\\\/\\\/www.abd-bvd.be\\\/de\\\/unser-berufsstand\\\/iud-fachleute\\\/#breadcrumb\"},\"inLanguage\":\"de\",\"potentialAction\":[{\"@type\":\"ReadAction\",\"target\":[\"https:\\\/\\\/www.abd-bvd.be\\\/de\\\/unser-berufsstand\\\/iud-fachleute\\\/\"]}]},{\"@type\":\"ImageObject\",\"inLanguage\":\"de\",\"@id\":\"https:\\\/\\\/www.abd-bvd.be\\\/de\\\/unser-berufsstand\\\/iud-fachleute\\\/#primaryimage\",\"url\":\"https:\\\/\\\/www.abd-bvd.be\\\/wp-content\\\/uploads\\\/SNAG-metiersAL2.bmp\",\"contentUrl\":\"https:\\\/\\\/www.abd-bvd.be\\\/wp-content\\\/uploads\\\/SNAG-metiersAL2.bmp\"},{\"@type\":\"BreadcrumbList\",\"@id\":\"https:\\\/\\\/www.abd-bvd.be\\\/de\\\/unser-berufsstand\\\/iud-fachleute\\\/#breadcrumb\",\"itemListElement\":[{\"@type\":\"ListItem\",\"position\":1,\"name\":\"Accueil\",\"item\":\"https:\\\/\\\/www.abd-bvd.be\\\/de\\\/\"},{\"@type\":\"ListItem\",\"position\":2,\"name\":\"Unser Berufsstand\",\"item\":\"https:\\\/\\\/www.abd-bvd.be\\\/de\\\/unser-berufsstand\\\/\"},{\"@type\":\"ListItem\",\"position\":3,\"name\":\"Die IUD Berufe\"}]},{\"@type\":\"WebSite\",\"@id\":\"https:\\\/\\\/www.abd-bvd.be\\\/fr\\\/#website\",\"url\":\"https:\\\/\\\/www.abd-bvd.be\\\/fr\\\/\",\"name\":\"ABD-BVD\",\"description\":\"association Belge de documentation - Belgische verniging voor documentatie\",\"potentialAction\":[{\"@type\":\"SearchAction\",\"target\":{\"@type\":\"EntryPoint\",\"urlTemplate\":\"https:\\\/\\\/www.abd-bvd.be\\\/fr\\\/?s={search_term_string}\"},\"query-input\":{\"@type\":\"PropertyValueSpecification\",\"valueRequired\":true,\"valueName\":\"search_term_string\"}}],\"inLanguage\":\"de\"}]}<\/script>\n<!-- \/ Yoast SEO plugin. -->","yoast_head_json":{"title":"Die IUD Berufe - ABD-BVD","robots":{"index":"index","follow":"follow","max-snippet":"max-snippet:-1","max-image-preview":"max-image-preview:large","max-video-preview":"max-video-preview:-1"},"canonical":"https:\/\/www.abd-bvd.be\/de\/unser-berufsstand\/iud-fachleute\/","og_locale":"de_DE","og_type":"article","og_title":"Die IUD Berufe - ABD-BVD","og_description":"Der Begriff &#8222;Information-Dokumentation&#8220; umfa\u00dft eine Reihe von Berufen, die sich teilweise sehr stark voneinander unterscheiden. Die technologischen Entwicklungen der letzten Jahrzehnte hat IUD Profis zu Ver\u00e4nderung, Spezialisation und Innovation gedr\u00e4ngt. Weil die Werkzeuge sich diversifiziert, aber auch die Arbeitsgewohnheiten sich weiterentwickelt haben, arbeiten IUD Profis mit Spezialisten aus anderen Bereichen wie Informatik, Linguistik, Kommunikation, Personalwesen, [&hellip;]","og_url":"https:\/\/www.abd-bvd.be\/de\/unser-berufsstand\/iud-fachleute\/","og_site_name":"ABD-BVD","article_modified_time":"2016-05-02T08:24:44+00:00","og_image":[{"url":"https:\/\/www.abd-bvd.be\/wp-content\/uploads\/SNAG-metiersAL2.bmp","type":"","width":"","height":""}],"twitter_card":"summary_large_image","twitter_misc":{"Gesch\u00e4tzte Lesezeit":"5\u00a0Minuten"},"schema":{"@context":"https:\/\/schema.org","@graph":[{"@type":"WebPage","@id":"https:\/\/www.abd-bvd.be\/de\/unser-berufsstand\/iud-fachleute\/","url":"https:\/\/www.abd-bvd.be\/de\/unser-berufsstand\/iud-fachleute\/","name":"Die IUD Berufe - ABD-BVD","isPartOf":{"@id":"https:\/\/www.abd-bvd.be\/fr\/#website"},"primaryImageOfPage":{"@id":"https:\/\/www.abd-bvd.be\/de\/unser-berufsstand\/iud-fachleute\/#primaryimage"},"image":{"@id":"https:\/\/www.abd-bvd.be\/de\/unser-berufsstand\/iud-fachleute\/#primaryimage"},"thumbnailUrl":"https:\/\/www.abd-bvd.be\/wp-content\/uploads\/SNAG-metiersAL2.bmp","datePublished":"2014-09-09T08:41:30+00:00","dateModified":"2016-05-02T08:24:44+00:00","breadcrumb":{"@id":"https:\/\/www.abd-bvd.be\/de\/unser-berufsstand\/iud-fachleute\/#breadcrumb"},"inLanguage":"de","potentialAction":[{"@type":"ReadAction","target":["https:\/\/www.abd-bvd.be\/de\/unser-berufsstand\/iud-fachleute\/"]}]},{"@type":"ImageObject","inLanguage":"de","@id":"https:\/\/www.abd-bvd.be\/de\/unser-berufsstand\/iud-fachleute\/#primaryimage","url":"https:\/\/www.abd-bvd.be\/wp-content\/uploads\/SNAG-metiersAL2.bmp","contentUrl":"https:\/\/www.abd-bvd.be\/wp-content\/uploads\/SNAG-metiersAL2.bmp"},{"@type":"BreadcrumbList","@id":"https:\/\/www.abd-bvd.be\/de\/unser-berufsstand\/iud-fachleute\/#breadcrumb","itemListElement":[{"@type":"ListItem","position":1,"name":"Accueil","item":"https:\/\/www.abd-bvd.be\/de\/"},{"@type":"ListItem","position":2,"name":"Unser Berufsstand","item":"https:\/\/www.abd-bvd.be\/de\/unser-berufsstand\/"},{"@type":"ListItem","position":3,"name":"Die IUD Berufe"}]},{"@type":"WebSite","@id":"https:\/\/www.abd-bvd.be\/fr\/#website","url":"https:\/\/www.abd-bvd.be\/fr\/","name":"ABD-BVD","description":"association Belge de documentation - Belgische verniging voor documentatie","potentialAction":[{"@type":"SearchAction","target":{"@type":"EntryPoint","urlTemplate":"https:\/\/www.abd-bvd.be\/fr\/?s={search_term_string}"},"query-input":{"@type":"PropertyValueSpecification","valueRequired":true,"valueName":"search_term_string"}}],"inLanguage":"de"}]}},"_links":{"self":[{"href":"https:\/\/www.abd-bvd.be\/de\/wp-json\/wp\/v2\/pages\/725","targetHints":{"allow":["GET"]}}],"collection":[{"href":"https:\/\/www.abd-bvd.be\/de\/wp-json\/wp\/v2\/pages"}],"about":[{"href":"https:\/\/www.abd-bvd.be\/de\/wp-json\/wp\/v2\/types\/page"}],"author":[{"embeddable":true,"href":"https:\/\/www.abd-bvd.be\/de\/wp-json\/wp\/v2\/users\/1"}],"replies":[{"embeddable":true,"href":"https:\/\/www.abd-bvd.be\/de\/wp-json\/wp\/v2\/comments?post=725"}],"version-history":[{"count":0,"href":"https:\/\/www.abd-bvd.be\/de\/wp-json\/wp\/v2\/pages\/725\/revisions"}],"up":[{"embeddable":true,"href":"https:\/\/www.abd-bvd.be\/de\/wp-json\/wp\/v2\/pages\/707"}],"wp:attachment":[{"href":"https:\/\/www.abd-bvd.be\/de\/wp-json\/wp\/v2\/media?parent=725"}],"curies":[{"name":"wp","href":"https:\/\/api.w.org\/{rel}","templated":true}]}}