{"id":689,"date":"2014-09-09T08:37:46","date_gmt":"2014-09-09T08:37:46","guid":{"rendered":"http:\/\/www.abd-bvd.be\/?page_id=689"},"modified":"2015-09-08T16:13:07","modified_gmt":"2015-09-08T16:13:07","slug":"nutzliche-links","status":"publish","type":"page","link":"https:\/\/www.abd-bvd.be\/de\/dienstleistungen\/nutzliche-links\/","title":{"rendered":"N\u00fctzliche Links"},"content":{"rendered":"<h2>Berufsverb\u00e4nde und Netzwerke<\/h2>\n<p>siehe die Seite Verb\u00e4nde &amp; Institutionen<\/p>\n<h2><strong>Bibliotheken<\/strong><\/h2>\n<p><a href=\"http:\/\/www.kbr.be\/\" target=\"_blank\">K\u00f6nigliche Bibliothek Belgiens<\/a><\/p>\n<p><a href=\"http:\/\/www.bibliotheek.be\/\" target=\"_blank\">De Bib<\/a> : Website der fl\u00e4mischen \u00f6ffentlichen Bibliotheken<\/p>\n<p><a href=\"http:\/\/www.bibliotheques.be\/\" target=\"_blank\">Les biblioth\u00e8ques<\/a> : Website des Service de la lecture publique de la F\u00e9d\u00e9ration Wallonie-Bruxelles<\/p>\n<p><a href=\"http:\/\/www.mediadg.be\/\" target=\"_blank\">MediaDG<\/a> : Online-Katalog der Deutschsprachigen Gemeinschaft Belgiens<\/p>\n<p>Catalogue commun des biblioth\u00e8ques f\u00e9d\u00e9rales : der gemeinsame Katalog der Bibliotheken aller f\u00f6deralen \u00f6ffentlichen Dienste und Einrichtungen (<span id=\"result_box\" class=\"short_text\" lang=\"de\"><span class=\"hps\"><a href=\"http:\/\/bib.belgium.be\/desktop\/fedbib\/core\/index.phtml?language=&amp;euser=&amp;session=&amp;service=&amp;robot=&amp;deskservice=desktop&amp;desktop=fedbib&amp;workstation=&amp;extra=&amp;language=F\" target=\"_blank\">Franz\u00f6sisch <\/a>&#8211; <a href=\"http:\/\/bib.belgium.be\/desktop\/fedbib\/core\/index.phtml?language=&amp;euser=&amp;session=&amp;service=&amp;robot=&amp;deskservice=desktop&amp;desktop=fedbib&amp;workstation=&amp;extra=&amp;language=N\" target=\"_blank\">Niederl\u00e4ndisch<\/a> &#8211; <a href=\"http:\/\/bib.belgium.be\/desktop\/fedbib\/core\/index.phtml?language=&amp;euser=&amp;session=&amp;service=&amp;robot=&amp;deskservice=desktop&amp;desktop=fedbib&amp;workstation=&amp;extra=&amp;language=E\" target=\"_blank\">Englisch<\/a><\/span><\/span>)<\/p>\n<p><a href=\"http:\/\/www.unicat.be\/\" target=\"_blank\">UniCat <\/a>: Gesamtkatalog der wissenschaftlichen Bibliotheken<\/p>\n<h2><strong>International<\/strong><\/h2>\n<p><a href=\"http:\/\/www.theeuropeanlibrary.org\/tel4\/\" target=\"_blank\">The European Library<\/a><\/p>\n<p><a href=\"http:\/\/www.droit-technologie.org\/\">Droit &amp; Technologies<\/a><\/p>\n<p><a href=\"http:\/\/juriscom.net\/\" target=\"_blank\">Juriscom.net<\/a> : Recht der Informationstechnologien<\/p>\n<p><a href=\"http:\/\/www.inist.fr\/\" target=\"_blank\">INIST<\/a> : Institut de l\u2019information scientifique et technique, CNRS, France &#8211; Institut f\u00fcr wissenschaftliche und technische Information, CNRS, Frankreich<\/p>\n<p><a href=\"http:\/\/www.library.tudelft.nl\/\" target=\"_blank\">TUD Delft Library<\/a><\/p>\n<p>&nbsp;<\/p>\n","protected":false},"excerpt":{"rendered":"<p>Berufsverb\u00e4nde und Netzwerke siehe die Seite Verb\u00e4nde &amp; Institutionen Bibliotheken K\u00f6nigliche Bibliothek Belgiens De Bib : Website der fl\u00e4mischen \u00f6ffentlichen Bibliotheken Les biblioth\u00e8ques : Website des Service de la lecture publique de la F\u00e9d\u00e9ration Wallonie-Bruxelles MediaDG : Online-Katalog der Deutschsprachigen Gemeinschaft Belgiens Catalogue commun des biblioth\u00e8ques f\u00e9d\u00e9rales : der gemeinsame Katalog der Bibliotheken aller f\u00f6deralen [&hellip;]<\/p>\n","protected":false},"author":1,"featured_media":0,"parent":671,"menu_order":2,"comment_status":"open","ping_status":"closed","template":"","meta":{"_acf_changed":false,"footnotes":""},"class_list":["post-689","page","type-page","status-publish","hentry"],"acf":[],"yoast_head":"<!-- This site is optimized with the Yoast SEO plugin v27.3 - https:\/\/yoast.com\/product\/yoast-seo-wordpress\/ -->\n<title>N\u00fctzliche Links - ABD-BVD<\/title>\n<meta name=\"robots\" content=\"index, follow, max-snippet:-1, max-image-preview:large, max-video-preview:-1\" \/>\n<link rel=\"canonical\" href=\"https:\/\/www.abd-bvd.be\/de\/dienstleistungen\/nutzliche-links\/\" \/>\n<meta property=\"og:locale\" content=\"de_DE\" \/>\n<meta property=\"og:type\" content=\"article\" \/>\n<meta property=\"og:title\" content=\"N\u00fctzliche Links - ABD-BVD\" \/>\n<meta property=\"og:description\" content=\"Berufsverb\u00e4nde und Netzwerke siehe die Seite Verb\u00e4nde &amp; Institutionen Bibliotheken K\u00f6nigliche Bibliothek Belgiens De Bib : Website der fl\u00e4mischen \u00f6ffentlichen Bibliotheken Les biblioth\u00e8ques : Website des Service de la lecture publique de la F\u00e9d\u00e9ration Wallonie-Bruxelles MediaDG : Online-Katalog der Deutschsprachigen Gemeinschaft Belgiens Catalogue commun des biblioth\u00e8ques f\u00e9d\u00e9rales : der gemeinsame Katalog der Bibliotheken aller f\u00f6deralen [&hellip;]\" \/>\n<meta property=\"og:url\" content=\"https:\/\/www.abd-bvd.be\/de\/dienstleistungen\/nutzliche-links\/\" \/>\n<meta property=\"og:site_name\" content=\"ABD-BVD\" \/>\n<meta property=\"article:modified_time\" content=\"2015-09-08T16:13:07+00:00\" \/>\n<meta name=\"twitter:card\" content=\"summary_large_image\" \/>\n<meta name=\"twitter:label1\" content=\"Gesch\u00e4tzte Lesezeit\" \/>\n\t<meta name=\"twitter:data1\" content=\"1\u00a0Minute\" \/>\n<script type=\"application\/ld+json\" class=\"yoast-schema-graph\">{\"@context\":\"https:\\\/\\\/schema.org\",\"@graph\":[{\"@type\":\"WebPage\",\"@id\":\"https:\\\/\\\/www.abd-bvd.be\\\/de\\\/dienstleistungen\\\/nutzliche-links\\\/\",\"url\":\"https:\\\/\\\/www.abd-bvd.be\\\/de\\\/dienstleistungen\\\/nutzliche-links\\\/\",\"name\":\"N\u00fctzliche Links - ABD-BVD\",\"isPartOf\":{\"@id\":\"https:\\\/\\\/www.abd-bvd.be\\\/fr\\\/#website\"},\"datePublished\":\"2014-09-09T08:37:46+00:00\",\"dateModified\":\"2015-09-08T16:13:07+00:00\",\"breadcrumb\":{\"@id\":\"https:\\\/\\\/www.abd-bvd.be\\\/de\\\/dienstleistungen\\\/nutzliche-links\\\/#breadcrumb\"},\"inLanguage\":\"de\",\"potentialAction\":[{\"@type\":\"ReadAction\",\"target\":[\"https:\\\/\\\/www.abd-bvd.be\\\/de\\\/dienstleistungen\\\/nutzliche-links\\\/\"]}]},{\"@type\":\"BreadcrumbList\",\"@id\":\"https:\\\/\\\/www.abd-bvd.be\\\/de\\\/dienstleistungen\\\/nutzliche-links\\\/#breadcrumb\",\"itemListElement\":[{\"@type\":\"ListItem\",\"position\":1,\"name\":\"Accueil\",\"item\":\"https:\\\/\\\/www.abd-bvd.be\\\/de\\\/\"},{\"@type\":\"ListItem\",\"position\":2,\"name\":\"Dienstleistungen\",\"item\":\"https:\\\/\\\/www.abd-bvd.be\\\/de\\\/dienstleistungen\\\/\"},{\"@type\":\"ListItem\",\"position\":3,\"name\":\"N\u00fctzliche Links\"}]},{\"@type\":\"WebSite\",\"@id\":\"https:\\\/\\\/www.abd-bvd.be\\\/fr\\\/#website\",\"url\":\"https:\\\/\\\/www.abd-bvd.be\\\/fr\\\/\",\"name\":\"ABD-BVD\",\"description\":\"association Belge de documentation - Belgische verniging voor documentatie\",\"potentialAction\":[{\"@type\":\"SearchAction\",\"target\":{\"@type\":\"EntryPoint\",\"urlTemplate\":\"https:\\\/\\\/www.abd-bvd.be\\\/fr\\\/?s={search_term_string}\"},\"query-input\":{\"@type\":\"PropertyValueSpecification\",\"valueRequired\":true,\"valueName\":\"search_term_string\"}}],\"inLanguage\":\"de\"}]}<\/script>\n<!-- \/ Yoast SEO plugin. -->","yoast_head_json":{"title":"N\u00fctzliche Links - ABD-BVD","robots":{"index":"index","follow":"follow","max-snippet":"max-snippet:-1","max-image-preview":"max-image-preview:large","max-video-preview":"max-video-preview:-1"},"canonical":"https:\/\/www.abd-bvd.be\/de\/dienstleistungen\/nutzliche-links\/","og_locale":"de_DE","og_type":"article","og_title":"N\u00fctzliche Links - ABD-BVD","og_description":"Berufsverb\u00e4nde und Netzwerke siehe die Seite Verb\u00e4nde &amp; Institutionen Bibliotheken K\u00f6nigliche Bibliothek Belgiens De Bib : Website der fl\u00e4mischen \u00f6ffentlichen Bibliotheken Les biblioth\u00e8ques : Website des Service de la lecture publique de la F\u00e9d\u00e9ration Wallonie-Bruxelles MediaDG : Online-Katalog der Deutschsprachigen Gemeinschaft Belgiens Catalogue commun des biblioth\u00e8ques f\u00e9d\u00e9rales : der gemeinsame Katalog der Bibliotheken aller f\u00f6deralen [&hellip;]","og_url":"https:\/\/www.abd-bvd.be\/de\/dienstleistungen\/nutzliche-links\/","og_site_name":"ABD-BVD","article_modified_time":"2015-09-08T16:13:07+00:00","twitter_card":"summary_large_image","twitter_misc":{"Gesch\u00e4tzte Lesezeit":"1\u00a0Minute"},"schema":{"@context":"https:\/\/schema.org","@graph":[{"@type":"WebPage","@id":"https:\/\/www.abd-bvd.be\/de\/dienstleistungen\/nutzliche-links\/","url":"https:\/\/www.abd-bvd.be\/de\/dienstleistungen\/nutzliche-links\/","name":"N\u00fctzliche Links - ABD-BVD","isPartOf":{"@id":"https:\/\/www.abd-bvd.be\/fr\/#website"},"datePublished":"2014-09-09T08:37:46+00:00","dateModified":"2015-09-08T16:13:07+00:00","breadcrumb":{"@id":"https:\/\/www.abd-bvd.be\/de\/dienstleistungen\/nutzliche-links\/#breadcrumb"},"inLanguage":"de","potentialAction":[{"@type":"ReadAction","target":["https:\/\/www.abd-bvd.be\/de\/dienstleistungen\/nutzliche-links\/"]}]},{"@type":"BreadcrumbList","@id":"https:\/\/www.abd-bvd.be\/de\/dienstleistungen\/nutzliche-links\/#breadcrumb","itemListElement":[{"@type":"ListItem","position":1,"name":"Accueil","item":"https:\/\/www.abd-bvd.be\/de\/"},{"@type":"ListItem","position":2,"name":"Dienstleistungen","item":"https:\/\/www.abd-bvd.be\/de\/dienstleistungen\/"},{"@type":"ListItem","position":3,"name":"N\u00fctzliche Links"}]},{"@type":"WebSite","@id":"https:\/\/www.abd-bvd.be\/fr\/#website","url":"https:\/\/www.abd-bvd.be\/fr\/","name":"ABD-BVD","description":"association Belge de documentation - Belgische verniging voor documentatie","potentialAction":[{"@type":"SearchAction","target":{"@type":"EntryPoint","urlTemplate":"https:\/\/www.abd-bvd.be\/fr\/?s={search_term_string}"},"query-input":{"@type":"PropertyValueSpecification","valueRequired":true,"valueName":"search_term_string"}}],"inLanguage":"de"}]}},"_links":{"self":[{"href":"https:\/\/www.abd-bvd.be\/de\/wp-json\/wp\/v2\/pages\/689","targetHints":{"allow":["GET"]}}],"collection":[{"href":"https:\/\/www.abd-bvd.be\/de\/wp-json\/wp\/v2\/pages"}],"about":[{"href":"https:\/\/www.abd-bvd.be\/de\/wp-json\/wp\/v2\/types\/page"}],"author":[{"embeddable":true,"href":"https:\/\/www.abd-bvd.be\/de\/wp-json\/wp\/v2\/users\/1"}],"replies":[{"embeddable":true,"href":"https:\/\/www.abd-bvd.be\/de\/wp-json\/wp\/v2\/comments?post=689"}],"version-history":[{"count":0,"href":"https:\/\/www.abd-bvd.be\/de\/wp-json\/wp\/v2\/pages\/689\/revisions"}],"up":[{"embeddable":true,"href":"https:\/\/www.abd-bvd.be\/de\/wp-json\/wp\/v2\/pages\/671"}],"wp:attachment":[{"href":"https:\/\/www.abd-bvd.be\/de\/wp-json\/wp\/v2\/media?parent=689"}],"curies":[{"name":"wp","href":"https:\/\/api.w.org\/{rel}","templated":true}]}}