{"id":653,"date":"2014-09-09T08:32:43","date_gmt":"2014-09-09T08:32:43","guid":{"rendered":"http:\/\/www.abd-bvd.be\/?page_id=653"},"modified":"2015-10-04T10:36:47","modified_gmt":"2015-10-04T10:36:47","slug":"abd-bvd-info","status":"publish","type":"page","link":"https:\/\/www.abd-bvd.be\/de\/veroffentlichungen\/abd-bvd-info\/","title":{"rendered":"ABD-BVD-Info"},"content":{"rendered":"<p>Ziel des ABD-BVD Info Newsletters ist es, unser reiches und vielf\u00e4ltiges Vereinsleben widerzuspiegeln. Die Vorstandsmitglieder der ABD-BVD, sowie einige enge MitarbeiterInnen, sind die wirklichen Motoren unserer Vereinigung. Ohne sie w\u00fcrden die vielen Begegnungsm\u00f6glichkeiten, die wir Ihnen in Form von Seminaren, spontanen Treffen, Publikationen oder anderen Dienstleistungen bieten, nicht existieren. Durch das halbj\u00e4hrlich erscheinende ABD-BVD Info m\u00f6chten wir Sie auf dem Laufenden halten \u00fcber die zahlreichen, zum Teil versteckten, Aspekte unserer Aktivit\u00e4ten, sei es im Rahmen des Vorstands, als auch au\u00dferhalb, und Sie so die Funktionsweise unserer Vereinigung entdecken lassen. Leider wird der Newsletter nicht auf Deutsch ver\u00f6ffentlicht, aber hier finden Sie die <a href=\"https:\/\/www.abd-bvd.be\/de\/veroffentlichungen\/abd-bvd-info\/\">franz\u00f6sische<\/a> und hier die <a href=\"https:\/\/www.abd-bvd.be\/de\/veroffentlichungen\/abd-bvd-info\/\">niederl\u00e4ndische Fassung<\/a>. Viel Spa\u00df beim Lesen und Entdecken!<\/p>\n","protected":false},"excerpt":{"rendered":"<p>Ziel des ABD-BVD Info Newsletters ist es, unser reiches und vielf\u00e4ltiges Vereinsleben widerzuspiegeln. Die Vorstandsmitglieder der ABD-BVD, sowie einige enge MitarbeiterInnen, sind die wirklichen Motoren unserer Vereinigung. Ohne sie w\u00fcrden die vielen Begegnungsm\u00f6glichkeiten, die wir Ihnen in Form von Seminaren, spontanen Treffen, Publikationen oder anderen Dienstleistungen bieten, nicht existieren. Durch das halbj\u00e4hrlich erscheinende ABD-BVD Info [&hellip;]<\/p>\n","protected":false},"author":1,"featured_media":0,"parent":641,"menu_order":0,"comment_status":"open","ping_status":"open","template":"","meta":{"_acf_changed":false,"footnotes":""},"class_list":["post-653","page","type-page","status-publish","hentry"],"acf":[],"yoast_head":"<!-- This site is optimized with the Yoast SEO plugin v27.4 - https:\/\/yoast.com\/product\/yoast-seo-wordpress\/ -->\n<title>ABD-BVD-Info - ABD-BVD<\/title>\n<meta name=\"robots\" content=\"index, follow, max-snippet:-1, max-image-preview:large, max-video-preview:-1\" \/>\n<link rel=\"canonical\" href=\"https:\/\/www.abd-bvd.be\/de\/veroffentlichungen\/abd-bvd-info\/\" \/>\n<meta property=\"og:locale\" content=\"de_DE\" \/>\n<meta property=\"og:type\" content=\"article\" \/>\n<meta property=\"og:title\" content=\"ABD-BVD-Info - ABD-BVD\" \/>\n<meta property=\"og:description\" content=\"Ziel des ABD-BVD Info Newsletters ist es, unser reiches und vielf\u00e4ltiges Vereinsleben widerzuspiegeln. Die Vorstandsmitglieder der ABD-BVD, sowie einige enge MitarbeiterInnen, sind die wirklichen Motoren unserer Vereinigung. Ohne sie w\u00fcrden die vielen Begegnungsm\u00f6glichkeiten, die wir Ihnen in Form von Seminaren, spontanen Treffen, Publikationen oder anderen Dienstleistungen bieten, nicht existieren. Durch das halbj\u00e4hrlich erscheinende ABD-BVD Info [&hellip;]\" \/>\n<meta property=\"og:url\" content=\"https:\/\/www.abd-bvd.be\/de\/veroffentlichungen\/abd-bvd-info\/\" \/>\n<meta property=\"og:site_name\" content=\"ABD-BVD\" \/>\n<meta property=\"article:modified_time\" content=\"2015-10-04T10:36:47+00:00\" \/>\n<meta name=\"twitter:card\" content=\"summary_large_image\" \/>\n<meta name=\"twitter:label1\" content=\"Gesch\u00e4tzte Lesezeit\" \/>\n\t<meta name=\"twitter:data1\" content=\"1\u00a0Minute\" \/>\n<script type=\"application\/ld+json\" class=\"yoast-schema-graph\">{\"@context\":\"https:\\\/\\\/schema.org\",\"@graph\":[{\"@type\":\"WebPage\",\"@id\":\"https:\\\/\\\/www.abd-bvd.be\\\/de\\\/veroffentlichungen\\\/abd-bvd-info\\\/\",\"url\":\"https:\\\/\\\/www.abd-bvd.be\\\/de\\\/veroffentlichungen\\\/abd-bvd-info\\\/\",\"name\":\"ABD-BVD-Info - ABD-BVD\",\"isPartOf\":{\"@id\":\"https:\\\/\\\/www.abd-bvd.be\\\/fr\\\/#website\"},\"datePublished\":\"2014-09-09T08:32:43+00:00\",\"dateModified\":\"2015-10-04T10:36:47+00:00\",\"breadcrumb\":{\"@id\":\"https:\\\/\\\/www.abd-bvd.be\\\/de\\\/veroffentlichungen\\\/abd-bvd-info\\\/#breadcrumb\"},\"inLanguage\":\"de\",\"potentialAction\":[{\"@type\":\"ReadAction\",\"target\":[\"https:\\\/\\\/www.abd-bvd.be\\\/de\\\/veroffentlichungen\\\/abd-bvd-info\\\/\"]}]},{\"@type\":\"BreadcrumbList\",\"@id\":\"https:\\\/\\\/www.abd-bvd.be\\\/de\\\/veroffentlichungen\\\/abd-bvd-info\\\/#breadcrumb\",\"itemListElement\":[{\"@type\":\"ListItem\",\"position\":1,\"name\":\"Accueil\",\"item\":\"https:\\\/\\\/www.abd-bvd.be\\\/de\\\/\"},{\"@type\":\"ListItem\",\"position\":2,\"name\":\"Ver\u00f6ffentlichungen\",\"item\":\"https:\\\/\\\/www.abd-bvd.be\\\/de\\\/veroffentlichungen\\\/\"},{\"@type\":\"ListItem\",\"position\":3,\"name\":\"ABD-BVD-Info\"}]},{\"@type\":\"WebSite\",\"@id\":\"https:\\\/\\\/www.abd-bvd.be\\\/fr\\\/#website\",\"url\":\"https:\\\/\\\/www.abd-bvd.be\\\/fr\\\/\",\"name\":\"ABD-BVD\",\"description\":\"association Belge de documentation - Belgische verniging voor documentatie\",\"potentialAction\":[{\"@type\":\"SearchAction\",\"target\":{\"@type\":\"EntryPoint\",\"urlTemplate\":\"https:\\\/\\\/www.abd-bvd.be\\\/fr\\\/?s={search_term_string}\"},\"query-input\":{\"@type\":\"PropertyValueSpecification\",\"valueRequired\":true,\"valueName\":\"search_term_string\"}}],\"inLanguage\":\"de\"}]}<\/script>\n<!-- \/ Yoast SEO plugin. -->","yoast_head_json":{"title":"ABD-BVD-Info - ABD-BVD","robots":{"index":"index","follow":"follow","max-snippet":"max-snippet:-1","max-image-preview":"max-image-preview:large","max-video-preview":"max-video-preview:-1"},"canonical":"https:\/\/www.abd-bvd.be\/de\/veroffentlichungen\/abd-bvd-info\/","og_locale":"de_DE","og_type":"article","og_title":"ABD-BVD-Info - ABD-BVD","og_description":"Ziel des ABD-BVD Info Newsletters ist es, unser reiches und vielf\u00e4ltiges Vereinsleben widerzuspiegeln. Die Vorstandsmitglieder der ABD-BVD, sowie einige enge MitarbeiterInnen, sind die wirklichen Motoren unserer Vereinigung. Ohne sie w\u00fcrden die vielen Begegnungsm\u00f6glichkeiten, die wir Ihnen in Form von Seminaren, spontanen Treffen, Publikationen oder anderen Dienstleistungen bieten, nicht existieren. Durch das halbj\u00e4hrlich erscheinende ABD-BVD Info [&hellip;]","og_url":"https:\/\/www.abd-bvd.be\/de\/veroffentlichungen\/abd-bvd-info\/","og_site_name":"ABD-BVD","article_modified_time":"2015-10-04T10:36:47+00:00","twitter_card":"summary_large_image","twitter_misc":{"Gesch\u00e4tzte Lesezeit":"1\u00a0Minute"},"schema":{"@context":"https:\/\/schema.org","@graph":[{"@type":"WebPage","@id":"https:\/\/www.abd-bvd.be\/de\/veroffentlichungen\/abd-bvd-info\/","url":"https:\/\/www.abd-bvd.be\/de\/veroffentlichungen\/abd-bvd-info\/","name":"ABD-BVD-Info - ABD-BVD","isPartOf":{"@id":"https:\/\/www.abd-bvd.be\/fr\/#website"},"datePublished":"2014-09-09T08:32:43+00:00","dateModified":"2015-10-04T10:36:47+00:00","breadcrumb":{"@id":"https:\/\/www.abd-bvd.be\/de\/veroffentlichungen\/abd-bvd-info\/#breadcrumb"},"inLanguage":"de","potentialAction":[{"@type":"ReadAction","target":["https:\/\/www.abd-bvd.be\/de\/veroffentlichungen\/abd-bvd-info\/"]}]},{"@type":"BreadcrumbList","@id":"https:\/\/www.abd-bvd.be\/de\/veroffentlichungen\/abd-bvd-info\/#breadcrumb","itemListElement":[{"@type":"ListItem","position":1,"name":"Accueil","item":"https:\/\/www.abd-bvd.be\/de\/"},{"@type":"ListItem","position":2,"name":"Ver\u00f6ffentlichungen","item":"https:\/\/www.abd-bvd.be\/de\/veroffentlichungen\/"},{"@type":"ListItem","position":3,"name":"ABD-BVD-Info"}]},{"@type":"WebSite","@id":"https:\/\/www.abd-bvd.be\/fr\/#website","url":"https:\/\/www.abd-bvd.be\/fr\/","name":"ABD-BVD","description":"association Belge de documentation - Belgische verniging voor documentatie","potentialAction":[{"@type":"SearchAction","target":{"@type":"EntryPoint","urlTemplate":"https:\/\/www.abd-bvd.be\/fr\/?s={search_term_string}"},"query-input":{"@type":"PropertyValueSpecification","valueRequired":true,"valueName":"search_term_string"}}],"inLanguage":"de"}]}},"_links":{"self":[{"href":"https:\/\/www.abd-bvd.be\/de\/wp-json\/wp\/v2\/pages\/653","targetHints":{"allow":["GET"]}}],"collection":[{"href":"https:\/\/www.abd-bvd.be\/de\/wp-json\/wp\/v2\/pages"}],"about":[{"href":"https:\/\/www.abd-bvd.be\/de\/wp-json\/wp\/v2\/types\/page"}],"author":[{"embeddable":true,"href":"https:\/\/www.abd-bvd.be\/de\/wp-json\/wp\/v2\/users\/1"}],"replies":[{"embeddable":true,"href":"https:\/\/www.abd-bvd.be\/de\/wp-json\/wp\/v2\/comments?post=653"}],"version-history":[{"count":0,"href":"https:\/\/www.abd-bvd.be\/de\/wp-json\/wp\/v2\/pages\/653\/revisions"}],"up":[{"embeddable":true,"href":"https:\/\/www.abd-bvd.be\/de\/wp-json\/wp\/v2\/pages\/641"}],"wp:attachment":[{"href":"https:\/\/www.abd-bvd.be\/de\/wp-json\/wp\/v2\/media?parent=653"}],"curies":[{"name":"wp","href":"https:\/\/api.w.org\/{rel}","templated":true}]}}