{"id":581,"date":"2014-09-09T08:25:41","date_gmt":"2014-09-09T08:25:41","guid":{"rendered":"http:\/\/www.abd-bvd.be\/?page_id=581"},"modified":"2016-05-19T17:13:58","modified_gmt":"2016-05-19T17:13:58","slug":"mitgliederversammlung","status":"publish","type":"page","link":"https:\/\/www.abd-bvd.be\/de\/abd-bvd-3\/mitgliederversammlung\/","title":{"rendered":"Mitgliederversammlung"},"content":{"rendered":"<h2>Mitgliedersammlung vom 19.\u00a0April 2016<\/h2>\n<p>Biblioth\u00e8que royale de Belgique, Royal Sky Room, Boulevard de l&#8217;Empereur 2 \u00e0 1000 Bruxelles<\/p>\n<h3>Einladung<\/h3>\n<p><span class=\"file-button\"><a href=\"https:\/\/www.abd-bvd.be\/wp-content\/uploads\/Convocation-Bijeenroeping_2016_19-04.pdf\">Download (FR-NL)<\/a><\/span><\/p>\n<h3>Vorstellung<\/h3>\n<p><span class=\"file-button\"><a href=\"https:\/\/www.abd-bvd.be\/wp-content\/uploads\/Assembl\u00e9e-g\u00e9n\u00e9rale-2016-FR.pdf\">Download (FR)<\/a><\/span><\/p>\n<h2>Mitgliedersammlung vom 24. M\u00e4rz 2015<\/h2>\n<p>Biblioth\u00e8que royale de Belgique, Royal Sky Room, Boulevard de l&#8217;Empereur 2 \u00e0 1000 Bruxelles<\/p>\n<h3>Einladung<\/h3>\n<p><span class=\"file-button\"><a href=\"https:\/\/www.abd-bvd.be\/wp-content\/uploads\/Convocation-Bijeenroeping_2015.pdf\">Download (FR-NL)<\/a><\/span><\/p>\n<h3>Vorstellung<\/h3>\n<p><span class=\"file-button\"><a href=\"https:\/\/www.abd-bvd.be\/wp-content\/uploads\/Assembl\u00e9e-g\u00e9n\u00e9rale-2015-FR.pdf\">Download (FR)<\/a><\/span><\/p>\n<h2>Au\u00dferordentliche Mitgliederversammlung vom 16. April 2014<\/h2>\n<p>Biblioth\u00e8que royale de Belgique, Salle du conseil, Boulevard de l&#8217;Empereur 4 \u00e0 1000 Bruxelles<\/p>\n<h3>Einladung<\/h3>\n<p><span class=\"file-button\"><a href=\"https:\/\/www.abd-bvd.be\/wp-content\/uploads\/AG-extra-Convocation-Bijeenroeping.pdf\">Download (FR-NL)<\/a><\/span><\/p>\n<h2>Mitgliederversammlung vom 1. April 2014<\/h2>\n<p>Cinematek, Salle Ledoux, Rue Baron Horta 9 \u00e0 1000 Bruxelles<\/p>\n<h3>Einladung<\/h3>\n<p><span class=\"file-button\"><a href=\"https:\/\/www.abd-bvd.be\/wp-content\/uploads\/Convocation-Bijeenroeping_2014.pdf\">Download (FR-NL)<\/a><\/span><\/p>\n<h3>Proposition de modification des statuts<\/h3>\n<p><span class=\"file-button\"><a href=\"https:\/\/www.abd-bvd.be\/wp-content\/uploads\/Proposition-de-modification-des-Statuts-Voorstel-tot-wijziging-van-de-Statuten.pdf\">Download (FR-NL)<\/a><\/span><\/p>\n<h3><span id=\"result_box\" class=\"short_text\" lang=\"de\"><span class=\"hps\">T\u00e4tigkeitsbericht<\/span><\/span><\/h3>\n<p><span class=\"file-button\"><a href=\"https:\/\/www.abd-bvd.be\/wp-content\/uploads\/Rapport-CA-Verslag-RvB-2014.pdf\">Download (FR-NL)<\/a><\/span><\/p>\n<h2>Mitgliedersammlung vom 20. M\u00e4rz 2013<\/h2>\n<p>Agence f\u00e9d\u00e9rale de Contr\u00f4le nucl\u00e9aire, Rue Ravenstein 36 \u00e0 1000 Bruxelles<\/p>\n<h3>Einladung<\/h3>\n<p><span class=\"file-button\"><a href=\"https:\/\/www.abd-bvd.be\/wp-content\/uploads\/Convocation-Bijeenroeping_2013.pdf\">Download (FR-NL)<\/a><\/span><\/p>\n<h3><span id=\"result_box\" class=\"short_text\" lang=\"de\"><span class=\"hps\">T\u00e4tigkeitsbericht<\/span><\/span><\/h3>\n<p><span class=\"file-button\"><a href=\"https:\/\/www.abd-bvd.be\/wp-content\/uploads\/Rapport-CA-Verslag-RvB-2013.pdf\">Download (FR-NL)<\/a><\/span><\/p>\n<h2>Mitgliedersammlung vom 21. M\u00e4rz 2013<\/h2>\n<p>Agence f\u00e9d\u00e9rale de Contr\u00f4le nucl\u00e9aire, Rue Ravenstein 36 \u00e0 1000 Bruxelles<\/p>\n<h3>Einladung<\/h3>\n<p><span class=\"file-button\"><a href=\"https:\/\/www.abd-bvd.be\/wp-content\/uploads\/Convocation-Bijeenroeping_2012.pdf\">Download (FR-NL)<\/a><\/span><\/p>\n<h3><span id=\"result_box\" class=\"short_text\" lang=\"de\"><span class=\"hps\">T\u00e4tigkeitsbericht<\/span><\/span><\/h3>\n<p><span class=\"file-button\"><a href=\"https:\/\/www.abd-bvd.be\/wp-content\/uploads\/Rapport-CA-Verslag-RvB-2012.pdf\">Download (FR-NL)<\/a><\/span><\/p>\n<div id=\"ff_peerindex_tooltip\"><\/div>\n<div id=\"ff_peerindex_tooltip\"><\/div>\n<div id=\"ff_peerindex_tooltip\"><\/div>\n","protected":false},"excerpt":{"rendered":"<p>Mitgliedersammlung vom 19.\u00a0April 2016 Biblioth\u00e8que royale de Belgique, Royal Sky Room, Boulevard de l&#8217;Empereur 2 \u00e0 1000 Bruxelles Einladung Download (FR-NL) Vorstellung Download (FR) Mitgliedersammlung vom 24. M\u00e4rz 2015 Biblioth\u00e8que royale de Belgique, Royal Sky Room, Boulevard de l&#8217;Empereur 2 \u00e0 1000 Bruxelles Einladung Download (FR-NL) Vorstellung Download (FR) Au\u00dferordentliche Mitgliederversammlung vom 16. April 2014 [&hellip;]<\/p>\n","protected":false},"author":1,"featured_media":0,"parent":587,"menu_order":4,"comment_status":"open","ping_status":"open","template":"","meta":{"_acf_changed":false,"footnotes":""},"class_list":["post-581","page","type-page","status-publish","hentry"],"acf":[],"yoast_head":"<!-- This site is optimized with the Yoast SEO plugin v27.3 - https:\/\/yoast.com\/product\/yoast-seo-wordpress\/ -->\n<title>Mitgliederversammlung - ABD-BVD<\/title>\n<meta name=\"robots\" content=\"index, follow, max-snippet:-1, max-image-preview:large, max-video-preview:-1\" \/>\n<link rel=\"canonical\" href=\"https:\/\/www.abd-bvd.be\/de\/abd-bvd-3\/mitgliederversammlung\/\" \/>\n<meta property=\"og:locale\" content=\"de_DE\" \/>\n<meta property=\"og:type\" content=\"article\" \/>\n<meta property=\"og:title\" content=\"Mitgliederversammlung - ABD-BVD\" \/>\n<meta property=\"og:description\" content=\"Mitgliedersammlung vom 19.\u00a0April 2016 Biblioth\u00e8que royale de Belgique, Royal Sky Room, Boulevard de l&#8217;Empereur 2 \u00e0 1000 Bruxelles Einladung Download (FR-NL) Vorstellung Download (FR) Mitgliedersammlung vom 24. M\u00e4rz 2015 Biblioth\u00e8que royale de Belgique, Royal Sky Room, Boulevard de l&#8217;Empereur 2 \u00e0 1000 Bruxelles Einladung Download (FR-NL) Vorstellung Download (FR) Au\u00dferordentliche Mitgliederversammlung vom 16. April 2014 [&hellip;]\" \/>\n<meta property=\"og:url\" content=\"https:\/\/www.abd-bvd.be\/de\/abd-bvd-3\/mitgliederversammlung\/\" \/>\n<meta property=\"og:site_name\" content=\"ABD-BVD\" \/>\n<meta property=\"article:modified_time\" content=\"2016-05-19T17:13:58+00:00\" \/>\n<meta name=\"twitter:card\" content=\"summary_large_image\" \/>\n<meta name=\"twitter:label1\" content=\"Gesch\u00e4tzte Lesezeit\" \/>\n\t<meta name=\"twitter:data1\" content=\"1\u00a0Minute\" \/>\n<script type=\"application\/ld+json\" class=\"yoast-schema-graph\">{\"@context\":\"https:\\\/\\\/schema.org\",\"@graph\":[{\"@type\":\"WebPage\",\"@id\":\"https:\\\/\\\/www.abd-bvd.be\\\/de\\\/abd-bvd-3\\\/mitgliederversammlung\\\/\",\"url\":\"https:\\\/\\\/www.abd-bvd.be\\\/de\\\/abd-bvd-3\\\/mitgliederversammlung\\\/\",\"name\":\"Mitgliederversammlung - ABD-BVD\",\"isPartOf\":{\"@id\":\"https:\\\/\\\/www.abd-bvd.be\\\/fr\\\/#website\"},\"datePublished\":\"2014-09-09T08:25:41+00:00\",\"dateModified\":\"2016-05-19T17:13:58+00:00\",\"breadcrumb\":{\"@id\":\"https:\\\/\\\/www.abd-bvd.be\\\/de\\\/abd-bvd-3\\\/mitgliederversammlung\\\/#breadcrumb\"},\"inLanguage\":\"de\",\"potentialAction\":[{\"@type\":\"ReadAction\",\"target\":[\"https:\\\/\\\/www.abd-bvd.be\\\/de\\\/abd-bvd-3\\\/mitgliederversammlung\\\/\"]}]},{\"@type\":\"BreadcrumbList\",\"@id\":\"https:\\\/\\\/www.abd-bvd.be\\\/de\\\/abd-bvd-3\\\/mitgliederversammlung\\\/#breadcrumb\",\"itemListElement\":[{\"@type\":\"ListItem\",\"position\":1,\"name\":\"Accueil\",\"item\":\"https:\\\/\\\/www.abd-bvd.be\\\/de\\\/\"},{\"@type\":\"ListItem\",\"position\":2,\"name\":\"ABD-BVD\",\"item\":\"https:\\\/\\\/www.abd-bvd.be\\\/de\\\/abd-bvd-3\\\/\"},{\"@type\":\"ListItem\",\"position\":3,\"name\":\"Mitgliederversammlung\"}]},{\"@type\":\"WebSite\",\"@id\":\"https:\\\/\\\/www.abd-bvd.be\\\/fr\\\/#website\",\"url\":\"https:\\\/\\\/www.abd-bvd.be\\\/fr\\\/\",\"name\":\"ABD-BVD\",\"description\":\"association Belge de documentation - Belgische verniging voor documentatie\",\"potentialAction\":[{\"@type\":\"SearchAction\",\"target\":{\"@type\":\"EntryPoint\",\"urlTemplate\":\"https:\\\/\\\/www.abd-bvd.be\\\/fr\\\/?s={search_term_string}\"},\"query-input\":{\"@type\":\"PropertyValueSpecification\",\"valueRequired\":true,\"valueName\":\"search_term_string\"}}],\"inLanguage\":\"de\"}]}<\/script>\n<!-- \/ Yoast SEO plugin. -->","yoast_head_json":{"title":"Mitgliederversammlung - ABD-BVD","robots":{"index":"index","follow":"follow","max-snippet":"max-snippet:-1","max-image-preview":"max-image-preview:large","max-video-preview":"max-video-preview:-1"},"canonical":"https:\/\/www.abd-bvd.be\/de\/abd-bvd-3\/mitgliederversammlung\/","og_locale":"de_DE","og_type":"article","og_title":"Mitgliederversammlung - ABD-BVD","og_description":"Mitgliedersammlung vom 19.\u00a0April 2016 Biblioth\u00e8que royale de Belgique, Royal Sky Room, Boulevard de l&#8217;Empereur 2 \u00e0 1000 Bruxelles Einladung Download (FR-NL) Vorstellung Download (FR) Mitgliedersammlung vom 24. M\u00e4rz 2015 Biblioth\u00e8que royale de Belgique, Royal Sky Room, Boulevard de l&#8217;Empereur 2 \u00e0 1000 Bruxelles Einladung Download (FR-NL) Vorstellung Download (FR) Au\u00dferordentliche Mitgliederversammlung vom 16. April 2014 [&hellip;]","og_url":"https:\/\/www.abd-bvd.be\/de\/abd-bvd-3\/mitgliederversammlung\/","og_site_name":"ABD-BVD","article_modified_time":"2016-05-19T17:13:58+00:00","twitter_card":"summary_large_image","twitter_misc":{"Gesch\u00e4tzte Lesezeit":"1\u00a0Minute"},"schema":{"@context":"https:\/\/schema.org","@graph":[{"@type":"WebPage","@id":"https:\/\/www.abd-bvd.be\/de\/abd-bvd-3\/mitgliederversammlung\/","url":"https:\/\/www.abd-bvd.be\/de\/abd-bvd-3\/mitgliederversammlung\/","name":"Mitgliederversammlung - ABD-BVD","isPartOf":{"@id":"https:\/\/www.abd-bvd.be\/fr\/#website"},"datePublished":"2014-09-09T08:25:41+00:00","dateModified":"2016-05-19T17:13:58+00:00","breadcrumb":{"@id":"https:\/\/www.abd-bvd.be\/de\/abd-bvd-3\/mitgliederversammlung\/#breadcrumb"},"inLanguage":"de","potentialAction":[{"@type":"ReadAction","target":["https:\/\/www.abd-bvd.be\/de\/abd-bvd-3\/mitgliederversammlung\/"]}]},{"@type":"BreadcrumbList","@id":"https:\/\/www.abd-bvd.be\/de\/abd-bvd-3\/mitgliederversammlung\/#breadcrumb","itemListElement":[{"@type":"ListItem","position":1,"name":"Accueil","item":"https:\/\/www.abd-bvd.be\/de\/"},{"@type":"ListItem","position":2,"name":"ABD-BVD","item":"https:\/\/www.abd-bvd.be\/de\/abd-bvd-3\/"},{"@type":"ListItem","position":3,"name":"Mitgliederversammlung"}]},{"@type":"WebSite","@id":"https:\/\/www.abd-bvd.be\/fr\/#website","url":"https:\/\/www.abd-bvd.be\/fr\/","name":"ABD-BVD","description":"association Belge de documentation - Belgische verniging voor documentatie","potentialAction":[{"@type":"SearchAction","target":{"@type":"EntryPoint","urlTemplate":"https:\/\/www.abd-bvd.be\/fr\/?s={search_term_string}"},"query-input":{"@type":"PropertyValueSpecification","valueRequired":true,"valueName":"search_term_string"}}],"inLanguage":"de"}]}},"_links":{"self":[{"href":"https:\/\/www.abd-bvd.be\/de\/wp-json\/wp\/v2\/pages\/581","targetHints":{"allow":["GET"]}}],"collection":[{"href":"https:\/\/www.abd-bvd.be\/de\/wp-json\/wp\/v2\/pages"}],"about":[{"href":"https:\/\/www.abd-bvd.be\/de\/wp-json\/wp\/v2\/types\/page"}],"author":[{"embeddable":true,"href":"https:\/\/www.abd-bvd.be\/de\/wp-json\/wp\/v2\/users\/1"}],"replies":[{"embeddable":true,"href":"https:\/\/www.abd-bvd.be\/de\/wp-json\/wp\/v2\/comments?post=581"}],"version-history":[{"count":0,"href":"https:\/\/www.abd-bvd.be\/de\/wp-json\/wp\/v2\/pages\/581\/revisions"}],"up":[{"embeddable":true,"href":"https:\/\/www.abd-bvd.be\/de\/wp-json\/wp\/v2\/pages\/587"}],"wp:attachment":[{"href":"https:\/\/www.abd-bvd.be\/de\/wp-json\/wp\/v2\/media?parent=581"}],"curies":[{"name":"wp","href":"https:\/\/api.w.org\/{rel}","templated":true}]}}