{"id":572,"date":"2014-09-09T08:25:00","date_gmt":"2014-09-09T08:25:00","guid":{"rendered":"http:\/\/www.abd-bvd.be\/?page_id=572"},"modified":"2025-02-15T16:46:56","modified_gmt":"2025-02-15T15:46:56","slug":"vorstand","status":"publish","type":"page","link":"https:\/\/www.abd-bvd.be\/de\/abd-bvd-3\/vorstand\/","title":{"rendered":"Vorstand"},"content":{"rendered":"<p>Pr\u00e4sident: Denis Renard<br \/>\nVizepr\u00e4sidenten: Chistopher Boon und Guy Delsaut<br \/>\nGeneralsekret\u00e4r: Nad\u00e8ge Isbergue<br \/>\nSchatzmeister: Beno\u00eet Collet<\/p>\n<p>&nbsp;<\/p>\n<h2>Christopher BOON<\/h2>\n<table>\n<tbody>\n<tr>\n<td>Information Officer @ ANPI<br \/>\n<a href=\"mailto:christopherboon@hotmail.com\">christopherboon@hotmail.com<\/a><\/td>\n<td style=\"width: 200px;\"><img loading=\"lazy\" decoding=\"async\" class=\"aligncenter wp-image-4888\" src=\"https:\/\/www.abd-bvd.be\/wp-content\/uploads\/CA-RvB_Boon-300x201.jpg\" alt=\"CA-RvB_Boon\" width=\"188\" height=\"126\" srcset=\"https:\/\/www.abd-bvd.be\/wp-content\/uploads\/CA-RvB_Boon-300x201.jpg 300w, https:\/\/www.abd-bvd.be\/wp-content\/uploads\/CA-RvB_Boon-768x514.jpg 768w, https:\/\/www.abd-bvd.be\/wp-content\/uploads\/CA-RvB_Boon-1024x685.jpg 1024w\" sizes=\"auto, (max-width: 188px) 100vw, 188px\" \/><\/td>\n<\/tr>\n<\/tbody>\n<\/table>\n<h2>Laura BRUGMANS<\/h2>\n<table>\n<tbody>\n<tr>\n<td>\n<div dir=\"auto\">Ma\u00eetre assistante, Haute \u00c9cole de la Province de Li\u00e8ge<\/div>\n<div dir=\"auto\"><\/div>\n<\/td>\n<td><\/td>\n<\/tr>\n<\/tbody>\n<\/table>\n<h2>Beno\u00eet COLLET<\/h2>\n<table>\n<tbody>\n<tr>\n<td><a href=\"mailto:benoit.collet@hotmail.com\">benoit.collet@hotmail.com<\/a><\/td>\n<td style=\"width: 200px;\"><img loading=\"lazy\" decoding=\"async\" class=\"alignnone wp-image-8811 size-medium\" src=\"https:\/\/www.abd-bvd.be\/wp-content\/uploads\/CA-RvB_Collet-300x201.png\" alt=\"\" width=\"188\" height=\"126\" \/><\/td>\n<\/tr>\n<\/tbody>\n<\/table>\n<h2>Flore de la PAZ ABRIL<\/h2>\n<table>\n<tbody>\n<tr>\n<td>Responsable de la section des Archives Centrales de la Banque nationale de Belgique<br \/>\n<a href=\"mailto:flore.delapaz@gmail.com\">flore.delapaz@gmail.com<\/a><\/td>\n<td style=\"width: 200px;\"><img loading=\"lazy\" decoding=\"async\" class=\"wp-image-4890 aligncenter\" src=\"https:\/\/www.abd-bvd.be\/wp-content\/uploads\/CA-RvB_delaPaz.jpg\" alt=\"CA-RvB_delaPaz\" width=\"188\" height=\"126\" \/><\/td>\n<\/tr>\n<\/tbody>\n<\/table>\n<h2>Guy DELSAUT<\/h2>\n<table>\n<tbody>\n<tr>\n<td>Charg\u00e9 de projets information \/ communication \/ \u00e9v\u00e9nements, Badje ASBL<br \/>\n<a href=\"mailto:delsautg@gmail.com\">delsautg@gmail.com<\/a><\/td>\n<td style=\"width: 200px;\"><img loading=\"lazy\" decoding=\"async\" class=\"wp-image-4891 aligncenter\" src=\"https:\/\/www.abd-bvd.be\/wp-content\/uploads\/CA-RvB_Delsaut-300x201.jpg\" alt=\"CA-RvB_Delsaut\" width=\"188\" height=\"126\" srcset=\"https:\/\/www.abd-bvd.be\/wp-content\/uploads\/CA-RvB_Delsaut-300x201.jpg 300w, https:\/\/www.abd-bvd.be\/wp-content\/uploads\/CA-RvB_Delsaut-768x514.jpg 768w, https:\/\/www.abd-bvd.be\/wp-content\/uploads\/CA-RvB_Delsaut-1024x685.jpg 1024w\" sizes=\"auto, (max-width: 188px) 100vw, 188px\" \/><\/td>\n<\/tr>\n<\/tbody>\n<\/table>\n<h2>Nad\u00e8ge ISBERGUE<\/h2>\n<table>\n<tbody>\n<tr>\n<td>Responsable de la cellule P\u00e9riodiques, KBR<br \/>\n<a href=\"mailto:Nadege.Isbergue@kbr.be\">Nadege.Isbergue@kbr.be<\/a><\/td>\n<td style=\"width: 200px;\"><\/td>\n<\/tr>\n<\/tbody>\n<\/table>\n<h2>Ingrid KOKELENBERG<\/h2>\n<table>\n<tbody>\n<tr>\n<td>Legal Risk Manager, KBC Bank &amp; Verzekeringen<br \/>\n<a href=\"mailto:kokelenberg@yahoo.co.uk\">kokelenberg@yahoo.co.uk<\/a><\/td>\n<td style=\"width: 200px;\"><img loading=\"lazy\" decoding=\"async\" class=\"wp-image-4897 aligncenter\" src=\"https:\/\/www.abd-bvd.be\/wp-content\/uploads\/CA-RvB_Koekelenberg.jpg\" alt=\"CA-RvB_Koekelenberg\" width=\"188\" height=\"126\" \/><\/td>\n<\/tr>\n<\/tbody>\n<\/table>\n<h2>Denis RENARD<\/h2>\n<table>\n<tbody>\n<tr>\n<td>Wallonie-Entreprendre<br \/>\n<a href=\"mailto:webmaster@abd-bvd.be\">webmaster@abd-bvd.be<\/a><\/td>\n<\/tr>\n<\/tbody>\n<\/table>\n<h2><\/h2>\n<p>Die Vorstandsmitglieder sind pers\u00f6nlich gew\u00e4hlt und vertreten im Vorstand nicht ihren Arbeitgeber.<\/p>\n","protected":false},"excerpt":{"rendered":"<p>Pr\u00e4sident: Denis Renard Vizepr\u00e4sidenten: Chistopher Boon und Guy Delsaut Generalsekret\u00e4r: Nad\u00e8ge Isbergue Schatzmeister: Beno\u00eet Collet &nbsp; Christopher BOON Information Officer @ ANPI christopherboon@hotmail.com Laura BRUGMANS Ma\u00eetre assistante, Haute \u00c9cole de la Province de Li\u00e8ge Beno\u00eet COLLET benoit.collet@hotmail.com Flore de la PAZ ABRIL Responsable de la section des Archives Centrales de la Banque nationale de Belgique [&hellip;]<\/p>\n","protected":false},"author":1,"featured_media":0,"parent":587,"menu_order":3,"comment_status":"open","ping_status":"closed","template":"","meta":{"_acf_changed":false,"footnotes":""},"class_list":["post-572","page","type-page","status-publish","hentry"],"acf":[],"yoast_head":"<!-- This site is optimized with the Yoast SEO plugin v27.3 - https:\/\/yoast.com\/product\/yoast-seo-wordpress\/ -->\n<title>Vorstand - ABD-BVD<\/title>\n<meta name=\"robots\" content=\"index, follow, max-snippet:-1, max-image-preview:large, max-video-preview:-1\" \/>\n<link rel=\"canonical\" href=\"https:\/\/www.abd-bvd.be\/de\/abd-bvd-3\/vorstand\/\" \/>\n<meta property=\"og:locale\" content=\"de_DE\" \/>\n<meta property=\"og:type\" content=\"article\" \/>\n<meta property=\"og:title\" content=\"Vorstand - ABD-BVD\" \/>\n<meta property=\"og:description\" content=\"Pr\u00e4sident: Denis Renard Vizepr\u00e4sidenten: Chistopher Boon und Guy Delsaut Generalsekret\u00e4r: Nad\u00e8ge Isbergue Schatzmeister: Beno\u00eet Collet &nbsp; Christopher BOON Information Officer @ ANPI christopherboon@hotmail.com Laura BRUGMANS Ma\u00eetre assistante, Haute \u00c9cole de la Province de Li\u00e8ge Beno\u00eet COLLET benoit.collet@hotmail.com Flore de la PAZ ABRIL Responsable de la section des Archives Centrales de la Banque nationale de Belgique [&hellip;]\" \/>\n<meta property=\"og:url\" content=\"https:\/\/www.abd-bvd.be\/de\/abd-bvd-3\/vorstand\/\" \/>\n<meta property=\"og:site_name\" content=\"ABD-BVD\" \/>\n<meta property=\"article:modified_time\" content=\"2025-02-15T15:46:56+00:00\" \/>\n<meta property=\"og:image\" content=\"https:\/\/www.abd-bvd.be\/wp-content\/uploads\/CA-RvB_Boon-1024x685.jpg\" \/>\n\t<meta property=\"og:image:width\" content=\"1024\" \/>\n\t<meta property=\"og:image:height\" content=\"685\" \/>\n\t<meta property=\"og:image:type\" content=\"image\/jpeg\" \/>\n<meta name=\"twitter:card\" content=\"summary_large_image\" \/>\n<meta name=\"twitter:label1\" content=\"Gesch\u00e4tzte Lesezeit\" \/>\n\t<meta name=\"twitter:data1\" content=\"2\u00a0Minuten\" \/>\n<script type=\"application\/ld+json\" class=\"yoast-schema-graph\">{\"@context\":\"https:\\\/\\\/schema.org\",\"@graph\":[{\"@type\":\"WebPage\",\"@id\":\"https:\\\/\\\/www.abd-bvd.be\\\/de\\\/abd-bvd-3\\\/vorstand\\\/\",\"url\":\"https:\\\/\\\/www.abd-bvd.be\\\/de\\\/abd-bvd-3\\\/vorstand\\\/\",\"name\":\"Vorstand - ABD-BVD\",\"isPartOf\":{\"@id\":\"https:\\\/\\\/www.abd-bvd.be\\\/fr\\\/#website\"},\"primaryImageOfPage\":{\"@id\":\"https:\\\/\\\/www.abd-bvd.be\\\/de\\\/abd-bvd-3\\\/vorstand\\\/#primaryimage\"},\"image\":{\"@id\":\"https:\\\/\\\/www.abd-bvd.be\\\/de\\\/abd-bvd-3\\\/vorstand\\\/#primaryimage\"},\"thumbnailUrl\":\"https:\\\/\\\/www.abd-bvd.be\\\/wp-content\\\/uploads\\\/CA-RvB_Boon-300x201.jpg\",\"datePublished\":\"2014-09-09T08:25:00+00:00\",\"dateModified\":\"2025-02-15T15:46:56+00:00\",\"breadcrumb\":{\"@id\":\"https:\\\/\\\/www.abd-bvd.be\\\/de\\\/abd-bvd-3\\\/vorstand\\\/#breadcrumb\"},\"inLanguage\":\"de\",\"potentialAction\":[{\"@type\":\"ReadAction\",\"target\":[\"https:\\\/\\\/www.abd-bvd.be\\\/de\\\/abd-bvd-3\\\/vorstand\\\/\"]}]},{\"@type\":\"ImageObject\",\"inLanguage\":\"de\",\"@id\":\"https:\\\/\\\/www.abd-bvd.be\\\/de\\\/abd-bvd-3\\\/vorstand\\\/#primaryimage\",\"url\":\"https:\\\/\\\/www.abd-bvd.be\\\/wp-content\\\/uploads\\\/CA-RvB_Boon-300x201.jpg\",\"contentUrl\":\"https:\\\/\\\/www.abd-bvd.be\\\/wp-content\\\/uploads\\\/CA-RvB_Boon-300x201.jpg\"},{\"@type\":\"BreadcrumbList\",\"@id\":\"https:\\\/\\\/www.abd-bvd.be\\\/de\\\/abd-bvd-3\\\/vorstand\\\/#breadcrumb\",\"itemListElement\":[{\"@type\":\"ListItem\",\"position\":1,\"name\":\"Accueil\",\"item\":\"https:\\\/\\\/www.abd-bvd.be\\\/de\\\/\"},{\"@type\":\"ListItem\",\"position\":2,\"name\":\"ABD-BVD\",\"item\":\"https:\\\/\\\/www.abd-bvd.be\\\/de\\\/abd-bvd-3\\\/\"},{\"@type\":\"ListItem\",\"position\":3,\"name\":\"Vorstand\"}]},{\"@type\":\"WebSite\",\"@id\":\"https:\\\/\\\/www.abd-bvd.be\\\/fr\\\/#website\",\"url\":\"https:\\\/\\\/www.abd-bvd.be\\\/fr\\\/\",\"name\":\"ABD-BVD\",\"description\":\"association Belge de documentation - Belgische verniging voor documentatie\",\"potentialAction\":[{\"@type\":\"SearchAction\",\"target\":{\"@type\":\"EntryPoint\",\"urlTemplate\":\"https:\\\/\\\/www.abd-bvd.be\\\/fr\\\/?s={search_term_string}\"},\"query-input\":{\"@type\":\"PropertyValueSpecification\",\"valueRequired\":true,\"valueName\":\"search_term_string\"}}],\"inLanguage\":\"de\"}]}<\/script>\n<!-- \/ Yoast SEO plugin. -->","yoast_head_json":{"title":"Vorstand - ABD-BVD","robots":{"index":"index","follow":"follow","max-snippet":"max-snippet:-1","max-image-preview":"max-image-preview:large","max-video-preview":"max-video-preview:-1"},"canonical":"https:\/\/www.abd-bvd.be\/de\/abd-bvd-3\/vorstand\/","og_locale":"de_DE","og_type":"article","og_title":"Vorstand - ABD-BVD","og_description":"Pr\u00e4sident: Denis Renard Vizepr\u00e4sidenten: Chistopher Boon und Guy Delsaut Generalsekret\u00e4r: Nad\u00e8ge Isbergue Schatzmeister: Beno\u00eet Collet &nbsp; Christopher BOON Information Officer @ ANPI christopherboon@hotmail.com Laura BRUGMANS Ma\u00eetre assistante, Haute \u00c9cole de la Province de Li\u00e8ge Beno\u00eet COLLET benoit.collet@hotmail.com Flore de la PAZ ABRIL Responsable de la section des Archives Centrales de la Banque nationale de Belgique [&hellip;]","og_url":"https:\/\/www.abd-bvd.be\/de\/abd-bvd-3\/vorstand\/","og_site_name":"ABD-BVD","article_modified_time":"2025-02-15T15:46:56+00:00","og_image":[{"width":1024,"height":685,"url":"https:\/\/www.abd-bvd.be\/wp-content\/uploads\/CA-RvB_Boon-1024x685.jpg","type":"image\/jpeg"}],"twitter_card":"summary_large_image","twitter_misc":{"Gesch\u00e4tzte Lesezeit":"2\u00a0Minuten"},"schema":{"@context":"https:\/\/schema.org","@graph":[{"@type":"WebPage","@id":"https:\/\/www.abd-bvd.be\/de\/abd-bvd-3\/vorstand\/","url":"https:\/\/www.abd-bvd.be\/de\/abd-bvd-3\/vorstand\/","name":"Vorstand - ABD-BVD","isPartOf":{"@id":"https:\/\/www.abd-bvd.be\/fr\/#website"},"primaryImageOfPage":{"@id":"https:\/\/www.abd-bvd.be\/de\/abd-bvd-3\/vorstand\/#primaryimage"},"image":{"@id":"https:\/\/www.abd-bvd.be\/de\/abd-bvd-3\/vorstand\/#primaryimage"},"thumbnailUrl":"https:\/\/www.abd-bvd.be\/wp-content\/uploads\/CA-RvB_Boon-300x201.jpg","datePublished":"2014-09-09T08:25:00+00:00","dateModified":"2025-02-15T15:46:56+00:00","breadcrumb":{"@id":"https:\/\/www.abd-bvd.be\/de\/abd-bvd-3\/vorstand\/#breadcrumb"},"inLanguage":"de","potentialAction":[{"@type":"ReadAction","target":["https:\/\/www.abd-bvd.be\/de\/abd-bvd-3\/vorstand\/"]}]},{"@type":"ImageObject","inLanguage":"de","@id":"https:\/\/www.abd-bvd.be\/de\/abd-bvd-3\/vorstand\/#primaryimage","url":"https:\/\/www.abd-bvd.be\/wp-content\/uploads\/CA-RvB_Boon-300x201.jpg","contentUrl":"https:\/\/www.abd-bvd.be\/wp-content\/uploads\/CA-RvB_Boon-300x201.jpg"},{"@type":"BreadcrumbList","@id":"https:\/\/www.abd-bvd.be\/de\/abd-bvd-3\/vorstand\/#breadcrumb","itemListElement":[{"@type":"ListItem","position":1,"name":"Accueil","item":"https:\/\/www.abd-bvd.be\/de\/"},{"@type":"ListItem","position":2,"name":"ABD-BVD","item":"https:\/\/www.abd-bvd.be\/de\/abd-bvd-3\/"},{"@type":"ListItem","position":3,"name":"Vorstand"}]},{"@type":"WebSite","@id":"https:\/\/www.abd-bvd.be\/fr\/#website","url":"https:\/\/www.abd-bvd.be\/fr\/","name":"ABD-BVD","description":"association Belge de documentation - Belgische verniging voor documentatie","potentialAction":[{"@type":"SearchAction","target":{"@type":"EntryPoint","urlTemplate":"https:\/\/www.abd-bvd.be\/fr\/?s={search_term_string}"},"query-input":{"@type":"PropertyValueSpecification","valueRequired":true,"valueName":"search_term_string"}}],"inLanguage":"de"}]}},"_links":{"self":[{"href":"https:\/\/www.abd-bvd.be\/de\/wp-json\/wp\/v2\/pages\/572","targetHints":{"allow":["GET"]}}],"collection":[{"href":"https:\/\/www.abd-bvd.be\/de\/wp-json\/wp\/v2\/pages"}],"about":[{"href":"https:\/\/www.abd-bvd.be\/de\/wp-json\/wp\/v2\/types\/page"}],"author":[{"embeddable":true,"href":"https:\/\/www.abd-bvd.be\/de\/wp-json\/wp\/v2\/users\/1"}],"replies":[{"embeddable":true,"href":"https:\/\/www.abd-bvd.be\/de\/wp-json\/wp\/v2\/comments?post=572"}],"version-history":[{"count":33,"href":"https:\/\/www.abd-bvd.be\/de\/wp-json\/wp\/v2\/pages\/572\/revisions"}],"predecessor-version":[{"id":36145,"href":"https:\/\/www.abd-bvd.be\/de\/wp-json\/wp\/v2\/pages\/572\/revisions\/36145"}],"up":[{"embeddable":true,"href":"https:\/\/www.abd-bvd.be\/de\/wp-json\/wp\/v2\/pages\/587"}],"wp:attachment":[{"href":"https:\/\/www.abd-bvd.be\/de\/wp-json\/wp\/v2\/media?parent=572"}],"curies":[{"name":"wp","href":"https:\/\/api.w.org\/{rel}","templated":true}]}}