{"id":563,"date":"2014-09-09T08:24:16","date_gmt":"2014-09-09T08:24:16","guid":{"rendered":"http:\/\/www.abd-bvd.be\/?page_id=563"},"modified":"2015-09-18T16:33:52","modified_gmt":"2015-09-18T16:33:52","slug":"mitglied-werden","status":"publish","type":"page","link":"https:\/\/www.abd-bvd.be\/de\/abd-bvd-3\/mitglied-werden\/","title":{"rendered":"Mitglied werden"},"content":{"rendered":"<p>Die Mitgliedschaft im BVD umfa\u00dft eine Reihe von substantiellen Vorteilen wie z.B. das kostenlose Abonnement der Cahiers de la Dokumentation sowie f\u00fcr unseren Newsletter ABD-BVD Info, die kostenlose Teilnahme an unseren regelm\u00e4\u00dfigen Veranstaltungen und Aktivit\u00e4ten (Doc&#8217;Moments, das j\u00e4hrliche Inforum, &#8230;), Vorzugspreise f\u00fcr unsere Ver\u00f6ffentlichungen, signifikante Erm\u00e4\u00dfigungen f\u00fcr Veranstaltungen von anderen belgischen und europ\u00e4ischen Verb\u00e4nden &#8230;<\/p>\n<h2>K\u00f6rperschaftliche Mitglieder (Dokumentationszentren, Bibliotheken, Informations-Dienste)<\/h2>\n<p>Die Mitgliedschaft als k\u00f6rperschaftliches Mitglied erlaubt die Einschreibung von 4 Vertretern, die an allen Aktivit\u00e4ten des Verbandes teilnehmen k\u00f6nnen (mit der M\u00f6glichkeit, einen registrierten Vertreter im Falle seiner Verhinderung zu vertreten).<\/p>\n<ul>\n<li>Unternehmen, \u00f6ffentlicher Dienst, Verwaltung : j\u00e4hrlicher Mitgliedsbeitrag von 150 Euro<\/li>\n<li>Akademische Institution, VoGs: j\u00e4hrlicher Mitgliedsbeitrag von 90 Euro<\/li>\n<\/ul>\n<p><a href=\"https:\/\/www.abd-bvd.be\/de\/abd-bvd-3\/mitglied-werden\/korperschaftliche-mitglieder\/\">Mitgliedsantrag<\/a><\/p>\n<h2>Individuelle Mitglieder<\/h2>\n<p>Personen, die der BVD beitreten m\u00f6chten, k\u00f6nnen individuelle Mitglieder werden.<\/p>\n<p>Der j\u00e4hrliche Mitgliedsbeitrag betr\u00e4gt 50 Euro<\/p>\n<p><a href=\"https:\/\/www.abd-bvd.be\/de\/abd-bvd-3\/mitglied-werden\/individuelle-mitglieder\/\">Mitgliedsantrag<\/a><\/p>\n<h2>Studenten<\/h2>\n<p>Studenten zahlen einen Vorzugsbeitrag von 12,50 Euro bei Vorlage ihres Studentenausweises.<\/p>\n<p><a href=\"https:\/\/www.abd-bvd.be\/de\/abd-bvd-3\/mitglied-werden\/studenten-mitglieder\/\">Mitgliedsantrag<\/a><\/p>\n<div id=\"ff_peerindex_tooltip\"><\/div>\n","protected":false},"excerpt":{"rendered":"<p>Die Mitgliedschaft im BVD umfa\u00dft eine Reihe von substantiellen Vorteilen wie z.B. das kostenlose Abonnement der Cahiers de la Dokumentation sowie f\u00fcr unseren Newsletter ABD-BVD Info, die kostenlose Teilnahme an unseren regelm\u00e4\u00dfigen Veranstaltungen und Aktivit\u00e4ten (Doc&#8217;Moments, das j\u00e4hrliche Inforum, &#8230;), Vorzugspreise f\u00fcr unsere Ver\u00f6ffentlichungen, signifikante Erm\u00e4\u00dfigungen f\u00fcr Veranstaltungen von anderen belgischen und europ\u00e4ischen Verb\u00e4nden &#8230; [&hellip;]<\/p>\n","protected":false},"author":1,"featured_media":0,"parent":587,"menu_order":2,"comment_status":"open","ping_status":"open","template":"","meta":{"_acf_changed":false,"footnotes":""},"class_list":["post-563","page","type-page","status-publish","hentry"],"acf":[],"yoast_head":"<!-- This site is optimized with the Yoast SEO plugin v27.3 - https:\/\/yoast.com\/product\/yoast-seo-wordpress\/ -->\n<title>Mitglied werden - ABD-BVD<\/title>\n<meta name=\"robots\" content=\"index, follow, max-snippet:-1, max-image-preview:large, max-video-preview:-1\" \/>\n<link rel=\"canonical\" href=\"https:\/\/www.abd-bvd.be\/de\/abd-bvd-3\/mitglied-werden\/\" \/>\n<meta property=\"og:locale\" content=\"de_DE\" \/>\n<meta property=\"og:type\" content=\"article\" \/>\n<meta property=\"og:title\" content=\"Mitglied werden - ABD-BVD\" \/>\n<meta property=\"og:description\" content=\"Die Mitgliedschaft im BVD umfa\u00dft eine Reihe von substantiellen Vorteilen wie z.B. das kostenlose Abonnement der Cahiers de la Dokumentation sowie f\u00fcr unseren Newsletter ABD-BVD Info, die kostenlose Teilnahme an unseren regelm\u00e4\u00dfigen Veranstaltungen und Aktivit\u00e4ten (Doc&#8217;Moments, das j\u00e4hrliche Inforum, &#8230;), Vorzugspreise f\u00fcr unsere Ver\u00f6ffentlichungen, signifikante Erm\u00e4\u00dfigungen f\u00fcr Veranstaltungen von anderen belgischen und europ\u00e4ischen Verb\u00e4nden &#8230; [&hellip;]\" \/>\n<meta property=\"og:url\" content=\"https:\/\/www.abd-bvd.be\/de\/abd-bvd-3\/mitglied-werden\/\" \/>\n<meta property=\"og:site_name\" content=\"ABD-BVD\" \/>\n<meta property=\"article:modified_time\" content=\"2015-09-18T16:33:52+00:00\" \/>\n<meta name=\"twitter:card\" content=\"summary_large_image\" \/>\n<meta name=\"twitter:label1\" content=\"Gesch\u00e4tzte Lesezeit\" \/>\n\t<meta name=\"twitter:data1\" content=\"1\u00a0Minute\" \/>\n<script type=\"application\/ld+json\" class=\"yoast-schema-graph\">{\"@context\":\"https:\\\/\\\/schema.org\",\"@graph\":[{\"@type\":\"WebPage\",\"@id\":\"https:\\\/\\\/www.abd-bvd.be\\\/de\\\/abd-bvd-3\\\/mitglied-werden\\\/\",\"url\":\"https:\\\/\\\/www.abd-bvd.be\\\/de\\\/abd-bvd-3\\\/mitglied-werden\\\/\",\"name\":\"Mitglied werden - ABD-BVD\",\"isPartOf\":{\"@id\":\"https:\\\/\\\/www.abd-bvd.be\\\/fr\\\/#website\"},\"datePublished\":\"2014-09-09T08:24:16+00:00\",\"dateModified\":\"2015-09-18T16:33:52+00:00\",\"breadcrumb\":{\"@id\":\"https:\\\/\\\/www.abd-bvd.be\\\/de\\\/abd-bvd-3\\\/mitglied-werden\\\/#breadcrumb\"},\"inLanguage\":\"de\",\"potentialAction\":[{\"@type\":\"ReadAction\",\"target\":[\"https:\\\/\\\/www.abd-bvd.be\\\/de\\\/abd-bvd-3\\\/mitglied-werden\\\/\"]}]},{\"@type\":\"BreadcrumbList\",\"@id\":\"https:\\\/\\\/www.abd-bvd.be\\\/de\\\/abd-bvd-3\\\/mitglied-werden\\\/#breadcrumb\",\"itemListElement\":[{\"@type\":\"ListItem\",\"position\":1,\"name\":\"Accueil\",\"item\":\"https:\\\/\\\/www.abd-bvd.be\\\/de\\\/\"},{\"@type\":\"ListItem\",\"position\":2,\"name\":\"ABD-BVD\",\"item\":\"https:\\\/\\\/www.abd-bvd.be\\\/de\\\/abd-bvd-3\\\/\"},{\"@type\":\"ListItem\",\"position\":3,\"name\":\"Mitglied werden\"}]},{\"@type\":\"WebSite\",\"@id\":\"https:\\\/\\\/www.abd-bvd.be\\\/fr\\\/#website\",\"url\":\"https:\\\/\\\/www.abd-bvd.be\\\/fr\\\/\",\"name\":\"ABD-BVD\",\"description\":\"association Belge de documentation - Belgische verniging voor documentatie\",\"potentialAction\":[{\"@type\":\"SearchAction\",\"target\":{\"@type\":\"EntryPoint\",\"urlTemplate\":\"https:\\\/\\\/www.abd-bvd.be\\\/fr\\\/?s={search_term_string}\"},\"query-input\":{\"@type\":\"PropertyValueSpecification\",\"valueRequired\":true,\"valueName\":\"search_term_string\"}}],\"inLanguage\":\"de\"}]}<\/script>\n<!-- \/ Yoast SEO plugin. -->","yoast_head_json":{"title":"Mitglied werden - ABD-BVD","robots":{"index":"index","follow":"follow","max-snippet":"max-snippet:-1","max-image-preview":"max-image-preview:large","max-video-preview":"max-video-preview:-1"},"canonical":"https:\/\/www.abd-bvd.be\/de\/abd-bvd-3\/mitglied-werden\/","og_locale":"de_DE","og_type":"article","og_title":"Mitglied werden - ABD-BVD","og_description":"Die Mitgliedschaft im BVD umfa\u00dft eine Reihe von substantiellen Vorteilen wie z.B. das kostenlose Abonnement der Cahiers de la Dokumentation sowie f\u00fcr unseren Newsletter ABD-BVD Info, die kostenlose Teilnahme an unseren regelm\u00e4\u00dfigen Veranstaltungen und Aktivit\u00e4ten (Doc&#8217;Moments, das j\u00e4hrliche Inforum, &#8230;), Vorzugspreise f\u00fcr unsere Ver\u00f6ffentlichungen, signifikante Erm\u00e4\u00dfigungen f\u00fcr Veranstaltungen von anderen belgischen und europ\u00e4ischen Verb\u00e4nden &#8230; [&hellip;]","og_url":"https:\/\/www.abd-bvd.be\/de\/abd-bvd-3\/mitglied-werden\/","og_site_name":"ABD-BVD","article_modified_time":"2015-09-18T16:33:52+00:00","twitter_card":"summary_large_image","twitter_misc":{"Gesch\u00e4tzte Lesezeit":"1\u00a0Minute"},"schema":{"@context":"https:\/\/schema.org","@graph":[{"@type":"WebPage","@id":"https:\/\/www.abd-bvd.be\/de\/abd-bvd-3\/mitglied-werden\/","url":"https:\/\/www.abd-bvd.be\/de\/abd-bvd-3\/mitglied-werden\/","name":"Mitglied werden - ABD-BVD","isPartOf":{"@id":"https:\/\/www.abd-bvd.be\/fr\/#website"},"datePublished":"2014-09-09T08:24:16+00:00","dateModified":"2015-09-18T16:33:52+00:00","breadcrumb":{"@id":"https:\/\/www.abd-bvd.be\/de\/abd-bvd-3\/mitglied-werden\/#breadcrumb"},"inLanguage":"de","potentialAction":[{"@type":"ReadAction","target":["https:\/\/www.abd-bvd.be\/de\/abd-bvd-3\/mitglied-werden\/"]}]},{"@type":"BreadcrumbList","@id":"https:\/\/www.abd-bvd.be\/de\/abd-bvd-3\/mitglied-werden\/#breadcrumb","itemListElement":[{"@type":"ListItem","position":1,"name":"Accueil","item":"https:\/\/www.abd-bvd.be\/de\/"},{"@type":"ListItem","position":2,"name":"ABD-BVD","item":"https:\/\/www.abd-bvd.be\/de\/abd-bvd-3\/"},{"@type":"ListItem","position":3,"name":"Mitglied werden"}]},{"@type":"WebSite","@id":"https:\/\/www.abd-bvd.be\/fr\/#website","url":"https:\/\/www.abd-bvd.be\/fr\/","name":"ABD-BVD","description":"association Belge de documentation - Belgische verniging voor documentatie","potentialAction":[{"@type":"SearchAction","target":{"@type":"EntryPoint","urlTemplate":"https:\/\/www.abd-bvd.be\/fr\/?s={search_term_string}"},"query-input":{"@type":"PropertyValueSpecification","valueRequired":true,"valueName":"search_term_string"}}],"inLanguage":"de"}]}},"_links":{"self":[{"href":"https:\/\/www.abd-bvd.be\/de\/wp-json\/wp\/v2\/pages\/563","targetHints":{"allow":["GET"]}}],"collection":[{"href":"https:\/\/www.abd-bvd.be\/de\/wp-json\/wp\/v2\/pages"}],"about":[{"href":"https:\/\/www.abd-bvd.be\/de\/wp-json\/wp\/v2\/types\/page"}],"author":[{"embeddable":true,"href":"https:\/\/www.abd-bvd.be\/de\/wp-json\/wp\/v2\/users\/1"}],"replies":[{"embeddable":true,"href":"https:\/\/www.abd-bvd.be\/de\/wp-json\/wp\/v2\/comments?post=563"}],"version-history":[{"count":0,"href":"https:\/\/www.abd-bvd.be\/de\/wp-json\/wp\/v2\/pages\/563\/revisions"}],"up":[{"embeddable":true,"href":"https:\/\/www.abd-bvd.be\/de\/wp-json\/wp\/v2\/pages\/587"}],"wp:attachment":[{"href":"https:\/\/www.abd-bvd.be\/de\/wp-json\/wp\/v2\/media?parent=563"}],"curies":[{"name":"wp","href":"https:\/\/api.w.org\/{rel}","templated":true}]}}