{"id":554,"date":"2014-09-09T08:23:30","date_gmt":"2014-09-09T08:23:30","guid":{"rendered":"http:\/\/www.abd-bvd.be\/?page_id=554"},"modified":"2015-08-27T19:38:25","modified_gmt":"2015-08-27T19:38:25","slug":"unsere-rolle-als-nationaler-berufsverband","status":"publish","type":"page","link":"https:\/\/www.abd-bvd.be\/de\/abd-bvd-3\/unsere-rolle-als-nationaler-berufsverband\/","title":{"rendered":"Unsere Rolle als nationaler Berufsverband"},"content":{"rendered":"<h2>Warum ist ein Berufsverband auch heute immer noch von Nutzen ?<\/h2>\n<p>Ein Berufsverband vereint M\u00e4nner und Frauen, die den gleichen Beruf aus\u00fcben. Er erm\u00f6glicht es, Praktiken und Erfahrungen auszutauschen, sich weiterzubilden, sich \u00fcber Neuigkeiten im Beruf zu informieren, Kontakte zu kn\u00fcpfen, &#8230;<\/p>\n<p>Eine Karriere ist schwieriger ohne professionellen Austausch. Wir m\u00fcssen zusammenarbeiten mit Kollegen, Kunden, unserer Hierarchie, usw. Wir m\u00fcssen auch die M\u00f6glichkeit haben, uns weiterzuentwickeln und uns hier manchmal von dem, was andere tun inspirieren zu lassen, um neue Ideen zu entwickeln und um die Entwicklungen des Berufsstandes zu verfolgen.<\/p>\n<p>In den Bereichen Information und Dokumentation ist dies umso wichtiger, als die Entwicklung neuer Technologien sehr rasch voranschreitet. Damit einhergehend gewinnen neue Informationsverbreitungskan\u00e4le an Bedeutung. Denken Sie nur an den Platz, den das Internet und die sozialen Netzwerke in den letzten Jahren eingenommen haben. Wir m\u00fcssen anpassungsf\u00e4hig sein in diesen Berufen, die st\u00e4ndig in Bewegung sind.<\/p>\n<p>Sicherlich erlauben soziale Medien heutzutage, berufliche Netzwerks aufzubauen, aber sie sind nicht wie ein Verein organisiert, der auf Freiwillige z\u00e4hlen kann um Veranstaltungen zu organisieren, Zeitschriften oder Rundschreiben zu ver\u00f6ffentlichen, den Berufsstand im Namen der Fachleute zu verteidigen, usw. Wenn auch die Technologie eine Menge tun kann, so bleibt der menschliche Kontakt ein wichtiger Bestandteil unsere Berufe!<\/p>\n<div id=\"ff_peerindex_tooltip\"><\/div>\n","protected":false},"excerpt":{"rendered":"<p>Warum ist ein Berufsverband auch heute immer noch von Nutzen ? Ein Berufsverband vereint M\u00e4nner und Frauen, die den gleichen Beruf aus\u00fcben. Er erm\u00f6glicht es, Praktiken und Erfahrungen auszutauschen, sich weiterzubilden, sich \u00fcber Neuigkeiten im Beruf zu informieren, Kontakte zu kn\u00fcpfen, &#8230; Eine Karriere ist schwieriger ohne professionellen Austausch. Wir m\u00fcssen zusammenarbeiten mit Kollegen, Kunden, [&hellip;]<\/p>\n","protected":false},"author":1,"featured_media":0,"parent":587,"menu_order":1,"comment_status":"open","ping_status":"open","template":"","meta":{"_acf_changed":false,"footnotes":""},"class_list":["post-554","page","type-page","status-publish","hentry"],"acf":[],"yoast_head":"<!-- This site is optimized with the Yoast SEO plugin v27.5 - https:\/\/yoast.com\/product\/yoast-seo-wordpress\/ -->\n<title>Unsere Rolle als nationaler Berufsverband - ABD-BVD<\/title>\n<meta name=\"robots\" content=\"index, follow, max-snippet:-1, max-image-preview:large, max-video-preview:-1\" \/>\n<link rel=\"canonical\" href=\"https:\/\/www.abd-bvd.be\/de\/abd-bvd-3\/unsere-rolle-als-nationaler-berufsverband\/\" \/>\n<meta property=\"og:locale\" content=\"de_DE\" \/>\n<meta property=\"og:type\" content=\"article\" \/>\n<meta property=\"og:title\" content=\"Unsere Rolle als nationaler Berufsverband - ABD-BVD\" \/>\n<meta property=\"og:description\" content=\"Warum ist ein Berufsverband auch heute immer noch von Nutzen ? Ein Berufsverband vereint M\u00e4nner und Frauen, die den gleichen Beruf aus\u00fcben. Er erm\u00f6glicht es, Praktiken und Erfahrungen auszutauschen, sich weiterzubilden, sich \u00fcber Neuigkeiten im Beruf zu informieren, Kontakte zu kn\u00fcpfen, &#8230; Eine Karriere ist schwieriger ohne professionellen Austausch. Wir m\u00fcssen zusammenarbeiten mit Kollegen, Kunden, [&hellip;]\" \/>\n<meta property=\"og:url\" content=\"https:\/\/www.abd-bvd.be\/de\/abd-bvd-3\/unsere-rolle-als-nationaler-berufsverband\/\" \/>\n<meta property=\"og:site_name\" content=\"ABD-BVD\" \/>\n<meta property=\"article:modified_time\" content=\"2015-08-27T19:38:25+00:00\" \/>\n<meta name=\"twitter:card\" content=\"summary_large_image\" \/>\n<meta name=\"twitter:label1\" content=\"Gesch\u00e4tzte Lesezeit\" \/>\n\t<meta name=\"twitter:data1\" content=\"1\u00a0Minute\" \/>\n<script type=\"application\/ld+json\" class=\"yoast-schema-graph\">{\"@context\":\"https:\\\/\\\/schema.org\",\"@graph\":[{\"@type\":\"WebPage\",\"@id\":\"https:\\\/\\\/www.abd-bvd.be\\\/de\\\/abd-bvd-3\\\/unsere-rolle-als-nationaler-berufsverband\\\/\",\"url\":\"https:\\\/\\\/www.abd-bvd.be\\\/de\\\/abd-bvd-3\\\/unsere-rolle-als-nationaler-berufsverband\\\/\",\"name\":\"Unsere Rolle als nationaler Berufsverband - ABD-BVD\",\"isPartOf\":{\"@id\":\"https:\\\/\\\/www.abd-bvd.be\\\/fr\\\/#website\"},\"datePublished\":\"2014-09-09T08:23:30+00:00\",\"dateModified\":\"2015-08-27T19:38:25+00:00\",\"breadcrumb\":{\"@id\":\"https:\\\/\\\/www.abd-bvd.be\\\/de\\\/abd-bvd-3\\\/unsere-rolle-als-nationaler-berufsverband\\\/#breadcrumb\"},\"inLanguage\":\"de\",\"potentialAction\":[{\"@type\":\"ReadAction\",\"target\":[\"https:\\\/\\\/www.abd-bvd.be\\\/de\\\/abd-bvd-3\\\/unsere-rolle-als-nationaler-berufsverband\\\/\"]}]},{\"@type\":\"BreadcrumbList\",\"@id\":\"https:\\\/\\\/www.abd-bvd.be\\\/de\\\/abd-bvd-3\\\/unsere-rolle-als-nationaler-berufsverband\\\/#breadcrumb\",\"itemListElement\":[{\"@type\":\"ListItem\",\"position\":1,\"name\":\"Accueil\",\"item\":\"https:\\\/\\\/www.abd-bvd.be\\\/de\\\/\"},{\"@type\":\"ListItem\",\"position\":2,\"name\":\"ABD-BVD\",\"item\":\"https:\\\/\\\/www.abd-bvd.be\\\/de\\\/abd-bvd-3\\\/\"},{\"@type\":\"ListItem\",\"position\":3,\"name\":\"Unsere Rolle als nationaler Berufsverband\"}]},{\"@type\":\"WebSite\",\"@id\":\"https:\\\/\\\/www.abd-bvd.be\\\/fr\\\/#website\",\"url\":\"https:\\\/\\\/www.abd-bvd.be\\\/fr\\\/\",\"name\":\"ABD-BVD\",\"description\":\"association Belge de documentation - Belgische verniging voor documentatie\",\"potentialAction\":[{\"@type\":\"SearchAction\",\"target\":{\"@type\":\"EntryPoint\",\"urlTemplate\":\"https:\\\/\\\/www.abd-bvd.be\\\/fr\\\/?s={search_term_string}\"},\"query-input\":{\"@type\":\"PropertyValueSpecification\",\"valueRequired\":true,\"valueName\":\"search_term_string\"}}],\"inLanguage\":\"de\"}]}<\/script>\n<!-- \/ Yoast SEO plugin. -->","yoast_head_json":{"title":"Unsere Rolle als nationaler Berufsverband - ABD-BVD","robots":{"index":"index","follow":"follow","max-snippet":"max-snippet:-1","max-image-preview":"max-image-preview:large","max-video-preview":"max-video-preview:-1"},"canonical":"https:\/\/www.abd-bvd.be\/de\/abd-bvd-3\/unsere-rolle-als-nationaler-berufsverband\/","og_locale":"de_DE","og_type":"article","og_title":"Unsere Rolle als nationaler Berufsverband - ABD-BVD","og_description":"Warum ist ein Berufsverband auch heute immer noch von Nutzen ? Ein Berufsverband vereint M\u00e4nner und Frauen, die den gleichen Beruf aus\u00fcben. Er erm\u00f6glicht es, Praktiken und Erfahrungen auszutauschen, sich weiterzubilden, sich \u00fcber Neuigkeiten im Beruf zu informieren, Kontakte zu kn\u00fcpfen, &#8230; Eine Karriere ist schwieriger ohne professionellen Austausch. Wir m\u00fcssen zusammenarbeiten mit Kollegen, Kunden, [&hellip;]","og_url":"https:\/\/www.abd-bvd.be\/de\/abd-bvd-3\/unsere-rolle-als-nationaler-berufsverband\/","og_site_name":"ABD-BVD","article_modified_time":"2015-08-27T19:38:25+00:00","twitter_card":"summary_large_image","twitter_misc":{"Gesch\u00e4tzte Lesezeit":"1\u00a0Minute"},"schema":{"@context":"https:\/\/schema.org","@graph":[{"@type":"WebPage","@id":"https:\/\/www.abd-bvd.be\/de\/abd-bvd-3\/unsere-rolle-als-nationaler-berufsverband\/","url":"https:\/\/www.abd-bvd.be\/de\/abd-bvd-3\/unsere-rolle-als-nationaler-berufsverband\/","name":"Unsere Rolle als nationaler Berufsverband - ABD-BVD","isPartOf":{"@id":"https:\/\/www.abd-bvd.be\/fr\/#website"},"datePublished":"2014-09-09T08:23:30+00:00","dateModified":"2015-08-27T19:38:25+00:00","breadcrumb":{"@id":"https:\/\/www.abd-bvd.be\/de\/abd-bvd-3\/unsere-rolle-als-nationaler-berufsverband\/#breadcrumb"},"inLanguage":"de","potentialAction":[{"@type":"ReadAction","target":["https:\/\/www.abd-bvd.be\/de\/abd-bvd-3\/unsere-rolle-als-nationaler-berufsverband\/"]}]},{"@type":"BreadcrumbList","@id":"https:\/\/www.abd-bvd.be\/de\/abd-bvd-3\/unsere-rolle-als-nationaler-berufsverband\/#breadcrumb","itemListElement":[{"@type":"ListItem","position":1,"name":"Accueil","item":"https:\/\/www.abd-bvd.be\/de\/"},{"@type":"ListItem","position":2,"name":"ABD-BVD","item":"https:\/\/www.abd-bvd.be\/de\/abd-bvd-3\/"},{"@type":"ListItem","position":3,"name":"Unsere Rolle als nationaler Berufsverband"}]},{"@type":"WebSite","@id":"https:\/\/www.abd-bvd.be\/fr\/#website","url":"https:\/\/www.abd-bvd.be\/fr\/","name":"ABD-BVD","description":"association Belge de documentation - Belgische verniging voor documentatie","potentialAction":[{"@type":"SearchAction","target":{"@type":"EntryPoint","urlTemplate":"https:\/\/www.abd-bvd.be\/fr\/?s={search_term_string}"},"query-input":{"@type":"PropertyValueSpecification","valueRequired":true,"valueName":"search_term_string"}}],"inLanguage":"de"}]}},"_links":{"self":[{"href":"https:\/\/www.abd-bvd.be\/de\/wp-json\/wp\/v2\/pages\/554","targetHints":{"allow":["GET"]}}],"collection":[{"href":"https:\/\/www.abd-bvd.be\/de\/wp-json\/wp\/v2\/pages"}],"about":[{"href":"https:\/\/www.abd-bvd.be\/de\/wp-json\/wp\/v2\/types\/page"}],"author":[{"embeddable":true,"href":"https:\/\/www.abd-bvd.be\/de\/wp-json\/wp\/v2\/users\/1"}],"replies":[{"embeddable":true,"href":"https:\/\/www.abd-bvd.be\/de\/wp-json\/wp\/v2\/comments?post=554"}],"version-history":[{"count":0,"href":"https:\/\/www.abd-bvd.be\/de\/wp-json\/wp\/v2\/pages\/554\/revisions"}],"up":[{"embeddable":true,"href":"https:\/\/www.abd-bvd.be\/de\/wp-json\/wp\/v2\/pages\/587"}],"wp:attachment":[{"href":"https:\/\/www.abd-bvd.be\/de\/wp-json\/wp\/v2\/media?parent=554"}],"curies":[{"name":"wp","href":"https:\/\/api.w.org\/{rel}","templated":true}]}}