{"id":548,"date":"2014-09-09T08:19:18","date_gmt":"2014-09-09T08:19:18","guid":{"rendered":"http:\/\/www.abd-bvd.be\/?page_id=548"},"modified":"2015-09-18T16:20:25","modified_gmt":"2015-09-18T16:20:25","slug":"uber-uns","status":"publish","type":"page","link":"https:\/\/www.abd-bvd.be\/de\/abd-bvd-3\/uber-uns\/","title":{"rendered":"\u00dcber uns"},"content":{"rendered":"<h2>Wer sind wir\u00a0?<\/h2>\n<p>Die Belgische Vereinigung f\u00fcr Dokumentation (ABD-BVD) ist ein 1947 gegr\u00fcndeter Berufsverband von Informations- und Dokumentations- Fachleuten, die ihren Beruf in Belgien aus\u00fcben. Wir verstehen uns als nationale Vereinigung, die einen Ort zum Treffen und Nachdenken bietet. Informations-, Dokumentations- und Wissensmanagement sollten keine Sprach- oder Gemeinschaftsgrenzen kennen.<\/p>\n<h2>Was sind unsere Ziele?<\/h2>\n<p>Die wichtigsten Ziele der BVD sind:<\/p>\n<ul>\n<li>Studium und F\u00f6rderung von Berufen im Bereich Information und Dokumentation;<\/li>\n<li>Information der Mitglieder \u00fcber die Entwicklung von Methoden und Techniken des Informationsmanagements;<\/li>\n<li>Schaffung von Kompetenznetzwerken und Austausch von Erfahrungen;<\/li>\n<li>Interessenvertretung der Mitglieder auf belgischer, europ\u00e4ischer und internationaler Ebene.<\/li>\n<li>Unterst\u00fctzung der Mitglieder bei der Aus-und Weiterbildung, bei der Verbesserung ihrer t\u00e4glichen Arbeit und bei der Jobsuche.<\/li>\n<\/ul>\n<h2>Wer sind unsere Mitglieder ?<\/h2>\n<p>Die BVD z\u00e4hlt etwa 550 Mitglieder aus allen Bereichen, aus allen Fachgebieten und aus allen Regionen. Sie sind Dokumentare, Bibliothekare, Knowledge-Manager, Archivare, Content-Manager, &#8230; Sie arbeiten f\u00fcr private Unternehmen, nationale, regionale, gemeinschaftliche oder internationale Institutionen, f\u00fcr Universit\u00e4ten, VoGs,&#8230; oder sind Freischaffende oder noch Studenten.<\/p>\n<h2>Was sind unsere Aktivit\u00e4ten ?<\/h2>\n<p>Um ihre Ziele zu erreichen, organisiert die Vereinigung verschiedene Treffen: das <a href=\"https:\/\/www.abd-bvd.be\/de\/termine\/inforum\/\">Inforum<\/a> ist ein j\u00e4hrlich stattfindender Studientag, die <a href=\"https:\/\/www.abd-bvd.be\/de\/docmomenten\/\">Doc\u2019Moments<\/a> finden h\u00e4ufiger statt und behandeln jeweils verschiedene Themen und die Workshops erlauben es, sich \u00fcber kommerzielle Produkte zu informieren.<\/p>\n<p>Die BVD ver\u00f6ffentlicht ebenfalls zwei Publikationen : die <a href=\"https:\/\/www.abd-bvd.be\/de\/veroffentlichungen\/cahiers-bladen\/\"><em>Cahiers de la documentation<\/em><\/a> bieten Hintergrundartikel zu verschiedenen Themen in unseren Berufszweigen, die <em><a href=\"https:\/\/www.abd-bvd.be\/de\/veroffentlichungen\/abd-bvd-info\/\">ABD-BVD Info<\/a><\/em> informieren die Mitglieder \u00fcber die Aktivit\u00e4ten der Vereinigung. Die <em><a href=\"https:\/\/www.abd-bvd.be\/de\/veroffentlichungen\/abd-bvd-dossiers\/\">Dossiers ABD-BVD<\/a><\/em> sind eine Sammlung von Diplomarbeiten, die mit dem j\u00e4hrlich vergebenen <a href=\"https:\/\/www.abd-bvd.be\/de\/termine\/preis-der-abd-bvd\/\"><em>BVD-Preis<\/em><\/a> ausgezeichnet wurden.<\/p>\n<p>Das <em><a href=\"https:\/\/www.linkedin.com\/grp\/home?gid=97204\" target=\"_blank\">LinkedIn<\/a><\/em>-Forum und die Diskussionsliste erlauben den I&amp;D Fachleuten, untereinander zu kommunizieren und Erfahrungen auszutauschen. Unsere Webseite erm\u00f6glicht u.a. die Ver\u00f6ffentlichung von <a href=\"https:\/\/www.abd-bvd.be\/de\/dienstleistungen\/stellenangebote\/\" target=\"_blank\">Stellenangeboten<\/a> und Informationen zu <a href=\"https:\/\/www.abd-bvd.be\/de\/unser-berufsstand\/weiterbildung\/\" target=\"_blank\">Weiterbildungsm\u00f6glichkeiten<\/a> in Belgien.<\/p>\n<h2>Wie sind wir organisiert?<\/h2>\n<p>Die BVD ist ein gemeinn\u00fctziger Verein (VoG). Jedes Jahr treffen sich die Mitglieder in der <a href=\"https:\/\/www.abd-bvd.be\/de\/abd-bvd-3\/mitgliederversammlung\/\" target=\"_blank\">Mitgliederversammlung<\/a> und w\u00e4hlen den <a href=\"https:\/\/www.abd-bvd.be\/de\/abd-bvd-3\/vorstand\/\" target=\"_blank\">Vorstand<\/a>. Dieser besteht aus maximal 20 Personen, die f\u00fcr ein (erneuerbares) Mandat von zwei Jahren gew\u00e4hlt werden, und organisiert auf freiwilliger Basis die Aktivit\u00e4ten des Vereins. Die BVD erh\u00e4lt keinerlei Subventionen aus \u00f6ffentlicher Hand.<\/p>\n<h2>Warum Mitglied werden ?<\/h2>\n<p>Vor allen Dingen, um von unseren verschiedenen Aktivit\u00e4ten und Publikationen zu profitieren. Und auch, um den Verband in seiner Arbeit zu unterst\u00fctzen. Es gibt mehrere Arten von Mitgliedschaft: individuell f\u00fcr Privatpersonen, k\u00f6rperschaftlich f\u00fcr Institutionen mit maximal 4 Vertretern und als Student mit einem Vorzugsbeitrag.<\/p>\n<p>Wenn Sie es noch nicht sind, <a href=\"https:\/\/www.abd-bvd.be\/de\/abd-bvd-3\/mitglied-werden\/\" target=\"_blank\">werden Sie doch jetzt Mitglied<\/a> !<\/p>\n<div id=\"ff_peerindex_tooltip\" lang=\"de-DE\"><\/div>\n<div id=\"ff_peerindex_tooltip\"><\/div>\n","protected":false},"excerpt":{"rendered":"<p>Wer sind wir\u00a0? Die Belgische Vereinigung f\u00fcr Dokumentation (ABD-BVD) ist ein 1947 gegr\u00fcndeter Berufsverband von Informations- und Dokumentations- Fachleuten, die ihren Beruf in Belgien aus\u00fcben. Wir verstehen uns als nationale Vereinigung, die einen Ort zum Treffen und Nachdenken bietet. Informations-, Dokumentations- und Wissensmanagement sollten keine Sprach- oder Gemeinschaftsgrenzen kennen. Was sind unsere Ziele? Die wichtigsten [&hellip;]<\/p>\n","protected":false},"author":1,"featured_media":0,"parent":587,"menu_order":0,"comment_status":"open","ping_status":"closed","template":"","meta":{"_acf_changed":false,"footnotes":""},"class_list":["post-548","page","type-page","status-publish","hentry"],"acf":[],"yoast_head":"<!-- This site is optimized with the Yoast SEO plugin v27.4 - https:\/\/yoast.com\/product\/yoast-seo-wordpress\/ -->\n<title>\u00dcber uns - ABD-BVD<\/title>\n<meta name=\"robots\" content=\"index, follow, max-snippet:-1, max-image-preview:large, max-video-preview:-1\" \/>\n<link rel=\"canonical\" href=\"https:\/\/www.abd-bvd.be\/de\/abd-bvd-3\/uber-uns\/\" \/>\n<meta property=\"og:locale\" content=\"de_DE\" \/>\n<meta property=\"og:type\" content=\"article\" \/>\n<meta property=\"og:title\" content=\"\u00dcber uns - ABD-BVD\" \/>\n<meta property=\"og:description\" content=\"Wer sind wir\u00a0? Die Belgische Vereinigung f\u00fcr Dokumentation (ABD-BVD) ist ein 1947 gegr\u00fcndeter Berufsverband von Informations- und Dokumentations- Fachleuten, die ihren Beruf in Belgien aus\u00fcben. Wir verstehen uns als nationale Vereinigung, die einen Ort zum Treffen und Nachdenken bietet. Informations-, Dokumentations- und Wissensmanagement sollten keine Sprach- oder Gemeinschaftsgrenzen kennen. Was sind unsere Ziele? Die wichtigsten [&hellip;]\" \/>\n<meta property=\"og:url\" content=\"https:\/\/www.abd-bvd.be\/de\/abd-bvd-3\/uber-uns\/\" \/>\n<meta property=\"og:site_name\" content=\"ABD-BVD\" \/>\n<meta property=\"article:modified_time\" content=\"2015-09-18T16:20:25+00:00\" \/>\n<meta name=\"twitter:card\" content=\"summary_large_image\" \/>\n<meta name=\"twitter:label1\" content=\"Gesch\u00e4tzte Lesezeit\" \/>\n\t<meta name=\"twitter:data1\" content=\"2\u00a0Minuten\" \/>\n<script type=\"application\/ld+json\" class=\"yoast-schema-graph\">{\"@context\":\"https:\\\/\\\/schema.org\",\"@graph\":[{\"@type\":\"WebPage\",\"@id\":\"https:\\\/\\\/www.abd-bvd.be\\\/de\\\/abd-bvd-3\\\/uber-uns\\\/\",\"url\":\"https:\\\/\\\/www.abd-bvd.be\\\/de\\\/abd-bvd-3\\\/uber-uns\\\/\",\"name\":\"\u00dcber uns - ABD-BVD\",\"isPartOf\":{\"@id\":\"https:\\\/\\\/www.abd-bvd.be\\\/fr\\\/#website\"},\"datePublished\":\"2014-09-09T08:19:18+00:00\",\"dateModified\":\"2015-09-18T16:20:25+00:00\",\"breadcrumb\":{\"@id\":\"https:\\\/\\\/www.abd-bvd.be\\\/de\\\/abd-bvd-3\\\/uber-uns\\\/#breadcrumb\"},\"inLanguage\":\"de\",\"potentialAction\":[{\"@type\":\"ReadAction\",\"target\":[\"https:\\\/\\\/www.abd-bvd.be\\\/de\\\/abd-bvd-3\\\/uber-uns\\\/\"]}]},{\"@type\":\"BreadcrumbList\",\"@id\":\"https:\\\/\\\/www.abd-bvd.be\\\/de\\\/abd-bvd-3\\\/uber-uns\\\/#breadcrumb\",\"itemListElement\":[{\"@type\":\"ListItem\",\"position\":1,\"name\":\"Accueil\",\"item\":\"https:\\\/\\\/www.abd-bvd.be\\\/de\\\/\"},{\"@type\":\"ListItem\",\"position\":2,\"name\":\"ABD-BVD\",\"item\":\"https:\\\/\\\/www.abd-bvd.be\\\/de\\\/abd-bvd-3\\\/\"},{\"@type\":\"ListItem\",\"position\":3,\"name\":\"\u00dcber uns\"}]},{\"@type\":\"WebSite\",\"@id\":\"https:\\\/\\\/www.abd-bvd.be\\\/fr\\\/#website\",\"url\":\"https:\\\/\\\/www.abd-bvd.be\\\/fr\\\/\",\"name\":\"ABD-BVD\",\"description\":\"association Belge de documentation - Belgische verniging voor documentatie\",\"potentialAction\":[{\"@type\":\"SearchAction\",\"target\":{\"@type\":\"EntryPoint\",\"urlTemplate\":\"https:\\\/\\\/www.abd-bvd.be\\\/fr\\\/?s={search_term_string}\"},\"query-input\":{\"@type\":\"PropertyValueSpecification\",\"valueRequired\":true,\"valueName\":\"search_term_string\"}}],\"inLanguage\":\"de\"}]}<\/script>\n<!-- \/ Yoast SEO plugin. -->","yoast_head_json":{"title":"\u00dcber uns - ABD-BVD","robots":{"index":"index","follow":"follow","max-snippet":"max-snippet:-1","max-image-preview":"max-image-preview:large","max-video-preview":"max-video-preview:-1"},"canonical":"https:\/\/www.abd-bvd.be\/de\/abd-bvd-3\/uber-uns\/","og_locale":"de_DE","og_type":"article","og_title":"\u00dcber uns - ABD-BVD","og_description":"Wer sind wir\u00a0? Die Belgische Vereinigung f\u00fcr Dokumentation (ABD-BVD) ist ein 1947 gegr\u00fcndeter Berufsverband von Informations- und Dokumentations- Fachleuten, die ihren Beruf in Belgien aus\u00fcben. Wir verstehen uns als nationale Vereinigung, die einen Ort zum Treffen und Nachdenken bietet. Informations-, Dokumentations- und Wissensmanagement sollten keine Sprach- oder Gemeinschaftsgrenzen kennen. Was sind unsere Ziele? Die wichtigsten [&hellip;]","og_url":"https:\/\/www.abd-bvd.be\/de\/abd-bvd-3\/uber-uns\/","og_site_name":"ABD-BVD","article_modified_time":"2015-09-18T16:20:25+00:00","twitter_card":"summary_large_image","twitter_misc":{"Gesch\u00e4tzte Lesezeit":"2\u00a0Minuten"},"schema":{"@context":"https:\/\/schema.org","@graph":[{"@type":"WebPage","@id":"https:\/\/www.abd-bvd.be\/de\/abd-bvd-3\/uber-uns\/","url":"https:\/\/www.abd-bvd.be\/de\/abd-bvd-3\/uber-uns\/","name":"\u00dcber uns - ABD-BVD","isPartOf":{"@id":"https:\/\/www.abd-bvd.be\/fr\/#website"},"datePublished":"2014-09-09T08:19:18+00:00","dateModified":"2015-09-18T16:20:25+00:00","breadcrumb":{"@id":"https:\/\/www.abd-bvd.be\/de\/abd-bvd-3\/uber-uns\/#breadcrumb"},"inLanguage":"de","potentialAction":[{"@type":"ReadAction","target":["https:\/\/www.abd-bvd.be\/de\/abd-bvd-3\/uber-uns\/"]}]},{"@type":"BreadcrumbList","@id":"https:\/\/www.abd-bvd.be\/de\/abd-bvd-3\/uber-uns\/#breadcrumb","itemListElement":[{"@type":"ListItem","position":1,"name":"Accueil","item":"https:\/\/www.abd-bvd.be\/de\/"},{"@type":"ListItem","position":2,"name":"ABD-BVD","item":"https:\/\/www.abd-bvd.be\/de\/abd-bvd-3\/"},{"@type":"ListItem","position":3,"name":"\u00dcber uns"}]},{"@type":"WebSite","@id":"https:\/\/www.abd-bvd.be\/fr\/#website","url":"https:\/\/www.abd-bvd.be\/fr\/","name":"ABD-BVD","description":"association Belge de documentation - Belgische verniging voor documentatie","potentialAction":[{"@type":"SearchAction","target":{"@type":"EntryPoint","urlTemplate":"https:\/\/www.abd-bvd.be\/fr\/?s={search_term_string}"},"query-input":{"@type":"PropertyValueSpecification","valueRequired":true,"valueName":"search_term_string"}}],"inLanguage":"de"}]}},"_links":{"self":[{"href":"https:\/\/www.abd-bvd.be\/de\/wp-json\/wp\/v2\/pages\/548","targetHints":{"allow":["GET"]}}],"collection":[{"href":"https:\/\/www.abd-bvd.be\/de\/wp-json\/wp\/v2\/pages"}],"about":[{"href":"https:\/\/www.abd-bvd.be\/de\/wp-json\/wp\/v2\/types\/page"}],"author":[{"embeddable":true,"href":"https:\/\/www.abd-bvd.be\/de\/wp-json\/wp\/v2\/users\/1"}],"replies":[{"embeddable":true,"href":"https:\/\/www.abd-bvd.be\/de\/wp-json\/wp\/v2\/comments?post=548"}],"version-history":[{"count":0,"href":"https:\/\/www.abd-bvd.be\/de\/wp-json\/wp\/v2\/pages\/548\/revisions"}],"up":[{"embeddable":true,"href":"https:\/\/www.abd-bvd.be\/de\/wp-json\/wp\/v2\/pages\/587"}],"wp:attachment":[{"href":"https:\/\/www.abd-bvd.be\/de\/wp-json\/wp\/v2\/media?parent=548"}],"curies":[{"name":"wp","href":"https:\/\/api.w.org\/{rel}","templated":true}]}}