{"id":2993,"date":"2015-08-27T14:03:18","date_gmt":"2015-08-27T14:03:18","guid":{"rendered":"http:\/\/www.abd-bvd.be\/?page_id=2993"},"modified":"2015-09-18T16:42:53","modified_gmt":"2015-09-18T16:42:53","slug":"statuten","status":"publish","type":"page","link":"https:\/\/www.abd-bvd.be\/de\/abd-bvd-3\/statuten\/","title":{"rendered":"Satzung"},"content":{"rendered":"<p>Satzung vom 16. April 2014, genehmigt in der au\u00dferordentlichen Mitgliederversammlung am 16. April 2014.<\/p>\n<p>Dieses Dokument ist nur in Franz\u00f6sisch und Niederl\u00e4ndisch verf\u00fcgbar.<\/p>\n<p>Liste der amtlichen Ver\u00f6ffentlichungen, die auf der Website des Belgischen Staatsblattes zug\u00e4nglich sind:<\/p>\n<p><a href=\"https:\/\/www.abd-bvd.be\/de\/abd-bvd-3\/statuten\/\">Franz\u00f6sische Version<\/a> &#8211; <a href=\"https:\/\/www.abd-bvd.be\/de\/abd-bvd-3\/statuten\/\">Niederl\u00e4ndische Version<\/a><\/p>\n<div id=\"ff_peerindex_tooltip\"><\/div>\n","protected":false},"excerpt":{"rendered":"<p>Satzung vom 16. April 2014, genehmigt in der au\u00dferordentlichen Mitgliederversammlung am 16. April 2014. Dieses Dokument ist nur in Franz\u00f6sisch und Niederl\u00e4ndisch verf\u00fcgbar. Liste der amtlichen Ver\u00f6ffentlichungen, die auf der Website des Belgischen Staatsblattes zug\u00e4nglich sind: Franz\u00f6sische Version &#8211; Niederl\u00e4ndische Version<\/p>\n","protected":false},"author":4,"featured_media":0,"parent":587,"menu_order":5,"comment_status":"open","ping_status":"open","template":"","meta":{"_acf_changed":false,"footnotes":""},"class_list":["post-2993","page","type-page","status-publish","hentry"],"acf":[],"yoast_head":"<!-- This site is optimized with the Yoast SEO plugin v27.4 - https:\/\/yoast.com\/product\/yoast-seo-wordpress\/ -->\n<title>Satzung - ABD-BVD<\/title>\n<meta name=\"robots\" content=\"index, follow, max-snippet:-1, max-image-preview:large, max-video-preview:-1\" \/>\n<link rel=\"canonical\" href=\"https:\/\/www.abd-bvd.be\/de\/abd-bvd-3\/statuten\/\" \/>\n<meta property=\"og:locale\" content=\"de_DE\" \/>\n<meta property=\"og:type\" content=\"article\" \/>\n<meta property=\"og:title\" content=\"Satzung - ABD-BVD\" \/>\n<meta property=\"og:description\" content=\"Satzung vom 16. April 2014, genehmigt in der au\u00dferordentlichen Mitgliederversammlung am 16. April 2014. Dieses Dokument ist nur in Franz\u00f6sisch und Niederl\u00e4ndisch verf\u00fcgbar. Liste der amtlichen Ver\u00f6ffentlichungen, die auf der Website des Belgischen Staatsblattes zug\u00e4nglich sind: Franz\u00f6sische Version &#8211; Niederl\u00e4ndische Version\" \/>\n<meta property=\"og:url\" content=\"https:\/\/www.abd-bvd.be\/de\/abd-bvd-3\/statuten\/\" \/>\n<meta property=\"og:site_name\" content=\"ABD-BVD\" \/>\n<meta property=\"article:modified_time\" content=\"2015-09-18T16:42:53+00:00\" \/>\n<meta name=\"twitter:card\" content=\"summary_large_image\" \/>\n<script type=\"application\/ld+json\" class=\"yoast-schema-graph\">{\"@context\":\"https:\\\/\\\/schema.org\",\"@graph\":[{\"@type\":\"WebPage\",\"@id\":\"https:\\\/\\\/www.abd-bvd.be\\\/de\\\/abd-bvd-3\\\/statuten\\\/\",\"url\":\"https:\\\/\\\/www.abd-bvd.be\\\/de\\\/abd-bvd-3\\\/statuten\\\/\",\"name\":\"Satzung - ABD-BVD\",\"isPartOf\":{\"@id\":\"https:\\\/\\\/www.abd-bvd.be\\\/fr\\\/#website\"},\"datePublished\":\"2015-08-27T14:03:18+00:00\",\"dateModified\":\"2015-09-18T16:42:53+00:00\",\"breadcrumb\":{\"@id\":\"https:\\\/\\\/www.abd-bvd.be\\\/de\\\/abd-bvd-3\\\/statuten\\\/#breadcrumb\"},\"inLanguage\":\"de\",\"potentialAction\":[{\"@type\":\"ReadAction\",\"target\":[\"https:\\\/\\\/www.abd-bvd.be\\\/de\\\/abd-bvd-3\\\/statuten\\\/\"]}]},{\"@type\":\"BreadcrumbList\",\"@id\":\"https:\\\/\\\/www.abd-bvd.be\\\/de\\\/abd-bvd-3\\\/statuten\\\/#breadcrumb\",\"itemListElement\":[{\"@type\":\"ListItem\",\"position\":1,\"name\":\"Accueil\",\"item\":\"https:\\\/\\\/www.abd-bvd.be\\\/de\\\/\"},{\"@type\":\"ListItem\",\"position\":2,\"name\":\"ABD-BVD\",\"item\":\"https:\\\/\\\/www.abd-bvd.be\\\/de\\\/abd-bvd-3\\\/\"},{\"@type\":\"ListItem\",\"position\":3,\"name\":\"Satzung\"}]},{\"@type\":\"WebSite\",\"@id\":\"https:\\\/\\\/www.abd-bvd.be\\\/fr\\\/#website\",\"url\":\"https:\\\/\\\/www.abd-bvd.be\\\/fr\\\/\",\"name\":\"ABD-BVD\",\"description\":\"association Belge de documentation - Belgische verniging voor documentatie\",\"potentialAction\":[{\"@type\":\"SearchAction\",\"target\":{\"@type\":\"EntryPoint\",\"urlTemplate\":\"https:\\\/\\\/www.abd-bvd.be\\\/fr\\\/?s={search_term_string}\"},\"query-input\":{\"@type\":\"PropertyValueSpecification\",\"valueRequired\":true,\"valueName\":\"search_term_string\"}}],\"inLanguage\":\"de\"}]}<\/script>\n<!-- \/ Yoast SEO plugin. -->","yoast_head_json":{"title":"Satzung - ABD-BVD","robots":{"index":"index","follow":"follow","max-snippet":"max-snippet:-1","max-image-preview":"max-image-preview:large","max-video-preview":"max-video-preview:-1"},"canonical":"https:\/\/www.abd-bvd.be\/de\/abd-bvd-3\/statuten\/","og_locale":"de_DE","og_type":"article","og_title":"Satzung - ABD-BVD","og_description":"Satzung vom 16. April 2014, genehmigt in der au\u00dferordentlichen Mitgliederversammlung am 16. April 2014. Dieses Dokument ist nur in Franz\u00f6sisch und Niederl\u00e4ndisch verf\u00fcgbar. Liste der amtlichen Ver\u00f6ffentlichungen, die auf der Website des Belgischen Staatsblattes zug\u00e4nglich sind: Franz\u00f6sische Version &#8211; Niederl\u00e4ndische Version","og_url":"https:\/\/www.abd-bvd.be\/de\/abd-bvd-3\/statuten\/","og_site_name":"ABD-BVD","article_modified_time":"2015-09-18T16:42:53+00:00","twitter_card":"summary_large_image","schema":{"@context":"https:\/\/schema.org","@graph":[{"@type":"WebPage","@id":"https:\/\/www.abd-bvd.be\/de\/abd-bvd-3\/statuten\/","url":"https:\/\/www.abd-bvd.be\/de\/abd-bvd-3\/statuten\/","name":"Satzung - ABD-BVD","isPartOf":{"@id":"https:\/\/www.abd-bvd.be\/fr\/#website"},"datePublished":"2015-08-27T14:03:18+00:00","dateModified":"2015-09-18T16:42:53+00:00","breadcrumb":{"@id":"https:\/\/www.abd-bvd.be\/de\/abd-bvd-3\/statuten\/#breadcrumb"},"inLanguage":"de","potentialAction":[{"@type":"ReadAction","target":["https:\/\/www.abd-bvd.be\/de\/abd-bvd-3\/statuten\/"]}]},{"@type":"BreadcrumbList","@id":"https:\/\/www.abd-bvd.be\/de\/abd-bvd-3\/statuten\/#breadcrumb","itemListElement":[{"@type":"ListItem","position":1,"name":"Accueil","item":"https:\/\/www.abd-bvd.be\/de\/"},{"@type":"ListItem","position":2,"name":"ABD-BVD","item":"https:\/\/www.abd-bvd.be\/de\/abd-bvd-3\/"},{"@type":"ListItem","position":3,"name":"Satzung"}]},{"@type":"WebSite","@id":"https:\/\/www.abd-bvd.be\/fr\/#website","url":"https:\/\/www.abd-bvd.be\/fr\/","name":"ABD-BVD","description":"association Belge de documentation - Belgische verniging voor documentatie","potentialAction":[{"@type":"SearchAction","target":{"@type":"EntryPoint","urlTemplate":"https:\/\/www.abd-bvd.be\/fr\/?s={search_term_string}"},"query-input":{"@type":"PropertyValueSpecification","valueRequired":true,"valueName":"search_term_string"}}],"inLanguage":"de"}]}},"_links":{"self":[{"href":"https:\/\/www.abd-bvd.be\/de\/wp-json\/wp\/v2\/pages\/2993","targetHints":{"allow":["GET"]}}],"collection":[{"href":"https:\/\/www.abd-bvd.be\/de\/wp-json\/wp\/v2\/pages"}],"about":[{"href":"https:\/\/www.abd-bvd.be\/de\/wp-json\/wp\/v2\/types\/page"}],"author":[{"embeddable":true,"href":"https:\/\/www.abd-bvd.be\/de\/wp-json\/wp\/v2\/users\/4"}],"replies":[{"embeddable":true,"href":"https:\/\/www.abd-bvd.be\/de\/wp-json\/wp\/v2\/comments?post=2993"}],"version-history":[{"count":0,"href":"https:\/\/www.abd-bvd.be\/de\/wp-json\/wp\/v2\/pages\/2993\/revisions"}],"up":[{"embeddable":true,"href":"https:\/\/www.abd-bvd.be\/de\/wp-json\/wp\/v2\/pages\/587"}],"wp:attachment":[{"href":"https:\/\/www.abd-bvd.be\/de\/wp-json\/wp\/v2\/media?parent=2993"}],"curies":[{"name":"wp","href":"https:\/\/api.w.org\/{rel}","templated":true}]}}