{"id":222,"date":"2014-08-20T09:11:48","date_gmt":"2014-08-20T09:11:48","guid":{"rendered":"http:\/\/www.abd-bvd.be\/?page_id=222"},"modified":"2017-05-09T14:44:50","modified_gmt":"2017-05-09T12:44:50","slug":"home-3","status":"publish","type":"page","link":"https:\/\/www.abd-bvd.be\/de\/","title":{"rendered":"Home"},"content":{"rendered":"<p>Herzlich willkommen auf der Webseite der Belgischen Vereinigung f\u00fcr Dokumentation (ABD-BVD).<\/p>\n<p>Unsere Vereinigung ist ein Berufsverband von Informations- und Dokumentations- Fachleuten (Dokumentaren, Bibliothekaren, Archivaren, Experten im Wissensmanagement,&#8230;) die ihren Beruf in Belgien aus\u00fcben. Die meisten unserer Veranstaltungen finden in Franz\u00f6sisch und \/ oder Niederl\u00e4ndisch statt; ausl\u00e4ndische Redner halten ihre Vortr\u00e4ge auch manchmal in englischer Sprache. Wir ver\u00f6ffentlichen eine viertelj\u00e4hrliche Zeitschrift, die &#8222;Cahiers de la documentation&#8220;, mit Artikeln auf Franz\u00f6sisch, Niederl\u00e4ndisch und Englisch. Diese Webseite gibt Ihnen weitere Informationen zu unseren Veranstaltungen und Publikationen. Leider ist nicht der gesamte Inhalt der Webseite in Deutsch und Englisch verf\u00fcgbar, aber die Links erm\u00f6glichen es Ihnen, die Seiten in Franz\u00f6sisch oder Niederl\u00e4ndisch einzusehen.<\/p>\n<p>Wir w\u00fcrden uns sehr freuen, Sie auf einer unserer Veranstaltungen begr\u00fc\u00dfen zu d\u00fcrfen oder mit Ihnen per E-Mail zu diskutieren.<\/p>\n<p>Vielen Dank f\u00fcr Ihr Interesse an unserer Vereinigung.<\/p>\n<div id=\"ff_peerindex_tooltip\">&nbsp;<\/div>\n","protected":false},"excerpt":{"rendered":"<p>Herzlich willkommen auf der Webseite der Belgischen Vereinigung f\u00fcr Dokumentation (ABD-BVD). Unsere Vereinigung ist ein Berufsverband von Informations- und Dokumentations- Fachleuten (Dokumentaren, Bibliothekaren, Archivaren, Experten im Wissensmanagement,&#8230;) die ihren Beruf in Belgien aus\u00fcben. Die meisten unserer Veranstaltungen finden in Franz\u00f6sisch und \/ oder Niederl\u00e4ndisch statt; ausl\u00e4ndische Redner halten ihre Vortr\u00e4ge auch manchmal in englischer Sprache. [&hellip;]<\/p>\n","protected":false},"author":1,"featured_media":0,"parent":0,"menu_order":0,"comment_status":"open","ping_status":"closed","template":"","meta":{"_acf_changed":false,"footnotes":""},"class_list":["post-222","page","type-page","status-publish","hentry"],"acf":[],"yoast_head":"<!-- This site is optimized with the Yoast SEO plugin v27.3 - https:\/\/yoast.com\/product\/yoast-seo-wordpress\/ -->\n<title>Home - ABD-BVD<\/title>\n<meta name=\"robots\" content=\"index, follow, max-snippet:-1, max-image-preview:large, max-video-preview:-1\" \/>\n<link rel=\"canonical\" href=\"https:\/\/www.abd-bvd.be\/de\/\" \/>\n<meta property=\"og:locale\" content=\"de_DE\" \/>\n<meta property=\"og:type\" content=\"article\" \/>\n<meta property=\"og:title\" content=\"Home - ABD-BVD\" \/>\n<meta property=\"og:description\" content=\"Herzlich willkommen auf der Webseite der Belgischen Vereinigung f\u00fcr Dokumentation (ABD-BVD). Unsere Vereinigung ist ein Berufsverband von Informations- und Dokumentations- Fachleuten (Dokumentaren, Bibliothekaren, Archivaren, Experten im Wissensmanagement,&#8230;) die ihren Beruf in Belgien aus\u00fcben. Die meisten unserer Veranstaltungen finden in Franz\u00f6sisch und \/ oder Niederl\u00e4ndisch statt; ausl\u00e4ndische Redner halten ihre Vortr\u00e4ge auch manchmal in englischer Sprache. [&hellip;]\" \/>\n<meta property=\"og:url\" content=\"https:\/\/www.abd-bvd.be\/de\/\" \/>\n<meta property=\"og:site_name\" content=\"ABD-BVD\" \/>\n<meta property=\"article:modified_time\" content=\"2017-05-09T12:44:50+00:00\" \/>\n<meta name=\"twitter:card\" content=\"summary_large_image\" \/>\n<meta name=\"twitter:label1\" content=\"Gesch\u00e4tzte Lesezeit\" \/>\n\t<meta name=\"twitter:data1\" content=\"1\u00a0Minute\" \/>\n<script type=\"application\/ld+json\" class=\"yoast-schema-graph\">{\"@context\":\"https:\\\/\\\/schema.org\",\"@graph\":[{\"@type\":\"WebPage\",\"@id\":\"https:\\\/\\\/www.abd-bvd.be\\\/de\\\/\",\"url\":\"https:\\\/\\\/www.abd-bvd.be\\\/de\\\/\",\"name\":\"Home - ABD-BVD\",\"isPartOf\":{\"@id\":\"https:\\\/\\\/www.abd-bvd.be\\\/fr\\\/#website\"},\"datePublished\":\"2014-08-20T09:11:48+00:00\",\"dateModified\":\"2017-05-09T12:44:50+00:00\",\"breadcrumb\":{\"@id\":\"https:\\\/\\\/www.abd-bvd.be\\\/de\\\/#breadcrumb\"},\"inLanguage\":\"de\",\"potentialAction\":[{\"@type\":\"ReadAction\",\"target\":[\"https:\\\/\\\/www.abd-bvd.be\\\/de\\\/\"]}]},{\"@type\":\"BreadcrumbList\",\"@id\":\"https:\\\/\\\/www.abd-bvd.be\\\/de\\\/#breadcrumb\",\"itemListElement\":[{\"@type\":\"ListItem\",\"position\":1,\"name\":\"Accueil\",\"item\":\"https:\\\/\\\/www.abd-bvd.be\\\/de\\\/\"},{\"@type\":\"ListItem\",\"position\":2,\"name\":\"Home\"}]},{\"@type\":\"WebSite\",\"@id\":\"https:\\\/\\\/www.abd-bvd.be\\\/fr\\\/#website\",\"url\":\"https:\\\/\\\/www.abd-bvd.be\\\/fr\\\/\",\"name\":\"ABD-BVD\",\"description\":\"association Belge de documentation - Belgische verniging voor documentatie\",\"potentialAction\":[{\"@type\":\"SearchAction\",\"target\":{\"@type\":\"EntryPoint\",\"urlTemplate\":\"https:\\\/\\\/www.abd-bvd.be\\\/fr\\\/?s={search_term_string}\"},\"query-input\":{\"@type\":\"PropertyValueSpecification\",\"valueRequired\":true,\"valueName\":\"search_term_string\"}}],\"inLanguage\":\"de\"}]}<\/script>\n<!-- \/ Yoast SEO plugin. -->","yoast_head_json":{"title":"Home - ABD-BVD","robots":{"index":"index","follow":"follow","max-snippet":"max-snippet:-1","max-image-preview":"max-image-preview:large","max-video-preview":"max-video-preview:-1"},"canonical":"https:\/\/www.abd-bvd.be\/de\/","og_locale":"de_DE","og_type":"article","og_title":"Home - ABD-BVD","og_description":"Herzlich willkommen auf der Webseite der Belgischen Vereinigung f\u00fcr Dokumentation (ABD-BVD). Unsere Vereinigung ist ein Berufsverband von Informations- und Dokumentations- Fachleuten (Dokumentaren, Bibliothekaren, Archivaren, Experten im Wissensmanagement,&#8230;) die ihren Beruf in Belgien aus\u00fcben. Die meisten unserer Veranstaltungen finden in Franz\u00f6sisch und \/ oder Niederl\u00e4ndisch statt; ausl\u00e4ndische Redner halten ihre Vortr\u00e4ge auch manchmal in englischer Sprache. [&hellip;]","og_url":"https:\/\/www.abd-bvd.be\/de\/","og_site_name":"ABD-BVD","article_modified_time":"2017-05-09T12:44:50+00:00","twitter_card":"summary_large_image","twitter_misc":{"Gesch\u00e4tzte Lesezeit":"1\u00a0Minute"},"schema":{"@context":"https:\/\/schema.org","@graph":[{"@type":"WebPage","@id":"https:\/\/www.abd-bvd.be\/de\/","url":"https:\/\/www.abd-bvd.be\/de\/","name":"Home - ABD-BVD","isPartOf":{"@id":"https:\/\/www.abd-bvd.be\/fr\/#website"},"datePublished":"2014-08-20T09:11:48+00:00","dateModified":"2017-05-09T12:44:50+00:00","breadcrumb":{"@id":"https:\/\/www.abd-bvd.be\/de\/#breadcrumb"},"inLanguage":"de","potentialAction":[{"@type":"ReadAction","target":["https:\/\/www.abd-bvd.be\/de\/"]}]},{"@type":"BreadcrumbList","@id":"https:\/\/www.abd-bvd.be\/de\/#breadcrumb","itemListElement":[{"@type":"ListItem","position":1,"name":"Accueil","item":"https:\/\/www.abd-bvd.be\/de\/"},{"@type":"ListItem","position":2,"name":"Home"}]},{"@type":"WebSite","@id":"https:\/\/www.abd-bvd.be\/fr\/#website","url":"https:\/\/www.abd-bvd.be\/fr\/","name":"ABD-BVD","description":"association Belge de documentation - Belgische verniging voor documentatie","potentialAction":[{"@type":"SearchAction","target":{"@type":"EntryPoint","urlTemplate":"https:\/\/www.abd-bvd.be\/fr\/?s={search_term_string}"},"query-input":{"@type":"PropertyValueSpecification","valueRequired":true,"valueName":"search_term_string"}}],"inLanguage":"de"}]}},"_links":{"self":[{"href":"https:\/\/www.abd-bvd.be\/de\/wp-json\/wp\/v2\/pages\/222","targetHints":{"allow":["GET"]}}],"collection":[{"href":"https:\/\/www.abd-bvd.be\/de\/wp-json\/wp\/v2\/pages"}],"about":[{"href":"https:\/\/www.abd-bvd.be\/de\/wp-json\/wp\/v2\/types\/page"}],"author":[{"embeddable":true,"href":"https:\/\/www.abd-bvd.be\/de\/wp-json\/wp\/v2\/users\/1"}],"replies":[{"embeddable":true,"href":"https:\/\/www.abd-bvd.be\/de\/wp-json\/wp\/v2\/comments?post=222"}],"version-history":[{"count":0,"href":"https:\/\/www.abd-bvd.be\/de\/wp-json\/wp\/v2\/pages\/222\/revisions"}],"wp:attachment":[{"href":"https:\/\/www.abd-bvd.be\/de\/wp-json\/wp\/v2\/media?parent=222"}],"curies":[{"name":"wp","href":"https:\/\/api.w.org\/{rel}","templated":true}]}}