{"id":2117,"date":"2015-06-05T07:43:34","date_gmt":"2015-06-05T07:43:34","guid":{"rendered":"http:\/\/www.abd-bvd.be\/?page_id=2117"},"modified":"2015-06-10T10:33:41","modified_gmt":"2015-06-10T10:33:41","slug":"cookies-4","status":"publish","type":"page","link":"https:\/\/www.abd-bvd.be\/de\/cookies-4\/","title":{"rendered":"Cookies"},"content":{"rendered":"<h2><span id=\"result_box\" class=\"\" lang=\"de\"><span title=\"Qu'est-ce que les cookies?\n\n\">Was sind Cookies?<\/span><\/span><\/h2>\n<p><span id=\"result_box\" class=\"\" lang=\"de\"><span title=\"Un cookie est un petit fichier texte qui est envoy\u00e9 vers votre ordinateur ou appareil mobile (d\u00e9nomm\u00e9 &quot;appareil&quot;) par les sites web que vous visitez.\">Ein Cookie ist eine kleine Textdatei, die auf Ihrem Computer oder mobilen Ger\u00e4t (bezeichnet als &#8222;Ger\u00e4t&#8220; bezeichnet) von Webseiten, die Sie besuchen gesendet wird. <\/span><span title=\"Ils sont d'ordinaire utilis\u00e9s pour permettre aux sites web de fonctionner de mani\u00e8re plus efficace, ainsi que pour fournir des informations aux propri\u00e9taires du site.\n\n\">Sie werden \u00fcblicherweise verwendet, um Webseiten zu erm\u00f6glichen, effizienter zu arbeiten und zu Informationen f\u00fcr Website-Inhaber ist.<\/p>\n<p><\/span><span title=\"La loi belge relative \u00e0 la communication \u00e9lectronique (transposition de la Loi T\u00e9l\u00e9coms) comporte quelques clauses relatives aux cookies et \u00e0 leur utilisation sur des sites Web.\">Das belgische Gesetz \u00fcber elektronische Kommunikation (Umsetzung der Telecoms Act) enth\u00e4lt einige Klauseln und verwenden Cookies auf Webseiten. <\/span><span title=\"L'impl\u00e9mentation belge d\u00e9coule de la directive europ\u00e9enne sur la protection de la vie priv\u00e9e, ce qui implique que l'utilisation de cookies et la l\u00e9gislation sur les cookies font l'objet de r\u00e9glementations diff\u00e9rentes dans chaque pays europ\u00e9en.\n\">Die belgische Umsetzung folgt der EU-Richtlinie \u00fcber den Schutz der Privatsph\u00e4re, die beinhaltet die Verwendung von Cookies und Cookies Gesetzgebung unterliegen unterschiedlichen Regelungen in den einzelnen europ\u00e4ischen L\u00e4ndern.<\/span><\/span><\/p>\n<h2><span id=\"result_box\" class=\"\" lang=\"de\"><span title=\"Quelle est l'utilit\u00e9 de ces cookies?\n\n\">Was ist der Gebrauch von Cookies?<\/span><\/span><\/h2>\n<p><span id=\"result_box\" class=\"\" lang=\"de\"><span title=\"Les navigateurs web r\u00e9cents qui \u00e9quipent votre appareil permettent, par leur param\u00e9trage, de g\u00e9rer les cookies dans une certaine mesure et d'assurer la protection de la vie priv\u00e9e.\">Aktuelle Web-Browser, der r\u00fcsten Sie Ihr Ger\u00e4t durch ihre Einrichtung zu erm\u00f6glichen, zu verwalten Cookies, und in gewissem Ma\u00dfe den Schutz der Privatsph\u00e4re. <\/span><span title=\"Pour en savoir plus sur la nature des cookies d\u00e9pos\u00e9s, et sur la mani\u00e8re de les g\u00e9rer et de les effacer, visitez www.allaboutcookies.org.\n\n\">Um mehr \u00fcber die Natur der abgeschiedenen Cookies und wie die Verwaltung und l\u00f6schen Sie sie erfahren, besuchen Sie <a href=\"http:\/\/www.allaboutcookies.org\" target=\"_blank\">www.allaboutcookies.org<\/a>.<\/p>\n<p><\/span><span title=\"L'obligation de consentement implicite est respect\u00e9e en laissant inchang\u00e9s les param\u00e8tres 'protection de la vie priv\u00e9e' par d\u00e9faut de l'utilisateur, et en affichant un avertissement qui pr\u00e9cise de quelle mani\u00e8re un site web collecte des donn\u00e9es Le consentement explicite postule pour sa part\">Die stillschweigende Zustimmung Anforderung wird intakt gelassen die Einstellungen Schutz Privatsph\u00e4re Standardbenutzer und eine Warnung angezeigt, die angibt, erf\u00fcllt, wie eine Datensammlung Website ausdr\u00fcckliche Zustimmung seinerseits Postulate <\/span><span title=\"un param\u00e9trage proactif du navigateur et des fonctionnalit\u00e9s d'acceptation\/refus des cookies (opt-in\/opt-out) qui enregistrent vos pr\u00e9f\u00e9rences pour vos visites ult\u00e9rieures sur un site.\n\n\">proaktive Browser-Einstellung und Merkmale der Annahme \/ Ablehnung von Cookies (opt-in \/ opt-out), die Ihre Einstellungen f\u00fcr sp\u00e4tere Besuche auf einer Website aufzuzeichnen.<\/p>\n<p><\/span><span title=\"C'est pourquoi nous avons une 'barre des cookies' et fournissons des informations compl\u00e9mentaires concernant les cookies utilis\u00e9s par les sites web de Zetes et n\u00e9cessaires pour leur permettre de fonctionner pleinement.\">Deshalb haben wir ein &#8222;bar Cookies und liefern zus\u00e4tzliche Informationen \u00fcber die Cookies, die von den Internetseiten von Zetes verwendet und es ihnen erm\u00f6glichen, vollst\u00e4ndig funktionieren zu k\u00f6nnen.<\/span><\/span><\/p>\n<p>&nbsp;<\/p>\n","protected":false},"excerpt":{"rendered":"<p>Was sind Cookies? Ein Cookie ist eine kleine Textdatei, die auf Ihrem Computer oder mobilen Ger\u00e4t (bezeichnet als &#8222;Ger\u00e4t&#8220; bezeichnet) von Webseiten, die Sie besuchen gesendet wird. Sie werden \u00fcblicherweise verwendet, um Webseiten zu erm\u00f6glichen, effizienter zu arbeiten und zu Informationen f\u00fcr Website-Inhaber ist. Das belgische Gesetz \u00fcber elektronische Kommunikation (Umsetzung der Telecoms Act) enth\u00e4lt [&hellip;]<\/p>\n","protected":false},"author":1,"featured_media":0,"parent":0,"menu_order":0,"comment_status":"open","ping_status":"open","template":"","meta":{"_acf_changed":false,"footnotes":""},"class_list":["post-2117","page","type-page","status-publish","hentry"],"acf":[],"yoast_head":"<!-- This site is optimized with the Yoast SEO plugin v27.3 - https:\/\/yoast.com\/product\/yoast-seo-wordpress\/ -->\n<title>Cookies - ABD-BVD<\/title>\n<meta name=\"robots\" content=\"index, follow, max-snippet:-1, max-image-preview:large, max-video-preview:-1\" \/>\n<link rel=\"canonical\" href=\"https:\/\/www.abd-bvd.be\/de\/cookies-4\/\" \/>\n<meta property=\"og:locale\" content=\"de_DE\" \/>\n<meta property=\"og:type\" content=\"article\" \/>\n<meta property=\"og:title\" content=\"Cookies - ABD-BVD\" \/>\n<meta property=\"og:description\" content=\"Was sind Cookies? Ein Cookie ist eine kleine Textdatei, die auf Ihrem Computer oder mobilen Ger\u00e4t (bezeichnet als &#8222;Ger\u00e4t&#8220; bezeichnet) von Webseiten, die Sie besuchen gesendet wird. Sie werden \u00fcblicherweise verwendet, um Webseiten zu erm\u00f6glichen, effizienter zu arbeiten und zu Informationen f\u00fcr Website-Inhaber ist. Das belgische Gesetz \u00fcber elektronische Kommunikation (Umsetzung der Telecoms Act) enth\u00e4lt [&hellip;]\" \/>\n<meta property=\"og:url\" content=\"https:\/\/www.abd-bvd.be\/de\/cookies-4\/\" \/>\n<meta property=\"og:site_name\" content=\"ABD-BVD\" \/>\n<meta property=\"article:modified_time\" content=\"2015-06-10T10:33:41+00:00\" \/>\n<meta name=\"twitter:card\" content=\"summary_large_image\" \/>\n<meta name=\"twitter:label1\" content=\"Gesch\u00e4tzte Lesezeit\" \/>\n\t<meta name=\"twitter:data1\" content=\"1\u00a0Minute\" \/>\n<script type=\"application\/ld+json\" class=\"yoast-schema-graph\">{\"@context\":\"https:\\\/\\\/schema.org\",\"@graph\":[{\"@type\":\"WebPage\",\"@id\":\"https:\\\/\\\/www.abd-bvd.be\\\/de\\\/cookies-4\\\/\",\"url\":\"https:\\\/\\\/www.abd-bvd.be\\\/de\\\/cookies-4\\\/\",\"name\":\"Cookies - ABD-BVD\",\"isPartOf\":{\"@id\":\"https:\\\/\\\/www.abd-bvd.be\\\/fr\\\/#website\"},\"datePublished\":\"2015-06-05T07:43:34+00:00\",\"dateModified\":\"2015-06-10T10:33:41+00:00\",\"breadcrumb\":{\"@id\":\"https:\\\/\\\/www.abd-bvd.be\\\/de\\\/cookies-4\\\/#breadcrumb\"},\"inLanguage\":\"de\",\"potentialAction\":[{\"@type\":\"ReadAction\",\"target\":[\"https:\\\/\\\/www.abd-bvd.be\\\/de\\\/cookies-4\\\/\"]}]},{\"@type\":\"BreadcrumbList\",\"@id\":\"https:\\\/\\\/www.abd-bvd.be\\\/de\\\/cookies-4\\\/#breadcrumb\",\"itemListElement\":[{\"@type\":\"ListItem\",\"position\":1,\"name\":\"Accueil\",\"item\":\"https:\\\/\\\/www.abd-bvd.be\\\/de\\\/\"},{\"@type\":\"ListItem\",\"position\":2,\"name\":\"Cookies\"}]},{\"@type\":\"WebSite\",\"@id\":\"https:\\\/\\\/www.abd-bvd.be\\\/fr\\\/#website\",\"url\":\"https:\\\/\\\/www.abd-bvd.be\\\/fr\\\/\",\"name\":\"ABD-BVD\",\"description\":\"association Belge de documentation - Belgische verniging voor documentatie\",\"potentialAction\":[{\"@type\":\"SearchAction\",\"target\":{\"@type\":\"EntryPoint\",\"urlTemplate\":\"https:\\\/\\\/www.abd-bvd.be\\\/fr\\\/?s={search_term_string}\"},\"query-input\":{\"@type\":\"PropertyValueSpecification\",\"valueRequired\":true,\"valueName\":\"search_term_string\"}}],\"inLanguage\":\"de\"}]}<\/script>\n<!-- \/ Yoast SEO plugin. -->","yoast_head_json":{"title":"Cookies - ABD-BVD","robots":{"index":"index","follow":"follow","max-snippet":"max-snippet:-1","max-image-preview":"max-image-preview:large","max-video-preview":"max-video-preview:-1"},"canonical":"https:\/\/www.abd-bvd.be\/de\/cookies-4\/","og_locale":"de_DE","og_type":"article","og_title":"Cookies - ABD-BVD","og_description":"Was sind Cookies? Ein Cookie ist eine kleine Textdatei, die auf Ihrem Computer oder mobilen Ger\u00e4t (bezeichnet als &#8222;Ger\u00e4t&#8220; bezeichnet) von Webseiten, die Sie besuchen gesendet wird. Sie werden \u00fcblicherweise verwendet, um Webseiten zu erm\u00f6glichen, effizienter zu arbeiten und zu Informationen f\u00fcr Website-Inhaber ist. Das belgische Gesetz \u00fcber elektronische Kommunikation (Umsetzung der Telecoms Act) enth\u00e4lt [&hellip;]","og_url":"https:\/\/www.abd-bvd.be\/de\/cookies-4\/","og_site_name":"ABD-BVD","article_modified_time":"2015-06-10T10:33:41+00:00","twitter_card":"summary_large_image","twitter_misc":{"Gesch\u00e4tzte Lesezeit":"1\u00a0Minute"},"schema":{"@context":"https:\/\/schema.org","@graph":[{"@type":"WebPage","@id":"https:\/\/www.abd-bvd.be\/de\/cookies-4\/","url":"https:\/\/www.abd-bvd.be\/de\/cookies-4\/","name":"Cookies - ABD-BVD","isPartOf":{"@id":"https:\/\/www.abd-bvd.be\/fr\/#website"},"datePublished":"2015-06-05T07:43:34+00:00","dateModified":"2015-06-10T10:33:41+00:00","breadcrumb":{"@id":"https:\/\/www.abd-bvd.be\/de\/cookies-4\/#breadcrumb"},"inLanguage":"de","potentialAction":[{"@type":"ReadAction","target":["https:\/\/www.abd-bvd.be\/de\/cookies-4\/"]}]},{"@type":"BreadcrumbList","@id":"https:\/\/www.abd-bvd.be\/de\/cookies-4\/#breadcrumb","itemListElement":[{"@type":"ListItem","position":1,"name":"Accueil","item":"https:\/\/www.abd-bvd.be\/de\/"},{"@type":"ListItem","position":2,"name":"Cookies"}]},{"@type":"WebSite","@id":"https:\/\/www.abd-bvd.be\/fr\/#website","url":"https:\/\/www.abd-bvd.be\/fr\/","name":"ABD-BVD","description":"association Belge de documentation - Belgische verniging voor documentatie","potentialAction":[{"@type":"SearchAction","target":{"@type":"EntryPoint","urlTemplate":"https:\/\/www.abd-bvd.be\/fr\/?s={search_term_string}"},"query-input":{"@type":"PropertyValueSpecification","valueRequired":true,"valueName":"search_term_string"}}],"inLanguage":"de"}]}},"_links":{"self":[{"href":"https:\/\/www.abd-bvd.be\/de\/wp-json\/wp\/v2\/pages\/2117","targetHints":{"allow":["GET"]}}],"collection":[{"href":"https:\/\/www.abd-bvd.be\/de\/wp-json\/wp\/v2\/pages"}],"about":[{"href":"https:\/\/www.abd-bvd.be\/de\/wp-json\/wp\/v2\/types\/page"}],"author":[{"embeddable":true,"href":"https:\/\/www.abd-bvd.be\/de\/wp-json\/wp\/v2\/users\/1"}],"replies":[{"embeddable":true,"href":"https:\/\/www.abd-bvd.be\/de\/wp-json\/wp\/v2\/comments?post=2117"}],"version-history":[{"count":0,"href":"https:\/\/www.abd-bvd.be\/de\/wp-json\/wp\/v2\/pages\/2117\/revisions"}],"wp:attachment":[{"href":"https:\/\/www.abd-bvd.be\/de\/wp-json\/wp\/v2\/media?parent=2117"}],"curies":[{"name":"wp","href":"https:\/\/api.w.org\/{rel}","templated":true}]}}